{"id":5378,"date":"2024-03-15T08:32:33","date_gmt":"2024-03-15T08:32:33","guid":{"rendered":"https:\/\/www.rubicon3adventure.com\/coursdemaitrisepourlacreationdepassages-quest-ce-que-cest-pour-qui-cest-pour\/"},"modified":"2024-06-29T00:01:34","modified_gmt":"2024-06-28T23:01:34","slug":"coursdemaitrisepourlacreationdepassages-quest-ce-que-cest-pour-qui-cest-pour","status":"publish","type":"page","link":"https:\/\/www.rubicon3adventure.com\/fr\/coursdemaitrisepourlacreationdepassages-quest-ce-que-cest-pour-qui-cest-pour\/","title":{"rendered":"Cours de ma\u00eetre sur la cr\u00e9ation de passages : Qu&#8217;est-ce que c&#8217;est et \u00e0 qui \u00e7a sert ?"},"content":{"rendered":"<p><span data-preserver-spaces=\"true\">Apr\u00e8s avoir obtenu le certificat <a href=\"https:\/\/www.rubicon3adventure.com\/fr\/produit\/rya-skipper-jour-pratique\/\">RYA Day Skipper<\/a> ou ASA 104, les marins se retrouvent souvent sans avoir navigu\u00e9 pendant un certain temps, puis coinc\u00e9s dans une orni\u00e8re o\u00f9 leurs comp\u00e9tences et leur confiance ont plafonn\u00e9 ou sont devenues &#8220;rouill\u00e9es&#8221;. Cela peut entra\u00eener une baisse significative de la confiance en soi. D&#8217;autres marins peuvent \u00e9prouver des difficult\u00e9s \u00e0 participer \u00e0 des exp\u00e9riences plus stimulantes ou \u00e0 trouver des possibilit\u00e9s de formation avanc\u00e9e. Il est facile de se retrouver dans un cycle de conditions de navigation confortables sans jamais s&#8217;aventurer dans des situations qui repoussent vos limites. Cette zone de confort devient un obstacle \u00e0 la progression et, en l&#8217;absence d&#8217;une voie claire, l&#8217;enthousiasme de la navigation diminue, ce qui pousse certains \u00e0 abandonner compl\u00e8tement la voile.<\/span><\/p>\n<p><span data-preserver-spaces=\"true\">C&#8217;est l\u00e0 qu&#8217;intervient le cours de ma\u00eetre sur la cr\u00e9ation de passages. Ce cours est sp\u00e9cialement con\u00e7u pour combler les lacunes des marins qui poss\u00e8dent des qualifications telles que le RYA Day Skipper ou l&#8217;ASA 104 et qui sont pr\u00eats \u00e0 rafra\u00eechir et \u00e0 d\u00e9velopper leurs comp\u00e9tences sur des itin\u00e9raires plus int\u00e9ressants et plus difficiles. Le cours est con\u00e7u pour aller au-del\u00e0 des bases de la formation RYA et ASA et pour vous aider \u00e0 acqu\u00e9rir des comp\u00e9tences et une exp\u00e9rience du monde r\u00e9el, en apprenant aupr\u00e8s de marins professionnels qui organisent des exp\u00e9ditions \u00e0 la voile pour gagner leur vie. Vous am\u00e9liorerez votre navigation, l&#8217;interpr\u00e9tation des conditions m\u00e9t\u00e9orologiques, les strat\u00e9gies de navigation par <a href=\"https:\/\/www.rubicon3adventure.com\/heavy-weather-sailing-what-is-it\/\">gros temps<\/a>, la gestion de l&#8217;\u00e9quipage, la planification de la travers\u00e9e et les proc\u00e9dures d&#8217;urgence.<\/span><\/p>\n<p><span data-preserver-spaces=\"true\">On ne saurait trop insister sur l&#8217;importance des comp\u00e9tences acquises dans le monde r\u00e9el par rapport aux cours de formation traditionnels. Les cours de base sont essentiels pour acqu\u00e9rir les comp\u00e9tences et les connaissances initiales, mais ils ne tiennent souvent pas compte de la nature impr\u00e9visible et dynamique de la navigation dans la vie r\u00e9elle. Les exercices fabriqu\u00e9s offrent un environnement s\u00fbr aux d\u00e9butants, mais ne pr\u00e9parent pas compl\u00e8tement les marins aux complexit\u00e9s et aux d\u00e9fis auxquels ils sont confront\u00e9s en mer. Ce sont les conditions impr\u00e9visibles, la n\u00e9cessit\u00e9 d&#8217;une prise de d\u00e9cision rapide et la gestion des circonstances impr\u00e9vues qui affinent v\u00e9ritablement les capacit\u00e9s d&#8217;un marin. C&#8217;est ce que vous propose la <a href=\"https:\/\/www.rubicon3adventure.com\/product-category\/adventure-sailing-holidays\/masterclass\/\">Masterclass sur la cr\u00e9ation de passages<\/a>.<\/span><\/p>\n<p>Nous proposons deux itin\u00e9raires diff\u00e9rents : <a href=\"https:\/\/www.rubicon3adventure.com\/fr\/produit\/golfe-de-gascogne\/\">Le golfe de Gascogne<\/a> et <a href=\"https:\/\/www.rubicon3adventure.com\/fr\/produit\/angleterre-ecosse-cours-de-maitre-sur-la-fabrication-de-passeports\/\">Angleterre &#8211; \u00c9cosse<\/a>.<\/p>\n<p><span data-preserver-spaces=\"true\">La route du golfe de Gascogne relie, dans les deux sens, Vigo, en Espagne, traverse le golfe de Gascogne, s&#8217;arr\u00eate (g\u00e9n\u00e9ralement) \u00e0 Brest, en France, et traverse la Manche jusqu&#8217;\u00e0 Portsmouth, au Royaume-Uni. Les candidats feront l&#8217;exp\u00e9rience des syst\u00e8mes m\u00e9t\u00e9orologiques notoires et des conditions difficiles de la baie.<\/span><\/p>\n<p>La route Angleterre-\u00c9cosse circule dans les deux sens entre Oban, en \u00c9cosse, et le sud-ouest de l&#8217;Angleterre. Il aborde les mar\u00e9es f\u00e9roces et le trafic commercial intense de la Manche et de la mer d&#8217;Irlande, ainsi que les pilotages et les mouillages d\u00e9licats de la c\u00f4te ouest de l&#8217;\u00c9cosse.<\/p>\n<p><span data-preserver-spaces=\"true\">\u00c0 la fin de la classe de ma\u00eetre, les marins seront plus confiants, plus comp\u00e9tents et mieux pr\u00e9par\u00e9s pour des activit\u00e9s de voile avanc\u00e9es. Vous am\u00e9liorerez non seulement vos comp\u00e9tences pratiques en mati\u00e8re de navigation, mais vous d\u00e9velopperez \u00e9galement une meilleure compr\u00e9hension des sch\u00e9mas m\u00e9t\u00e9orologiques, vous apprendrez les exercices de s\u00e9curit\u00e9 essentiels et vous ma\u00eetriserez les protocoles d&#8217;urgence. Ce cours, qui est aussi une grande aventure, mettra probablement vos limites \u00e0 l&#8217;\u00e9preuve (soyez donc pr\u00eats !) et \u00e9largira vos horizons, vous permettant d&#8217;acqu\u00e9rir une exp\u00e9rience inestimable de la navigation dans le monde r\u00e9el. Ce cours de ma\u00eetre vous permet de participer \u00e0 des exercices d&#8217;entra\u00eenement et de ma\u00eetriser des techniques de navigation r\u00e9elles.<\/span><\/p>\n<p>Les objectifs d&#8217;apprentissage sp\u00e9cifiques de la masterclass sur la cr\u00e9ation de passages sont les suivants :<\/p>\n<p><strong>1. Techniques de navigation avanc\u00e9es :<\/strong> Acqu\u00e9rir des comp\u00e9tences en mati\u00e8re de navigation c\u00f4ti\u00e8re et hauturi\u00e8re, y compris l&#8217;utilisation d&#8217;outils de navigation \u00e9lectroniques modernes, le tra\u00e7age de cartes et la compr\u00e9hension de l&#8217;impact des mar\u00e9es et des courants sur la planification de la travers\u00e9e.<\/p>\n<p><strong>2. Comp\u00e9tences en mati\u00e8re d&#8217;interpr\u00e9tation des pr\u00e9visions m\u00e9t\u00e9orologiques :<\/strong> D\u00e9velopper la capacit\u00e9 \u00e0 interpr\u00e9ter avec pr\u00e9cision les pr\u00e9visions m\u00e9t\u00e9orologiques et \u00e0 prendre des d\u00e9cisions \u00e9clair\u00e9es pour adapter les plans de navigation en cons\u00e9quence. Il s&#8217;agit notamment de comprendre la dynamique des syst\u00e8mes m\u00e9t\u00e9orologiques du golfe de Gascogne.<\/p>\n<p><strong>3. Navigation par gros temps :<\/strong> Apprendre et pratiquer les techniques de navigation par gros temps, y compris la prise de ris, l&#8217;embarquement et les mesures de s\u00e9curit\u00e9 de l&#8217;\u00e9quipage pour assurer le bien-\u00eatre du bateau et de l&#8217;\u00e9quipage.<\/p>\n<p><strong>4. Gestion de l&#8217;\u00e9quipage et s\u00e9curit\u00e9 :<\/strong> Am\u00e9liorez vos comp\u00e9tences en mati\u00e8re de gestion efficace d&#8217;un \u00e9quipage, notamment en mettant en place des syst\u00e8mes de veille, en veillant au bien-\u00eatre de l&#8217;\u00e9quipage et en organisant des exercices de s\u00e9curit\u00e9 tels que la r\u00e9cup\u00e9ration d&#8217;un homme \u00e0 la mer.<\/p>\n<p><strong>5. Proc\u00e9dures d&#8217;urgence :<\/strong> Ma\u00eetrisez les protocoles de gestion des urgences en mer, des urgences m\u00e9dicales aux pannes d&#8217;\u00e9quipement, y compris l&#8217;utilisation de la RLS, le d\u00e9ploiement du radeau de sauvetage et la navigation d&#8217;urgence.<\/p>\n<p><strong>6. Exp\u00e9rience pratique de la voile :<\/strong> En suivant l&#8217;itin\u00e9raire du cours, vous acquerrez une exp\u00e9rience inestimable de la navigation dans le monde r\u00e9el, dans des conditions vari\u00e9es, ce qui vous permettra d&#8217;am\u00e9liorer votre confiance et vos comp\u00e9tences en mati\u00e8re de passage.<\/p>\n<p><strong>7. Comp\u00e9tences en mati\u00e8re de communication :<\/strong> Am\u00e9liorer les comp\u00e9tences en mati\u00e8re de communication maritime, notamment en ce qui concerne l&#8217;utilisation de la VHF pour les signaux de d\u00e9tresse, les proc\u00e9dures d&#8217;entr\u00e9e au port et la communication efficace au sein de l&#8217;\u00e9quipage.<\/p>\n<p><strong>8. Expertise en mati\u00e8re de planification des passages :<\/strong> D\u00e9velopper la capacit\u00e9 \u00e0 planifier et \u00e0 ex\u00e9cuter des passages complexes, en tenant compte de l&#8217;approvisionnement, de la gestion du carburant, des exigences l\u00e9gales et douani\u00e8res et des plans d&#8217;urgence.<\/p>\n<p><strong>9. Autosuffisance et r\u00e9solution de probl\u00e8mes :<\/strong> Cultiver un esprit d&#8217;autosuffisance capable de d\u00e9panner et de r\u00e9soudre des probl\u00e8mes impr\u00e9vus, y compris l&#8217;entretien et les r\u00e9parations de base des \u00e9quipements et des syst\u00e8mes de navigation.<\/p>\n","protected":false},"excerpt":{"rendered":"<p>Apr\u00e8s avoir obtenu le certificat RYA Day Skipper ou ASA 104, les marins se retrouvent&hellip;<\/p>\n","protected":false},"author":5,"featured_media":0,"parent":0,"menu_order":0,"comment_status":"closed","ping_status":"closed","template":"","meta":{"_acf_changed":false,"content-type":"","footnotes":""},"class_list":["post-5378","page","type-page","status-publish","hentry"],"acf":[],"yoast_head":"<!-- This site is optimized with the Yoast SEO Premium plugin v27.3 (Yoast SEO v27.3) - https:\/\/yoast.com\/product\/yoast-seo-premium-wordpress\/ -->\n<title>Cours de ma\u00eetre sur la cr\u00e9ation de passages : Qu&#039;est-ce que c&#039;est et \u00e0 qui \u00e7a sert ? | Rubicon 3 Adventure<\/title>\n<meta name=\"robots\" content=\"index, follow, max-snippet:-1, max-image-preview:large, max-video-preview:-1\" \/>\n<link rel=\"canonical\" href=\"https:\/\/www.rubicon3adventure.com\/fr\/coursdemaitrisepourlacreationdepassages-quest-ce-que-cest-pour-qui-cest-pour\/\" \/>\n<meta property=\"og:locale\" content=\"fr_FR\" \/>\n<meta property=\"og:type\" content=\"article\" \/>\n<meta property=\"og:title\" content=\"Cours de ma\u00eetre sur la cr\u00e9ation de passages : Qu&#039;est-ce que c&#039;est et \u00e0 qui \u00e7a sert ? | Rubicon 3 Adventure\" \/>\n<meta property=\"og:description\" content=\"Apr\u00e8s avoir obtenu le certificat RYA Day Skipper ou ASA 104, les marins se retrouvent&hellip;\" \/>\n<meta property=\"og:url\" content=\"https:\/\/www.rubicon3adventure.com\/fr\/coursdemaitrisepourlacreationdepassages-quest-ce-que-cest-pour-qui-cest-pour\/\" \/>\n<meta property=\"og:site_name\" content=\"Rubicon 3 Adventure\" \/>\n<meta property=\"article:publisher\" content=\"https:\/\/www.facebook.com\/rubicon3sailing\" \/>\n<meta property=\"article:modified_time\" content=\"2024-06-28T23:01:34+00:00\" \/>\n<meta property=\"og:image\" content=\"https:\/\/www.rubicon3adventure.com\/wp-content\/uploads\/2024\/03\/Rubicon_Schema-Image-scaled.jpg\" \/>\n\t<meta property=\"og:image:width\" content=\"2560\" \/>\n\t<meta property=\"og:image:height\" content=\"1554\" \/>\n\t<meta property=\"og:image:type\" content=\"image\/jpeg\" \/>\n<meta name=\"twitter:card\" content=\"summary_large_image\" \/>\n<meta name=\"twitter:site\" content=\"@rubicon3sailing\" \/>\n<meta name=\"twitter:label1\" content=\"Dur\u00e9e de lecture estim\u00e9e\" \/>\n\t<meta name=\"twitter:data1\" content=\"6 minutes\" \/>\n<script type=\"application\/ld+json\" class=\"yoast-schema-graph\">{\"@context\":\"https:\\\/\\\/schema.org\",\"@graph\":[{\"@type\":\"WebPage\",\"@id\":\"https:\\\/\\\/www.rubicon3adventure.com\\\/fr\\\/coursdemaitrisepourlacreationdepassages-quest-ce-que-cest-pour-qui-cest-pour\\\/\",\"url\":\"https:\\\/\\\/www.rubicon3adventure.com\\\/fr\\\/coursdemaitrisepourlacreationdepassages-quest-ce-que-cest-pour-qui-cest-pour\\\/\",\"name\":\"Cours de ma\u00eetre sur la cr\u00e9ation de passages : Qu'est-ce que c'est et \u00e0 qui \u00e7a sert ? | Rubicon 3 Adventure\",\"isPartOf\":{\"@id\":\"https:\\\/\\\/www.rubicon3adventure.com\\\/fr\\\/#website\"},\"datePublished\":\"2024-03-15T08:32:33+00:00\",\"dateModified\":\"2024-06-28T23:01:34+00:00\",\"inLanguage\":\"fr-FR\",\"potentialAction\":[{\"@type\":\"ReadAction\",\"target\":[\"https:\\\/\\\/www.rubicon3adventure.com\\\/fr\\\/coursdemaitrisepourlacreationdepassages-quest-ce-que-cest-pour-qui-cest-pour\\\/\"]}]},{\"@type\":\"WebSite\",\"@id\":\"https:\\\/\\\/www.rubicon3adventure.com\\\/fr\\\/#website\",\"url\":\"https:\\\/\\\/www.rubicon3adventure.com\\\/fr\\\/\",\"name\":\"Rubicon 3 Adventure\",\"description\":\"\",\"publisher\":{\"@id\":\"https:\\\/\\\/www.rubicon3adventure.com\\\/fr\\\/#organization\"},\"potentialAction\":[{\"@type\":\"SearchAction\",\"target\":{\"@type\":\"EntryPoint\",\"urlTemplate\":\"https:\\\/\\\/www.rubicon3adventure.com\\\/fr\\\/?s={search_term_string}\"},\"query-input\":{\"@type\":\"PropertyValueSpecification\",\"valueRequired\":true,\"valueName\":\"search_term_string\"}}],\"inLanguage\":\"fr-FR\"},{\"@type\":\"Organization\",\"@id\":\"https:\\\/\\\/www.rubicon3adventure.com\\\/fr\\\/#organization\",\"name\":\"Rubicon 3 Adventures\",\"alternateName\":\"Blueco Holdings Ltd\",\"url\":\"https:\\\/\\\/www.rubicon3adventure.com\\\/fr\\\/\",\"logo\":{\"@type\":\"ImageObject\",\"inLanguage\":\"fr-FR\",\"@id\":\"https:\\\/\\\/www.rubicon3adventure.com\\\/fr\\\/#\\\/schema\\\/logo\\\/image\\\/\",\"url\":\"https:\\\/\\\/www.rubicon3adventure.com\\\/wp-content\\\/uploads\\\/2024\\\/03\\\/Rubicon_Schema-Image-scaled.jpg\",\"contentUrl\":\"https:\\\/\\\/www.rubicon3adventure.com\\\/wp-content\\\/uploads\\\/2024\\\/03\\\/Rubicon_Schema-Image-scaled.jpg\",\"width\":2560,\"height\":1554,\"caption\":\"Rubicon 3 Adventures\"},\"image\":{\"@id\":\"https:\\\/\\\/www.rubicon3adventure.com\\\/fr\\\/#\\\/schema\\\/logo\\\/image\\\/\"},\"sameAs\":[\"https:\\\/\\\/www.facebook.com\\\/rubicon3sailing\",\"https:\\\/\\\/x.com\\\/rubicon3sailing\",\"https:\\\/\\\/www.instagram.com\\\/rubicon_3_sailing\\\/\",\"https:\\\/\\\/www.pinterest.co.uk\\\/rubicon3sailing\\\/\",\"https:\\\/\\\/www.youtube.com\\\/channel\\\/UCUVTAy1Qm4lz0uZI_83Um8A\",\"https:\\\/\\\/www.linkedin.com\\\/company\\\/rubicon-3\\\/\"]}]}<\/script>\n<!-- \/ Yoast SEO Premium plugin. -->","yoast_head_json":{"title":"Cours de ma\u00eetre sur la cr\u00e9ation de passages : Qu'est-ce que c'est et \u00e0 qui \u00e7a sert ? | Rubicon 3 Adventure","robots":{"index":"index","follow":"follow","max-snippet":"max-snippet:-1","max-image-preview":"max-image-preview:large","max-video-preview":"max-video-preview:-1"},"canonical":"https:\/\/www.rubicon3adventure.com\/fr\/coursdemaitrisepourlacreationdepassages-quest-ce-que-cest-pour-qui-cest-pour\/","og_locale":"fr_FR","og_type":"article","og_title":"Cours de ma\u00eetre sur la cr\u00e9ation de passages : Qu'est-ce que c'est et \u00e0 qui \u00e7a sert ? | Rubicon 3 Adventure","og_description":"Apr\u00e8s avoir obtenu le certificat RYA Day Skipper ou ASA 104, les marins se retrouvent&hellip;","og_url":"https:\/\/www.rubicon3adventure.com\/fr\/coursdemaitrisepourlacreationdepassages-quest-ce-que-cest-pour-qui-cest-pour\/","og_site_name":"Rubicon 3 Adventure","article_publisher":"https:\/\/www.facebook.com\/rubicon3sailing","article_modified_time":"2024-06-28T23:01:34+00:00","og_image":[{"width":2560,"height":1554,"url":"https:\/\/www.rubicon3adventure.com\/wp-content\/uploads\/2024\/03\/Rubicon_Schema-Image-scaled.jpg","type":"image\/jpeg"}],"twitter_card":"summary_large_image","twitter_site":"@rubicon3sailing","twitter_misc":{"Dur\u00e9e de lecture estim\u00e9e":"6 minutes"},"schema":{"@context":"https:\/\/schema.org","@graph":[{"@type":"WebPage","@id":"https:\/\/www.rubicon3adventure.com\/fr\/coursdemaitrisepourlacreationdepassages-quest-ce-que-cest-pour-qui-cest-pour\/","url":"https:\/\/www.rubicon3adventure.com\/fr\/coursdemaitrisepourlacreationdepassages-quest-ce-que-cest-pour-qui-cest-pour\/","name":"Cours de ma\u00eetre sur la cr\u00e9ation de passages : Qu'est-ce que c'est et \u00e0 qui \u00e7a sert ? | Rubicon 3 Adventure","isPartOf":{"@id":"https:\/\/www.rubicon3adventure.com\/fr\/#website"},"datePublished":"2024-03-15T08:32:33+00:00","dateModified":"2024-06-28T23:01:34+00:00","inLanguage":"fr-FR","potentialAction":[{"@type":"ReadAction","target":["https:\/\/www.rubicon3adventure.com\/fr\/coursdemaitrisepourlacreationdepassages-quest-ce-que-cest-pour-qui-cest-pour\/"]}]},{"@type":"WebSite","@id":"https:\/\/www.rubicon3adventure.com\/fr\/#website","url":"https:\/\/www.rubicon3adventure.com\/fr\/","name":"Rubicon 3 Adventure","description":"","publisher":{"@id":"https:\/\/www.rubicon3adventure.com\/fr\/#organization"},"potentialAction":[{"@type":"SearchAction","target":{"@type":"EntryPoint","urlTemplate":"https:\/\/www.rubicon3adventure.com\/fr\/?s={search_term_string}"},"query-input":{"@type":"PropertyValueSpecification","valueRequired":true,"valueName":"search_term_string"}}],"inLanguage":"fr-FR"},{"@type":"Organization","@id":"https:\/\/www.rubicon3adventure.com\/fr\/#organization","name":"Rubicon 3 Adventures","alternateName":"Blueco Holdings Ltd","url":"https:\/\/www.rubicon3adventure.com\/fr\/","logo":{"@type":"ImageObject","inLanguage":"fr-FR","@id":"https:\/\/www.rubicon3adventure.com\/fr\/#\/schema\/logo\/image\/","url":"https:\/\/www.rubicon3adventure.com\/wp-content\/uploads\/2024\/03\/Rubicon_Schema-Image-scaled.jpg","contentUrl":"https:\/\/www.rubicon3adventure.com\/wp-content\/uploads\/2024\/03\/Rubicon_Schema-Image-scaled.jpg","width":2560,"height":1554,"caption":"Rubicon 3 Adventures"},"image":{"@id":"https:\/\/www.rubicon3adventure.com\/fr\/#\/schema\/logo\/image\/"},"sameAs":["https:\/\/www.facebook.com\/rubicon3sailing","https:\/\/x.com\/rubicon3sailing","https:\/\/www.instagram.com\/rubicon_3_sailing\/","https:\/\/www.pinterest.co.uk\/rubicon3sailing\/","https:\/\/www.youtube.com\/channel\/UCUVTAy1Qm4lz0uZI_83Um8A","https:\/\/www.linkedin.com\/company\/rubicon-3\/"]}]}},"_links":{"self":[{"href":"https:\/\/www.rubicon3adventure.com\/fr\/wp-json\/wp\/v2\/pages\/5378","targetHints":{"allow":["GET"]}}],"collection":[{"href":"https:\/\/www.rubicon3adventure.com\/fr\/wp-json\/wp\/v2\/pages"}],"about":[{"href":"https:\/\/www.rubicon3adventure.com\/fr\/wp-json\/wp\/v2\/types\/page"}],"author":[{"embeddable":true,"href":"https:\/\/www.rubicon3adventure.com\/fr\/wp-json\/wp\/v2\/users\/5"}],"replies":[{"embeddable":true,"href":"https:\/\/www.rubicon3adventure.com\/fr\/wp-json\/wp\/v2\/comments?post=5378"}],"version-history":[{"count":0,"href":"https:\/\/www.rubicon3adventure.com\/fr\/wp-json\/wp\/v2\/pages\/5378\/revisions"}],"wp:attachment":[{"href":"https:\/\/www.rubicon3adventure.com\/fr\/wp-json\/wp\/v2\/media?parent=5378"}],"curies":[{"name":"wp","href":"https:\/\/api.w.org\/{rel}","templated":true}]}}