{"id":6351,"date":"2024-09-05T14:07:42","date_gmt":"2024-09-05T13:07:42","guid":{"rendered":"https:\/\/www.rubicon3adventure.com\/annulation\/"},"modified":"2024-09-05T14:19:37","modified_gmt":"2024-09-05T13:19:37","slug":"annulation","status":"publish","type":"page","link":"https:\/\/www.rubicon3adventure.com\/fr\/annulation\/","title":{"rendered":"Annulation"},"content":{"rendered":"<p>Nous comprenons qu&#8217;il peut arriver que les plans changent.<br \/>\nLes conditions de votre r\u00e9servation stipulent que tout acompte ou toute somme vers\u00e9e n&#8217;est pas remboursable. <a href=\"https:\/\/www.rubicon3adventure.com\/customer-terms-conditions\/\">Vous pouvez consulter ces conditions ici<\/a>.<br \/>\nNous pouvons parfois faire preuve de souplesse si vous annulez votre voyage au moins <strong>6 mois<\/strong> avant la date de d\u00e9part.<br \/>\nSi nous sommes en mesure de le faire, et cela varie au cas par cas, nous transf\u00e9rerons votre acompte sur un prochain voyage.<br \/>\nPour \u00e9viter toute ambigu\u00eft\u00e9, notre capacit\u00e9 \u00e0 transf\u00e9rer les acomptes <strong>n&#8217;<\/strong> est <strong>pas garantie<\/strong> et ne modifie pas les conditions initiales de votre r\u00e9servation.<br \/>\nVeuillez noter que :       <\/p>\n<ul>\n<li>Vous devrez choisir un nouveau voyage qui part dans les <strong>12 mois<\/strong> suivant la date de d\u00e9part de votre r\u00e9servation initiale.<\/li>\n<li>Apr\u00e8s 12 mois, s&#8217;il n&#8217;a pas \u00e9t\u00e9 utilis\u00e9 pour un futur voyage, le d\u00e9p\u00f4t sera <strong>automatiquement perdu<\/strong>.<\/li>\n<\/ul>\n<p>  \u00c9tant donn\u00e9 que tous les fonds sont conserv\u00e9s dans un fonds fiduciaire prot\u00e9g\u00e9, nous devons payer des frais pour effectuer ces changements, ce qui implique un travail administratif important de notre part.<br \/>\nC&#8217;est pourquoi, si nous pouvons transf\u00e9rer votre d\u00e9p\u00f4t, des frais administratifs de 50 livres sterling vous seront factur\u00e9s.<br \/>\nCe paiement est d\u00fb au moment de l&#8217;annulation, si vous souhaitez proc\u00e9der au transfert.  <\/p>\n","protected":false},"excerpt":{"rendered":"<p>Nous comprenons qu&#8217;il peut arriver que les plans changent. Les conditions de votre r\u00e9servation stipulent&hellip;<\/p>\n","protected":false},"author":5,"featured_media":0,"parent":0,"menu_order":0,"comment_status":"closed","ping_status":"closed","template":"templates\/core.php","meta":{"_acf_changed":false,"content-type":"","footnotes":""},"class_list":["post-6351","page","type-page","status-publish","hentry"],"acf":[],"yoast_head":"<!-- This site is optimized with the Yoast SEO Premium plugin v27.3 (Yoast SEO v27.3) - https:\/\/yoast.com\/product\/yoast-seo-premium-wordpress\/ -->\n<title>Annulation | Rubicon 3 Adventure<\/title>\n<meta name=\"description\" content=\"Si vous devez annuler votre r\u00e9servation aupr\u00e8s de Rubicon 3, cette page d\u00e9crit les options qui s&#039;offrent \u00e0 vous et la mani\u00e8re de proc\u00e9der \u00e0 l&#039;annulation.\" \/>\n<meta name=\"robots\" content=\"index, follow, max-snippet:-1, max-image-preview:large, max-video-preview:-1\" \/>\n<link rel=\"canonical\" href=\"https:\/\/www.rubicon3adventure.com\/fr\/annulation\/\" \/>\n<meta property=\"og:locale\" content=\"fr_FR\" \/>\n<meta property=\"og:type\" content=\"article\" \/>\n<meta property=\"og:title\" content=\"Annulation | Rubicon 3 Adventure\" \/>\n<meta property=\"og:description\" content=\"Si vous devez annuler votre r\u00e9servation aupr\u00e8s de Rubicon 3, cette page d\u00e9crit les options qui s&#039;offrent \u00e0 vous et la mani\u00e8re de proc\u00e9der \u00e0 l&#039;annulation.\" \/>\n<meta property=\"og:url\" content=\"https:\/\/www.rubicon3adventure.com\/fr\/annulation\/\" \/>\n<meta property=\"og:site_name\" content=\"Rubicon 3 Adventure\" \/>\n<meta property=\"article:publisher\" content=\"https:\/\/www.facebook.com\/rubicon3sailing\" \/>\n<meta property=\"article:modified_time\" content=\"2024-09-05T13:19:37+00:00\" \/>\n<meta property=\"og:image\" content=\"https:\/\/www.rubicon3adventure.com\/wp-content\/uploads\/2024\/03\/Rubicon_Schema-Image-scaled.jpg\" \/>\n\t<meta property=\"og:image:width\" content=\"2560\" \/>\n\t<meta property=\"og:image:height\" content=\"1554\" \/>\n\t<meta property=\"og:image:type\" content=\"image\/jpeg\" \/>\n<meta name=\"twitter:card\" content=\"summary_large_image\" \/>\n<meta name=\"twitter:site\" content=\"@rubicon3sailing\" \/>\n<meta name=\"twitter:label1\" content=\"Dur\u00e9e de lecture estim\u00e9e\" \/>\n\t<meta name=\"twitter:data1\" content=\"1 minute\" \/>\n<script type=\"application\/ld+json\" class=\"yoast-schema-graph\">{\"@context\":\"https:\\\/\\\/schema.org\",\"@graph\":[{\"@type\":\"WebPage\",\"@id\":\"https:\\\/\\\/www.rubicon3adventure.com\\\/fr\\\/annulation\\\/\",\"url\":\"https:\\\/\\\/www.rubicon3adventure.com\\\/fr\\\/annulation\\\/\",\"name\":\"Annulation | Rubicon 3 Adventure\",\"isPartOf\":{\"@id\":\"https:\\\/\\\/www.rubicon3adventure.com\\\/fr\\\/#website\"},\"datePublished\":\"2024-09-05T13:07:42+00:00\",\"dateModified\":\"2024-09-05T13:19:37+00:00\",\"description\":\"Si vous devez annuler votre r\u00e9servation aupr\u00e8s de Rubicon 3, cette page d\u00e9crit les options qui s'offrent \u00e0 vous et la mani\u00e8re de proc\u00e9der \u00e0 l'annulation.\",\"inLanguage\":\"fr-FR\",\"potentialAction\":[{\"@type\":\"ReadAction\",\"target\":[\"https:\\\/\\\/www.rubicon3adventure.com\\\/fr\\\/annulation\\\/\"]}]},{\"@type\":\"WebSite\",\"@id\":\"https:\\\/\\\/www.rubicon3adventure.com\\\/fr\\\/#website\",\"url\":\"https:\\\/\\\/www.rubicon3adventure.com\\\/fr\\\/\",\"name\":\"Rubicon 3 Adventure\",\"description\":\"\",\"publisher\":{\"@id\":\"https:\\\/\\\/www.rubicon3adventure.com\\\/fr\\\/#organization\"},\"potentialAction\":[{\"@type\":\"SearchAction\",\"target\":{\"@type\":\"EntryPoint\",\"urlTemplate\":\"https:\\\/\\\/www.rubicon3adventure.com\\\/fr\\\/?s={search_term_string}\"},\"query-input\":{\"@type\":\"PropertyValueSpecification\",\"valueRequired\":true,\"valueName\":\"search_term_string\"}}],\"inLanguage\":\"fr-FR\"},{\"@type\":\"Organization\",\"@id\":\"https:\\\/\\\/www.rubicon3adventure.com\\\/fr\\\/#organization\",\"name\":\"Rubicon 3 Adventures\",\"alternateName\":\"Blueco Holdings Ltd\",\"url\":\"https:\\\/\\\/www.rubicon3adventure.com\\\/fr\\\/\",\"logo\":{\"@type\":\"ImageObject\",\"inLanguage\":\"fr-FR\",\"@id\":\"https:\\\/\\\/www.rubicon3adventure.com\\\/fr\\\/#\\\/schema\\\/logo\\\/image\\\/\",\"url\":\"https:\\\/\\\/www.rubicon3adventure.com\\\/wp-content\\\/uploads\\\/2024\\\/03\\\/Rubicon_Schema-Image-scaled.jpg\",\"contentUrl\":\"https:\\\/\\\/www.rubicon3adventure.com\\\/wp-content\\\/uploads\\\/2024\\\/03\\\/Rubicon_Schema-Image-scaled.jpg\",\"width\":2560,\"height\":1554,\"caption\":\"Rubicon 3 Adventures\"},\"image\":{\"@id\":\"https:\\\/\\\/www.rubicon3adventure.com\\\/fr\\\/#\\\/schema\\\/logo\\\/image\\\/\"},\"sameAs\":[\"https:\\\/\\\/www.facebook.com\\\/rubicon3sailing\",\"https:\\\/\\\/x.com\\\/rubicon3sailing\",\"https:\\\/\\\/www.instagram.com\\\/rubicon_3_sailing\\\/\",\"https:\\\/\\\/www.pinterest.co.uk\\\/rubicon3sailing\\\/\",\"https:\\\/\\\/www.youtube.com\\\/channel\\\/UCUVTAy1Qm4lz0uZI_83Um8A\",\"https:\\\/\\\/www.linkedin.com\\\/company\\\/rubicon-3\\\/\"]}]}<\/script>\n<!-- \/ Yoast SEO Premium plugin. -->","yoast_head_json":{"title":"Annulation | Rubicon 3 Adventure","description":"Si vous devez annuler votre r\u00e9servation aupr\u00e8s de Rubicon 3, cette page d\u00e9crit les options qui s'offrent \u00e0 vous et la mani\u00e8re de proc\u00e9der \u00e0 l'annulation.","robots":{"index":"index","follow":"follow","max-snippet":"max-snippet:-1","max-image-preview":"max-image-preview:large","max-video-preview":"max-video-preview:-1"},"canonical":"https:\/\/www.rubicon3adventure.com\/fr\/annulation\/","og_locale":"fr_FR","og_type":"article","og_title":"Annulation | Rubicon 3 Adventure","og_description":"Si vous devez annuler votre r\u00e9servation aupr\u00e8s de Rubicon 3, cette page d\u00e9crit les options qui s'offrent \u00e0 vous et la mani\u00e8re de proc\u00e9der \u00e0 l'annulation.","og_url":"https:\/\/www.rubicon3adventure.com\/fr\/annulation\/","og_site_name":"Rubicon 3 Adventure","article_publisher":"https:\/\/www.facebook.com\/rubicon3sailing","article_modified_time":"2024-09-05T13:19:37+00:00","og_image":[{"width":2560,"height":1554,"url":"https:\/\/www.rubicon3adventure.com\/wp-content\/uploads\/2024\/03\/Rubicon_Schema-Image-scaled.jpg","type":"image\/jpeg"}],"twitter_card":"summary_large_image","twitter_site":"@rubicon3sailing","twitter_misc":{"Dur\u00e9e de lecture estim\u00e9e":"1 minute"},"schema":{"@context":"https:\/\/schema.org","@graph":[{"@type":"WebPage","@id":"https:\/\/www.rubicon3adventure.com\/fr\/annulation\/","url":"https:\/\/www.rubicon3adventure.com\/fr\/annulation\/","name":"Annulation | Rubicon 3 Adventure","isPartOf":{"@id":"https:\/\/www.rubicon3adventure.com\/fr\/#website"},"datePublished":"2024-09-05T13:07:42+00:00","dateModified":"2024-09-05T13:19:37+00:00","description":"Si vous devez annuler votre r\u00e9servation aupr\u00e8s de Rubicon 3, cette page d\u00e9crit les options qui s'offrent \u00e0 vous et la mani\u00e8re de proc\u00e9der \u00e0 l'annulation.","inLanguage":"fr-FR","potentialAction":[{"@type":"ReadAction","target":["https:\/\/www.rubicon3adventure.com\/fr\/annulation\/"]}]},{"@type":"WebSite","@id":"https:\/\/www.rubicon3adventure.com\/fr\/#website","url":"https:\/\/www.rubicon3adventure.com\/fr\/","name":"Rubicon 3 Adventure","description":"","publisher":{"@id":"https:\/\/www.rubicon3adventure.com\/fr\/#organization"},"potentialAction":[{"@type":"SearchAction","target":{"@type":"EntryPoint","urlTemplate":"https:\/\/www.rubicon3adventure.com\/fr\/?s={search_term_string}"},"query-input":{"@type":"PropertyValueSpecification","valueRequired":true,"valueName":"search_term_string"}}],"inLanguage":"fr-FR"},{"@type":"Organization","@id":"https:\/\/www.rubicon3adventure.com\/fr\/#organization","name":"Rubicon 3 Adventures","alternateName":"Blueco Holdings Ltd","url":"https:\/\/www.rubicon3adventure.com\/fr\/","logo":{"@type":"ImageObject","inLanguage":"fr-FR","@id":"https:\/\/www.rubicon3adventure.com\/fr\/#\/schema\/logo\/image\/","url":"https:\/\/www.rubicon3adventure.com\/wp-content\/uploads\/2024\/03\/Rubicon_Schema-Image-scaled.jpg","contentUrl":"https:\/\/www.rubicon3adventure.com\/wp-content\/uploads\/2024\/03\/Rubicon_Schema-Image-scaled.jpg","width":2560,"height":1554,"caption":"Rubicon 3 Adventures"},"image":{"@id":"https:\/\/www.rubicon3adventure.com\/fr\/#\/schema\/logo\/image\/"},"sameAs":["https:\/\/www.facebook.com\/rubicon3sailing","https:\/\/x.com\/rubicon3sailing","https:\/\/www.instagram.com\/rubicon_3_sailing\/","https:\/\/www.pinterest.co.uk\/rubicon3sailing\/","https:\/\/www.youtube.com\/channel\/UCUVTAy1Qm4lz0uZI_83Um8A","https:\/\/www.linkedin.com\/company\/rubicon-3\/"]}]}},"_links":{"self":[{"href":"https:\/\/www.rubicon3adventure.com\/fr\/wp-json\/wp\/v2\/pages\/6351","targetHints":{"allow":["GET"]}}],"collection":[{"href":"https:\/\/www.rubicon3adventure.com\/fr\/wp-json\/wp\/v2\/pages"}],"about":[{"href":"https:\/\/www.rubicon3adventure.com\/fr\/wp-json\/wp\/v2\/types\/page"}],"author":[{"embeddable":true,"href":"https:\/\/www.rubicon3adventure.com\/fr\/wp-json\/wp\/v2\/users\/5"}],"replies":[{"embeddable":true,"href":"https:\/\/www.rubicon3adventure.com\/fr\/wp-json\/wp\/v2\/comments?post=6351"}],"version-history":[{"count":0,"href":"https:\/\/www.rubicon3adventure.com\/fr\/wp-json\/wp\/v2\/pages\/6351\/revisions"}],"wp:attachment":[{"href":"https:\/\/www.rubicon3adventure.com\/fr\/wp-json\/wp\/v2\/media?parent=6351"}],"curies":[{"name":"wp","href":"https:\/\/api.w.org\/{rel}","templated":true}]}}