{"id":5023,"date":"2024-03-14T16:41:14","date_gmt":"2024-03-14T16:41:14","guid":{"rendered":"https:\/\/www.rubicon3adventure.com\/product\/rya-coastal-skipper-slash-yachtmaster-theorie-cours-en-ligne\/"},"modified":"2024-03-14T16:41:14","modified_gmt":"2024-03-14T16:41:14","slug":"rya-coastal-skipper-slash-yachtmaster-theorie-cours-en-ligne","status":"publish","type":"product","link":"https:\/\/www.rubicon3adventure.com\/fr\/produit\/rya-coastal-skipper-slash-yachtmaster-theorie-cours-en-ligne\/","title":{"rendered":"RYA Coastal Skipper\/Yachtmaster Th\u00e9orie (Cours en ligne)"},"content":{"rendered":"<p>Le cours en ligne RYA Yachtmaster Theory est con\u00e7u pour les marins exp\u00e9riment\u00e9s qui souhaitent obtenir le certificat Coastal Yachtmaster ou Yachtmaster Offshore. Ce cours complet couvre les concepts avanc\u00e9s de la navigation en mer, de la s\u00e9curit\u00e9, des pr\u00e9visions m\u00e9t\u00e9orologiques et des r\u00e9glementations en mati\u00e8re de collision. Tout en b\u00e9n\u00e9ficiant de la commodit\u00e9 d&#8217;apprendre depuis votre domicile, vous aurez acc\u00e8s \u00e0 des professionnels de la voile exp\u00e9riment\u00e9s qui vous offriront des commentaires et des conseils personnalis\u00e9s tout au long de votre parcours d&#8217;apprentissage. Que vous vous pr\u00e9pariez \u00e0 des travers\u00e9es difficiles en mer ou que vous aspiriez \u00e0 devenir un professionnel de la voile, notre cours offre la flexibilit\u00e9 de l&#8217;apprentissage en ligne combin\u00e9e \u00e0 la rigueur et \u00e0 l&#8217;approfondissement requis pour l&#8217;obtention du certificat Yachtmaster.<\/p>\n","protected":false},"excerpt":{"rendered":"<p>\u00c9tudiez la th\u00e9orie pour le RYA Coastal Yachtmaster ou Yachtmaster Offshore dans le confort et la commodit\u00e9 de votre domicile, avec des instructeurs experts \u00e0 port\u00e9e de clic.<\/p>\n","protected":false},"featured_media":4122,"comment_status":"closed","ping_status":"closed","template":"","meta":{"_acf_changed":false,"content-type":""},"product_brand":[],"product_cat":[273,270],"product_tag":[],"class_list":{"0":"post-5023","1":"product","2":"type-product","3":"status-publish","4":"has-post-thumbnail","6":"product_cat-cours-de-voile-rya","7":"product_cat-apprendre-naviguer","9":"first","10":"outofstock","11":"shipping-taxable","12":"purchasable","13":"product-type-variable"},"acf":[],"yoast_head":"<!-- This site is optimized with the Yoast SEO Premium plugin v27.5 (Yoast SEO v27.5) - https:\/\/yoast.com\/product\/yoast-seo-premium-wordpress\/ -->\n<title>RYA Coastal \/ Yachtmaster Offshore Th\u00e9orie (Cours en ligne)<\/title>\n<meta name=\"description\" content=\"\u00c9tudiez la th\u00e9orie pour le RYA Coastal Yachtmaster ou Yachtmaster Offshore depuis le confort de votre domicile, avec des instructeurs experts \u00e0 port\u00e9e de clic.\" \/>\n<meta name=\"robots\" content=\"index, follow, max-snippet:-1, max-image-preview:large, max-video-preview:-1\" \/>\n<link rel=\"canonical\" href=\"https:\/\/www.rubicon3adventure.com\/fr\/produit\/rya-coastal-skipper-slash-yachtmaster-theorie-cours-en-ligne\/\" \/>\n<meta property=\"og:locale\" content=\"fr_FR\" \/>\n<meta property=\"og:type\" content=\"article\" \/>\n<meta property=\"og:title\" content=\"RYA Coastal \/ Yachtmaster Offshore Th\u00e9orie (Cours en ligne)\" \/>\n<meta property=\"og:description\" content=\"\u00c9tudiez la th\u00e9orie pour le RYA Coastal Yachtmaster ou Yachtmaster Offshore depuis le confort de votre domicile, avec des instructeurs experts \u00e0 port\u00e9e de clic.\" \/>\n<meta property=\"og:url\" content=\"https:\/\/www.rubicon3adventure.com\/fr\/produit\/rya-coastal-skipper-slash-yachtmaster-theorie-cours-en-ligne\/\" \/>\n<meta property=\"og:site_name\" content=\"Rubicon 3 Adventure\" \/>\n<meta property=\"article:publisher\" content=\"https:\/\/www.facebook.com\/rubicon3sailing\" \/>\n<meta property=\"og:image\" content=\"https:\/\/www.rubicon3adventure.com\/wp-content\/uploads\/2024\/03\/black-man-studying-640.webp\" \/>\n\t<meta property=\"og:image:width\" content=\"640\" \/>\n\t<meta property=\"og:image:height\" content=\"344\" \/>\n\t<meta property=\"og:image:type\" content=\"image\/webp\" \/>\n<meta name=\"twitter:card\" content=\"summary_large_image\" \/>\n<meta name=\"twitter:site\" content=\"@rubicon3sailing\" \/>\n<meta name=\"twitter:label1\" content=\"Dur\u00e9e de lecture estim\u00e9e\" \/>\n\t<meta name=\"twitter:data1\" content=\"1 minute\" \/>\n<script type=\"application\/ld+json\" class=\"yoast-schema-graph\">{\"@context\":\"https:\\\/\\\/schema.org\",\"@graph\":[{\"@type\":\"WebPage\",\"@id\":\"https:\\\/\\\/www.rubicon3adventure.com\\\/fr\\\/produit\\\/rya-coastal-skipper-slash-yachtmaster-theorie-cours-en-ligne\\\/\",\"url\":\"https:\\\/\\\/www.rubicon3adventure.com\\\/fr\\\/produit\\\/rya-coastal-skipper-slash-yachtmaster-theorie-cours-en-ligne\\\/\",\"name\":\"RYA Coastal \\\/ Yachtmaster Offshore Th\u00e9orie (Cours en ligne)\",\"isPartOf\":{\"@id\":\"https:\\\/\\\/www.rubicon3adventure.com\\\/fr\\\/#website\"},\"primaryImageOfPage\":{\"@id\":\"https:\\\/\\\/www.rubicon3adventure.com\\\/fr\\\/produit\\\/rya-coastal-skipper-slash-yachtmaster-theorie-cours-en-ligne\\\/#primaryimage\"},\"image\":{\"@id\":\"https:\\\/\\\/www.rubicon3adventure.com\\\/fr\\\/produit\\\/rya-coastal-skipper-slash-yachtmaster-theorie-cours-en-ligne\\\/#primaryimage\"},\"thumbnailUrl\":\"https:\\\/\\\/www.rubicon3adventure.com\\\/wp-content\\\/uploads\\\/2024\\\/03\\\/black-man-studying-640.webp\",\"datePublished\":\"2024-03-14T16:41:14+00:00\",\"description\":\"\u00c9tudiez la th\u00e9orie pour le RYA Coastal Yachtmaster ou Yachtmaster Offshore depuis le confort de votre domicile, avec des instructeurs experts \u00e0 port\u00e9e de clic.\",\"breadcrumb\":{\"@id\":\"https:\\\/\\\/www.rubicon3adventure.com\\\/fr\\\/produit\\\/rya-coastal-skipper-slash-yachtmaster-theorie-cours-en-ligne\\\/#breadcrumb\"},\"inLanguage\":\"fr-FR\",\"potentialAction\":[{\"@type\":\"ReadAction\",\"target\":[\"https:\\\/\\\/www.rubicon3adventure.com\\\/fr\\\/produit\\\/rya-coastal-skipper-slash-yachtmaster-theorie-cours-en-ligne\\\/\"]}]},{\"@type\":\"ImageObject\",\"inLanguage\":\"fr-FR\",\"@id\":\"https:\\\/\\\/www.rubicon3adventure.com\\\/fr\\\/produit\\\/rya-coastal-skipper-slash-yachtmaster-theorie-cours-en-ligne\\\/#primaryimage\",\"url\":\"https:\\\/\\\/www.rubicon3adventure.com\\\/wp-content\\\/uploads\\\/2024\\\/03\\\/black-man-studying-640.webp\",\"contentUrl\":\"https:\\\/\\\/www.rubicon3adventure.com\\\/wp-content\\\/uploads\\\/2024\\\/03\\\/black-man-studying-640.webp\",\"width\":640,\"height\":344,\"caption\":\"Cours th\u00e9orique en ligne RYA Yachtmaster\"},{\"@type\":\"BreadcrumbList\",\"@id\":\"https:\\\/\\\/www.rubicon3adventure.com\\\/fr\\\/produit\\\/rya-coastal-skipper-slash-yachtmaster-theorie-cours-en-ligne\\\/#breadcrumb\",\"itemListElement\":[{\"@type\":\"ListItem\",\"position\":1,\"name\":\"Boutique\",\"item\":\"https:\\\/\\\/www.rubicon3adventure.com\\\/fr\\\/boutique\\\/\"},{\"@type\":\"ListItem\",\"position\":2,\"name\":\"RYA Coastal Skipper\\\/Yachtmaster Th\u00e9orie (Cours en ligne)\"}]},{\"@type\":\"WebSite\",\"@id\":\"https:\\\/\\\/www.rubicon3adventure.com\\\/fr\\\/#website\",\"url\":\"https:\\\/\\\/www.rubicon3adventure.com\\\/fr\\\/\",\"name\":\"Rubicon 3 Adventure\",\"description\":\"\",\"publisher\":{\"@id\":\"https:\\\/\\\/www.rubicon3adventure.com\\\/fr\\\/#organization\"},\"potentialAction\":[{\"@type\":\"SearchAction\",\"target\":{\"@type\":\"EntryPoint\",\"urlTemplate\":\"https:\\\/\\\/www.rubicon3adventure.com\\\/fr\\\/?s={search_term_string}\"},\"query-input\":{\"@type\":\"PropertyValueSpecification\",\"valueRequired\":true,\"valueName\":\"search_term_string\"}}],\"inLanguage\":\"fr-FR\"},{\"@type\":\"Organization\",\"@id\":\"https:\\\/\\\/www.rubicon3adventure.com\\\/fr\\\/#organization\",\"name\":\"Rubicon 3 Adventures\",\"alternateName\":\"Blueco Holdings Ltd\",\"url\":\"https:\\\/\\\/www.rubicon3adventure.com\\\/fr\\\/\",\"logo\":{\"@type\":\"ImageObject\",\"inLanguage\":\"fr-FR\",\"@id\":\"https:\\\/\\\/www.rubicon3adventure.com\\\/fr\\\/#\\\/schema\\\/logo\\\/image\\\/\",\"url\":\"https:\\\/\\\/www.rubicon3adventure.com\\\/wp-content\\\/uploads\\\/2024\\\/03\\\/Rubicon_Schema-Image-scaled.jpg\",\"contentUrl\":\"https:\\\/\\\/www.rubicon3adventure.com\\\/wp-content\\\/uploads\\\/2024\\\/03\\\/Rubicon_Schema-Image-scaled.jpg\",\"width\":2560,\"height\":1554,\"caption\":\"Rubicon 3 Adventures\"},\"image\":{\"@id\":\"https:\\\/\\\/www.rubicon3adventure.com\\\/fr\\\/#\\\/schema\\\/logo\\\/image\\\/\"},\"sameAs\":[\"https:\\\/\\\/www.facebook.com\\\/rubicon3sailing\",\"https:\\\/\\\/x.com\\\/rubicon3sailing\",\"https:\\\/\\\/www.instagram.com\\\/rubicon_3_sailing\\\/\",\"https:\\\/\\\/www.pinterest.co.uk\\\/rubicon3sailing\\\/\",\"https:\\\/\\\/www.youtube.com\\\/channel\\\/UCUVTAy1Qm4lz0uZI_83Um8A\",\"https:\\\/\\\/www.linkedin.com\\\/company\\\/rubicon-3\\\/\"]}]}<\/script>\n<!-- \/ Yoast SEO Premium plugin. -->","yoast_head_json":{"title":"RYA Coastal \/ Yachtmaster Offshore Th\u00e9orie (Cours en ligne)","description":"\u00c9tudiez la th\u00e9orie pour le RYA Coastal Yachtmaster ou Yachtmaster Offshore depuis le confort de votre domicile, avec des instructeurs experts \u00e0 port\u00e9e de clic.","robots":{"index":"index","follow":"follow","max-snippet":"max-snippet:-1","max-image-preview":"max-image-preview:large","max-video-preview":"max-video-preview:-1"},"canonical":"https:\/\/www.rubicon3adventure.com\/fr\/produit\/rya-coastal-skipper-slash-yachtmaster-theorie-cours-en-ligne\/","og_locale":"fr_FR","og_type":"article","og_title":"RYA Coastal \/ Yachtmaster Offshore Th\u00e9orie (Cours en ligne)","og_description":"\u00c9tudiez la th\u00e9orie pour le RYA Coastal Yachtmaster ou Yachtmaster Offshore depuis le confort de votre domicile, avec des instructeurs experts \u00e0 port\u00e9e de clic.","og_url":"https:\/\/www.rubicon3adventure.com\/fr\/produit\/rya-coastal-skipper-slash-yachtmaster-theorie-cours-en-ligne\/","og_site_name":"Rubicon 3 Adventure","article_publisher":"https:\/\/www.facebook.com\/rubicon3sailing","og_image":[{"width":640,"height":344,"url":"https:\/\/www.rubicon3adventure.com\/wp-content\/uploads\/2024\/03\/black-man-studying-640.webp","type":"image\/webp"}],"twitter_card":"summary_large_image","twitter_site":"@rubicon3sailing","twitter_misc":{"Dur\u00e9e de lecture estim\u00e9e":"1 minute"},"schema":{"@context":"https:\/\/schema.org","@graph":[{"@type":"WebPage","@id":"https:\/\/www.rubicon3adventure.com\/fr\/produit\/rya-coastal-skipper-slash-yachtmaster-theorie-cours-en-ligne\/","url":"https:\/\/www.rubicon3adventure.com\/fr\/produit\/rya-coastal-skipper-slash-yachtmaster-theorie-cours-en-ligne\/","name":"RYA Coastal \/ Yachtmaster Offshore Th\u00e9orie (Cours en ligne)","isPartOf":{"@id":"https:\/\/www.rubicon3adventure.com\/fr\/#website"},"primaryImageOfPage":{"@id":"https:\/\/www.rubicon3adventure.com\/fr\/produit\/rya-coastal-skipper-slash-yachtmaster-theorie-cours-en-ligne\/#primaryimage"},"image":{"@id":"https:\/\/www.rubicon3adventure.com\/fr\/produit\/rya-coastal-skipper-slash-yachtmaster-theorie-cours-en-ligne\/#primaryimage"},"thumbnailUrl":"https:\/\/www.rubicon3adventure.com\/wp-content\/uploads\/2024\/03\/black-man-studying-640.webp","datePublished":"2024-03-14T16:41:14+00:00","description":"\u00c9tudiez la th\u00e9orie pour le RYA Coastal Yachtmaster ou Yachtmaster Offshore depuis le confort de votre domicile, avec des instructeurs experts \u00e0 port\u00e9e de clic.","breadcrumb":{"@id":"https:\/\/www.rubicon3adventure.com\/fr\/produit\/rya-coastal-skipper-slash-yachtmaster-theorie-cours-en-ligne\/#breadcrumb"},"inLanguage":"fr-FR","potentialAction":[{"@type":"ReadAction","target":["https:\/\/www.rubicon3adventure.com\/fr\/produit\/rya-coastal-skipper-slash-yachtmaster-theorie-cours-en-ligne\/"]}]},{"@type":"ImageObject","inLanguage":"fr-FR","@id":"https:\/\/www.rubicon3adventure.com\/fr\/produit\/rya-coastal-skipper-slash-yachtmaster-theorie-cours-en-ligne\/#primaryimage","url":"https:\/\/www.rubicon3adventure.com\/wp-content\/uploads\/2024\/03\/black-man-studying-640.webp","contentUrl":"https:\/\/www.rubicon3adventure.com\/wp-content\/uploads\/2024\/03\/black-man-studying-640.webp","width":640,"height":344,"caption":"Cours th\u00e9orique en ligne RYA Yachtmaster"},{"@type":"BreadcrumbList","@id":"https:\/\/www.rubicon3adventure.com\/fr\/produit\/rya-coastal-skipper-slash-yachtmaster-theorie-cours-en-ligne\/#breadcrumb","itemListElement":[{"@type":"ListItem","position":1,"name":"Boutique","item":"https:\/\/www.rubicon3adventure.com\/fr\/boutique\/"},{"@type":"ListItem","position":2,"name":"RYA Coastal Skipper\/Yachtmaster Th\u00e9orie (Cours en ligne)"}]},{"@type":"WebSite","@id":"https:\/\/www.rubicon3adventure.com\/fr\/#website","url":"https:\/\/www.rubicon3adventure.com\/fr\/","name":"Rubicon 3 Adventure","description":"","publisher":{"@id":"https:\/\/www.rubicon3adventure.com\/fr\/#organization"},"potentialAction":[{"@type":"SearchAction","target":{"@type":"EntryPoint","urlTemplate":"https:\/\/www.rubicon3adventure.com\/fr\/?s={search_term_string}"},"query-input":{"@type":"PropertyValueSpecification","valueRequired":true,"valueName":"search_term_string"}}],"inLanguage":"fr-FR"},{"@type":"Organization","@id":"https:\/\/www.rubicon3adventure.com\/fr\/#organization","name":"Rubicon 3 Adventures","alternateName":"Blueco Holdings Ltd","url":"https:\/\/www.rubicon3adventure.com\/fr\/","logo":{"@type":"ImageObject","inLanguage":"fr-FR","@id":"https:\/\/www.rubicon3adventure.com\/fr\/#\/schema\/logo\/image\/","url":"https:\/\/www.rubicon3adventure.com\/wp-content\/uploads\/2024\/03\/Rubicon_Schema-Image-scaled.jpg","contentUrl":"https:\/\/www.rubicon3adventure.com\/wp-content\/uploads\/2024\/03\/Rubicon_Schema-Image-scaled.jpg","width":2560,"height":1554,"caption":"Rubicon 3 Adventures"},"image":{"@id":"https:\/\/www.rubicon3adventure.com\/fr\/#\/schema\/logo\/image\/"},"sameAs":["https:\/\/www.facebook.com\/rubicon3sailing","https:\/\/x.com\/rubicon3sailing","https:\/\/www.instagram.com\/rubicon_3_sailing\/","https:\/\/www.pinterest.co.uk\/rubicon3sailing\/","https:\/\/www.youtube.com\/channel\/UCUVTAy1Qm4lz0uZI_83Um8A","https:\/\/www.linkedin.com\/company\/rubicon-3\/"]}]}},"_links":{"self":[{"href":"https:\/\/www.rubicon3adventure.com\/fr\/wp-json\/wp\/v2\/product\/5023","targetHints":{"allow":["GET"]}}],"collection":[{"href":"https:\/\/www.rubicon3adventure.com\/fr\/wp-json\/wp\/v2\/product"}],"about":[{"href":"https:\/\/www.rubicon3adventure.com\/fr\/wp-json\/wp\/v2\/types\/product"}],"replies":[{"embeddable":true,"href":"https:\/\/www.rubicon3adventure.com\/fr\/wp-json\/wp\/v2\/comments?post=5023"}],"wp:featuredmedia":[{"embeddable":true,"href":"https:\/\/www.rubicon3adventure.com\/fr\/wp-json\/wp\/v2\/media\/4122"}],"wp:attachment":[{"href":"https:\/\/www.rubicon3adventure.com\/fr\/wp-json\/wp\/v2\/media?parent=5023"}],"wp:term":[{"taxonomy":"product_brand","embeddable":true,"href":"https:\/\/www.rubicon3adventure.com\/fr\/wp-json\/wp\/v2\/product_brand?post=5023"},{"taxonomy":"product_cat","embeddable":true,"href":"https:\/\/www.rubicon3adventure.com\/fr\/wp-json\/wp\/v2\/product_cat?post=5023"},{"taxonomy":"product_tag","embeddable":true,"href":"https:\/\/www.rubicon3adventure.com\/fr\/wp-json\/wp\/v2\/product_tag?post=5023"}],"curies":[{"name":"wp","href":"https:\/\/api.w.org\/{rel}","templated":true}]}}