{"id":5063,"date":"2024-03-14T16:33:13","date_gmt":"2024-03-14T16:33:13","guid":{"rendered":"https:\/\/www.rubicon3adventure.com\/product\/rya-cours-de-theorie-du-skipper-en-jour-en-ligne\/"},"modified":"2024-03-14T16:33:13","modified_gmt":"2024-03-14T16:33:13","slug":"rya-cours-de-theorie-du-skipper-en-jour-en-ligne","status":"publish","type":"product","link":"https:\/\/www.rubicon3adventure.com\/fr\/produit\/rya-cours-de-theorie-du-skipper-en-jour-en-ligne\/","title":{"rendered":"RYA Day Skipper Theory (cours en ligne)"},"content":{"rendered":"<p>Embarquez sur votre chemin pour devenir un skipper de yacht avec notre cours th\u00e9orique en ligne RYA Day Skipper. Ce cours est con\u00e7u pour offrir la flexibilit\u00e9 et la commodit\u00e9 de l&#8217;apprentissage en ligne sans compromettre la qualit\u00e9 de l&#8217;enseignement. Vous pouvez apprendre tous les sujets essentiels tels que la navigation, la s\u00e9curit\u00e9, le matelotage et la m\u00e9t\u00e9orologie, tout en restant confortablement install\u00e9 chez vous. Nos formateurs experts sont \u00e0 port\u00e9e de clic, pr\u00eats \u00e0 fournir des conseils personnalis\u00e9s et des commentaires pour s&#8217;assurer que votre exp\u00e9rience d&#8217;apprentissage est efficace et attrayante. Ce cours est votre premi\u00e8re \u00e9tape vers la ma\u00eetrise de l&#8217;art de la voile, vous donnant la confiance et les comp\u00e9tences n\u00e9cessaires pour louer un yacht en toute s\u00e9curit\u00e9.<\/p>\n","protected":false},"excerpt":{"rendered":"<p>\u00c9tudiez la th\u00e9orie pour le skipper de jour RYA dans le confort et la commodit\u00e9 de votre domicile, avec des instructeurs experts \u00e0 port\u00e9e de clic.<\/p>\n","protected":false},"featured_media":4120,"comment_status":"closed","ping_status":"closed","template":"","meta":{"_acf_changed":false,"content-type":""},"product_brand":[],"product_cat":[273,270],"product_tag":[],"class_list":{"0":"post-5063","1":"product","2":"type-product","3":"status-publish","4":"has-post-thumbnail","6":"product_cat-cours-de-voile-rya","7":"product_cat-apprendre-naviguer","9":"first","10":"outofstock","11":"shipping-taxable","12":"purchasable","13":"product-type-variable"},"acf":[],"yoast_head":"<!-- This site is optimized with the Yoast SEO Premium plugin v27.3 (Yoast SEO v27.5) - https:\/\/yoast.com\/product\/yoast-seo-premium-wordpress\/ -->\n<title>RYA Day Skipper Theory (cours en ligne)<\/title>\n<meta name=\"description\" content=\"\u00c9tudiez la th\u00e9orie du skipper de jour RYA dans le confort et la commodit\u00e9 de votre domicile, avec des instructeurs experts \u00e0 port\u00e9e de clic.\" \/>\n<meta name=\"robots\" content=\"index, follow, max-snippet:-1, max-image-preview:large, max-video-preview:-1\" \/>\n<link rel=\"canonical\" href=\"https:\/\/www.rubicon3adventure.com\/fr\/produit\/rya-cours-de-theorie-du-skipper-en-jour-en-ligne\/\" \/>\n<meta property=\"og:locale\" content=\"fr_FR\" \/>\n<meta property=\"og:type\" content=\"article\" \/>\n<meta property=\"og:title\" content=\"RYA Day Skipper Theory (cours en ligne)\" \/>\n<meta property=\"og:description\" content=\"\u00c9tudiez la th\u00e9orie du skipper de jour RYA dans le confort et la commodit\u00e9 de votre domicile, avec des instructeurs experts \u00e0 port\u00e9e de clic.\" \/>\n<meta property=\"og:url\" content=\"https:\/\/www.rubicon3adventure.com\/fr\/produit\/rya-cours-de-theorie-du-skipper-en-jour-en-ligne\/\" \/>\n<meta property=\"og:site_name\" content=\"Rubicon 3 Adventure\" \/>\n<meta property=\"article:publisher\" content=\"https:\/\/www.facebook.com\/rubicon3sailing\" \/>\n<meta property=\"og:image\" content=\"https:\/\/www.rubicon3adventure.com\/wp-content\/uploads\/2024\/03\/lady-studying-at-laptop-640.webp\" \/>\n\t<meta property=\"og:image:width\" content=\"640\" \/>\n\t<meta property=\"og:image:height\" content=\"344\" \/>\n\t<meta property=\"og:image:type\" content=\"image\/webp\" \/>\n<meta name=\"twitter:card\" content=\"summary_large_image\" \/>\n<meta name=\"twitter:site\" content=\"@rubicon3sailing\" \/>\n<meta name=\"twitter:label1\" content=\"Dur\u00e9e de lecture estim\u00e9e\" \/>\n\t<meta name=\"twitter:data1\" content=\"1 minute\" \/>\n<script type=\"application\/ld+json\" class=\"yoast-schema-graph\">{\"@context\":\"https:\\\/\\\/schema.org\",\"@graph\":[{\"@type\":\"WebPage\",\"@id\":\"https:\\\/\\\/www.rubicon3adventure.com\\\/fr\\\/produit\\\/rya-cours-de-theorie-du-skipper-en-jour-en-ligne\\\/\",\"url\":\"https:\\\/\\\/www.rubicon3adventure.com\\\/fr\\\/produit\\\/rya-cours-de-theorie-du-skipper-en-jour-en-ligne\\\/\",\"name\":\"RYA Day Skipper Theory (cours en ligne)\",\"isPartOf\":{\"@id\":\"https:\\\/\\\/www.rubicon3adventure.com\\\/fr\\\/#website\"},\"primaryImageOfPage\":{\"@id\":\"https:\\\/\\\/www.rubicon3adventure.com\\\/fr\\\/produit\\\/rya-cours-de-theorie-du-skipper-en-jour-en-ligne\\\/#primaryimage\"},\"image\":{\"@id\":\"https:\\\/\\\/www.rubicon3adventure.com\\\/fr\\\/produit\\\/rya-cours-de-theorie-du-skipper-en-jour-en-ligne\\\/#primaryimage\"},\"thumbnailUrl\":\"https:\\\/\\\/www.rubicon3adventure.com\\\/wp-content\\\/uploads\\\/2024\\\/03\\\/lady-studying-at-laptop-640.webp\",\"datePublished\":\"2024-03-14T16:33:13+00:00\",\"description\":\"\u00c9tudiez la th\u00e9orie du skipper de jour RYA dans le confort et la commodit\u00e9 de votre domicile, avec des instructeurs experts \u00e0 port\u00e9e de clic.\",\"breadcrumb\":{\"@id\":\"https:\\\/\\\/www.rubicon3adventure.com\\\/fr\\\/produit\\\/rya-cours-de-theorie-du-skipper-en-jour-en-ligne\\\/#breadcrumb\"},\"inLanguage\":\"fr-FR\",\"potentialAction\":[{\"@type\":\"ReadAction\",\"target\":[\"https:\\\/\\\/www.rubicon3adventure.com\\\/fr\\\/produit\\\/rya-cours-de-theorie-du-skipper-en-jour-en-ligne\\\/\"]}]},{\"@type\":\"ImageObject\",\"inLanguage\":\"fr-FR\",\"@id\":\"https:\\\/\\\/www.rubicon3adventure.com\\\/fr\\\/produit\\\/rya-cours-de-theorie-du-skipper-en-jour-en-ligne\\\/#primaryimage\",\"url\":\"https:\\\/\\\/www.rubicon3adventure.com\\\/wp-content\\\/uploads\\\/2024\\\/03\\\/lady-studying-at-laptop-640.webp\",\"contentUrl\":\"https:\\\/\\\/www.rubicon3adventure.com\\\/wp-content\\\/uploads\\\/2024\\\/03\\\/lady-studying-at-laptop-640.webp\",\"width\":640,\"height\":344,\"caption\":\"RYA Day SKipper Theory Online\"},{\"@type\":\"BreadcrumbList\",\"@id\":\"https:\\\/\\\/www.rubicon3adventure.com\\\/fr\\\/produit\\\/rya-cours-de-theorie-du-skipper-en-jour-en-ligne\\\/#breadcrumb\",\"itemListElement\":[{\"@type\":\"ListItem\",\"position\":1,\"name\":\"Boutique\",\"item\":\"https:\\\/\\\/www.rubicon3adventure.com\\\/fr\\\/boutique\\\/\"},{\"@type\":\"ListItem\",\"position\":2,\"name\":\"RYA Day Skipper Theory (cours en ligne)\"}]},{\"@type\":\"WebSite\",\"@id\":\"https:\\\/\\\/www.rubicon3adventure.com\\\/fr\\\/#website\",\"url\":\"https:\\\/\\\/www.rubicon3adventure.com\\\/fr\\\/\",\"name\":\"Rubicon 3 Adventure\",\"description\":\"\",\"publisher\":{\"@id\":\"https:\\\/\\\/www.rubicon3adventure.com\\\/fr\\\/#organization\"},\"potentialAction\":[{\"@type\":\"SearchAction\",\"target\":{\"@type\":\"EntryPoint\",\"urlTemplate\":\"https:\\\/\\\/www.rubicon3adventure.com\\\/fr\\\/?s={search_term_string}\"},\"query-input\":{\"@type\":\"PropertyValueSpecification\",\"valueRequired\":true,\"valueName\":\"search_term_string\"}}],\"inLanguage\":\"fr-FR\"},{\"@type\":\"Organization\",\"@id\":\"https:\\\/\\\/www.rubicon3adventure.com\\\/fr\\\/#organization\",\"name\":\"Rubicon 3 Adventures\",\"alternateName\":\"Blueco Holdings Ltd\",\"url\":\"https:\\\/\\\/www.rubicon3adventure.com\\\/fr\\\/\",\"logo\":{\"@type\":\"ImageObject\",\"inLanguage\":\"fr-FR\",\"@id\":\"https:\\\/\\\/www.rubicon3adventure.com\\\/fr\\\/#\\\/schema\\\/logo\\\/image\\\/\",\"url\":\"https:\\\/\\\/www.rubicon3adventure.com\\\/wp-content\\\/uploads\\\/2024\\\/03\\\/Rubicon_Schema-Image-scaled.jpg\",\"contentUrl\":\"https:\\\/\\\/www.rubicon3adventure.com\\\/wp-content\\\/uploads\\\/2024\\\/03\\\/Rubicon_Schema-Image-scaled.jpg\",\"width\":2560,\"height\":1554,\"caption\":\"Rubicon 3 Adventures\"},\"image\":{\"@id\":\"https:\\\/\\\/www.rubicon3adventure.com\\\/fr\\\/#\\\/schema\\\/logo\\\/image\\\/\"},\"sameAs\":[\"https:\\\/\\\/www.facebook.com\\\/rubicon3sailing\",\"https:\\\/\\\/x.com\\\/rubicon3sailing\",\"https:\\\/\\\/www.instagram.com\\\/rubicon_3_sailing\\\/\",\"https:\\\/\\\/www.pinterest.co.uk\\\/rubicon3sailing\\\/\",\"https:\\\/\\\/www.youtube.com\\\/channel\\\/UCUVTAy1Qm4lz0uZI_83Um8A\",\"https:\\\/\\\/www.linkedin.com\\\/company\\\/rubicon-3\\\/\"]}]}<\/script>\n<!-- \/ Yoast SEO Premium plugin. -->","yoast_head_json":{"title":"RYA Day Skipper Theory (cours en ligne)","description":"\u00c9tudiez la th\u00e9orie du skipper de jour RYA dans le confort et la commodit\u00e9 de votre domicile, avec des instructeurs experts \u00e0 port\u00e9e de clic.","robots":{"index":"index","follow":"follow","max-snippet":"max-snippet:-1","max-image-preview":"max-image-preview:large","max-video-preview":"max-video-preview:-1"},"canonical":"https:\/\/www.rubicon3adventure.com\/fr\/produit\/rya-cours-de-theorie-du-skipper-en-jour-en-ligne\/","og_locale":"fr_FR","og_type":"article","og_title":"RYA Day Skipper Theory (cours en ligne)","og_description":"\u00c9tudiez la th\u00e9orie du skipper de jour RYA dans le confort et la commodit\u00e9 de votre domicile, avec des instructeurs experts \u00e0 port\u00e9e de clic.","og_url":"https:\/\/www.rubicon3adventure.com\/fr\/produit\/rya-cours-de-theorie-du-skipper-en-jour-en-ligne\/","og_site_name":"Rubicon 3 Adventure","article_publisher":"https:\/\/www.facebook.com\/rubicon3sailing","og_image":[{"width":640,"height":344,"url":"https:\/\/www.rubicon3adventure.com\/wp-content\/uploads\/2024\/03\/lady-studying-at-laptop-640.webp","type":"image\/webp"}],"twitter_card":"summary_large_image","twitter_site":"@rubicon3sailing","twitter_misc":{"Dur\u00e9e de lecture estim\u00e9e":"1 minute"},"schema":{"@context":"https:\/\/schema.org","@graph":[{"@type":"WebPage","@id":"https:\/\/www.rubicon3adventure.com\/fr\/produit\/rya-cours-de-theorie-du-skipper-en-jour-en-ligne\/","url":"https:\/\/www.rubicon3adventure.com\/fr\/produit\/rya-cours-de-theorie-du-skipper-en-jour-en-ligne\/","name":"RYA Day Skipper Theory (cours en ligne)","isPartOf":{"@id":"https:\/\/www.rubicon3adventure.com\/fr\/#website"},"primaryImageOfPage":{"@id":"https:\/\/www.rubicon3adventure.com\/fr\/produit\/rya-cours-de-theorie-du-skipper-en-jour-en-ligne\/#primaryimage"},"image":{"@id":"https:\/\/www.rubicon3adventure.com\/fr\/produit\/rya-cours-de-theorie-du-skipper-en-jour-en-ligne\/#primaryimage"},"thumbnailUrl":"https:\/\/www.rubicon3adventure.com\/wp-content\/uploads\/2024\/03\/lady-studying-at-laptop-640.webp","datePublished":"2024-03-14T16:33:13+00:00","description":"\u00c9tudiez la th\u00e9orie du skipper de jour RYA dans le confort et la commodit\u00e9 de votre domicile, avec des instructeurs experts \u00e0 port\u00e9e de clic.","breadcrumb":{"@id":"https:\/\/www.rubicon3adventure.com\/fr\/produit\/rya-cours-de-theorie-du-skipper-en-jour-en-ligne\/#breadcrumb"},"inLanguage":"fr-FR","potentialAction":[{"@type":"ReadAction","target":["https:\/\/www.rubicon3adventure.com\/fr\/produit\/rya-cours-de-theorie-du-skipper-en-jour-en-ligne\/"]}]},{"@type":"ImageObject","inLanguage":"fr-FR","@id":"https:\/\/www.rubicon3adventure.com\/fr\/produit\/rya-cours-de-theorie-du-skipper-en-jour-en-ligne\/#primaryimage","url":"https:\/\/www.rubicon3adventure.com\/wp-content\/uploads\/2024\/03\/lady-studying-at-laptop-640.webp","contentUrl":"https:\/\/www.rubicon3adventure.com\/wp-content\/uploads\/2024\/03\/lady-studying-at-laptop-640.webp","width":640,"height":344,"caption":"RYA Day SKipper Theory Online"},{"@type":"BreadcrumbList","@id":"https:\/\/www.rubicon3adventure.com\/fr\/produit\/rya-cours-de-theorie-du-skipper-en-jour-en-ligne\/#breadcrumb","itemListElement":[{"@type":"ListItem","position":1,"name":"Boutique","item":"https:\/\/www.rubicon3adventure.com\/fr\/boutique\/"},{"@type":"ListItem","position":2,"name":"RYA Day Skipper Theory (cours en ligne)"}]},{"@type":"WebSite","@id":"https:\/\/www.rubicon3adventure.com\/fr\/#website","url":"https:\/\/www.rubicon3adventure.com\/fr\/","name":"Rubicon 3 Adventure","description":"","publisher":{"@id":"https:\/\/www.rubicon3adventure.com\/fr\/#organization"},"potentialAction":[{"@type":"SearchAction","target":{"@type":"EntryPoint","urlTemplate":"https:\/\/www.rubicon3adventure.com\/fr\/?s={search_term_string}"},"query-input":{"@type":"PropertyValueSpecification","valueRequired":true,"valueName":"search_term_string"}}],"inLanguage":"fr-FR"},{"@type":"Organization","@id":"https:\/\/www.rubicon3adventure.com\/fr\/#organization","name":"Rubicon 3 Adventures","alternateName":"Blueco Holdings Ltd","url":"https:\/\/www.rubicon3adventure.com\/fr\/","logo":{"@type":"ImageObject","inLanguage":"fr-FR","@id":"https:\/\/www.rubicon3adventure.com\/fr\/#\/schema\/logo\/image\/","url":"https:\/\/www.rubicon3adventure.com\/wp-content\/uploads\/2024\/03\/Rubicon_Schema-Image-scaled.jpg","contentUrl":"https:\/\/www.rubicon3adventure.com\/wp-content\/uploads\/2024\/03\/Rubicon_Schema-Image-scaled.jpg","width":2560,"height":1554,"caption":"Rubicon 3 Adventures"},"image":{"@id":"https:\/\/www.rubicon3adventure.com\/fr\/#\/schema\/logo\/image\/"},"sameAs":["https:\/\/www.facebook.com\/rubicon3sailing","https:\/\/x.com\/rubicon3sailing","https:\/\/www.instagram.com\/rubicon_3_sailing\/","https:\/\/www.pinterest.co.uk\/rubicon3sailing\/","https:\/\/www.youtube.com\/channel\/UCUVTAy1Qm4lz0uZI_83Um8A","https:\/\/www.linkedin.com\/company\/rubicon-3\/"]}]}},"_links":{"self":[{"href":"https:\/\/www.rubicon3adventure.com\/fr\/wp-json\/wp\/v2\/product\/5063","targetHints":{"allow":["GET"]}}],"collection":[{"href":"https:\/\/www.rubicon3adventure.com\/fr\/wp-json\/wp\/v2\/product"}],"about":[{"href":"https:\/\/www.rubicon3adventure.com\/fr\/wp-json\/wp\/v2\/types\/product"}],"replies":[{"embeddable":true,"href":"https:\/\/www.rubicon3adventure.com\/fr\/wp-json\/wp\/v2\/comments?post=5063"}],"wp:featuredmedia":[{"embeddable":true,"href":"https:\/\/www.rubicon3adventure.com\/fr\/wp-json\/wp\/v2\/media\/4120"}],"wp:attachment":[{"href":"https:\/\/www.rubicon3adventure.com\/fr\/wp-json\/wp\/v2\/media?parent=5063"}],"wp:term":[{"taxonomy":"product_brand","embeddable":true,"href":"https:\/\/www.rubicon3adventure.com\/fr\/wp-json\/wp\/v2\/product_brand?post=5063"},{"taxonomy":"product_cat","embeddable":true,"href":"https:\/\/www.rubicon3adventure.com\/fr\/wp-json\/wp\/v2\/product_cat?post=5063"},{"taxonomy":"product_tag","embeddable":true,"href":"https:\/\/www.rubicon3adventure.com\/fr\/wp-json\/wp\/v2\/product_tag?post=5063"}],"curies":[{"name":"wp","href":"https:\/\/api.w.org\/{rel}","templated":true}]}}