{"id":5145,"date":"2024-02-05T11:46:46","date_gmt":"2024-02-05T11:46:46","guid":{"rendered":"https:\/\/www.rubicon3adventure.com\/product\/voyage-des-vikings-islande-iles-feroe-et-ecosse\/"},"modified":"2024-02-05T11:46:46","modified_gmt":"2024-02-05T11:46:46","slug":"voyage-des-vikings-islande-iles-feroe-et-ecosse","status":"publish","type":"product","link":"https:\/\/www.rubicon3adventure.com\/fr\/produit\/voyage-des-vikings-islande-iles-feroe-et-ecosse\/","title":{"rendered":"Voyage des Vikings : Islande, \u00eeles F\u00e9ro\u00e9 et \u00c9cosse"},"content":{"rendered":"<p><span data-preserver-spaces=\"true\">Embarquez pour une aventure passionnante \u00e0 bord d&#8217;un voilier qui traverse l&#8217;Atlantique Nord entre les paysages volcaniques et sauvages de l&#8217;Islande et les collines brumeuses de l&#8217;\u00c9cosse, avec une escale magique dans les \u00eeles F\u00e9ro\u00e9. Ce voyage, un m\u00e9lange de navigation c\u00f4ti\u00e8re et hauturi\u00e8re et d&#8217;exploration \u00e0 terre, associe les anciennes routes vikings et l&#8217;exploration moderne. D\u00e9couvrez les montagnes et les fjords impressionnants de l&#8217;Islande, ainsi que les \u00eeles F\u00e9ro\u00e9, o\u00f9 les traditions nordiques et celtiques se retrouvent dans les falaises spectaculaires et les maisons traditionnelles aux toits de chaume. Et puis il y a l&#8217;\u00c9cosse, le pays des tartans et des cornemuses. Son histoire riche, ses lochs majestueux et ses ch\u00e2teaux historiques vous attendent. Trois lieux tr\u00e8s particuliers. Une navigation de qualit\u00e9. Une grande aventure !<\/span><\/p>\n<h5><span data-preserver-spaces=\"true\">Pr\u00eat pour l&#8217;aventure d&#8217;une vie avec les experts de la navigation hauturi\u00e8re ?<\/span><\/h5>\n<p><span data-preserver-spaces=\"true\">Rubicon 3 est r\u00e9put\u00e9 pour \u00eatre l&#8217;expert de la navigation hauturi\u00e8re, reconnu dans le monde de la voile pour sa grande exp\u00e9rience, sa formation compl\u00e8te et son d\u00e9vouement \u00e0 l&#8217;aventure et \u00e0 la d\u00e9couverte. Notre \u00e9quipe d&#8217;experts, des marins tr\u00e8s exp\u00e9riment\u00e9s dans le domaine des passages oc\u00e9aniques, de la mer du Nord et de l&#8217;Arctique, propose des cours pratiques sur tous les aspects de la navigation hauturi\u00e8re, \u00e0 l&#8217;intention des d\u00e9butants et des marins plus exp\u00e9riment\u00e9s.<\/span><\/p>\n<p><span data-preserver-spaces=\"true\">Nous nous distinguons par notre s\u00e9lection de listes de choses \u00e0 faire et d&#8217;itin\u00e9raires moins fr\u00e9quent\u00e9s, ce qui vous garantit une navigation hauturi\u00e8re \u00e0 la fois exaltante et riche en d\u00e9couvertes. Notre philosophie est un engagement in\u00e9branlable en faveur de la s\u00e9curit\u00e9 et de la durabilit\u00e9 environnementale, garantissant que chaque voyage respecte les marins et la mer. En outre, nous nous concentrons sur l&#8217;acquisition de comp\u00e9tences individuelles comme dans une \u00e9cole de voile, afin que chacun soit pleinement impliqu\u00e9 dans tous les aspects de la travers\u00e9e. Cette approche holistique a permis \u00e0 Rubicon 3 de se forger une r\u00e9putation d&#8217;expert pour tous ceux qui recherchent le plus haut niveau de navigation hauturi\u00e8re.<\/span><\/p>\n<h5><span data-preserver-spaces=\"true\">Vous souhaitez vous inscrire ?<\/span><\/h5>\n<p><span data-preserver-spaces=\"true\">Cliquez sur le bouton Dates et prix pour conna\u00eetre les dates de ce voyage. Il vous fournira \u00e9galement des informations sur les correspondances, notamment sur le lieu de l&#8217;avion et sur le lieu et la date de l&#8217;embarquement. Veuillez noter qu&#8217;il ne s&#8217;agit pas d&#8217;un passage qualifiant pour le RYA Yachtmaster Ocean.  <\/span><a class=\"editor-rtfLink\" href=\"https:\/\/www.rubicon3adventure.com\/articles\/seamanship-sailing-skills\/yachtmaster-ocean-qualifying-passage\/\" target=\"_blank\" rel=\"noopener\"><br \/>\n  <span data-preserver-spaces=\"true\">Vous pouvez trouver nos passages de qualification ici<\/span><br \/>\n<\/a><span data-preserver-spaces=\"true\">.<\/span><\/p>\n","protected":false},"excerpt":{"rendered":"<p>Suivez les traces des Vikings lors de cette grande aventure entre la c\u00f4te est sauvage de l&#8217;Islande, les spectaculaires \u00eeles F\u00e9ro\u00e9 et la magnifique c\u00f4te ouest de l&#8217;\u00c9cosse.<\/p>\n","protected":false},"featured_media":8565,"comment_status":"closed","ping_status":"closed","template":"","meta":{"_acf_changed":false,"content-type":""},"product_brand":[],"product_cat":[252,261,234,255],"product_tag":[],"class_list":{"0":"post-5145","1":"product","2":"type-product","3":"status-publish","4":"has-post-thumbnail","6":"product_cat-norvege-islande-et-larctique","7":"product_cat-royaume-uni-irlande","8":"product_cat-vacances-en-voilier-daventure","9":"product_cat-en-haute-mer","10":"trip_region-norvege-islande-et-arctique","11":"trip_type-cotier","12":"trip_type-hauturier","13":"trip_duration-11-16-jours","15":"first","16":"instock","17":"shipping-taxable","18":"purchasable","19":"product-type-variable"},"acf":[],"yoast_head":"<!-- This site is optimized with the Yoast SEO Premium plugin v27.3 (Yoast SEO v27.4) - https:\/\/yoast.com\/product\/yoast-seo-premium-wordpress\/ -->\n<title>Maximum Sailing Adventure : Islande - \u00celes F\u00e9ro\u00e9 - \u00c9cosse.<\/title>\n<meta name=\"description\" content=\"Rejoignez-nous pour 12 jours de navigation aventureuse entre l&#039;Islande, les \u00eeles F\u00e9ro\u00e9 et l&#039;\u00c9cosse. Des paysages magnifiques, de la faune et de la flore et les meilleures conditions de navigation.\" \/>\n<meta name=\"robots\" content=\"index, follow, max-snippet:-1, max-image-preview:large, max-video-preview:-1\" \/>\n<link rel=\"canonical\" href=\"https:\/\/www.rubicon3adventure.com\/fr\/produit\/voyage-des-vikings-islande-iles-feroe-et-ecosse\/\" \/>\n<meta property=\"og:locale\" content=\"fr_FR\" \/>\n<meta property=\"og:type\" content=\"article\" \/>\n<meta property=\"og:title\" content=\"Maximum Sailing Adventure : Islande - \u00celes F\u00e9ro\u00e9 - \u00c9cosse.\" \/>\n<meta property=\"og:description\" content=\"Rejoignez-nous pour 12 jours de navigation aventureuse entre l&#039;Islande, les \u00eeles F\u00e9ro\u00e9 et l&#039;\u00c9cosse. Des paysages magnifiques, de la faune et de la flore et les meilleures conditions de navigation.\" \/>\n<meta property=\"og:url\" content=\"https:\/\/www.rubicon3adventure.com\/fr\/produit\/voyage-des-vikings-islande-iles-feroe-et-ecosse\/\" \/>\n<meta property=\"og:site_name\" content=\"Rubicon 3 Adventure\" \/>\n<meta property=\"article:publisher\" content=\"https:\/\/www.facebook.com\/rubicon3sailing\" \/>\n<meta property=\"og:image\" content=\"https:\/\/www.rubicon3adventure.com\/wp-content\/uploads\/2024\/02\/icelandn-to-faroes.webp\" \/>\n\t<meta property=\"og:image:width\" content=\"2560\" \/>\n\t<meta property=\"og:image:height\" content=\"1439\" \/>\n\t<meta property=\"og:image:type\" content=\"image\/webp\" \/>\n<meta name=\"twitter:card\" content=\"summary_large_image\" \/>\n<meta name=\"twitter:site\" content=\"@rubicon3sailing\" \/>\n<meta name=\"twitter:label1\" content=\"Dur\u00e9e de lecture estim\u00e9e\" \/>\n\t<meta name=\"twitter:data1\" content=\"2 minutes\" \/>\n<script type=\"application\/ld+json\" class=\"yoast-schema-graph\">{\"@context\":\"https:\\\/\\\/schema.org\",\"@graph\":[{\"@type\":\"WebPage\",\"@id\":\"https:\\\/\\\/www.rubicon3adventure.com\\\/fr\\\/produit\\\/voyage-des-vikings-islande-iles-feroe-et-ecosse\\\/\",\"url\":\"https:\\\/\\\/www.rubicon3adventure.com\\\/fr\\\/produit\\\/voyage-des-vikings-islande-iles-feroe-et-ecosse\\\/\",\"name\":\"Maximum Sailing Adventure : Islande - \u00celes F\u00e9ro\u00e9 - \u00c9cosse.\",\"isPartOf\":{\"@id\":\"https:\\\/\\\/www.rubicon3adventure.com\\\/fr\\\/#website\"},\"primaryImageOfPage\":{\"@id\":\"https:\\\/\\\/www.rubicon3adventure.com\\\/fr\\\/produit\\\/voyage-des-vikings-islande-iles-feroe-et-ecosse\\\/#primaryimage\"},\"image\":{\"@id\":\"https:\\\/\\\/www.rubicon3adventure.com\\\/fr\\\/produit\\\/voyage-des-vikings-islande-iles-feroe-et-ecosse\\\/#primaryimage\"},\"thumbnailUrl\":\"https:\\\/\\\/www.rubicon3adventure.com\\\/wp-content\\\/uploads\\\/2024\\\/02\\\/northern-lights-norway-2560.webp\",\"datePublished\":\"2024-02-05T11:46:46+00:00\",\"description\":\"Rejoignez-nous pour 12 jours de navigation aventureuse entre l'Islande, les \u00eeles F\u00e9ro\u00e9 et l'\u00c9cosse. Des paysages magnifiques, de la faune et de la flore et les meilleures conditions de navigation.\",\"breadcrumb\":{\"@id\":\"https:\\\/\\\/www.rubicon3adventure.com\\\/fr\\\/produit\\\/voyage-des-vikings-islande-iles-feroe-et-ecosse\\\/#breadcrumb\"},\"inLanguage\":\"fr-FR\",\"potentialAction\":[{\"@type\":\"ReadAction\",\"target\":[\"https:\\\/\\\/www.rubicon3adventure.com\\\/fr\\\/produit\\\/voyage-des-vikings-islande-iles-feroe-et-ecosse\\\/\"]}]},{\"@type\":\"ImageObject\",\"inLanguage\":\"fr-FR\",\"@id\":\"https:\\\/\\\/www.rubicon3adventure.com\\\/fr\\\/produit\\\/voyage-des-vikings-islande-iles-feroe-et-ecosse\\\/#primaryimage\",\"url\":\"https:\\\/\\\/www.rubicon3adventure.com\\\/wp-content\\\/uploads\\\/2024\\\/02\\\/northern-lights-norway-2560.webp\",\"contentUrl\":\"https:\\\/\\\/www.rubicon3adventure.com\\\/wp-content\\\/uploads\\\/2024\\\/02\\\/northern-lights-norway-2560.webp\",\"width\":2560,\"height\":1500,\"caption\":\"northern lights iceland\"},{\"@type\":\"BreadcrumbList\",\"@id\":\"https:\\\/\\\/www.rubicon3adventure.com\\\/fr\\\/produit\\\/voyage-des-vikings-islande-iles-feroe-et-ecosse\\\/#breadcrumb\",\"itemListElement\":[{\"@type\":\"ListItem\",\"position\":1,\"name\":\"Boutique\",\"item\":\"https:\\\/\\\/www.rubicon3adventure.com\\\/fr\\\/boutique\\\/\"},{\"@type\":\"ListItem\",\"position\":2,\"name\":\"Voyage des Vikings : Islande, \u00eeles F\u00e9ro\u00e9 et \u00c9cosse\"}]},{\"@type\":\"WebSite\",\"@id\":\"https:\\\/\\\/www.rubicon3adventure.com\\\/fr\\\/#website\",\"url\":\"https:\\\/\\\/www.rubicon3adventure.com\\\/fr\\\/\",\"name\":\"Rubicon 3 Adventure\",\"description\":\"\",\"publisher\":{\"@id\":\"https:\\\/\\\/www.rubicon3adventure.com\\\/fr\\\/#organization\"},\"potentialAction\":[{\"@type\":\"SearchAction\",\"target\":{\"@type\":\"EntryPoint\",\"urlTemplate\":\"https:\\\/\\\/www.rubicon3adventure.com\\\/fr\\\/?s={search_term_string}\"},\"query-input\":{\"@type\":\"PropertyValueSpecification\",\"valueRequired\":true,\"valueName\":\"search_term_string\"}}],\"inLanguage\":\"fr-FR\"},{\"@type\":\"Organization\",\"@id\":\"https:\\\/\\\/www.rubicon3adventure.com\\\/fr\\\/#organization\",\"name\":\"Rubicon 3 Adventures\",\"alternateName\":\"Blueco Holdings Ltd\",\"url\":\"https:\\\/\\\/www.rubicon3adventure.com\\\/fr\\\/\",\"logo\":{\"@type\":\"ImageObject\",\"inLanguage\":\"fr-FR\",\"@id\":\"https:\\\/\\\/www.rubicon3adventure.com\\\/fr\\\/#\\\/schema\\\/logo\\\/image\\\/\",\"url\":\"https:\\\/\\\/www.rubicon3adventure.com\\\/wp-content\\\/uploads\\\/2024\\\/03\\\/Rubicon_Schema-Image-scaled.jpg\",\"contentUrl\":\"https:\\\/\\\/www.rubicon3adventure.com\\\/wp-content\\\/uploads\\\/2024\\\/03\\\/Rubicon_Schema-Image-scaled.jpg\",\"width\":2560,\"height\":1554,\"caption\":\"Rubicon 3 Adventures\"},\"image\":{\"@id\":\"https:\\\/\\\/www.rubicon3adventure.com\\\/fr\\\/#\\\/schema\\\/logo\\\/image\\\/\"},\"sameAs\":[\"https:\\\/\\\/www.facebook.com\\\/rubicon3sailing\",\"https:\\\/\\\/x.com\\\/rubicon3sailing\",\"https:\\\/\\\/www.instagram.com\\\/rubicon_3_sailing\\\/\",\"https:\\\/\\\/www.pinterest.co.uk\\\/rubicon3sailing\\\/\",\"https:\\\/\\\/www.youtube.com\\\/channel\\\/UCUVTAy1Qm4lz0uZI_83Um8A\",\"https:\\\/\\\/www.linkedin.com\\\/company\\\/rubicon-3\\\/\"]}]}<\/script>\n<!-- \/ Yoast SEO Premium plugin. -->","yoast_head_json":{"title":"Maximum Sailing Adventure : Islande - \u00celes F\u00e9ro\u00e9 - \u00c9cosse.","description":"Rejoignez-nous pour 12 jours de navigation aventureuse entre l'Islande, les \u00eeles F\u00e9ro\u00e9 et l'\u00c9cosse. Des paysages magnifiques, de la faune et de la flore et les meilleures conditions de navigation.","robots":{"index":"index","follow":"follow","max-snippet":"max-snippet:-1","max-image-preview":"max-image-preview:large","max-video-preview":"max-video-preview:-1"},"canonical":"https:\/\/www.rubicon3adventure.com\/fr\/produit\/voyage-des-vikings-islande-iles-feroe-et-ecosse\/","og_locale":"fr_FR","og_type":"article","og_title":"Maximum Sailing Adventure : Islande - \u00celes F\u00e9ro\u00e9 - \u00c9cosse.","og_description":"Rejoignez-nous pour 12 jours de navigation aventureuse entre l'Islande, les \u00eeles F\u00e9ro\u00e9 et l'\u00c9cosse. Des paysages magnifiques, de la faune et de la flore et les meilleures conditions de navigation.","og_url":"https:\/\/www.rubicon3adventure.com\/fr\/produit\/voyage-des-vikings-islande-iles-feroe-et-ecosse\/","og_site_name":"Rubicon 3 Adventure","article_publisher":"https:\/\/www.facebook.com\/rubicon3sailing","og_image":[{"width":2560,"height":1439,"url":"https:\/\/www.rubicon3adventure.com\/wp-content\/uploads\/2024\/02\/icelandn-to-faroes.webp","type":"image\/webp"}],"twitter_card":"summary_large_image","twitter_site":"@rubicon3sailing","twitter_misc":{"Dur\u00e9e de lecture estim\u00e9e":"2 minutes"},"schema":{"@context":"https:\/\/schema.org","@graph":[{"@type":"WebPage","@id":"https:\/\/www.rubicon3adventure.com\/fr\/produit\/voyage-des-vikings-islande-iles-feroe-et-ecosse\/","url":"https:\/\/www.rubicon3adventure.com\/fr\/produit\/voyage-des-vikings-islande-iles-feroe-et-ecosse\/","name":"Maximum Sailing Adventure : Islande - \u00celes F\u00e9ro\u00e9 - \u00c9cosse.","isPartOf":{"@id":"https:\/\/www.rubicon3adventure.com\/fr\/#website"},"primaryImageOfPage":{"@id":"https:\/\/www.rubicon3adventure.com\/fr\/produit\/voyage-des-vikings-islande-iles-feroe-et-ecosse\/#primaryimage"},"image":{"@id":"https:\/\/www.rubicon3adventure.com\/fr\/produit\/voyage-des-vikings-islande-iles-feroe-et-ecosse\/#primaryimage"},"thumbnailUrl":"https:\/\/www.rubicon3adventure.com\/wp-content\/uploads\/2024\/02\/northern-lights-norway-2560.webp","datePublished":"2024-02-05T11:46:46+00:00","description":"Rejoignez-nous pour 12 jours de navigation aventureuse entre l'Islande, les \u00eeles F\u00e9ro\u00e9 et l'\u00c9cosse. Des paysages magnifiques, de la faune et de la flore et les meilleures conditions de navigation.","breadcrumb":{"@id":"https:\/\/www.rubicon3adventure.com\/fr\/produit\/voyage-des-vikings-islande-iles-feroe-et-ecosse\/#breadcrumb"},"inLanguage":"fr-FR","potentialAction":[{"@type":"ReadAction","target":["https:\/\/www.rubicon3adventure.com\/fr\/produit\/voyage-des-vikings-islande-iles-feroe-et-ecosse\/"]}]},{"@type":"ImageObject","inLanguage":"fr-FR","@id":"https:\/\/www.rubicon3adventure.com\/fr\/produit\/voyage-des-vikings-islande-iles-feroe-et-ecosse\/#primaryimage","url":"https:\/\/www.rubicon3adventure.com\/wp-content\/uploads\/2024\/02\/northern-lights-norway-2560.webp","contentUrl":"https:\/\/www.rubicon3adventure.com\/wp-content\/uploads\/2024\/02\/northern-lights-norway-2560.webp","width":2560,"height":1500,"caption":"northern lights iceland"},{"@type":"BreadcrumbList","@id":"https:\/\/www.rubicon3adventure.com\/fr\/produit\/voyage-des-vikings-islande-iles-feroe-et-ecosse\/#breadcrumb","itemListElement":[{"@type":"ListItem","position":1,"name":"Boutique","item":"https:\/\/www.rubicon3adventure.com\/fr\/boutique\/"},{"@type":"ListItem","position":2,"name":"Voyage des Vikings : Islande, \u00eeles F\u00e9ro\u00e9 et \u00c9cosse"}]},{"@type":"WebSite","@id":"https:\/\/www.rubicon3adventure.com\/fr\/#website","url":"https:\/\/www.rubicon3adventure.com\/fr\/","name":"Rubicon 3 Adventure","description":"","publisher":{"@id":"https:\/\/www.rubicon3adventure.com\/fr\/#organization"},"potentialAction":[{"@type":"SearchAction","target":{"@type":"EntryPoint","urlTemplate":"https:\/\/www.rubicon3adventure.com\/fr\/?s={search_term_string}"},"query-input":{"@type":"PropertyValueSpecification","valueRequired":true,"valueName":"search_term_string"}}],"inLanguage":"fr-FR"},{"@type":"Organization","@id":"https:\/\/www.rubicon3adventure.com\/fr\/#organization","name":"Rubicon 3 Adventures","alternateName":"Blueco Holdings Ltd","url":"https:\/\/www.rubicon3adventure.com\/fr\/","logo":{"@type":"ImageObject","inLanguage":"fr-FR","@id":"https:\/\/www.rubicon3adventure.com\/fr\/#\/schema\/logo\/image\/","url":"https:\/\/www.rubicon3adventure.com\/wp-content\/uploads\/2024\/03\/Rubicon_Schema-Image-scaled.jpg","contentUrl":"https:\/\/www.rubicon3adventure.com\/wp-content\/uploads\/2024\/03\/Rubicon_Schema-Image-scaled.jpg","width":2560,"height":1554,"caption":"Rubicon 3 Adventures"},"image":{"@id":"https:\/\/www.rubicon3adventure.com\/fr\/#\/schema\/logo\/image\/"},"sameAs":["https:\/\/www.facebook.com\/rubicon3sailing","https:\/\/x.com\/rubicon3sailing","https:\/\/www.instagram.com\/rubicon_3_sailing\/","https:\/\/www.pinterest.co.uk\/rubicon3sailing\/","https:\/\/www.youtube.com\/channel\/UCUVTAy1Qm4lz0uZI_83Um8A","https:\/\/www.linkedin.com\/company\/rubicon-3\/"]}]}},"_links":{"self":[{"href":"https:\/\/www.rubicon3adventure.com\/fr\/wp-json\/wp\/v2\/product\/5145","targetHints":{"allow":["GET"]}}],"collection":[{"href":"https:\/\/www.rubicon3adventure.com\/fr\/wp-json\/wp\/v2\/product"}],"about":[{"href":"https:\/\/www.rubicon3adventure.com\/fr\/wp-json\/wp\/v2\/types\/product"}],"replies":[{"embeddable":true,"href":"https:\/\/www.rubicon3adventure.com\/fr\/wp-json\/wp\/v2\/comments?post=5145"}],"wp:featuredmedia":[{"embeddable":true,"href":"https:\/\/www.rubicon3adventure.com\/fr\/wp-json\/wp\/v2\/media\/8565"}],"wp:attachment":[{"href":"https:\/\/www.rubicon3adventure.com\/fr\/wp-json\/wp\/v2\/media?parent=5145"}],"wp:term":[{"taxonomy":"product_brand","embeddable":true,"href":"https:\/\/www.rubicon3adventure.com\/fr\/wp-json\/wp\/v2\/product_brand?post=5145"},{"taxonomy":"product_cat","embeddable":true,"href":"https:\/\/www.rubicon3adventure.com\/fr\/wp-json\/wp\/v2\/product_cat?post=5145"},{"taxonomy":"product_tag","embeddable":true,"href":"https:\/\/www.rubicon3adventure.com\/fr\/wp-json\/wp\/v2\/product_tag?post=5145"}],"curies":[{"name":"wp","href":"https:\/\/api.w.org\/{rel}","templated":true}]}}