{"id":5160,"date":"2024-02-02T13:47:24","date_gmt":"2024-02-02T13:47:24","guid":{"rendered":"https:\/\/www.rubicon3adventure.com\/product\/norvege-lofoten-iles\/"},"modified":"2024-02-02T13:47:24","modified_gmt":"2024-02-02T13:47:24","slug":"norvege-lofoten-iles","status":"publish","type":"product","link":"https:\/\/www.rubicon3adventure.com\/fr\/produit\/norvege-lofoten-iles\/","title":{"rendered":"Paradis arctique : Les \u00eeles Lofoten en Norv\u00e8ge"},"content":{"rendered":"<p><strong><span data-preserver-spaces=\"true\">Nich\u00e9es au nord de la Norv\u00e8ge, les \u00eeles Lofoten sont un archipel \u00e0 couper le souffle qui offre aux marins une exp\u00e9rience unique et inoubliable. Des montagnes imposantes aux eaux pures, cette r\u00e9gion est un havre pour les amoureux de la nature et les amateurs d&#8217;aventure.<\/span><\/strong><\/p>\n<p><span data-preserver-spaces=\"true\">Naviguer \u00e0 travers les \u00eeles est une aventure unique et inoubliable. En naviguant le long de la c\u00f4te accident\u00e9e \u00e0 la lumi\u00e8re du jour, 24 heures sur 24, 7 jours sur 7, en raison de la latitude \u00e9lev\u00e9e, vous serez fascin\u00e9 par les \u00eeles, les montagnes, les fjords et les villages de p\u00eacheurs isol\u00e9s qui s&#8217;offrent \u00e0 vous. Les \u00eeles abritent une culture vibrante fa\u00e7onn\u00e9e par des si\u00e8cles de traditions de p\u00eache, avec de petites maisons rouges qui subsistent depuis des g\u00e9n\u00e9rations. Chaque jour, nous jetons l&#8217;ancre dans un nouvel endroit, et il est possible de faire des promenades et des explorations sans commune mesure avec ce que nous faisons ailleurs, tout en profitant d&#8217;une vue imprenable sur la c\u00f4te environnante. La r\u00e9gion est \u00e9galement riche en faune et en flore, et vous verrez probablement des phoques, des aigles de mer, des macareux et bien d&#8217;autres choses encore. Il s&#8217;agit de notre aventure de voile de 12 jours la plus populaire et elle est absolument indispensable !<\/span><\/p>\n<h5><span data-preserver-spaces=\"true\">Vous \u00eates pr\u00eat \u00e0 faire le voyage de votre vie avec les meilleurs marins d&#8217;aventure d&#8217;Europe ?<\/span><\/h5>\n<p><span data-preserver-spaces=\"true\">Les exp\u00e9ditions Rubicon 3 sont de v\u00e9ritables aventures \u00e0 la voile plut\u00f4t que des vacances de luxe. Selon l&#8217;itin\u00e9raire choisi, vous serez hors des sentiers battus, peut-\u00eatre en pleine mer, et vous naviguerez vers des endroits isol\u00e9s et magnifiques que vous explorerez. Les instructeurs experts de Rubicon 3 vous formeront et veilleront \u00e0 ce que vous participiez pleinement \u00e0 tous les aspects de l&#8217;exp\u00e9rience, y compris la navigation, la barre, le r\u00e9glage des voiles, la cuisine et l&#8217;entretien du voilier. En tant que v\u00e9ritable aventure \u00e0 la voile, elle est bien moins pr\u00e9visible (et bien meilleure !) qu&#8217;une exp\u00e9rience packag\u00e9e, avec des itin\u00e9raires planifi\u00e9s au jour le jour et fa\u00e7onn\u00e9s par les circonstances locales et la m\u00e9t\u00e9o. Pour participer \u00e0 l&#8217;aventure, l&#8217;\u00e9quipage doit avoir la bonne attitude, l&#8217;esprit ouvert et le d\u00e9sir de s&#8217;impliquer pleinement.<\/span><\/p>\n<h5><span data-preserver-spaces=\"true\">Vous souhaitez vous inscrire ?<\/span><\/h5>\n<p><span data-preserver-spaces=\"true\">Cliquez sur le bouton Dates et prix pour conna\u00eetre les dates de ce voyage. Il vous fournira \u00e9galement des informations sur les correspondances, notamment sur le lieu de l&#8217;avion et sur le lieu et la date de l&#8217;embarquement.<\/span><\/p>\n<p>&nbsp;<\/p>\n","protected":false},"excerpt":{"rendered":"<p>Une navigation et une exploration d&#8217;une beaut\u00e9 spectaculaire dans la r\u00e9gion des \u00eeles Lofoten, class\u00e9e au patrimoine mondial de l&#8217;UNESCO, en Norv\u00e8ge. Des montagnes vertigineuses, des criques abrit\u00e9es, une faune abondante &#8211; une aventure magique.<\/p>\n","protected":false},"featured_media":3796,"comment_status":"closed","ping_status":"closed","template":"","meta":{"_acf_changed":false,"content-type":""},"product_brand":[],"product_cat":[240,252,234],"product_tag":[],"class_list":{"0":"post-5160","1":"product","2":"type-product","3":"status-publish","4":"has-post-thumbnail","6":"product_cat-cotier","7":"product_cat-norvege-islande-et-larctique","8":"product_cat-vacances-en-voilier-daventure","9":"trip_region-norvege-islande-et-arctique","10":"trip_type-cotier","11":"trip_duration-11-16-jours","13":"first","14":"instock","15":"shipping-taxable","16":"purchasable","17":"product-type-variable"},"acf":[],"yoast_head":"<!-- This site is optimized with the Yoast SEO Premium plugin v27.3 (Yoast SEO v27.4) - https:\/\/yoast.com\/product\/yoast-seo-premium-wordpress\/ -->\n<title>Adventure Sailing in Norway&#039;s Lofoten Islands | Solo Crew Welcome (en anglais)<\/title>\n<meta name=\"description\" content=\"Participez \u00e0 notre aventure \u00e0 la voile dans les \u00eeles Lofoten en Norv\u00e8ge. Un m\u00e9lange enivrant de navigation, de beaut\u00e9 sauvage, de d\u00e9couvertes magiques \u00e0 terre et de vie sauvage.\" \/>\n<meta name=\"robots\" content=\"index, follow, max-snippet:-1, max-image-preview:large, max-video-preview:-1\" \/>\n<link rel=\"canonical\" href=\"https:\/\/www.rubicon3adventure.com\/fr\/produit\/norvege-lofoten-iles\/\" \/>\n<meta property=\"og:locale\" content=\"fr_FR\" \/>\n<meta property=\"og:type\" content=\"article\" \/>\n<meta property=\"og:title\" content=\"Adventure Sailing in Norway&#039;s Lofoten Islands | Solo Crew Welcome (en anglais)\" \/>\n<meta property=\"og:description\" content=\"Participez \u00e0 notre aventure \u00e0 la voile dans les \u00eeles Lofoten en Norv\u00e8ge. Un m\u00e9lange enivrant de navigation, de beaut\u00e9 sauvage, de d\u00e9couvertes magiques \u00e0 terre et de vie sauvage.\" \/>\n<meta property=\"og:url\" content=\"https:\/\/www.rubicon3adventure.com\/fr\/produit\/norvege-lofoten-iles\/\" \/>\n<meta property=\"og:site_name\" content=\"Rubicon 3 Adventure\" \/>\n<meta property=\"article:publisher\" content=\"https:\/\/www.facebook.com\/rubicon3sailing\" \/>\n<meta property=\"og:image\" content=\"https:\/\/www.rubicon3adventure.com\/wp-content\/uploads\/2024\/02\/Norway-lofotens-2560.webp\" \/>\n\t<meta property=\"og:image:width\" content=\"2560\" \/>\n\t<meta property=\"og:image:height\" content=\"1708\" \/>\n\t<meta property=\"og:image:type\" content=\"image\/webp\" \/>\n<meta name=\"twitter:card\" content=\"summary_large_image\" \/>\n<meta name=\"twitter:site\" content=\"@rubicon3sailing\" \/>\n<meta name=\"twitter:label1\" content=\"Dur\u00e9e de lecture estim\u00e9e\" \/>\n\t<meta name=\"twitter:data1\" content=\"2 minutes\" \/>\n<script type=\"application\/ld+json\" class=\"yoast-schema-graph\">{\"@context\":\"https:\\\/\\\/schema.org\",\"@graph\":[{\"@type\":\"WebPage\",\"@id\":\"https:\\\/\\\/www.rubicon3adventure.com\\\/fr\\\/produit\\\/norvege-lofoten-iles\\\/\",\"url\":\"https:\\\/\\\/www.rubicon3adventure.com\\\/fr\\\/produit\\\/norvege-lofoten-iles\\\/\",\"name\":\"Adventure Sailing in Norway's Lofoten Islands | Solo Crew Welcome (en anglais)\",\"isPartOf\":{\"@id\":\"https:\\\/\\\/www.rubicon3adventure.com\\\/fr\\\/#website\"},\"primaryImageOfPage\":{\"@id\":\"https:\\\/\\\/www.rubicon3adventure.com\\\/fr\\\/produit\\\/norvege-lofoten-iles\\\/#primaryimage\"},\"image\":{\"@id\":\"https:\\\/\\\/www.rubicon3adventure.com\\\/fr\\\/produit\\\/norvege-lofoten-iles\\\/#primaryimage\"},\"thumbnailUrl\":\"https:\\\/\\\/www.rubicon3adventure.com\\\/wp-content\\\/uploads\\\/2024\\\/02\\\/Norway-lofotens-2560.webp\",\"datePublished\":\"2024-02-02T13:47:24+00:00\",\"description\":\"Participez \u00e0 notre aventure \u00e0 la voile dans les \u00eeles Lofoten en Norv\u00e8ge. Un m\u00e9lange enivrant de navigation, de beaut\u00e9 sauvage, de d\u00e9couvertes magiques \u00e0 terre et de vie sauvage.\",\"breadcrumb\":{\"@id\":\"https:\\\/\\\/www.rubicon3adventure.com\\\/fr\\\/produit\\\/norvege-lofoten-iles\\\/#breadcrumb\"},\"inLanguage\":\"fr-FR\",\"potentialAction\":[{\"@type\":\"ReadAction\",\"target\":[\"https:\\\/\\\/www.rubicon3adventure.com\\\/fr\\\/produit\\\/norvege-lofoten-iles\\\/\"]}]},{\"@type\":\"ImageObject\",\"inLanguage\":\"fr-FR\",\"@id\":\"https:\\\/\\\/www.rubicon3adventure.com\\\/fr\\\/produit\\\/norvege-lofoten-iles\\\/#primaryimage\",\"url\":\"https:\\\/\\\/www.rubicon3adventure.com\\\/wp-content\\\/uploads\\\/2024\\\/02\\\/Norway-lofotens-2560.webp\",\"contentUrl\":\"https:\\\/\\\/www.rubicon3adventure.com\\\/wp-content\\\/uploads\\\/2024\\\/02\\\/Norway-lofotens-2560.webp\",\"width\":2560,\"height\":1708,\"caption\":\"lofotens 2560\"},{\"@type\":\"BreadcrumbList\",\"@id\":\"https:\\\/\\\/www.rubicon3adventure.com\\\/fr\\\/produit\\\/norvege-lofoten-iles\\\/#breadcrumb\",\"itemListElement\":[{\"@type\":\"ListItem\",\"position\":1,\"name\":\"Boutique\",\"item\":\"https:\\\/\\\/www.rubicon3adventure.com\\\/fr\\\/boutique\\\/\"},{\"@type\":\"ListItem\",\"position\":2,\"name\":\"Paradis arctique : Les \u00eeles Lofoten en Norv\u00e8ge\"}]},{\"@type\":\"WebSite\",\"@id\":\"https:\\\/\\\/www.rubicon3adventure.com\\\/fr\\\/#website\",\"url\":\"https:\\\/\\\/www.rubicon3adventure.com\\\/fr\\\/\",\"name\":\"Rubicon 3 Adventure\",\"description\":\"\",\"publisher\":{\"@id\":\"https:\\\/\\\/www.rubicon3adventure.com\\\/fr\\\/#organization\"},\"potentialAction\":[{\"@type\":\"SearchAction\",\"target\":{\"@type\":\"EntryPoint\",\"urlTemplate\":\"https:\\\/\\\/www.rubicon3adventure.com\\\/fr\\\/?s={search_term_string}\"},\"query-input\":{\"@type\":\"PropertyValueSpecification\",\"valueRequired\":true,\"valueName\":\"search_term_string\"}}],\"inLanguage\":\"fr-FR\"},{\"@type\":\"Organization\",\"@id\":\"https:\\\/\\\/www.rubicon3adventure.com\\\/fr\\\/#organization\",\"name\":\"Rubicon 3 Adventures\",\"alternateName\":\"Blueco Holdings Ltd\",\"url\":\"https:\\\/\\\/www.rubicon3adventure.com\\\/fr\\\/\",\"logo\":{\"@type\":\"ImageObject\",\"inLanguage\":\"fr-FR\",\"@id\":\"https:\\\/\\\/www.rubicon3adventure.com\\\/fr\\\/#\\\/schema\\\/logo\\\/image\\\/\",\"url\":\"https:\\\/\\\/www.rubicon3adventure.com\\\/wp-content\\\/uploads\\\/2024\\\/03\\\/Rubicon_Schema-Image-scaled.jpg\",\"contentUrl\":\"https:\\\/\\\/www.rubicon3adventure.com\\\/wp-content\\\/uploads\\\/2024\\\/03\\\/Rubicon_Schema-Image-scaled.jpg\",\"width\":2560,\"height\":1554,\"caption\":\"Rubicon 3 Adventures\"},\"image\":{\"@id\":\"https:\\\/\\\/www.rubicon3adventure.com\\\/fr\\\/#\\\/schema\\\/logo\\\/image\\\/\"},\"sameAs\":[\"https:\\\/\\\/www.facebook.com\\\/rubicon3sailing\",\"https:\\\/\\\/x.com\\\/rubicon3sailing\",\"https:\\\/\\\/www.instagram.com\\\/rubicon_3_sailing\\\/\",\"https:\\\/\\\/www.pinterest.co.uk\\\/rubicon3sailing\\\/\",\"https:\\\/\\\/www.youtube.com\\\/channel\\\/UCUVTAy1Qm4lz0uZI_83Um8A\",\"https:\\\/\\\/www.linkedin.com\\\/company\\\/rubicon-3\\\/\"]}]}<\/script>\n<!-- \/ Yoast SEO Premium plugin. -->","yoast_head_json":{"title":"Adventure Sailing in Norway's Lofoten Islands | Solo Crew Welcome (en anglais)","description":"Participez \u00e0 notre aventure \u00e0 la voile dans les \u00eeles Lofoten en Norv\u00e8ge. Un m\u00e9lange enivrant de navigation, de beaut\u00e9 sauvage, de d\u00e9couvertes magiques \u00e0 terre et de vie sauvage.","robots":{"index":"index","follow":"follow","max-snippet":"max-snippet:-1","max-image-preview":"max-image-preview:large","max-video-preview":"max-video-preview:-1"},"canonical":"https:\/\/www.rubicon3adventure.com\/fr\/produit\/norvege-lofoten-iles\/","og_locale":"fr_FR","og_type":"article","og_title":"Adventure Sailing in Norway's Lofoten Islands | Solo Crew Welcome (en anglais)","og_description":"Participez \u00e0 notre aventure \u00e0 la voile dans les \u00eeles Lofoten en Norv\u00e8ge. Un m\u00e9lange enivrant de navigation, de beaut\u00e9 sauvage, de d\u00e9couvertes magiques \u00e0 terre et de vie sauvage.","og_url":"https:\/\/www.rubicon3adventure.com\/fr\/produit\/norvege-lofoten-iles\/","og_site_name":"Rubicon 3 Adventure","article_publisher":"https:\/\/www.facebook.com\/rubicon3sailing","og_image":[{"width":2560,"height":1708,"url":"https:\/\/www.rubicon3adventure.com\/wp-content\/uploads\/2024\/02\/Norway-lofotens-2560.webp","type":"image\/webp"}],"twitter_card":"summary_large_image","twitter_site":"@rubicon3sailing","twitter_misc":{"Dur\u00e9e de lecture estim\u00e9e":"2 minutes"},"schema":{"@context":"https:\/\/schema.org","@graph":[{"@type":"WebPage","@id":"https:\/\/www.rubicon3adventure.com\/fr\/produit\/norvege-lofoten-iles\/","url":"https:\/\/www.rubicon3adventure.com\/fr\/produit\/norvege-lofoten-iles\/","name":"Adventure Sailing in Norway's Lofoten Islands | Solo Crew Welcome (en anglais)","isPartOf":{"@id":"https:\/\/www.rubicon3adventure.com\/fr\/#website"},"primaryImageOfPage":{"@id":"https:\/\/www.rubicon3adventure.com\/fr\/produit\/norvege-lofoten-iles\/#primaryimage"},"image":{"@id":"https:\/\/www.rubicon3adventure.com\/fr\/produit\/norvege-lofoten-iles\/#primaryimage"},"thumbnailUrl":"https:\/\/www.rubicon3adventure.com\/wp-content\/uploads\/2024\/02\/Norway-lofotens-2560.webp","datePublished":"2024-02-02T13:47:24+00:00","description":"Participez \u00e0 notre aventure \u00e0 la voile dans les \u00eeles Lofoten en Norv\u00e8ge. Un m\u00e9lange enivrant de navigation, de beaut\u00e9 sauvage, de d\u00e9couvertes magiques \u00e0 terre et de vie sauvage.","breadcrumb":{"@id":"https:\/\/www.rubicon3adventure.com\/fr\/produit\/norvege-lofoten-iles\/#breadcrumb"},"inLanguage":"fr-FR","potentialAction":[{"@type":"ReadAction","target":["https:\/\/www.rubicon3adventure.com\/fr\/produit\/norvege-lofoten-iles\/"]}]},{"@type":"ImageObject","inLanguage":"fr-FR","@id":"https:\/\/www.rubicon3adventure.com\/fr\/produit\/norvege-lofoten-iles\/#primaryimage","url":"https:\/\/www.rubicon3adventure.com\/wp-content\/uploads\/2024\/02\/Norway-lofotens-2560.webp","contentUrl":"https:\/\/www.rubicon3adventure.com\/wp-content\/uploads\/2024\/02\/Norway-lofotens-2560.webp","width":2560,"height":1708,"caption":"lofotens 2560"},{"@type":"BreadcrumbList","@id":"https:\/\/www.rubicon3adventure.com\/fr\/produit\/norvege-lofoten-iles\/#breadcrumb","itemListElement":[{"@type":"ListItem","position":1,"name":"Boutique","item":"https:\/\/www.rubicon3adventure.com\/fr\/boutique\/"},{"@type":"ListItem","position":2,"name":"Paradis arctique : Les \u00eeles Lofoten en Norv\u00e8ge"}]},{"@type":"WebSite","@id":"https:\/\/www.rubicon3adventure.com\/fr\/#website","url":"https:\/\/www.rubicon3adventure.com\/fr\/","name":"Rubicon 3 Adventure","description":"","publisher":{"@id":"https:\/\/www.rubicon3adventure.com\/fr\/#organization"},"potentialAction":[{"@type":"SearchAction","target":{"@type":"EntryPoint","urlTemplate":"https:\/\/www.rubicon3adventure.com\/fr\/?s={search_term_string}"},"query-input":{"@type":"PropertyValueSpecification","valueRequired":true,"valueName":"search_term_string"}}],"inLanguage":"fr-FR"},{"@type":"Organization","@id":"https:\/\/www.rubicon3adventure.com\/fr\/#organization","name":"Rubicon 3 Adventures","alternateName":"Blueco Holdings Ltd","url":"https:\/\/www.rubicon3adventure.com\/fr\/","logo":{"@type":"ImageObject","inLanguage":"fr-FR","@id":"https:\/\/www.rubicon3adventure.com\/fr\/#\/schema\/logo\/image\/","url":"https:\/\/www.rubicon3adventure.com\/wp-content\/uploads\/2024\/03\/Rubicon_Schema-Image-scaled.jpg","contentUrl":"https:\/\/www.rubicon3adventure.com\/wp-content\/uploads\/2024\/03\/Rubicon_Schema-Image-scaled.jpg","width":2560,"height":1554,"caption":"Rubicon 3 Adventures"},"image":{"@id":"https:\/\/www.rubicon3adventure.com\/fr\/#\/schema\/logo\/image\/"},"sameAs":["https:\/\/www.facebook.com\/rubicon3sailing","https:\/\/x.com\/rubicon3sailing","https:\/\/www.instagram.com\/rubicon_3_sailing\/","https:\/\/www.pinterest.co.uk\/rubicon3sailing\/","https:\/\/www.youtube.com\/channel\/UCUVTAy1Qm4lz0uZI_83Um8A","https:\/\/www.linkedin.com\/company\/rubicon-3\/"]}]}},"_links":{"self":[{"href":"https:\/\/www.rubicon3adventure.com\/fr\/wp-json\/wp\/v2\/product\/5160","targetHints":{"allow":["GET"]}}],"collection":[{"href":"https:\/\/www.rubicon3adventure.com\/fr\/wp-json\/wp\/v2\/product"}],"about":[{"href":"https:\/\/www.rubicon3adventure.com\/fr\/wp-json\/wp\/v2\/types\/product"}],"replies":[{"embeddable":true,"href":"https:\/\/www.rubicon3adventure.com\/fr\/wp-json\/wp\/v2\/comments?post=5160"}],"wp:featuredmedia":[{"embeddable":true,"href":"https:\/\/www.rubicon3adventure.com\/fr\/wp-json\/wp\/v2\/media\/3796"}],"wp:attachment":[{"href":"https:\/\/www.rubicon3adventure.com\/fr\/wp-json\/wp\/v2\/media?parent=5160"}],"wp:term":[{"taxonomy":"product_brand","embeddable":true,"href":"https:\/\/www.rubicon3adventure.com\/fr\/wp-json\/wp\/v2\/product_brand?post=5160"},{"taxonomy":"product_cat","embeddable":true,"href":"https:\/\/www.rubicon3adventure.com\/fr\/wp-json\/wp\/v2\/product_cat?post=5160"},{"taxonomy":"product_tag","embeddable":true,"href":"https:\/\/www.rubicon3adventure.com\/fr\/wp-json\/wp\/v2\/product_tag?post=5160"}],"curies":[{"name":"wp","href":"https:\/\/api.w.org\/{rel}","templated":true}]}}