{"id":5166,"date":"2024-02-06T05:56:33","date_gmt":"2024-02-06T05:56:33","guid":{"rendered":"https:\/\/www.rubicon3adventure.com\/product\/norvege-ile\/"},"modified":"2024-02-06T05:56:33","modified_gmt":"2024-02-06T05:56:33","slug":"norvege-ile","status":"publish","type":"product","link":"https:\/\/www.rubicon3adventure.com\/fr\/produit\/norvege-ile\/","title":{"rendered":"Navigateur arctique : Norv\u00e8ge &#8211; Islande"},"content":{"rendered":"<p><span data-preserver-spaces=\"true\">Participez \u00e0 l&#8217;un des voyages les plus embl\u00e9matiques du calendrier de la voile d&#8217;aventure en naviguant entre la Norv\u00e8ge arctique et l&#8217;Islande, en traversant le cercle polaire arctique. La c\u00f4te norv\u00e9gienne est class\u00e9e au patrimoine mondial de l&#8217;UNESCO et constitue l&#8217;un des plus beaux sites de croisi\u00e8re au monde. Nous naviguerons, explorerons et nous entra\u00eenerons ici avant de traverser la formidable mer de Norv\u00e8ge pour un voyage de 650 milles vers l&#8217;ouest. \u00c0 minuit ou presque, nous naviguons dans une lumi\u00e8re du jour presque continue, avec de vastes horizons et des oiseaux de mer et des baleines \u00e0 longue port\u00e9e en guise de compagnie. Si loin au nord, il n&#8217;y a pas de navires commerciaux, sauf peut-\u00eatre un p\u00eacheur plus difficile au large des c\u00f4tes norv\u00e9giennes ou islandaises. Nous traversons le cercle polaire arctique en mer, un moment sp\u00e9cial pour tout marin. Les imposantes montagnes de la c\u00f4te est de l&#8217;Islande, recouvertes de glace, sont un spectacle fantastique et bienvenu apr\u00e8s 4 \u00e0 5 jours de mer, et il y aura quelques croisi\u00e8res et explorations \u00e0 faire pendant le temps restant de notre aventure.<\/span><\/p>\n<p><span data-preserver-spaces=\"true\">Il s&#8217;agit d&#8217;un passage de qualification <\/span><a class=\"editor-rtfLink\" href=\"https:\/\/www.rubicon3adventure.com\/articles\/seamanship-sailing-skills\/yachtmaster-ocean-qualifying-passage\/\" target=\"_blank\" rel=\"noopener\"><br \/>\n  <span data-preserver-spaces=\"true\">passage de qualification RYA Yachtmaster Ocean<\/span><br \/>\n<\/a><span data-preserver-spaces=\"true\"> pour ceux qui s&#8217;engagent comme chef de quart.<\/span><\/p>\n<h5><span data-preserver-spaces=\"true\">Pr\u00eat pour l&#8217;aventure d&#8217;une vie avec les experts de la navigation hauturi\u00e8re ?<\/span><\/h5>\n<p><span data-preserver-spaces=\"true\">Rubicon 3 est r\u00e9put\u00e9 pour \u00eatre l&#8217;expert de la navigation hauturi\u00e8re, reconnu dans le monde de la voile pour sa grande exp\u00e9rience, sa formation compl\u00e8te, son d\u00e9vouement \u00e0 la d\u00e9couverte et ses fantastiques aventures en mer. Notre \u00e9quipe d&#8217;experts, des marins tr\u00e8s exp\u00e9riment\u00e9s dans la travers\u00e9e des oc\u00e9ans, de l&#8217;Arctique, de la mer du Nord et de la mer de Norv\u00e8ge, propose des cours pratiques sur tous les aspects de la navigation hauturi\u00e8re, \u00e0 l&#8217;intention des d\u00e9butants et des marins plus exp\u00e9riment\u00e9s.<\/span><\/p>\n<p><span data-preserver-spaces=\"true\">Nous nous distinguons par notre s\u00e9lection de listes de choses \u00e0 faire et d&#8217;itin\u00e9raires moins fr\u00e9quent\u00e9s, ce qui vous garantit une navigation hauturi\u00e8re \u00e0 la fois exaltante et riche en d\u00e9couvertes. Notre philosophie est un engagement in\u00e9branlable en faveur de la s\u00e9curit\u00e9 et de la durabilit\u00e9 environnementale, garantissant que chaque voyage respecte les marins et la mer. En outre, nous nous concentrons sur l&#8217;acquisition de comp\u00e9tences individuelles comme dans une \u00e9cole de voile, afin que chacun soit pleinement impliqu\u00e9 dans tous les aspects de la travers\u00e9e. Cette approche holistique a permis \u00e0 Rubicon 3 de se forger une r\u00e9putation d&#8217;expert pour tous ceux qui recherchent le plus haut niveau de navigation hauturi\u00e8re.<\/span><\/p>\n<h5><span data-preserver-spaces=\"true\">Vous souhaitez vous inscrire ?<\/span><\/h5>\n<p><span data-preserver-spaces=\"true\">Cliquez sur le bouton Dates et prix pour conna\u00eetre les dates de ce voyage. Il vous fournira \u00e9galement des informations sur les correspondances, notamment sur le lieu de l&#8217;avion et sur le lieu et la date de l&#8217;embarquement.<\/span><\/p>\n","protected":false},"excerpt":{"rendered":"<p>Traversez la mer de Norv\u00e8ge sur 600 milles, de la Norv\u00e8ge arctique \u00e0 l&#8217;Islande. Traversant le cercle polaire arctique, le voyage culmine dans les fjords spectaculaires de l&#8217;est de l&#8217;Islande.<\/p>\n","protected":false},"featured_media":3814,"comment_status":"closed","ping_status":"closed","template":"","meta":{"_acf_changed":false,"content-type":""},"product_brand":[],"product_cat":[252,234,255],"product_tag":[],"class_list":{"0":"post-5166","1":"product","2":"type-product","3":"status-publish","4":"has-post-thumbnail","6":"product_cat-norvege-islande-et-larctique","7":"product_cat-vacances-en-voilier-daventure","8":"product_cat-en-haute-mer","9":"trip_region-europe-et-baltique","10":"trip_region-norvege-islande-et-arctique","11":"trip_type-hauturier","12":"trip_duration-11-16-jours","14":"first","15":"instock","16":"shipping-taxable","17":"purchasable","18":"product-type-variable"},"acf":[],"yoast_head":"<!-- This site is optimized with the Yoast SEO Premium plugin v27.5 (Yoast SEO v27.5) - https:\/\/yoast.com\/product\/yoast-seo-premium-wordpress\/ -->\n<title>Aventure de la voile au large des c\u00f4tes : Norv\u00e8ge arctique<\/title>\n<meta name=\"description\" content=\"Naviguez de la Norv\u00e8ge \u00e0 l&#039;Islande, en traversant le cercle polaire arctique en mer. Des paysages \u00e9poustouflants, un oc\u00e9an sauvage et une grande aventure. Naviguez avec les experts de la navigation hauturi\u00e8re !\" \/>\n<meta name=\"robots\" content=\"index, follow, max-snippet:-1, max-image-preview:large, max-video-preview:-1\" \/>\n<link rel=\"canonical\" href=\"https:\/\/www.rubicon3adventure.com\/fr\/produit\/norvege-ile\/\" \/>\n<meta property=\"og:locale\" content=\"fr_FR\" \/>\n<meta property=\"og:type\" content=\"article\" \/>\n<meta property=\"og:title\" content=\"Aventure de la voile au large des c\u00f4tes : Norv\u00e8ge arctique\" \/>\n<meta property=\"og:description\" content=\"Naviguez de la Norv\u00e8ge \u00e0 l&#039;Islande, en traversant le cercle polaire arctique en mer. Des paysages \u00e9poustouflants, un oc\u00e9an sauvage et une grande aventure. Naviguez avec les experts de la navigation hauturi\u00e8re !\" \/>\n<meta property=\"og:url\" content=\"https:\/\/www.rubicon3adventure.com\/fr\/produit\/norvege-ile\/\" \/>\n<meta property=\"og:site_name\" content=\"Rubicon 3 Adventure\" \/>\n<meta property=\"article:publisher\" content=\"https:\/\/www.facebook.com\/rubicon3sailing\" \/>\n<meta property=\"og:image\" content=\"https:\/\/www.rubicon3adventure.com\/wp-content\/uploads\/2024\/02\/torghatten.webp\" \/>\n\t<meta property=\"og:image:width\" content=\"2560\" \/>\n\t<meta property=\"og:image:height\" content=\"1707\" \/>\n\t<meta property=\"og:image:type\" content=\"image\/webp\" \/>\n<meta name=\"twitter:card\" content=\"summary_large_image\" \/>\n<meta name=\"twitter:site\" content=\"@rubicon3sailing\" \/>\n<meta name=\"twitter:label1\" content=\"Dur\u00e9e de lecture estim\u00e9e\" \/>\n\t<meta name=\"twitter:data1\" content=\"2 minutes\" \/>\n<script type=\"application\/ld+json\" class=\"yoast-schema-graph\">{\"@context\":\"https:\\\/\\\/schema.org\",\"@graph\":[{\"@type\":\"WebPage\",\"@id\":\"https:\\\/\\\/www.rubicon3adventure.com\\\/fr\\\/produit\\\/norvege-ile\\\/\",\"url\":\"https:\\\/\\\/www.rubicon3adventure.com\\\/fr\\\/produit\\\/norvege-ile\\\/\",\"name\":\"Aventure de la voile au large des c\u00f4tes : Norv\u00e8ge arctique\",\"isPartOf\":{\"@id\":\"https:\\\/\\\/www.rubicon3adventure.com\\\/fr\\\/#website\"},\"primaryImageOfPage\":{\"@id\":\"https:\\\/\\\/www.rubicon3adventure.com\\\/fr\\\/produit\\\/norvege-ile\\\/#primaryimage\"},\"image\":{\"@id\":\"https:\\\/\\\/www.rubicon3adventure.com\\\/fr\\\/produit\\\/norvege-ile\\\/#primaryimage\"},\"thumbnailUrl\":\"https:\\\/\\\/www.rubicon3adventure.com\\\/wp-content\\\/uploads\\\/2024\\\/02\\\/torghatten.webp\",\"datePublished\":\"2024-02-06T05:56:33+00:00\",\"description\":\"Naviguez de la Norv\u00e8ge \u00e0 l'Islande, en traversant le cercle polaire arctique en mer. Des paysages \u00e9poustouflants, un oc\u00e9an sauvage et une grande aventure. Naviguez avec les experts de la navigation hauturi\u00e8re !\",\"breadcrumb\":{\"@id\":\"https:\\\/\\\/www.rubicon3adventure.com\\\/fr\\\/produit\\\/norvege-ile\\\/#breadcrumb\"},\"inLanguage\":\"fr-FR\",\"potentialAction\":[{\"@type\":\"ReadAction\",\"target\":[\"https:\\\/\\\/www.rubicon3adventure.com\\\/fr\\\/produit\\\/norvege-ile\\\/\"]}]},{\"@type\":\"ImageObject\",\"inLanguage\":\"fr-FR\",\"@id\":\"https:\\\/\\\/www.rubicon3adventure.com\\\/fr\\\/produit\\\/norvege-ile\\\/#primaryimage\",\"url\":\"https:\\\/\\\/www.rubicon3adventure.com\\\/wp-content\\\/uploads\\\/2024\\\/02\\\/torghatten.webp\",\"contentUrl\":\"https:\\\/\\\/www.rubicon3adventure.com\\\/wp-content\\\/uploads\\\/2024\\\/02\\\/torghatten.webp\",\"width\":2560,\"height\":1707,\"caption\":\"C\u00f4te norv\u00e9gienne\"},{\"@type\":\"BreadcrumbList\",\"@id\":\"https:\\\/\\\/www.rubicon3adventure.com\\\/fr\\\/produit\\\/norvege-ile\\\/#breadcrumb\",\"itemListElement\":[{\"@type\":\"ListItem\",\"position\":1,\"name\":\"Boutique\",\"item\":\"https:\\\/\\\/www.rubicon3adventure.com\\\/fr\\\/boutique\\\/\"},{\"@type\":\"ListItem\",\"position\":2,\"name\":\"Navigateur arctique : Norv\u00e8ge &#8211; Islande\"}]},{\"@type\":\"WebSite\",\"@id\":\"https:\\\/\\\/www.rubicon3adventure.com\\\/fr\\\/#website\",\"url\":\"https:\\\/\\\/www.rubicon3adventure.com\\\/fr\\\/\",\"name\":\"Rubicon 3 Adventure\",\"description\":\"\",\"publisher\":{\"@id\":\"https:\\\/\\\/www.rubicon3adventure.com\\\/fr\\\/#organization\"},\"potentialAction\":[{\"@type\":\"SearchAction\",\"target\":{\"@type\":\"EntryPoint\",\"urlTemplate\":\"https:\\\/\\\/www.rubicon3adventure.com\\\/fr\\\/?s={search_term_string}\"},\"query-input\":{\"@type\":\"PropertyValueSpecification\",\"valueRequired\":true,\"valueName\":\"search_term_string\"}}],\"inLanguage\":\"fr-FR\"},{\"@type\":\"Organization\",\"@id\":\"https:\\\/\\\/www.rubicon3adventure.com\\\/fr\\\/#organization\",\"name\":\"Rubicon 3 Adventures\",\"alternateName\":\"Blueco Holdings Ltd\",\"url\":\"https:\\\/\\\/www.rubicon3adventure.com\\\/fr\\\/\",\"logo\":{\"@type\":\"ImageObject\",\"inLanguage\":\"fr-FR\",\"@id\":\"https:\\\/\\\/www.rubicon3adventure.com\\\/fr\\\/#\\\/schema\\\/logo\\\/image\\\/\",\"url\":\"https:\\\/\\\/www.rubicon3adventure.com\\\/wp-content\\\/uploads\\\/2024\\\/03\\\/Rubicon_Schema-Image-scaled.jpg\",\"contentUrl\":\"https:\\\/\\\/www.rubicon3adventure.com\\\/wp-content\\\/uploads\\\/2024\\\/03\\\/Rubicon_Schema-Image-scaled.jpg\",\"width\":2560,\"height\":1554,\"caption\":\"Rubicon 3 Adventures\"},\"image\":{\"@id\":\"https:\\\/\\\/www.rubicon3adventure.com\\\/fr\\\/#\\\/schema\\\/logo\\\/image\\\/\"},\"sameAs\":[\"https:\\\/\\\/www.facebook.com\\\/rubicon3sailing\",\"https:\\\/\\\/x.com\\\/rubicon3sailing\",\"https:\\\/\\\/www.instagram.com\\\/rubicon_3_sailing\\\/\",\"https:\\\/\\\/www.pinterest.co.uk\\\/rubicon3sailing\\\/\",\"https:\\\/\\\/www.youtube.com\\\/channel\\\/UCUVTAy1Qm4lz0uZI_83Um8A\",\"https:\\\/\\\/www.linkedin.com\\\/company\\\/rubicon-3\\\/\"]}]}<\/script>\n<!-- \/ Yoast SEO Premium plugin. -->","yoast_head_json":{"title":"Aventure de la voile au large des c\u00f4tes : Norv\u00e8ge arctique","description":"Naviguez de la Norv\u00e8ge \u00e0 l'Islande, en traversant le cercle polaire arctique en mer. Des paysages \u00e9poustouflants, un oc\u00e9an sauvage et une grande aventure. Naviguez avec les experts de la navigation hauturi\u00e8re !","robots":{"index":"index","follow":"follow","max-snippet":"max-snippet:-1","max-image-preview":"max-image-preview:large","max-video-preview":"max-video-preview:-1"},"canonical":"https:\/\/www.rubicon3adventure.com\/fr\/produit\/norvege-ile\/","og_locale":"fr_FR","og_type":"article","og_title":"Aventure de la voile au large des c\u00f4tes : Norv\u00e8ge arctique","og_description":"Naviguez de la Norv\u00e8ge \u00e0 l'Islande, en traversant le cercle polaire arctique en mer. Des paysages \u00e9poustouflants, un oc\u00e9an sauvage et une grande aventure. Naviguez avec les experts de la navigation hauturi\u00e8re !","og_url":"https:\/\/www.rubicon3adventure.com\/fr\/produit\/norvege-ile\/","og_site_name":"Rubicon 3 Adventure","article_publisher":"https:\/\/www.facebook.com\/rubicon3sailing","og_image":[{"width":2560,"height":1707,"url":"https:\/\/www.rubicon3adventure.com\/wp-content\/uploads\/2024\/02\/torghatten.webp","type":"image\/webp"}],"twitter_card":"summary_large_image","twitter_site":"@rubicon3sailing","twitter_misc":{"Dur\u00e9e de lecture estim\u00e9e":"2 minutes"},"schema":{"@context":"https:\/\/schema.org","@graph":[{"@type":"WebPage","@id":"https:\/\/www.rubicon3adventure.com\/fr\/produit\/norvege-ile\/","url":"https:\/\/www.rubicon3adventure.com\/fr\/produit\/norvege-ile\/","name":"Aventure de la voile au large des c\u00f4tes : Norv\u00e8ge arctique","isPartOf":{"@id":"https:\/\/www.rubicon3adventure.com\/fr\/#website"},"primaryImageOfPage":{"@id":"https:\/\/www.rubicon3adventure.com\/fr\/produit\/norvege-ile\/#primaryimage"},"image":{"@id":"https:\/\/www.rubicon3adventure.com\/fr\/produit\/norvege-ile\/#primaryimage"},"thumbnailUrl":"https:\/\/www.rubicon3adventure.com\/wp-content\/uploads\/2024\/02\/torghatten.webp","datePublished":"2024-02-06T05:56:33+00:00","description":"Naviguez de la Norv\u00e8ge \u00e0 l'Islande, en traversant le cercle polaire arctique en mer. Des paysages \u00e9poustouflants, un oc\u00e9an sauvage et une grande aventure. Naviguez avec les experts de la navigation hauturi\u00e8re !","breadcrumb":{"@id":"https:\/\/www.rubicon3adventure.com\/fr\/produit\/norvege-ile\/#breadcrumb"},"inLanguage":"fr-FR","potentialAction":[{"@type":"ReadAction","target":["https:\/\/www.rubicon3adventure.com\/fr\/produit\/norvege-ile\/"]}]},{"@type":"ImageObject","inLanguage":"fr-FR","@id":"https:\/\/www.rubicon3adventure.com\/fr\/produit\/norvege-ile\/#primaryimage","url":"https:\/\/www.rubicon3adventure.com\/wp-content\/uploads\/2024\/02\/torghatten.webp","contentUrl":"https:\/\/www.rubicon3adventure.com\/wp-content\/uploads\/2024\/02\/torghatten.webp","width":2560,"height":1707,"caption":"C\u00f4te norv\u00e9gienne"},{"@type":"BreadcrumbList","@id":"https:\/\/www.rubicon3adventure.com\/fr\/produit\/norvege-ile\/#breadcrumb","itemListElement":[{"@type":"ListItem","position":1,"name":"Boutique","item":"https:\/\/www.rubicon3adventure.com\/fr\/boutique\/"},{"@type":"ListItem","position":2,"name":"Navigateur arctique : Norv\u00e8ge &#8211; Islande"}]},{"@type":"WebSite","@id":"https:\/\/www.rubicon3adventure.com\/fr\/#website","url":"https:\/\/www.rubicon3adventure.com\/fr\/","name":"Rubicon 3 Adventure","description":"","publisher":{"@id":"https:\/\/www.rubicon3adventure.com\/fr\/#organization"},"potentialAction":[{"@type":"SearchAction","target":{"@type":"EntryPoint","urlTemplate":"https:\/\/www.rubicon3adventure.com\/fr\/?s={search_term_string}"},"query-input":{"@type":"PropertyValueSpecification","valueRequired":true,"valueName":"search_term_string"}}],"inLanguage":"fr-FR"},{"@type":"Organization","@id":"https:\/\/www.rubicon3adventure.com\/fr\/#organization","name":"Rubicon 3 Adventures","alternateName":"Blueco Holdings Ltd","url":"https:\/\/www.rubicon3adventure.com\/fr\/","logo":{"@type":"ImageObject","inLanguage":"fr-FR","@id":"https:\/\/www.rubicon3adventure.com\/fr\/#\/schema\/logo\/image\/","url":"https:\/\/www.rubicon3adventure.com\/wp-content\/uploads\/2024\/03\/Rubicon_Schema-Image-scaled.jpg","contentUrl":"https:\/\/www.rubicon3adventure.com\/wp-content\/uploads\/2024\/03\/Rubicon_Schema-Image-scaled.jpg","width":2560,"height":1554,"caption":"Rubicon 3 Adventures"},"image":{"@id":"https:\/\/www.rubicon3adventure.com\/fr\/#\/schema\/logo\/image\/"},"sameAs":["https:\/\/www.facebook.com\/rubicon3sailing","https:\/\/x.com\/rubicon3sailing","https:\/\/www.instagram.com\/rubicon_3_sailing\/","https:\/\/www.pinterest.co.uk\/rubicon3sailing\/","https:\/\/www.youtube.com\/channel\/UCUVTAy1Qm4lz0uZI_83Um8A","https:\/\/www.linkedin.com\/company\/rubicon-3\/"]}]}},"_links":{"self":[{"href":"https:\/\/www.rubicon3adventure.com\/fr\/wp-json\/wp\/v2\/product\/5166","targetHints":{"allow":["GET"]}}],"collection":[{"href":"https:\/\/www.rubicon3adventure.com\/fr\/wp-json\/wp\/v2\/product"}],"about":[{"href":"https:\/\/www.rubicon3adventure.com\/fr\/wp-json\/wp\/v2\/types\/product"}],"replies":[{"embeddable":true,"href":"https:\/\/www.rubicon3adventure.com\/fr\/wp-json\/wp\/v2\/comments?post=5166"}],"wp:featuredmedia":[{"embeddable":true,"href":"https:\/\/www.rubicon3adventure.com\/fr\/wp-json\/wp\/v2\/media\/3814"}],"wp:attachment":[{"href":"https:\/\/www.rubicon3adventure.com\/fr\/wp-json\/wp\/v2\/media?parent=5166"}],"wp:term":[{"taxonomy":"product_brand","embeddable":true,"href":"https:\/\/www.rubicon3adventure.com\/fr\/wp-json\/wp\/v2\/product_brand?post=5166"},{"taxonomy":"product_cat","embeddable":true,"href":"https:\/\/www.rubicon3adventure.com\/fr\/wp-json\/wp\/v2\/product_cat?post=5166"},{"taxonomy":"product_tag","embeddable":true,"href":"https:\/\/www.rubicon3adventure.com\/fr\/wp-json\/wp\/v2\/product_tag?post=5166"}],"curies":[{"name":"wp","href":"https:\/\/api.w.org\/{rel}","templated":true}]}}