{"id":5184,"date":"2024-02-06T14:21:40","date_gmt":"2024-02-06T14:21:40","guid":{"rendered":"https:\/\/www.rubicon3adventure.com\/product\/les-iles-sauvages-decosse-orcades-fair-isle-et-shetland\/"},"modified":"2024-07-03T06:20:07","modified_gmt":"2024-07-03T05:20:07","slug":"les-iles-sauvages-decosse-orcades-fair-isle-et-shetland","status":"publish","type":"product","link":"https:\/\/www.rubicon3adventure.com\/fr\/produit\/les-iles-sauvages-decosse-orcades-fair-isle-et-shetland\/","title":{"rendered":"Les \u00eeles sauvages d&#8217;\u00c9cosse : Orcades, Fair Isle et Shetland"},"content":{"rendered":"<p><span data-preserver-spaces=\"true\">L&#8217;aventure \u00e0 la voile dans les \u00eeles sauvages est une navigation captivante \u00e0 travers les archipels les plus isol\u00e9s et les plus beaux d&#8217;\u00c9cosse : les H\u00e9brides, les Orcades, Fair Isle et les Shetland, ces derni\u00e8res \u00eeles \u00e9tant \u00e9galement connues sous le nom d&#8217;\u00eeles du Nord. D\u00e9couvrez le charme brutal de ces \u00eeles sauvages, balay\u00e9es par les vents, depuis le point de vue unique de la mer. Atterrissez pour d\u00e9couvrir les pierres debout mystiques des Orcades, la beaut\u00e9 naturelle in\u00e9gal\u00e9e des H\u00e9brides, la richesse de l&#8217;avifaune de Fair Isle et les paysages aust\u00e8res et spectaculaires des Shetland. Naviguez dans des baies enchanteresses et isol\u00e9es, entour\u00e9es d&#8217;animaux sauvages et de sites historiques. Les \u00eeles sauvages vous donnent l&#8217;occasion de naviguer et d&#8217;explorer ces \u00eeles dans toute leur splendeur magique.<\/span><\/p>\n<h5><span data-preserver-spaces=\"true\">Vous \u00eates pr\u00eat \u00e0 faire le voyage de votre vie avec les meilleurs marins d&#8217;aventure d&#8217;Europe ?<\/span><\/h5>\n<p><span data-preserver-spaces=\"true\">Les exp\u00e9ditions Rubicon 3 sont de v\u00e9ritables aventures \u00e0 la voile. Selon l&#8217;itin\u00e9raire choisi, vous serez hors des sentiers battus, peut-\u00eatre en pleine mer, et vous naviguerez vers des endroits isol\u00e9s et magnifiques que vous explorerez. Les instructeurs experts de Rubicon 3 vous formeront et veilleront \u00e0 ce que vous participiez pleinement \u00e0 tous les aspects de l&#8217;exp\u00e9rience, y compris la navigation, la barre, le r\u00e9glage des voiles, la cuisine et l&#8217;entretien du voilier. En tant que v\u00e9ritable aventure \u00e0 la voile, elle est bien moins pr\u00e9visible (et bien meilleure !) qu&#8217;une exp\u00e9rience packag\u00e9e, avec des itin\u00e9raires planifi\u00e9s au jour le jour et fa\u00e7onn\u00e9s par les circonstances locales et la m\u00e9t\u00e9o. Pour participer \u00e0 l&#8217;aventure, tout ce que nous demandons \u00e0 l&#8217;\u00e9quipage est d&#8217;avoir le go\u00fbt de l&#8217;aventure, l&#8217;esprit ouvert et le d\u00e9sir de s&#8217;impliquer pleinement.<\/span><\/p>\n<h5><span data-preserver-spaces=\"true\">Vous souhaitez vous inscrire ?<\/span><\/h5>\n<p><span data-preserver-spaces=\"true\">Cliquez sur le bouton Dates et prix pour conna\u00eetre les dates de ce voyage. Il vous fournira \u00e9galement des informations sur les correspondances, notamment sur le lieu de l&#8217;avion et sur le lieu et la date de l&#8217;embarquement.<\/span><\/p>\n<p>&nbsp;<\/p>\n","protected":false},"excerpt":{"rendered":"<p>Naviguez et explorez les \u00eeles sauvages d&#8217;\u00c9cosse, notamment les H\u00e9brides ext\u00e9rieures, les Orcades, Fair Isle et les Shetland. Une beaut\u00e9 sauvage et une faune magique.<\/p>\n","protected":false},"featured_media":3834,"comment_status":"closed","ping_status":"closed","template":"","meta":{"_acf_changed":false,"content-type":""},"product_brand":[],"product_cat":[240,261,234],"product_tag":[],"class_list":{"0":"post-5184","1":"product","2":"type-product","3":"status-publish","4":"has-post-thumbnail","6":"product_cat-cotier","7":"product_cat-royaume-uni-irlande","8":"product_cat-vacances-en-voilier-daventure","9":"trip_region-royaume-uni-et-irlande","10":"trip_type-cotier","11":"trip_duration-11-16-jours","13":"first","14":"outofstock","15":"shipping-taxable","16":"product-type-variable"},"acf":[],"yoast_head":"<!-- This site is optimized with the Yoast SEO Premium plugin v27.3 (Yoast SEO v27.4) - https:\/\/yoast.com\/product\/yoast-seo-premium-wordpress\/ -->\n<title>Aventure \u00e0 la voile dans les H\u00e9brides, les Orcades et les Shetland d&#039;\u00c9cosse<\/title>\n<meta name=\"description\" content=\"Naviguez loin des sentiers battus et explorez certaines des \u00eeles et communaut\u00e9s les plus sauvages et les plus belles d&#039;\u00c9cosse.\" \/>\n<meta name=\"robots\" content=\"index, follow, max-snippet:-1, max-image-preview:large, max-video-preview:-1\" \/>\n<link rel=\"canonical\" href=\"https:\/\/www.rubicon3adventure.com\/fr\/produit\/les-iles-sauvages-decosse-orcades-fair-isle-et-shetland\/\" \/>\n<meta property=\"og:locale\" content=\"fr_FR\" \/>\n<meta property=\"og:type\" content=\"article\" \/>\n<meta property=\"og:title\" content=\"Aventure \u00e0 la voile dans les H\u00e9brides, les Orcades et les Shetland d&#039;\u00c9cosse\" \/>\n<meta property=\"og:description\" content=\"Naviguez loin des sentiers battus et explorez certaines des \u00eeles et communaut\u00e9s les plus sauvages et les plus belles d&#039;\u00c9cosse.\" \/>\n<meta property=\"og:url\" content=\"https:\/\/www.rubicon3adventure.com\/fr\/produit\/les-iles-sauvages-decosse-orcades-fair-isle-et-shetland\/\" \/>\n<meta property=\"og:site_name\" content=\"Rubicon 3 Adventure\" \/>\n<meta property=\"article:publisher\" content=\"https:\/\/www.facebook.com\/rubicon3sailing\" \/>\n<meta property=\"article:modified_time\" content=\"2024-07-03T05:20:07+00:00\" \/>\n<meta property=\"og:image\" content=\"https:\/\/www.rubicon3adventure.com\/wp-content\/uploads\/2024\/02\/shetland-2560.webp\" \/>\n\t<meta property=\"og:image:width\" content=\"2560\" \/>\n\t<meta property=\"og:image:height\" content=\"1708\" \/>\n\t<meta property=\"og:image:type\" content=\"image\/webp\" \/>\n<meta name=\"twitter:card\" content=\"summary_large_image\" \/>\n<meta name=\"twitter:site\" content=\"@rubicon3sailing\" \/>\n<meta name=\"twitter:label1\" content=\"Dur\u00e9e de lecture estim\u00e9e\" \/>\n\t<meta name=\"twitter:data1\" content=\"9 minutes\" \/>\n<script type=\"application\/ld+json\" class=\"yoast-schema-graph\">{\"@context\":\"https:\\\/\\\/schema.org\",\"@graph\":[{\"@type\":\"WebPage\",\"@id\":\"https:\\\/\\\/www.rubicon3adventure.com\\\/fr\\\/produit\\\/les-iles-sauvages-decosse-orcades-fair-isle-et-shetland\\\/\",\"url\":\"https:\\\/\\\/www.rubicon3adventure.com\\\/fr\\\/produit\\\/les-iles-sauvages-decosse-orcades-fair-isle-et-shetland\\\/\",\"name\":\"Aventure \u00e0 la voile dans les H\u00e9brides, les Orcades et les Shetland d'\u00c9cosse\",\"isPartOf\":{\"@id\":\"https:\\\/\\\/www.rubicon3adventure.com\\\/fr\\\/#website\"},\"primaryImageOfPage\":{\"@id\":\"https:\\\/\\\/www.rubicon3adventure.com\\\/fr\\\/produit\\\/les-iles-sauvages-decosse-orcades-fair-isle-et-shetland\\\/#primaryimage\"},\"image\":{\"@id\":\"https:\\\/\\\/www.rubicon3adventure.com\\\/fr\\\/produit\\\/les-iles-sauvages-decosse-orcades-fair-isle-et-shetland\\\/#primaryimage\"},\"thumbnailUrl\":\"https:\\\/\\\/www.rubicon3adventure.com\\\/wp-content\\\/uploads\\\/2024\\\/02\\\/shetland-2560.webp\",\"datePublished\":\"2024-02-06T14:21:40+00:00\",\"dateModified\":\"2024-07-03T05:20:07+00:00\",\"description\":\"Naviguez loin des sentiers battus et explorez certaines des \u00eeles et communaut\u00e9s les plus sauvages et les plus belles d'\u00c9cosse.\",\"breadcrumb\":{\"@id\":\"https:\\\/\\\/www.rubicon3adventure.com\\\/fr\\\/produit\\\/les-iles-sauvages-decosse-orcades-fair-isle-et-shetland\\\/#breadcrumb\"},\"inLanguage\":\"fr-FR\",\"potentialAction\":[{\"@type\":\"ReadAction\",\"target\":[\"https:\\\/\\\/www.rubicon3adventure.com\\\/fr\\\/produit\\\/les-iles-sauvages-decosse-orcades-fair-isle-et-shetland\\\/\"]}]},{\"@type\":\"ImageObject\",\"inLanguage\":\"fr-FR\",\"@id\":\"https:\\\/\\\/www.rubicon3adventure.com\\\/fr\\\/produit\\\/les-iles-sauvages-decosse-orcades-fair-isle-et-shetland\\\/#primaryimage\",\"url\":\"https:\\\/\\\/www.rubicon3adventure.com\\\/wp-content\\\/uploads\\\/2024\\\/02\\\/shetland-2560.webp\",\"contentUrl\":\"https:\\\/\\\/www.rubicon3adventure.com\\\/wp-content\\\/uploads\\\/2024\\\/02\\\/shetland-2560.webp\",\"width\":2560,\"height\":1708,\"caption\":\"Falaises des Shetlands\"},{\"@type\":\"BreadcrumbList\",\"@id\":\"https:\\\/\\\/www.rubicon3adventure.com\\\/fr\\\/produit\\\/les-iles-sauvages-decosse-orcades-fair-isle-et-shetland\\\/#breadcrumb\",\"itemListElement\":[{\"@type\":\"ListItem\",\"position\":1,\"name\":\"Boutique\",\"item\":\"https:\\\/\\\/www.rubicon3adventure.com\\\/fr\\\/boutique\\\/\"},{\"@type\":\"ListItem\",\"position\":2,\"name\":\"Les \u00eeles sauvages d&#8217;\u00c9cosse : Orcades, Fair Isle et Shetland\"}]},{\"@type\":\"WebSite\",\"@id\":\"https:\\\/\\\/www.rubicon3adventure.com\\\/fr\\\/#website\",\"url\":\"https:\\\/\\\/www.rubicon3adventure.com\\\/fr\\\/\",\"name\":\"Rubicon 3 Adventure\",\"description\":\"\",\"publisher\":{\"@id\":\"https:\\\/\\\/www.rubicon3adventure.com\\\/fr\\\/#organization\"},\"potentialAction\":[{\"@type\":\"SearchAction\",\"target\":{\"@type\":\"EntryPoint\",\"urlTemplate\":\"https:\\\/\\\/www.rubicon3adventure.com\\\/fr\\\/?s={search_term_string}\"},\"query-input\":{\"@type\":\"PropertyValueSpecification\",\"valueRequired\":true,\"valueName\":\"search_term_string\"}}],\"inLanguage\":\"fr-FR\"},{\"@type\":\"Organization\",\"@id\":\"https:\\\/\\\/www.rubicon3adventure.com\\\/fr\\\/#organization\",\"name\":\"Rubicon 3 Adventures\",\"alternateName\":\"Blueco Holdings Ltd\",\"url\":\"https:\\\/\\\/www.rubicon3adventure.com\\\/fr\\\/\",\"logo\":{\"@type\":\"ImageObject\",\"inLanguage\":\"fr-FR\",\"@id\":\"https:\\\/\\\/www.rubicon3adventure.com\\\/fr\\\/#\\\/schema\\\/logo\\\/image\\\/\",\"url\":\"https:\\\/\\\/www.rubicon3adventure.com\\\/wp-content\\\/uploads\\\/2024\\\/03\\\/Rubicon_Schema-Image-scaled.jpg\",\"contentUrl\":\"https:\\\/\\\/www.rubicon3adventure.com\\\/wp-content\\\/uploads\\\/2024\\\/03\\\/Rubicon_Schema-Image-scaled.jpg\",\"width\":2560,\"height\":1554,\"caption\":\"Rubicon 3 Adventures\"},\"image\":{\"@id\":\"https:\\\/\\\/www.rubicon3adventure.com\\\/fr\\\/#\\\/schema\\\/logo\\\/image\\\/\"},\"sameAs\":[\"https:\\\/\\\/www.facebook.com\\\/rubicon3sailing\",\"https:\\\/\\\/x.com\\\/rubicon3sailing\",\"https:\\\/\\\/www.instagram.com\\\/rubicon_3_sailing\\\/\",\"https:\\\/\\\/www.pinterest.co.uk\\\/rubicon3sailing\\\/\",\"https:\\\/\\\/www.youtube.com\\\/channel\\\/UCUVTAy1Qm4lz0uZI_83Um8A\",\"https:\\\/\\\/www.linkedin.com\\\/company\\\/rubicon-3\\\/\"]}]}<\/script>\n<!-- \/ Yoast SEO Premium plugin. -->","yoast_head_json":{"title":"Aventure \u00e0 la voile dans les H\u00e9brides, les Orcades et les Shetland d'\u00c9cosse","description":"Naviguez loin des sentiers battus et explorez certaines des \u00eeles et communaut\u00e9s les plus sauvages et les plus belles d'\u00c9cosse.","robots":{"index":"index","follow":"follow","max-snippet":"max-snippet:-1","max-image-preview":"max-image-preview:large","max-video-preview":"max-video-preview:-1"},"canonical":"https:\/\/www.rubicon3adventure.com\/fr\/produit\/les-iles-sauvages-decosse-orcades-fair-isle-et-shetland\/","og_locale":"fr_FR","og_type":"article","og_title":"Aventure \u00e0 la voile dans les H\u00e9brides, les Orcades et les Shetland d'\u00c9cosse","og_description":"Naviguez loin des sentiers battus et explorez certaines des \u00eeles et communaut\u00e9s les plus sauvages et les plus belles d'\u00c9cosse.","og_url":"https:\/\/www.rubicon3adventure.com\/fr\/produit\/les-iles-sauvages-decosse-orcades-fair-isle-et-shetland\/","og_site_name":"Rubicon 3 Adventure","article_publisher":"https:\/\/www.facebook.com\/rubicon3sailing","article_modified_time":"2024-07-03T05:20:07+00:00","og_image":[{"width":2560,"height":1708,"url":"https:\/\/www.rubicon3adventure.com\/wp-content\/uploads\/2024\/02\/shetland-2560.webp","type":"image\/webp"}],"twitter_card":"summary_large_image","twitter_site":"@rubicon3sailing","twitter_misc":{"Dur\u00e9e de lecture estim\u00e9e":"9 minutes"},"schema":{"@context":"https:\/\/schema.org","@graph":[{"@type":"WebPage","@id":"https:\/\/www.rubicon3adventure.com\/fr\/produit\/les-iles-sauvages-decosse-orcades-fair-isle-et-shetland\/","url":"https:\/\/www.rubicon3adventure.com\/fr\/produit\/les-iles-sauvages-decosse-orcades-fair-isle-et-shetland\/","name":"Aventure \u00e0 la voile dans les H\u00e9brides, les Orcades et les Shetland d'\u00c9cosse","isPartOf":{"@id":"https:\/\/www.rubicon3adventure.com\/fr\/#website"},"primaryImageOfPage":{"@id":"https:\/\/www.rubicon3adventure.com\/fr\/produit\/les-iles-sauvages-decosse-orcades-fair-isle-et-shetland\/#primaryimage"},"image":{"@id":"https:\/\/www.rubicon3adventure.com\/fr\/produit\/les-iles-sauvages-decosse-orcades-fair-isle-et-shetland\/#primaryimage"},"thumbnailUrl":"https:\/\/www.rubicon3adventure.com\/wp-content\/uploads\/2024\/02\/shetland-2560.webp","datePublished":"2024-02-06T14:21:40+00:00","dateModified":"2024-07-03T05:20:07+00:00","description":"Naviguez loin des sentiers battus et explorez certaines des \u00eeles et communaut\u00e9s les plus sauvages et les plus belles d'\u00c9cosse.","breadcrumb":{"@id":"https:\/\/www.rubicon3adventure.com\/fr\/produit\/les-iles-sauvages-decosse-orcades-fair-isle-et-shetland\/#breadcrumb"},"inLanguage":"fr-FR","potentialAction":[{"@type":"ReadAction","target":["https:\/\/www.rubicon3adventure.com\/fr\/produit\/les-iles-sauvages-decosse-orcades-fair-isle-et-shetland\/"]}]},{"@type":"ImageObject","inLanguage":"fr-FR","@id":"https:\/\/www.rubicon3adventure.com\/fr\/produit\/les-iles-sauvages-decosse-orcades-fair-isle-et-shetland\/#primaryimage","url":"https:\/\/www.rubicon3adventure.com\/wp-content\/uploads\/2024\/02\/shetland-2560.webp","contentUrl":"https:\/\/www.rubicon3adventure.com\/wp-content\/uploads\/2024\/02\/shetland-2560.webp","width":2560,"height":1708,"caption":"Falaises des Shetlands"},{"@type":"BreadcrumbList","@id":"https:\/\/www.rubicon3adventure.com\/fr\/produit\/les-iles-sauvages-decosse-orcades-fair-isle-et-shetland\/#breadcrumb","itemListElement":[{"@type":"ListItem","position":1,"name":"Boutique","item":"https:\/\/www.rubicon3adventure.com\/fr\/boutique\/"},{"@type":"ListItem","position":2,"name":"Les \u00eeles sauvages d&#8217;\u00c9cosse : Orcades, Fair Isle et Shetland"}]},{"@type":"WebSite","@id":"https:\/\/www.rubicon3adventure.com\/fr\/#website","url":"https:\/\/www.rubicon3adventure.com\/fr\/","name":"Rubicon 3 Adventure","description":"","publisher":{"@id":"https:\/\/www.rubicon3adventure.com\/fr\/#organization"},"potentialAction":[{"@type":"SearchAction","target":{"@type":"EntryPoint","urlTemplate":"https:\/\/www.rubicon3adventure.com\/fr\/?s={search_term_string}"},"query-input":{"@type":"PropertyValueSpecification","valueRequired":true,"valueName":"search_term_string"}}],"inLanguage":"fr-FR"},{"@type":"Organization","@id":"https:\/\/www.rubicon3adventure.com\/fr\/#organization","name":"Rubicon 3 Adventures","alternateName":"Blueco Holdings Ltd","url":"https:\/\/www.rubicon3adventure.com\/fr\/","logo":{"@type":"ImageObject","inLanguage":"fr-FR","@id":"https:\/\/www.rubicon3adventure.com\/fr\/#\/schema\/logo\/image\/","url":"https:\/\/www.rubicon3adventure.com\/wp-content\/uploads\/2024\/03\/Rubicon_Schema-Image-scaled.jpg","contentUrl":"https:\/\/www.rubicon3adventure.com\/wp-content\/uploads\/2024\/03\/Rubicon_Schema-Image-scaled.jpg","width":2560,"height":1554,"caption":"Rubicon 3 Adventures"},"image":{"@id":"https:\/\/www.rubicon3adventure.com\/fr\/#\/schema\/logo\/image\/"},"sameAs":["https:\/\/www.facebook.com\/rubicon3sailing","https:\/\/x.com\/rubicon3sailing","https:\/\/www.instagram.com\/rubicon_3_sailing\/","https:\/\/www.pinterest.co.uk\/rubicon3sailing\/","https:\/\/www.youtube.com\/channel\/UCUVTAy1Qm4lz0uZI_83Um8A","https:\/\/www.linkedin.com\/company\/rubicon-3\/"]}]}},"_links":{"self":[{"href":"https:\/\/www.rubicon3adventure.com\/fr\/wp-json\/wp\/v2\/product\/5184","targetHints":{"allow":["GET"]}}],"collection":[{"href":"https:\/\/www.rubicon3adventure.com\/fr\/wp-json\/wp\/v2\/product"}],"about":[{"href":"https:\/\/www.rubicon3adventure.com\/fr\/wp-json\/wp\/v2\/types\/product"}],"replies":[{"embeddable":true,"href":"https:\/\/www.rubicon3adventure.com\/fr\/wp-json\/wp\/v2\/comments?post=5184"}],"wp:featuredmedia":[{"embeddable":true,"href":"https:\/\/www.rubicon3adventure.com\/fr\/wp-json\/wp\/v2\/media\/3834"}],"wp:attachment":[{"href":"https:\/\/www.rubicon3adventure.com\/fr\/wp-json\/wp\/v2\/media?parent=5184"}],"wp:term":[{"taxonomy":"product_brand","embeddable":true,"href":"https:\/\/www.rubicon3adventure.com\/fr\/wp-json\/wp\/v2\/product_brand?post=5184"},{"taxonomy":"product_cat","embeddable":true,"href":"https:\/\/www.rubicon3adventure.com\/fr\/wp-json\/wp\/v2\/product_cat?post=5184"},{"taxonomy":"product_tag","embeddable":true,"href":"https:\/\/www.rubicon3adventure.com\/fr\/wp-json\/wp\/v2\/product_tag?post=5184"}],"curies":[{"name":"wp","href":"https:\/\/api.w.org\/{rel}","templated":true}]}}