{"id":5191,"date":"2024-02-07T19:04:56","date_gmt":"2024-02-07T19:04:56","guid":{"rendered":"https:\/\/www.rubicon3adventure.com\/product\/la-nature-polaire-a-la-decouverte-du-svalbard\/"},"modified":"2024-02-07T19:04:56","modified_gmt":"2024-02-07T19:04:56","slug":"la-nature-polaire-a-la-decouverte-du-svalbard","status":"publish","type":"product","link":"https:\/\/www.rubicon3adventure.com\/fr\/produit\/la-nature-polaire-a-la-decouverte-du-svalbard\/","title":{"rendered":"La nature polaire : \u00e0 la d\u00e9couverte du Svalbard"},"content":{"rendered":"<p>Embarquez pour une aventure inoubliable \u00e0 bord d&#8217;un voilier au Svalbard. Naviguez dans les eaux glac\u00e9es et admirez la beaut\u00e9 \u00e9poustouflante des magnifiques glaciers et des montagnes escarp\u00e9es qui s&#8217;\u00e9l\u00e8vent de fa\u00e7on spectaculaire au-dessus de la mer. Le soleil de minuit de l&#8217;Arctique offre une lumi\u00e8re infinie, ce qui vous permet de continuer \u00e0 naviguer et \u00e0 explorer \u00e0 toute heure de la journ\u00e9e. Le Svalbard est un paradis pour les amateurs de faune et de flore, avec la possibilit\u00e9 de voir des ours polaires, des morses et de nombreux oiseaux de mer dans leur habitat naturel.<\/p>\n<p>L&#8217;isolement du Svalbard ajoute \u00e0 l&#8217;aventure, exigeant un niveau d&#8217;autosuffisance que l&#8217;on ne trouve pas dans les destinations plus traditionnelles. En contrepartie, vous vivrez des exp\u00e9riences in\u00e9gal\u00e9es, comme jeter l&#8217;ancre dans des fjords isol\u00e9s et charg\u00e9s de glace, faire des randonn\u00e9es dans la toundra arctique intacte et admirer de pr\u00e8s la beaut\u00e9 stup\u00e9fiante des icebergs. Le Svalbard est un rare m\u00e9lange d&#8217;aventure, de beaut\u00e9 naturelle et de faune, avec certains des paysages les plus \u00e9poustouflants de la plan\u00e8te.<\/p>\n<h4>Naviguez avec des experts de l&#8217;exploration de l&#8217;Arctique<\/h4>\n<div class=\"w-full text-token-text-primary\" data-testid=\"conversation-turn-11\">\n<div class=\"px-4 py-2 justify-center text-base md:gap-6 m-auto\">\n<div class=\"flex flex-1 text-base mx-auto gap-3 md:px-5 lg:px-1 xl:px-5 md:max-w-3xl lg:max-w-[40rem] xl:max-w-[48rem] group\">\n<div class=\"relative flex w-full flex-col agent-turn\">\n<div class=\"flex-col gap-1 md:gap-3\">\n<div class=\"flex flex-grow flex-col max-w-full\">\n<div class=\"min-h-[20px] text-message flex flex-col items-start gap-3 whitespace-pre-wrap break-words [.text-message+&amp;]:mt-5 overflow-x-auto\" data-message-author-role=\"assistant\" data-message-id=\"812bf16a-fd43-4ce9-8507-742b4d5581de\">\n<div class=\"markdown prose w-full break-words dark:prose-invert light\">\n<p>Rubicon 3 est r\u00e9put\u00e9 pour \u00eatre un expert de la navigation en Arctique, reconnu dans le monde de la voile pour sa grande exp\u00e9rience, sa formation compl\u00e8te, son d\u00e9vouement \u00e0 l&#8217;exploration de l&#8217;Arctique et ses aventures inoubliables. Notre \u00e9quipe d&#8217;experts, compos\u00e9e de marins tr\u00e8s exp\u00e9riment\u00e9s dans les exp\u00e9ditions arctiques, la mer du Nord et la mer de Norv\u00e8ge, propose une formation pratique dans tous les aspects de la navigation arctique, qui s&#8217;adresse aussi bien aux nouveaux venus qu&#8217;aux marins plus exp\u00e9riment\u00e9s \u00e0 la recherche de d\u00e9fis arctiques.<\/p>\n<p>Nous nous distinguons par notre s\u00e9lection de listes de choses \u00e0 faire et d&#8217;itin\u00e9raires arctiques moins fr\u00e9quent\u00e9s, ce qui vous garantit des aventures en mer \u00e0 la fois exaltantes et pleines de d\u00e9couvertes. Notre \u00e9thique est un engagement in\u00e9branlable en faveur de la s\u00e9curit\u00e9 et de la durabilit\u00e9 environnementale, garantissant que chaque voyage respecte \u00e0 la fois les marins et l&#8217;environnement arctique vierge. En outre, nous mettons l&#8217;accent sur l&#8217;acquisition de comp\u00e9tences individuelles en tant qu&#8217;\u00e9cole de voile afin que chacun soit pleinement impliqu\u00e9 dans tous les aspects du voyage. Cette approche holistique a permis \u00e0 Rubicon 3 de se forger une r\u00e9putation d&#8217;expert pour tous ceux qui recherchent le plus haut niveau d&#8217;exp\u00e9rience en mati\u00e8re de navigation dans l&#8217;Arctique.<\/p>\n<h4>Vous souhaitez vous inscrire ?<\/h4>\n<p>Cliquez sur le bouton Dates et prix pour conna\u00eetre les dates de ce s\u00e9jour en Arctique. Il vous fournira \u00e9galement des informations sur les correspondances, notamment sur le lieu de l&#8217;avion et sur le lieu et la date de l&#8217;embarquement.<\/p>\n<\/div>\n<\/div>\n<\/div>\n<div class=\"mt-1 flex justify-start gap-3 empty:hidden\">\n<div class=\"text-gray-400 flex self-end lg:self-center justify-center lg:justify-start mt-0 -ml-1 visible\">\n<p>&nbsp;<\/p>\n<div class=\"flex\"><\/div>\n<\/div>\n<\/div>\n<\/div>\n<\/div>\n<\/div>\n<\/div>\n<\/div>\n<div class=\"w-full text-token-text-primary\" data-testid=\"conversation-turn-12\">\n<div class=\"px-4 py-2 justify-center text-base md:gap-6 m-auto\">\n<div class=\"flex flex-1 text-base mx-auto gap-3 md:px-5 lg:px-1 xl:px-5 md:max-w-3xl lg:max-w-[40rem] xl:max-w-[48rem] group\">\n<div class=\"flex-shrink-0 flex flex-col relative items-end\">\n<div>\n<div class=\"pt-0.5\">\n<div class=\"gizmo-shadow-stroke flex h-6 w-6 items-center justify-center overflow-hidden rounded-full\"><\/div>\n<\/div>\n<\/div>\n<\/div>\n<\/div>\n<\/div>\n<\/div>\n","protected":false},"excerpt":{"rendered":"<p>Une aventure \u00e0 la voile unique en son genre, \u00e0 la d\u00e9couverte du Svalbard. Rencontrez des ours polaires, des glaciers majestueux et des paysages arctiques intacts, o\u00f9 le soleil de minuit vous guide \u00e0 travers la beaut\u00e9 sauvage et intacte de l&#8217;Arctique.<\/p>\n","protected":false},"featured_media":3882,"comment_status":"closed","ping_status":"closed","template":"","meta":{"_acf_changed":false,"content-type":""},"product_brand":[],"product_cat":[240,252,234],"product_tag":[291],"class_list":{"0":"post-5191","1":"product","2":"type-product","3":"status-publish","4":"has-post-thumbnail","6":"product_cat-cotier","7":"product_cat-norvege-islande-et-larctique","8":"product_cat-vacances-en-voilier-daventure","9":"product_tag-svalbard-fr","10":"trip_region-norvege-islande-et-arctique","11":"trip_type-cotier","12":"trip_duration-11-16-jours","14":"first","15":"instock","16":"shipping-taxable","17":"purchasable","18":"product-type-variable"},"acf":[],"yoast_head":"<!-- This site is optimized with the Yoast SEO Premium plugin v27.3 (Yoast SEO v27.4) - https:\/\/yoast.com\/product\/yoast-seo-premium-wordpress\/ -->\n<title>Aventure de voile au Svalbard - Rejoignez les experts de la voile en Arctique<\/title>\n<meta name=\"description\" content=\"Vacances en voilier dans l&#039;Arctique au Svalbard, pays des ours polaires, des glaciers et de la nature sauvage de l&#039;Arctique. Mettez les voiles pour l&#039;aventure de votre vie.\" \/>\n<meta name=\"robots\" content=\"index, follow, max-snippet:-1, max-image-preview:large, max-video-preview:-1\" \/>\n<link rel=\"canonical\" href=\"https:\/\/www.rubicon3adventure.com\/fr\/produit\/la-nature-polaire-a-la-decouverte-du-svalbard\/\" \/>\n<meta property=\"og:locale\" content=\"fr_FR\" \/>\n<meta property=\"og:type\" content=\"article\" \/>\n<meta property=\"og:title\" content=\"Aventure de voile au Svalbard - Rejoignez les experts de la voile en Arctique\" \/>\n<meta property=\"og:description\" content=\"Vacances en voilier dans l&#039;Arctique au Svalbard, pays des ours polaires, des glaciers et de la nature sauvage de l&#039;Arctique. Mettez les voiles pour l&#039;aventure de votre vie.\" \/>\n<meta property=\"og:url\" content=\"https:\/\/www.rubicon3adventure.com\/fr\/produit\/la-nature-polaire-a-la-decouverte-du-svalbard\/\" \/>\n<meta property=\"og:site_name\" content=\"Rubicon 3 Adventure\" \/>\n<meta property=\"article:publisher\" content=\"https:\/\/www.facebook.com\/rubicon3sailing\" \/>\n<meta property=\"og:image\" content=\"https:\/\/www.rubicon3adventure.com\/wp-content\/uploads\/2024\/02\/svalbard-2560.webp\" \/>\n\t<meta property=\"og:image:width\" content=\"2560\" \/>\n\t<meta property=\"og:image:height\" content=\"1708\" \/>\n\t<meta property=\"og:image:type\" content=\"image\/webp\" \/>\n<meta name=\"twitter:card\" content=\"summary_large_image\" \/>\n<meta name=\"twitter:site\" content=\"@rubicon3sailing\" \/>\n<meta name=\"twitter:label1\" content=\"Dur\u00e9e de lecture estim\u00e9e\" \/>\n\t<meta name=\"twitter:data1\" content=\"2 minutes\" \/>\n<script type=\"application\/ld+json\" class=\"yoast-schema-graph\">{\"@context\":\"https:\\\/\\\/schema.org\",\"@graph\":[{\"@type\":\"WebPage\",\"@id\":\"https:\\\/\\\/www.rubicon3adventure.com\\\/fr\\\/produit\\\/la-nature-polaire-a-la-decouverte-du-svalbard\\\/\",\"url\":\"https:\\\/\\\/www.rubicon3adventure.com\\\/fr\\\/produit\\\/la-nature-polaire-a-la-decouverte-du-svalbard\\\/\",\"name\":\"Aventure de voile au Svalbard - Rejoignez les experts de la voile en Arctique\",\"isPartOf\":{\"@id\":\"https:\\\/\\\/www.rubicon3adventure.com\\\/fr\\\/#website\"},\"primaryImageOfPage\":{\"@id\":\"https:\\\/\\\/www.rubicon3adventure.com\\\/fr\\\/produit\\\/la-nature-polaire-a-la-decouverte-du-svalbard\\\/#primaryimage\"},\"image\":{\"@id\":\"https:\\\/\\\/www.rubicon3adventure.com\\\/fr\\\/produit\\\/la-nature-polaire-a-la-decouverte-du-svalbard\\\/#primaryimage\"},\"thumbnailUrl\":\"https:\\\/\\\/www.rubicon3adventure.com\\\/wp-content\\\/uploads\\\/2024\\\/02\\\/svalbard-2560.webp\",\"datePublished\":\"2024-02-07T19:04:56+00:00\",\"description\":\"Vacances en voilier dans l'Arctique au Svalbard, pays des ours polaires, des glaciers et de la nature sauvage de l'Arctique. Mettez les voiles pour l'aventure de votre vie.\",\"breadcrumb\":{\"@id\":\"https:\\\/\\\/www.rubicon3adventure.com\\\/fr\\\/produit\\\/la-nature-polaire-a-la-decouverte-du-svalbard\\\/#breadcrumb\"},\"inLanguage\":\"fr-FR\",\"potentialAction\":[{\"@type\":\"ReadAction\",\"target\":[\"https:\\\/\\\/www.rubicon3adventure.com\\\/fr\\\/produit\\\/la-nature-polaire-a-la-decouverte-du-svalbard\\\/\"]}]},{\"@type\":\"ImageObject\",\"inLanguage\":\"fr-FR\",\"@id\":\"https:\\\/\\\/www.rubicon3adventure.com\\\/fr\\\/produit\\\/la-nature-polaire-a-la-decouverte-du-svalbard\\\/#primaryimage\",\"url\":\"https:\\\/\\\/www.rubicon3adventure.com\\\/wp-content\\\/uploads\\\/2024\\\/02\\\/svalbard-2560.webp\",\"contentUrl\":\"https:\\\/\\\/www.rubicon3adventure.com\\\/wp-content\\\/uploads\\\/2024\\\/02\\\/svalbard-2560.webp\",\"width\":2560,\"height\":1708,\"caption\":\"ours polaire du svalbard\"},{\"@type\":\"BreadcrumbList\",\"@id\":\"https:\\\/\\\/www.rubicon3adventure.com\\\/fr\\\/produit\\\/la-nature-polaire-a-la-decouverte-du-svalbard\\\/#breadcrumb\",\"itemListElement\":[{\"@type\":\"ListItem\",\"position\":1,\"name\":\"Boutique\",\"item\":\"https:\\\/\\\/www.rubicon3adventure.com\\\/fr\\\/boutique\\\/\"},{\"@type\":\"ListItem\",\"position\":2,\"name\":\"La nature polaire : \u00e0 la d\u00e9couverte du Svalbard\"}]},{\"@type\":\"WebSite\",\"@id\":\"https:\\\/\\\/www.rubicon3adventure.com\\\/fr\\\/#website\",\"url\":\"https:\\\/\\\/www.rubicon3adventure.com\\\/fr\\\/\",\"name\":\"Rubicon 3 Adventure\",\"description\":\"\",\"publisher\":{\"@id\":\"https:\\\/\\\/www.rubicon3adventure.com\\\/fr\\\/#organization\"},\"potentialAction\":[{\"@type\":\"SearchAction\",\"target\":{\"@type\":\"EntryPoint\",\"urlTemplate\":\"https:\\\/\\\/www.rubicon3adventure.com\\\/fr\\\/?s={search_term_string}\"},\"query-input\":{\"@type\":\"PropertyValueSpecification\",\"valueRequired\":true,\"valueName\":\"search_term_string\"}}],\"inLanguage\":\"fr-FR\"},{\"@type\":\"Organization\",\"@id\":\"https:\\\/\\\/www.rubicon3adventure.com\\\/fr\\\/#organization\",\"name\":\"Rubicon 3 Adventures\",\"alternateName\":\"Blueco Holdings Ltd\",\"url\":\"https:\\\/\\\/www.rubicon3adventure.com\\\/fr\\\/\",\"logo\":{\"@type\":\"ImageObject\",\"inLanguage\":\"fr-FR\",\"@id\":\"https:\\\/\\\/www.rubicon3adventure.com\\\/fr\\\/#\\\/schema\\\/logo\\\/image\\\/\",\"url\":\"https:\\\/\\\/www.rubicon3adventure.com\\\/wp-content\\\/uploads\\\/2024\\\/03\\\/Rubicon_Schema-Image-scaled.jpg\",\"contentUrl\":\"https:\\\/\\\/www.rubicon3adventure.com\\\/wp-content\\\/uploads\\\/2024\\\/03\\\/Rubicon_Schema-Image-scaled.jpg\",\"width\":2560,\"height\":1554,\"caption\":\"Rubicon 3 Adventures\"},\"image\":{\"@id\":\"https:\\\/\\\/www.rubicon3adventure.com\\\/fr\\\/#\\\/schema\\\/logo\\\/image\\\/\"},\"sameAs\":[\"https:\\\/\\\/www.facebook.com\\\/rubicon3sailing\",\"https:\\\/\\\/x.com\\\/rubicon3sailing\",\"https:\\\/\\\/www.instagram.com\\\/rubicon_3_sailing\\\/\",\"https:\\\/\\\/www.pinterest.co.uk\\\/rubicon3sailing\\\/\",\"https:\\\/\\\/www.youtube.com\\\/channel\\\/UCUVTAy1Qm4lz0uZI_83Um8A\",\"https:\\\/\\\/www.linkedin.com\\\/company\\\/rubicon-3\\\/\"]}]}<\/script>\n<!-- \/ Yoast SEO Premium plugin. -->","yoast_head_json":{"title":"Aventure de voile au Svalbard - Rejoignez les experts de la voile en Arctique","description":"Vacances en voilier dans l'Arctique au Svalbard, pays des ours polaires, des glaciers et de la nature sauvage de l'Arctique. Mettez les voiles pour l'aventure de votre vie.","robots":{"index":"index","follow":"follow","max-snippet":"max-snippet:-1","max-image-preview":"max-image-preview:large","max-video-preview":"max-video-preview:-1"},"canonical":"https:\/\/www.rubicon3adventure.com\/fr\/produit\/la-nature-polaire-a-la-decouverte-du-svalbard\/","og_locale":"fr_FR","og_type":"article","og_title":"Aventure de voile au Svalbard - Rejoignez les experts de la voile en Arctique","og_description":"Vacances en voilier dans l'Arctique au Svalbard, pays des ours polaires, des glaciers et de la nature sauvage de l'Arctique. Mettez les voiles pour l'aventure de votre vie.","og_url":"https:\/\/www.rubicon3adventure.com\/fr\/produit\/la-nature-polaire-a-la-decouverte-du-svalbard\/","og_site_name":"Rubicon 3 Adventure","article_publisher":"https:\/\/www.facebook.com\/rubicon3sailing","og_image":[{"width":2560,"height":1708,"url":"https:\/\/www.rubicon3adventure.com\/wp-content\/uploads\/2024\/02\/svalbard-2560.webp","type":"image\/webp"}],"twitter_card":"summary_large_image","twitter_site":"@rubicon3sailing","twitter_misc":{"Dur\u00e9e de lecture estim\u00e9e":"2 minutes"},"schema":{"@context":"https:\/\/schema.org","@graph":[{"@type":"WebPage","@id":"https:\/\/www.rubicon3adventure.com\/fr\/produit\/la-nature-polaire-a-la-decouverte-du-svalbard\/","url":"https:\/\/www.rubicon3adventure.com\/fr\/produit\/la-nature-polaire-a-la-decouverte-du-svalbard\/","name":"Aventure de voile au Svalbard - Rejoignez les experts de la voile en Arctique","isPartOf":{"@id":"https:\/\/www.rubicon3adventure.com\/fr\/#website"},"primaryImageOfPage":{"@id":"https:\/\/www.rubicon3adventure.com\/fr\/produit\/la-nature-polaire-a-la-decouverte-du-svalbard\/#primaryimage"},"image":{"@id":"https:\/\/www.rubicon3adventure.com\/fr\/produit\/la-nature-polaire-a-la-decouverte-du-svalbard\/#primaryimage"},"thumbnailUrl":"https:\/\/www.rubicon3adventure.com\/wp-content\/uploads\/2024\/02\/svalbard-2560.webp","datePublished":"2024-02-07T19:04:56+00:00","description":"Vacances en voilier dans l'Arctique au Svalbard, pays des ours polaires, des glaciers et de la nature sauvage de l'Arctique. Mettez les voiles pour l'aventure de votre vie.","breadcrumb":{"@id":"https:\/\/www.rubicon3adventure.com\/fr\/produit\/la-nature-polaire-a-la-decouverte-du-svalbard\/#breadcrumb"},"inLanguage":"fr-FR","potentialAction":[{"@type":"ReadAction","target":["https:\/\/www.rubicon3adventure.com\/fr\/produit\/la-nature-polaire-a-la-decouverte-du-svalbard\/"]}]},{"@type":"ImageObject","inLanguage":"fr-FR","@id":"https:\/\/www.rubicon3adventure.com\/fr\/produit\/la-nature-polaire-a-la-decouverte-du-svalbard\/#primaryimage","url":"https:\/\/www.rubicon3adventure.com\/wp-content\/uploads\/2024\/02\/svalbard-2560.webp","contentUrl":"https:\/\/www.rubicon3adventure.com\/wp-content\/uploads\/2024\/02\/svalbard-2560.webp","width":2560,"height":1708,"caption":"ours polaire du svalbard"},{"@type":"BreadcrumbList","@id":"https:\/\/www.rubicon3adventure.com\/fr\/produit\/la-nature-polaire-a-la-decouverte-du-svalbard\/#breadcrumb","itemListElement":[{"@type":"ListItem","position":1,"name":"Boutique","item":"https:\/\/www.rubicon3adventure.com\/fr\/boutique\/"},{"@type":"ListItem","position":2,"name":"La nature polaire : \u00e0 la d\u00e9couverte du Svalbard"}]},{"@type":"WebSite","@id":"https:\/\/www.rubicon3adventure.com\/fr\/#website","url":"https:\/\/www.rubicon3adventure.com\/fr\/","name":"Rubicon 3 Adventure","description":"","publisher":{"@id":"https:\/\/www.rubicon3adventure.com\/fr\/#organization"},"potentialAction":[{"@type":"SearchAction","target":{"@type":"EntryPoint","urlTemplate":"https:\/\/www.rubicon3adventure.com\/fr\/?s={search_term_string}"},"query-input":{"@type":"PropertyValueSpecification","valueRequired":true,"valueName":"search_term_string"}}],"inLanguage":"fr-FR"},{"@type":"Organization","@id":"https:\/\/www.rubicon3adventure.com\/fr\/#organization","name":"Rubicon 3 Adventures","alternateName":"Blueco Holdings Ltd","url":"https:\/\/www.rubicon3adventure.com\/fr\/","logo":{"@type":"ImageObject","inLanguage":"fr-FR","@id":"https:\/\/www.rubicon3adventure.com\/fr\/#\/schema\/logo\/image\/","url":"https:\/\/www.rubicon3adventure.com\/wp-content\/uploads\/2024\/03\/Rubicon_Schema-Image-scaled.jpg","contentUrl":"https:\/\/www.rubicon3adventure.com\/wp-content\/uploads\/2024\/03\/Rubicon_Schema-Image-scaled.jpg","width":2560,"height":1554,"caption":"Rubicon 3 Adventures"},"image":{"@id":"https:\/\/www.rubicon3adventure.com\/fr\/#\/schema\/logo\/image\/"},"sameAs":["https:\/\/www.facebook.com\/rubicon3sailing","https:\/\/x.com\/rubicon3sailing","https:\/\/www.instagram.com\/rubicon_3_sailing\/","https:\/\/www.pinterest.co.uk\/rubicon3sailing\/","https:\/\/www.youtube.com\/channel\/UCUVTAy1Qm4lz0uZI_83Um8A","https:\/\/www.linkedin.com\/company\/rubicon-3\/"]}]}},"_links":{"self":[{"href":"https:\/\/www.rubicon3adventure.com\/fr\/wp-json\/wp\/v2\/product\/5191","targetHints":{"allow":["GET"]}}],"collection":[{"href":"https:\/\/www.rubicon3adventure.com\/fr\/wp-json\/wp\/v2\/product"}],"about":[{"href":"https:\/\/www.rubicon3adventure.com\/fr\/wp-json\/wp\/v2\/types\/product"}],"replies":[{"embeddable":true,"href":"https:\/\/www.rubicon3adventure.com\/fr\/wp-json\/wp\/v2\/comments?post=5191"}],"wp:featuredmedia":[{"embeddable":true,"href":"https:\/\/www.rubicon3adventure.com\/fr\/wp-json\/wp\/v2\/media\/3882"}],"wp:attachment":[{"href":"https:\/\/www.rubicon3adventure.com\/fr\/wp-json\/wp\/v2\/media?parent=5191"}],"wp:term":[{"taxonomy":"product_brand","embeddable":true,"href":"https:\/\/www.rubicon3adventure.com\/fr\/wp-json\/wp\/v2\/product_brand?post=5191"},{"taxonomy":"product_cat","embeddable":true,"href":"https:\/\/www.rubicon3adventure.com\/fr\/wp-json\/wp\/v2\/product_cat?post=5191"},{"taxonomy":"product_tag","embeddable":true,"href":"https:\/\/www.rubicon3adventure.com\/fr\/wp-json\/wp\/v2\/product_tag?post=5191"}],"curies":[{"name":"wp","href":"https:\/\/api.w.org\/{rel}","templated":true}]}}