{"id":5198,"date":"2024-02-07T10:20:28","date_gmt":"2024-02-07T10:20:28","guid":{"rendered":"https:\/\/www.rubicon3adventure.com\/product\/norvege-svalbard\/"},"modified":"2024-02-07T10:20:28","modified_gmt":"2024-02-07T10:20:28","slug":"norvege-svalbard","status":"publish","type":"product","link":"https:\/\/www.rubicon3adventure.com\/fr\/produit\/norvege-svalbard\/","title":{"rendered":"Polar Explorer : De la Norv\u00e8ge aux \u00e9tendues sauvages du Svalbard"},"content":{"rendered":"<p data-pm-slice=\"1 1 []\">Rejoignez l&#8217;\u00e9quipage pour cette aventure subpolaire unique en son genre. Nous naviguerons de la c\u00f4te nord de la Norv\u00e8ge jusqu&#8217;\u00e0 l&#8217;archipel du Svalbard, \u00e0 700 milles au nord et \u00e0 la limite de la banquise arctique. En partant des magnifiques archipels qui entourent Tromso, nous nous dirigeons vers la mer de Barents pour un passage au large vraiment passionnant, en naviguant de plus en plus au nord jusqu&#8217;\u00e0 ce que nous d\u00e9passions l&#8217;\u00eele aux Ours et encore plus loin jusqu&#8217;\u00e0 ce que les pics montagneux couverts de glace du Svalbard apparaissent \u00e0 l&#8217;horizon.  <span data-color=\"rgb(249, 253, 254)\">Apr\u00e8s son long hiver, le Svalbard s&#8217;anime en \u00e9t\u00e9 et nous sommes l\u00e0 pour l&#8217;explorer \u00e0 bord et en randonn\u00e9e \u00e0 terre. C&#8217;est un monde d&#8217;icebergs, de glaciers et de faune extraordinaire avec des oiseaux migrateurs, des morses, des phoques et des baleines. Sur terre, les ours polaires, les renards polaires, les lagop\u00e8des alpins du Svalbard et les rennes du Svalbard vivent en libert\u00e9. Les myst\u00e9rieuses villes de l&#8217;\u00e8re sovi\u00e9tique, telles que Barentsburg et Pyramiden, peuvent encore \u00eatre visit\u00e9es.  <\/span>Cette aventure n&#8217;est pas pour les \u00e2mes sensibles, mais pour ceux qui aiment l&#8217;Arctique sauvage, c&#8217;est une aventure vraiment spectaculaire.<\/p>\n<p data-pm-slice=\"1 1 []\"><span data-preserver-spaces=\"true\">Veuillez noter qu&#8217;il ne s&#8217;agit pas d&#8217;un passage de qualification RYA Yachtmaster Ocean. <\/span><a class=\"editor-rtfLink\" href=\"https:\/\/www.rubicon3adventure.com\/articles\/seamanship-sailing-skills\/yachtmaster-ocean-qualifying-passage\/\" target=\"_blank\" rel=\"noopener\"><br \/>\n  <span data-preserver-spaces=\"true\">RYA Yachtmaster Ocean.<\/span><br \/>\n<\/a><\/p>\n<h5>Pr\u00eat pour l&#8217;aventure d&#8217;une vie avec les experts de la navigation hauturi\u00e8re ?<\/h5>\n<p>Rubicon 3 est r\u00e9put\u00e9 pour \u00eatre l&#8217;expert de la navigation hauturi\u00e8re, reconnu dans le monde de la voile pour sa grande exp\u00e9rience, sa formation compl\u00e8te, son d\u00e9vouement \u00e0 la d\u00e9couverte et ses fantastiques aventures en mer. Notre \u00e9quipe d&#8217;experts, des marins tr\u00e8s exp\u00e9riment\u00e9s dans la travers\u00e9e des oc\u00e9ans, de l&#8217;Arctique, de la mer du Nord et de la mer de Norv\u00e8ge, propose des cours pratiques sur tous les aspects de la navigation hauturi\u00e8re, \u00e0 l&#8217;intention des d\u00e9butants et des marins plus exp\u00e9riment\u00e9s.<\/p>\n<p>Nous nous distinguons par notre s\u00e9lection de listes de choses \u00e0 faire et d&#8217;itin\u00e9raires moins fr\u00e9quent\u00e9s, ce qui vous garantit une navigation hauturi\u00e8re \u00e0 la fois exaltante et riche en d\u00e9couvertes. Notre philosophie est un engagement in\u00e9branlable en faveur de la s\u00e9curit\u00e9 et de la durabilit\u00e9 environnementale, garantissant que chaque voyage respecte les marins et la mer. En outre, nous nous concentrons sur l&#8217;acquisition de comp\u00e9tences individuelles comme dans une \u00e9cole de voile, afin que chacun soit pleinement impliqu\u00e9 dans tous les aspects de la travers\u00e9e. Cette approche holistique a permis \u00e0 Rubicon 3 de se forger une r\u00e9putation d&#8217;expert pour tous ceux qui recherchent le plus haut niveau de navigation hauturi\u00e8re.<\/p>\n<h5>Vous souhaitez vous inscrire ?<\/h5>\n<p>Cliquez sur le bouton &#8220;Dates et prix&#8221; pour conna\u00eetre les dates de ce s\u00e9jour de voile d&#8217;aventure. Il vous fournira \u00e9galement des informations sur les correspondances, notamment sur le lieu de l&#8217;avion et sur le lieu et la date de l&#8217;embarquement.<\/p>\n","protected":false},"excerpt":{"rendered":"<p>Embarquez pour une aventure en voilier \u00e0 couper le souffle, de la Norv\u00e8ge au Svalbard. D\u00e9couvrez des glaciers majestueux, rencontrez la faune arctique et vivez la magie des r\u00e9gions polaires. Rejoignez-nous pour un voyage inoubliable \u00e0 travers certains des paysages les plus vierges et les plus isol\u00e9s de la plan\u00e8te.<\/p>\n","protected":false},"featured_media":3868,"comment_status":"closed","ping_status":"closed","template":"","meta":{"_acf_changed":false,"content-type":""},"product_brand":[],"product_cat":[252,234,255],"product_tag":[],"class_list":{"0":"post-5198","1":"product","2":"type-product","3":"status-publish","4":"has-post-thumbnail","6":"product_cat-norvege-islande-et-larctique","7":"product_cat-vacances-en-voilier-daventure","8":"product_cat-en-haute-mer","9":"trip_region-norvege-islande-et-arctique","10":"trip_type-cotier","11":"trip_type-hauturier","12":"trip_duration-11-16-jours","14":"first","15":"outofstock","16":"shipping-taxable","17":"purchasable","18":"product-type-variable"},"acf":[],"yoast_head":"<!-- This site is optimized with the Yoast SEO Premium plugin v27.3 (Yoast SEO v27.4) - https:\/\/yoast.com\/product\/yoast-seo-premium-wordpress\/ -->\n<title>Aventure de voile dans l&#039;Arctique : De la Norv\u00e8ge au Svalbard<\/title>\n<meta name=\"description\" content=\"Aventure subpolaire \u00e0 la voile de la Norv\u00e8ge au Svalbard. Mer de Barents, glaciers, ours polaires et montagnes enneig\u00e9es. Une aventure inoubliable vous attend !\" \/>\n<meta name=\"robots\" content=\"index, follow, max-snippet:-1, max-image-preview:large, max-video-preview:-1\" \/>\n<link rel=\"canonical\" href=\"https:\/\/www.rubicon3adventure.com\/fr\/produit\/norvege-svalbard\/\" \/>\n<meta property=\"og:locale\" content=\"fr_FR\" \/>\n<meta property=\"og:type\" content=\"article\" \/>\n<meta property=\"og:title\" content=\"Aventure de voile dans l&#039;Arctique : De la Norv\u00e8ge au Svalbard\" \/>\n<meta property=\"og:description\" content=\"Aventure subpolaire \u00e0 la voile de la Norv\u00e8ge au Svalbard. Mer de Barents, glaciers, ours polaires et montagnes enneig\u00e9es. Une aventure inoubliable vous attend !\" \/>\n<meta property=\"og:url\" content=\"https:\/\/www.rubicon3adventure.com\/fr\/produit\/norvege-svalbard\/\" \/>\n<meta property=\"og:site_name\" content=\"Rubicon 3 Adventure\" \/>\n<meta property=\"article:publisher\" content=\"https:\/\/www.facebook.com\/rubicon3sailing\" \/>\n<meta property=\"og:image\" content=\"https:\/\/www.rubicon3adventure.com\/wp-content\/uploads\/2024\/02\/yacht_hummingbird_spitsbergen-2560.webp\" \/>\n\t<meta property=\"og:image:width\" content=\"2560\" \/>\n\t<meta property=\"og:image:height\" content=\"1708\" \/>\n\t<meta property=\"og:image:type\" content=\"image\/webp\" \/>\n<meta name=\"twitter:card\" content=\"summary_large_image\" \/>\n<meta name=\"twitter:site\" content=\"@rubicon3sailing\" \/>\n<meta name=\"twitter:label1\" content=\"Dur\u00e9e de lecture estim\u00e9e\" \/>\n\t<meta name=\"twitter:data1\" content=\"2 minutes\" \/>\n<script type=\"application\/ld+json\" class=\"yoast-schema-graph\">{\"@context\":\"https:\\\/\\\/schema.org\",\"@graph\":[{\"@type\":\"WebPage\",\"@id\":\"https:\\\/\\\/www.rubicon3adventure.com\\\/fr\\\/produit\\\/norvege-svalbard\\\/\",\"url\":\"https:\\\/\\\/www.rubicon3adventure.com\\\/fr\\\/produit\\\/norvege-svalbard\\\/\",\"name\":\"Aventure de voile dans l'Arctique : De la Norv\u00e8ge au Svalbard\",\"isPartOf\":{\"@id\":\"https:\\\/\\\/www.rubicon3adventure.com\\\/fr\\\/#website\"},\"primaryImageOfPage\":{\"@id\":\"https:\\\/\\\/www.rubicon3adventure.com\\\/fr\\\/produit\\\/norvege-svalbard\\\/#primaryimage\"},\"image\":{\"@id\":\"https:\\\/\\\/www.rubicon3adventure.com\\\/fr\\\/produit\\\/norvege-svalbard\\\/#primaryimage\"},\"thumbnailUrl\":\"https:\\\/\\\/www.rubicon3adventure.com\\\/wp-content\\\/uploads\\\/2024\\\/02\\\/yacht_hummingbird_spitsbergen-2560.webp\",\"datePublished\":\"2024-02-07T10:20:28+00:00\",\"description\":\"Aventure subpolaire \u00e0 la voile de la Norv\u00e8ge au Svalbard. Mer de Barents, glaciers, ours polaires et montagnes enneig\u00e9es. Une aventure inoubliable vous attend !\",\"breadcrumb\":{\"@id\":\"https:\\\/\\\/www.rubicon3adventure.com\\\/fr\\\/produit\\\/norvege-svalbard\\\/#breadcrumb\"},\"inLanguage\":\"fr-FR\",\"potentialAction\":[{\"@type\":\"ReadAction\",\"target\":[\"https:\\\/\\\/www.rubicon3adventure.com\\\/fr\\\/produit\\\/norvege-svalbard\\\/\"]}]},{\"@type\":\"ImageObject\",\"inLanguage\":\"fr-FR\",\"@id\":\"https:\\\/\\\/www.rubicon3adventure.com\\\/fr\\\/produit\\\/norvege-svalbard\\\/#primaryimage\",\"url\":\"https:\\\/\\\/www.rubicon3adventure.com\\\/wp-content\\\/uploads\\\/2024\\\/02\\\/yacht_hummingbird_spitsbergen-2560.webp\",\"contentUrl\":\"https:\\\/\\\/www.rubicon3adventure.com\\\/wp-content\\\/uploads\\\/2024\\\/02\\\/yacht_hummingbird_spitsbergen-2560.webp\",\"width\":2560,\"height\":1708,\"caption\":\"voilier svalbard\"},{\"@type\":\"BreadcrumbList\",\"@id\":\"https:\\\/\\\/www.rubicon3adventure.com\\\/fr\\\/produit\\\/norvege-svalbard\\\/#breadcrumb\",\"itemListElement\":[{\"@type\":\"ListItem\",\"position\":1,\"name\":\"Boutique\",\"item\":\"https:\\\/\\\/www.rubicon3adventure.com\\\/fr\\\/boutique\\\/\"},{\"@type\":\"ListItem\",\"position\":2,\"name\":\"Polar Explorer : De la Norv\u00e8ge aux \u00e9tendues sauvages du Svalbard\"}]},{\"@type\":\"WebSite\",\"@id\":\"https:\\\/\\\/www.rubicon3adventure.com\\\/fr\\\/#website\",\"url\":\"https:\\\/\\\/www.rubicon3adventure.com\\\/fr\\\/\",\"name\":\"Rubicon 3 Adventure\",\"description\":\"\",\"publisher\":{\"@id\":\"https:\\\/\\\/www.rubicon3adventure.com\\\/fr\\\/#organization\"},\"potentialAction\":[{\"@type\":\"SearchAction\",\"target\":{\"@type\":\"EntryPoint\",\"urlTemplate\":\"https:\\\/\\\/www.rubicon3adventure.com\\\/fr\\\/?s={search_term_string}\"},\"query-input\":{\"@type\":\"PropertyValueSpecification\",\"valueRequired\":true,\"valueName\":\"search_term_string\"}}],\"inLanguage\":\"fr-FR\"},{\"@type\":\"Organization\",\"@id\":\"https:\\\/\\\/www.rubicon3adventure.com\\\/fr\\\/#organization\",\"name\":\"Rubicon 3 Adventures\",\"alternateName\":\"Blueco Holdings Ltd\",\"url\":\"https:\\\/\\\/www.rubicon3adventure.com\\\/fr\\\/\",\"logo\":{\"@type\":\"ImageObject\",\"inLanguage\":\"fr-FR\",\"@id\":\"https:\\\/\\\/www.rubicon3adventure.com\\\/fr\\\/#\\\/schema\\\/logo\\\/image\\\/\",\"url\":\"https:\\\/\\\/www.rubicon3adventure.com\\\/wp-content\\\/uploads\\\/2024\\\/03\\\/Rubicon_Schema-Image-scaled.jpg\",\"contentUrl\":\"https:\\\/\\\/www.rubicon3adventure.com\\\/wp-content\\\/uploads\\\/2024\\\/03\\\/Rubicon_Schema-Image-scaled.jpg\",\"width\":2560,\"height\":1554,\"caption\":\"Rubicon 3 Adventures\"},\"image\":{\"@id\":\"https:\\\/\\\/www.rubicon3adventure.com\\\/fr\\\/#\\\/schema\\\/logo\\\/image\\\/\"},\"sameAs\":[\"https:\\\/\\\/www.facebook.com\\\/rubicon3sailing\",\"https:\\\/\\\/x.com\\\/rubicon3sailing\",\"https:\\\/\\\/www.instagram.com\\\/rubicon_3_sailing\\\/\",\"https:\\\/\\\/www.pinterest.co.uk\\\/rubicon3sailing\\\/\",\"https:\\\/\\\/www.youtube.com\\\/channel\\\/UCUVTAy1Qm4lz0uZI_83Um8A\",\"https:\\\/\\\/www.linkedin.com\\\/company\\\/rubicon-3\\\/\"]}]}<\/script>\n<!-- \/ Yoast SEO Premium plugin. -->","yoast_head_json":{"title":"Aventure de voile dans l'Arctique : De la Norv\u00e8ge au Svalbard","description":"Aventure subpolaire \u00e0 la voile de la Norv\u00e8ge au Svalbard. Mer de Barents, glaciers, ours polaires et montagnes enneig\u00e9es. Une aventure inoubliable vous attend !","robots":{"index":"index","follow":"follow","max-snippet":"max-snippet:-1","max-image-preview":"max-image-preview:large","max-video-preview":"max-video-preview:-1"},"canonical":"https:\/\/www.rubicon3adventure.com\/fr\/produit\/norvege-svalbard\/","og_locale":"fr_FR","og_type":"article","og_title":"Aventure de voile dans l'Arctique : De la Norv\u00e8ge au Svalbard","og_description":"Aventure subpolaire \u00e0 la voile de la Norv\u00e8ge au Svalbard. Mer de Barents, glaciers, ours polaires et montagnes enneig\u00e9es. Une aventure inoubliable vous attend !","og_url":"https:\/\/www.rubicon3adventure.com\/fr\/produit\/norvege-svalbard\/","og_site_name":"Rubicon 3 Adventure","article_publisher":"https:\/\/www.facebook.com\/rubicon3sailing","og_image":[{"width":2560,"height":1708,"url":"https:\/\/www.rubicon3adventure.com\/wp-content\/uploads\/2024\/02\/yacht_hummingbird_spitsbergen-2560.webp","type":"image\/webp"}],"twitter_card":"summary_large_image","twitter_site":"@rubicon3sailing","twitter_misc":{"Dur\u00e9e de lecture estim\u00e9e":"2 minutes"},"schema":{"@context":"https:\/\/schema.org","@graph":[{"@type":"WebPage","@id":"https:\/\/www.rubicon3adventure.com\/fr\/produit\/norvege-svalbard\/","url":"https:\/\/www.rubicon3adventure.com\/fr\/produit\/norvege-svalbard\/","name":"Aventure de voile dans l'Arctique : De la Norv\u00e8ge au Svalbard","isPartOf":{"@id":"https:\/\/www.rubicon3adventure.com\/fr\/#website"},"primaryImageOfPage":{"@id":"https:\/\/www.rubicon3adventure.com\/fr\/produit\/norvege-svalbard\/#primaryimage"},"image":{"@id":"https:\/\/www.rubicon3adventure.com\/fr\/produit\/norvege-svalbard\/#primaryimage"},"thumbnailUrl":"https:\/\/www.rubicon3adventure.com\/wp-content\/uploads\/2024\/02\/yacht_hummingbird_spitsbergen-2560.webp","datePublished":"2024-02-07T10:20:28+00:00","description":"Aventure subpolaire \u00e0 la voile de la Norv\u00e8ge au Svalbard. Mer de Barents, glaciers, ours polaires et montagnes enneig\u00e9es. Une aventure inoubliable vous attend !","breadcrumb":{"@id":"https:\/\/www.rubicon3adventure.com\/fr\/produit\/norvege-svalbard\/#breadcrumb"},"inLanguage":"fr-FR","potentialAction":[{"@type":"ReadAction","target":["https:\/\/www.rubicon3adventure.com\/fr\/produit\/norvege-svalbard\/"]}]},{"@type":"ImageObject","inLanguage":"fr-FR","@id":"https:\/\/www.rubicon3adventure.com\/fr\/produit\/norvege-svalbard\/#primaryimage","url":"https:\/\/www.rubicon3adventure.com\/wp-content\/uploads\/2024\/02\/yacht_hummingbird_spitsbergen-2560.webp","contentUrl":"https:\/\/www.rubicon3adventure.com\/wp-content\/uploads\/2024\/02\/yacht_hummingbird_spitsbergen-2560.webp","width":2560,"height":1708,"caption":"voilier svalbard"},{"@type":"BreadcrumbList","@id":"https:\/\/www.rubicon3adventure.com\/fr\/produit\/norvege-svalbard\/#breadcrumb","itemListElement":[{"@type":"ListItem","position":1,"name":"Boutique","item":"https:\/\/www.rubicon3adventure.com\/fr\/boutique\/"},{"@type":"ListItem","position":2,"name":"Polar Explorer : De la Norv\u00e8ge aux \u00e9tendues sauvages du Svalbard"}]},{"@type":"WebSite","@id":"https:\/\/www.rubicon3adventure.com\/fr\/#website","url":"https:\/\/www.rubicon3adventure.com\/fr\/","name":"Rubicon 3 Adventure","description":"","publisher":{"@id":"https:\/\/www.rubicon3adventure.com\/fr\/#organization"},"potentialAction":[{"@type":"SearchAction","target":{"@type":"EntryPoint","urlTemplate":"https:\/\/www.rubicon3adventure.com\/fr\/?s={search_term_string}"},"query-input":{"@type":"PropertyValueSpecification","valueRequired":true,"valueName":"search_term_string"}}],"inLanguage":"fr-FR"},{"@type":"Organization","@id":"https:\/\/www.rubicon3adventure.com\/fr\/#organization","name":"Rubicon 3 Adventures","alternateName":"Blueco Holdings Ltd","url":"https:\/\/www.rubicon3adventure.com\/fr\/","logo":{"@type":"ImageObject","inLanguage":"fr-FR","@id":"https:\/\/www.rubicon3adventure.com\/fr\/#\/schema\/logo\/image\/","url":"https:\/\/www.rubicon3adventure.com\/wp-content\/uploads\/2024\/03\/Rubicon_Schema-Image-scaled.jpg","contentUrl":"https:\/\/www.rubicon3adventure.com\/wp-content\/uploads\/2024\/03\/Rubicon_Schema-Image-scaled.jpg","width":2560,"height":1554,"caption":"Rubicon 3 Adventures"},"image":{"@id":"https:\/\/www.rubicon3adventure.com\/fr\/#\/schema\/logo\/image\/"},"sameAs":["https:\/\/www.facebook.com\/rubicon3sailing","https:\/\/x.com\/rubicon3sailing","https:\/\/www.instagram.com\/rubicon_3_sailing\/","https:\/\/www.pinterest.co.uk\/rubicon3sailing\/","https:\/\/www.youtube.com\/channel\/UCUVTAy1Qm4lz0uZI_83Um8A","https:\/\/www.linkedin.com\/company\/rubicon-3\/"]}]}},"_links":{"self":[{"href":"https:\/\/www.rubicon3adventure.com\/fr\/wp-json\/wp\/v2\/product\/5198","targetHints":{"allow":["GET"]}}],"collection":[{"href":"https:\/\/www.rubicon3adventure.com\/fr\/wp-json\/wp\/v2\/product"}],"about":[{"href":"https:\/\/www.rubicon3adventure.com\/fr\/wp-json\/wp\/v2\/types\/product"}],"replies":[{"embeddable":true,"href":"https:\/\/www.rubicon3adventure.com\/fr\/wp-json\/wp\/v2\/comments?post=5198"}],"wp:featuredmedia":[{"embeddable":true,"href":"https:\/\/www.rubicon3adventure.com\/fr\/wp-json\/wp\/v2\/media\/3868"}],"wp:attachment":[{"href":"https:\/\/www.rubicon3adventure.com\/fr\/wp-json\/wp\/v2\/media?parent=5198"}],"wp:term":[{"taxonomy":"product_brand","embeddable":true,"href":"https:\/\/www.rubicon3adventure.com\/fr\/wp-json\/wp\/v2\/product_brand?post=5198"},{"taxonomy":"product_cat","embeddable":true,"href":"https:\/\/www.rubicon3adventure.com\/fr\/wp-json\/wp\/v2\/product_cat?post=5198"},{"taxonomy":"product_tag","embeddable":true,"href":"https:\/\/www.rubicon3adventure.com\/fr\/wp-json\/wp\/v2\/product_tag?post=5198"}],"curies":[{"name":"wp","href":"https:\/\/api.w.org\/{rel}","templated":true}]}}