{"id":5226,"date":"2024-01-08T06:11:57","date_gmt":"2024-01-08T06:11:57","guid":{"rendered":"https:\/\/www.rubicon3adventure.com\/product\/golfe-de-gascogne\/"},"modified":"2024-08-30T11:17:27","modified_gmt":"2024-08-30T10:17:27","slug":"golfe-de-gascogne","status":"publish","type":"product","link":"https:\/\/www.rubicon3adventure.com\/fr\/produit\/golfe-de-gascogne\/","title":{"rendered":"Le golfe de Gascogne : Cours de ma\u00eetre sur la cr\u00e9ation de passages"},"content":{"rendered":"<p>Un maximum d&#8217;aventure.<br \/>\nFormation de classe mondiale.<br \/>\nParticipez \u00e0 une aventure de voile unique \u00e0 l&#8217;automne, alors que nos yachts d&#8217;exp\u00e9dition de 60\u2032 partent de l&#8217;Angleterre vers l&#8217;Espagne.<br \/>\nLe golfe de Gascogne, l&#8217;un des plus grands d\u00e9fis de la voile, vous attend en route.<br \/>\nL&#8217;accent est mis sur la formation et le d\u00e9veloppement des comp\u00e9tences, de sorte que vous augmentez massivement votre exp\u00e9rience c\u00f4ti\u00e8re et hauturi\u00e8re et que vous faites de grands progr\u00e8s dans votre matelotage g\u00e9n\u00e9ral.      <\/p>\n<p data-pm-slice=\"1 1 []\">Avant le d\u00e9but de la navigation, nous avons une journ\u00e9e compl\u00e8te de formation \u00e0 terre.<br \/>\nElle comprend une conf\u00e9rence et une s\u00e9ance d&#8217;enseignement de Simon Rowell, m\u00e9t\u00e9orologue de l&#8217;\u00e9quipe olympique britannique de voile.<br \/>\nEnsuite, Bruce Jacobs, fondateur de Rubicon 3, propose une formation approfondie sur le gros temps.  <\/p>\n<p><span data-color=\"transparent\">La travers\u00e9e du golfe de Gascogne est l&#8217;un des itin\u00e9raires de navigation les plus embl\u00e9matiques et une \u00e9tape importante pour tous les marins.<br \/>\nC&#8217;est une zone r\u00e9put\u00e9e pour ses conditions m\u00e9t\u00e9orologiques impr\u00e9visibles et ses \u00e9tats de mer vari\u00e9s, o\u00f9 les connaissances th\u00e9oriques rencontrent l&#8217;application pratique.  Sous la houlette de nos instructeurs chevronn\u00e9s, vous affinerez vos comp\u00e9tences en mati\u00e8re de navigation, ma\u00eetriserez des techniques de navigation avanc\u00e9es et apprendrez \u00e0 prendre des d\u00e9cisions critiques sous pression.<\/span><\/p>\n<p><span data-color=\"transparent\">Vous deviendrez un marin plus comp\u00e9tent et plus exp\u00e9riment\u00e9, pr\u00eat \u00e0 prendre la mer avec beaucoup plus d&#8217;assurance.<\/span><\/p>\n<h5>Qu&#8217;est-ce qu&#8217;une masterclass Rubicon 3 Passage Making ?<\/h5>\n<p>  La masterclass Rubicon 3 Passage Making est un cours de voile avanc\u00e9 con\u00e7u pour les marins exp\u00e9riment\u00e9s qui souhaitent ma\u00eetriser l&#8217;art de la navigation au large et sur de longues distances. Ce programme intensif se concentre sur l&#8217;am\u00e9lioration des comp\u00e9tences de navigation, la gestion de l&#8217;\u00e9quipage et la prise de d\u00e9cision dans des conditions difficiles. Les participants s&#8217;engagent dans un apprentissage pratique, s&#8217;attaquent \u00e0 des syst\u00e8mes m\u00e9t\u00e9orologiques complexes et affinent leur matelotage. La classe de ma\u00eetre consiste g\u00e9n\u00e9ralement \u00e0 naviguer dans des environnements marins divers et exigeants, ce qui permet d&#8217;acqu\u00e9rir une exp\u00e9rience concr\u00e8te de la planification des passages, de la navigation de nuit et des proc\u00e9dures d&#8217;urgence. Il s&#8217;agit d&#8217;un terrain d&#8217;entra\u00eenement id\u00e9al pour ceux qui cherchent \u00e0 \u00e9lever leurs capacit\u00e9s de navigation \u00e0 un niveau professionnel ou \u00e0 s&#8217;accomplir personnellement dans le cadre d&#8217;une croisi\u00e8re en eaux profondes.  <\/p>\n<h5>Vous souhaitez vous inscrire ?<\/h5>\n<p>  Cliquez sur le bouton Dates et prix pour conna\u00eetre les dates de ce voyage. Il vous fournira \u00e9galement des informations sur les correspondances, notamment sur le lieu de l&#8217;avion et sur le lieu et la date de l&#8217;embarquement. &nbsp;<\/p>\n","protected":false},"excerpt":{"rendered":"<p>Participez \u00e0 un cours de voile intensif traversant le golfe de Gascogne, en vous concentrant sur la navigation avanc\u00e9e, le matelotage et la gestion des conditions difficiles au large. Formation initiale \u00e0 terre le jour pr\u00e9c\u00e9dant le d\u00e9part.<\/p>\n","protected":false},"featured_media":3612,"comment_status":"closed","ping_status":"closed","template":"","meta":{"_acf_changed":false,"content-type":""},"product_brand":[],"product_cat":[243,246,261,279,234,255],"product_tag":[],"class_list":{"0":"post-5226","1":"product","2":"type-product","3":"status-publish","4":"has-post-thumbnail","6":"product_cat-europe-et-la-mer-baltique","7":"product_cat-masterclass-fr","8":"product_cat-royaume-uni-irlande","9":"product_cat-vacances-de-voile-au-soleil-dhiver","10":"product_cat-vacances-en-voilier-daventure","11":"product_cat-en-haute-mer","12":"trip_region-europe-et-baltique","13":"trip_region-royaume-uni-et-irlande","14":"trip_type-hauturier","15":"trip_duration-11-16-jours","17":"first","18":"instock","19":"shipping-taxable","20":"purchasable","21":"product-type-variable"},"acf":[],"yoast_head":"<!-- This site is optimized with the Yoast SEO Premium plugin v27.3 (Yoast SEO v27.4) - https:\/\/yoast.com\/product\/yoast-seo-premium-wordpress\/ -->\n<title>Masterclass sur le golfe de Gascogne - Renforcer les comp\u00e9tences, le matelotage et l&#039;exp\u00e9rience<\/title>\n<meta name=\"description\" content=\"Rejoignez la Masterclass Rubicon 3 Bay of Biscay pour apprendre la navigation avanc\u00e9e, naviguer sur des mers difficiles et am\u00e9liorer vos comp\u00e9tences en mati\u00e8re de matelotage.\" \/>\n<meta name=\"robots\" content=\"index, follow, max-snippet:-1, max-image-preview:large, max-video-preview:-1\" \/>\n<link rel=\"canonical\" href=\"https:\/\/www.rubicon3adventure.com\/fr\/produit\/golfe-de-gascogne\/\" \/>\n<meta property=\"og:locale\" content=\"fr_FR\" \/>\n<meta property=\"og:type\" content=\"article\" \/>\n<meta property=\"og:title\" content=\"Masterclass sur le golfe de Gascogne - Renforcer les comp\u00e9tences, le matelotage et l&#039;exp\u00e9rience\" \/>\n<meta property=\"og:description\" content=\"Rejoignez la Masterclass Rubicon 3 Bay of Biscay pour apprendre la navigation avanc\u00e9e, naviguer sur des mers difficiles et am\u00e9liorer vos comp\u00e9tences en mati\u00e8re de matelotage.\" \/>\n<meta property=\"og:url\" content=\"https:\/\/www.rubicon3adventure.com\/fr\/produit\/golfe-de-gascogne\/\" \/>\n<meta property=\"og:site_name\" content=\"Rubicon 3 Adventure\" \/>\n<meta property=\"article:publisher\" content=\"https:\/\/www.facebook.com\/rubicon3sailing\" \/>\n<meta property=\"article:modified_time\" content=\"2024-08-30T10:17:27+00:00\" \/>\n<meta property=\"og:image\" content=\"https:\/\/www.rubicon3adventure.com\/wp-content\/uploads\/2024\/01\/biscay-2560.webp\" \/>\n\t<meta property=\"og:image:width\" content=\"2560\" \/>\n\t<meta property=\"og:image:height\" content=\"1708\" \/>\n\t<meta property=\"og:image:type\" content=\"image\/webp\" \/>\n<meta name=\"twitter:card\" content=\"summary_large_image\" \/>\n<meta name=\"twitter:site\" content=\"@rubicon3sailing\" \/>\n<meta name=\"twitter:label1\" content=\"Dur\u00e9e de lecture estim\u00e9e\" \/>\n\t<meta name=\"twitter:data1\" content=\"2 minutes\" \/>\n<script type=\"application\/ld+json\" class=\"yoast-schema-graph\">{\"@context\":\"https:\\\/\\\/schema.org\",\"@graph\":[{\"@type\":\"WebPage\",\"@id\":\"https:\\\/\\\/www.rubicon3adventure.com\\\/fr\\\/produit\\\/golfe-de-gascogne\\\/\",\"url\":\"https:\\\/\\\/www.rubicon3adventure.com\\\/fr\\\/produit\\\/golfe-de-gascogne\\\/\",\"name\":\"Masterclass sur le golfe de Gascogne - Renforcer les comp\u00e9tences, le matelotage et l'exp\u00e9rience\",\"isPartOf\":{\"@id\":\"https:\\\/\\\/www.rubicon3adventure.com\\\/fr\\\/#website\"},\"primaryImageOfPage\":{\"@id\":\"https:\\\/\\\/www.rubicon3adventure.com\\\/fr\\\/produit\\\/golfe-de-gascogne\\\/#primaryimage\"},\"image\":{\"@id\":\"https:\\\/\\\/www.rubicon3adventure.com\\\/fr\\\/produit\\\/golfe-de-gascogne\\\/#primaryimage\"},\"thumbnailUrl\":\"https:\\\/\\\/www.rubicon3adventure.com\\\/wp-content\\\/uploads\\\/2024\\\/01\\\/biscay-2560.webp\",\"datePublished\":\"2024-01-08T06:11:57+00:00\",\"dateModified\":\"2024-08-30T10:17:27+00:00\",\"description\":\"Rejoignez la Masterclass Rubicon 3 Bay of Biscay pour apprendre la navigation avanc\u00e9e, naviguer sur des mers difficiles et am\u00e9liorer vos comp\u00e9tences en mati\u00e8re de matelotage.\",\"breadcrumb\":{\"@id\":\"https:\\\/\\\/www.rubicon3adventure.com\\\/fr\\\/produit\\\/golfe-de-gascogne\\\/#breadcrumb\"},\"inLanguage\":\"fr-FR\",\"potentialAction\":[{\"@type\":\"ReadAction\",\"target\":[\"https:\\\/\\\/www.rubicon3adventure.com\\\/fr\\\/produit\\\/golfe-de-gascogne\\\/\"]}]},{\"@type\":\"ImageObject\",\"inLanguage\":\"fr-FR\",\"@id\":\"https:\\\/\\\/www.rubicon3adventure.com\\\/fr\\\/produit\\\/golfe-de-gascogne\\\/#primaryimage\",\"url\":\"https:\\\/\\\/www.rubicon3adventure.com\\\/wp-content\\\/uploads\\\/2024\\\/01\\\/biscay-2560.webp\",\"contentUrl\":\"https:\\\/\\\/www.rubicon3adventure.com\\\/wp-content\\\/uploads\\\/2024\\\/01\\\/biscay-2560.webp\",\"width\":2560,\"height\":1708,\"caption\":\"naviguer dans le golfe de biscaye\"},{\"@type\":\"BreadcrumbList\",\"@id\":\"https:\\\/\\\/www.rubicon3adventure.com\\\/fr\\\/produit\\\/golfe-de-gascogne\\\/#breadcrumb\",\"itemListElement\":[{\"@type\":\"ListItem\",\"position\":1,\"name\":\"Boutique\",\"item\":\"https:\\\/\\\/www.rubicon3adventure.com\\\/fr\\\/boutique\\\/\"},{\"@type\":\"ListItem\",\"position\":2,\"name\":\"Le golfe de Gascogne : Cours de ma\u00eetre sur la cr\u00e9ation de passages\"}]},{\"@type\":\"WebSite\",\"@id\":\"https:\\\/\\\/www.rubicon3adventure.com\\\/fr\\\/#website\",\"url\":\"https:\\\/\\\/www.rubicon3adventure.com\\\/fr\\\/\",\"name\":\"Rubicon 3 Adventure\",\"description\":\"\",\"publisher\":{\"@id\":\"https:\\\/\\\/www.rubicon3adventure.com\\\/fr\\\/#organization\"},\"potentialAction\":[{\"@type\":\"SearchAction\",\"target\":{\"@type\":\"EntryPoint\",\"urlTemplate\":\"https:\\\/\\\/www.rubicon3adventure.com\\\/fr\\\/?s={search_term_string}\"},\"query-input\":{\"@type\":\"PropertyValueSpecification\",\"valueRequired\":true,\"valueName\":\"search_term_string\"}}],\"inLanguage\":\"fr-FR\"},{\"@type\":\"Organization\",\"@id\":\"https:\\\/\\\/www.rubicon3adventure.com\\\/fr\\\/#organization\",\"name\":\"Rubicon 3 Adventures\",\"alternateName\":\"Blueco Holdings Ltd\",\"url\":\"https:\\\/\\\/www.rubicon3adventure.com\\\/fr\\\/\",\"logo\":{\"@type\":\"ImageObject\",\"inLanguage\":\"fr-FR\",\"@id\":\"https:\\\/\\\/www.rubicon3adventure.com\\\/fr\\\/#\\\/schema\\\/logo\\\/image\\\/\",\"url\":\"https:\\\/\\\/www.rubicon3adventure.com\\\/wp-content\\\/uploads\\\/2024\\\/03\\\/Rubicon_Schema-Image-scaled.jpg\",\"contentUrl\":\"https:\\\/\\\/www.rubicon3adventure.com\\\/wp-content\\\/uploads\\\/2024\\\/03\\\/Rubicon_Schema-Image-scaled.jpg\",\"width\":2560,\"height\":1554,\"caption\":\"Rubicon 3 Adventures\"},\"image\":{\"@id\":\"https:\\\/\\\/www.rubicon3adventure.com\\\/fr\\\/#\\\/schema\\\/logo\\\/image\\\/\"},\"sameAs\":[\"https:\\\/\\\/www.facebook.com\\\/rubicon3sailing\",\"https:\\\/\\\/x.com\\\/rubicon3sailing\",\"https:\\\/\\\/www.instagram.com\\\/rubicon_3_sailing\\\/\",\"https:\\\/\\\/www.pinterest.co.uk\\\/rubicon3sailing\\\/\",\"https:\\\/\\\/www.youtube.com\\\/channel\\\/UCUVTAy1Qm4lz0uZI_83Um8A\",\"https:\\\/\\\/www.linkedin.com\\\/company\\\/rubicon-3\\\/\"]}]}<\/script>\n<!-- \/ Yoast SEO Premium plugin. -->","yoast_head_json":{"title":"Masterclass sur le golfe de Gascogne - Renforcer les comp\u00e9tences, le matelotage et l'exp\u00e9rience","description":"Rejoignez la Masterclass Rubicon 3 Bay of Biscay pour apprendre la navigation avanc\u00e9e, naviguer sur des mers difficiles et am\u00e9liorer vos comp\u00e9tences en mati\u00e8re de matelotage.","robots":{"index":"index","follow":"follow","max-snippet":"max-snippet:-1","max-image-preview":"max-image-preview:large","max-video-preview":"max-video-preview:-1"},"canonical":"https:\/\/www.rubicon3adventure.com\/fr\/produit\/golfe-de-gascogne\/","og_locale":"fr_FR","og_type":"article","og_title":"Masterclass sur le golfe de Gascogne - Renforcer les comp\u00e9tences, le matelotage et l'exp\u00e9rience","og_description":"Rejoignez la Masterclass Rubicon 3 Bay of Biscay pour apprendre la navigation avanc\u00e9e, naviguer sur des mers difficiles et am\u00e9liorer vos comp\u00e9tences en mati\u00e8re de matelotage.","og_url":"https:\/\/www.rubicon3adventure.com\/fr\/produit\/golfe-de-gascogne\/","og_site_name":"Rubicon 3 Adventure","article_publisher":"https:\/\/www.facebook.com\/rubicon3sailing","article_modified_time":"2024-08-30T10:17:27+00:00","og_image":[{"width":2560,"height":1708,"url":"https:\/\/www.rubicon3adventure.com\/wp-content\/uploads\/2024\/01\/biscay-2560.webp","type":"image\/webp"}],"twitter_card":"summary_large_image","twitter_site":"@rubicon3sailing","twitter_misc":{"Dur\u00e9e de lecture estim\u00e9e":"2 minutes"},"schema":{"@context":"https:\/\/schema.org","@graph":[{"@type":"WebPage","@id":"https:\/\/www.rubicon3adventure.com\/fr\/produit\/golfe-de-gascogne\/","url":"https:\/\/www.rubicon3adventure.com\/fr\/produit\/golfe-de-gascogne\/","name":"Masterclass sur le golfe de Gascogne - Renforcer les comp\u00e9tences, le matelotage et l'exp\u00e9rience","isPartOf":{"@id":"https:\/\/www.rubicon3adventure.com\/fr\/#website"},"primaryImageOfPage":{"@id":"https:\/\/www.rubicon3adventure.com\/fr\/produit\/golfe-de-gascogne\/#primaryimage"},"image":{"@id":"https:\/\/www.rubicon3adventure.com\/fr\/produit\/golfe-de-gascogne\/#primaryimage"},"thumbnailUrl":"https:\/\/www.rubicon3adventure.com\/wp-content\/uploads\/2024\/01\/biscay-2560.webp","datePublished":"2024-01-08T06:11:57+00:00","dateModified":"2024-08-30T10:17:27+00:00","description":"Rejoignez la Masterclass Rubicon 3 Bay of Biscay pour apprendre la navigation avanc\u00e9e, naviguer sur des mers difficiles et am\u00e9liorer vos comp\u00e9tences en mati\u00e8re de matelotage.","breadcrumb":{"@id":"https:\/\/www.rubicon3adventure.com\/fr\/produit\/golfe-de-gascogne\/#breadcrumb"},"inLanguage":"fr-FR","potentialAction":[{"@type":"ReadAction","target":["https:\/\/www.rubicon3adventure.com\/fr\/produit\/golfe-de-gascogne\/"]}]},{"@type":"ImageObject","inLanguage":"fr-FR","@id":"https:\/\/www.rubicon3adventure.com\/fr\/produit\/golfe-de-gascogne\/#primaryimage","url":"https:\/\/www.rubicon3adventure.com\/wp-content\/uploads\/2024\/01\/biscay-2560.webp","contentUrl":"https:\/\/www.rubicon3adventure.com\/wp-content\/uploads\/2024\/01\/biscay-2560.webp","width":2560,"height":1708,"caption":"naviguer dans le golfe de biscaye"},{"@type":"BreadcrumbList","@id":"https:\/\/www.rubicon3adventure.com\/fr\/produit\/golfe-de-gascogne\/#breadcrumb","itemListElement":[{"@type":"ListItem","position":1,"name":"Boutique","item":"https:\/\/www.rubicon3adventure.com\/fr\/boutique\/"},{"@type":"ListItem","position":2,"name":"Le golfe de Gascogne : Cours de ma\u00eetre sur la cr\u00e9ation de passages"}]},{"@type":"WebSite","@id":"https:\/\/www.rubicon3adventure.com\/fr\/#website","url":"https:\/\/www.rubicon3adventure.com\/fr\/","name":"Rubicon 3 Adventure","description":"","publisher":{"@id":"https:\/\/www.rubicon3adventure.com\/fr\/#organization"},"potentialAction":[{"@type":"SearchAction","target":{"@type":"EntryPoint","urlTemplate":"https:\/\/www.rubicon3adventure.com\/fr\/?s={search_term_string}"},"query-input":{"@type":"PropertyValueSpecification","valueRequired":true,"valueName":"search_term_string"}}],"inLanguage":"fr-FR"},{"@type":"Organization","@id":"https:\/\/www.rubicon3adventure.com\/fr\/#organization","name":"Rubicon 3 Adventures","alternateName":"Blueco Holdings Ltd","url":"https:\/\/www.rubicon3adventure.com\/fr\/","logo":{"@type":"ImageObject","inLanguage":"fr-FR","@id":"https:\/\/www.rubicon3adventure.com\/fr\/#\/schema\/logo\/image\/","url":"https:\/\/www.rubicon3adventure.com\/wp-content\/uploads\/2024\/03\/Rubicon_Schema-Image-scaled.jpg","contentUrl":"https:\/\/www.rubicon3adventure.com\/wp-content\/uploads\/2024\/03\/Rubicon_Schema-Image-scaled.jpg","width":2560,"height":1554,"caption":"Rubicon 3 Adventures"},"image":{"@id":"https:\/\/www.rubicon3adventure.com\/fr\/#\/schema\/logo\/image\/"},"sameAs":["https:\/\/www.facebook.com\/rubicon3sailing","https:\/\/x.com\/rubicon3sailing","https:\/\/www.instagram.com\/rubicon_3_sailing\/","https:\/\/www.pinterest.co.uk\/rubicon3sailing\/","https:\/\/www.youtube.com\/channel\/UCUVTAy1Qm4lz0uZI_83Um8A","https:\/\/www.linkedin.com\/company\/rubicon-3\/"]}]}},"_links":{"self":[{"href":"https:\/\/www.rubicon3adventure.com\/fr\/wp-json\/wp\/v2\/product\/5226","targetHints":{"allow":["GET"]}}],"collection":[{"href":"https:\/\/www.rubicon3adventure.com\/fr\/wp-json\/wp\/v2\/product"}],"about":[{"href":"https:\/\/www.rubicon3adventure.com\/fr\/wp-json\/wp\/v2\/types\/product"}],"replies":[{"embeddable":true,"href":"https:\/\/www.rubicon3adventure.com\/fr\/wp-json\/wp\/v2\/comments?post=5226"}],"wp:featuredmedia":[{"embeddable":true,"href":"https:\/\/www.rubicon3adventure.com\/fr\/wp-json\/wp\/v2\/media\/3612"}],"wp:attachment":[{"href":"https:\/\/www.rubicon3adventure.com\/fr\/wp-json\/wp\/v2\/media?parent=5226"}],"wp:term":[{"taxonomy":"product_brand","embeddable":true,"href":"https:\/\/www.rubicon3adventure.com\/fr\/wp-json\/wp\/v2\/product_brand?post=5226"},{"taxonomy":"product_cat","embeddable":true,"href":"https:\/\/www.rubicon3adventure.com\/fr\/wp-json\/wp\/v2\/product_cat?post=5226"},{"taxonomy":"product_tag","embeddable":true,"href":"https:\/\/www.rubicon3adventure.com\/fr\/wp-json\/wp\/v2\/product_tag?post=5226"}],"curies":[{"name":"wp","href":"https:\/\/api.w.org\/{rel}","templated":true}]}}