{"id":5237,"date":"2024-01-12T14:17:24","date_gmt":"2024-01-12T14:17:24","guid":{"rendered":"https:\/\/www.rubicon3adventure.com\/product\/regate-de-saint-martin\/"},"modified":"2024-01-12T14:17:24","modified_gmt":"2024-01-12T14:17:24","slug":"regate-de-saint-martin","status":"publish","type":"product","link":"https:\/\/www.rubicon3adventure.com\/fr\/produit\/regate-de-saint-martin\/","title":{"rendered":"R\u00e9gate de Saint-Martin"},"content":{"rendered":"<p>La St. Maarten Heineken Regatta est un v\u00e9ritable divertissement, avec un merveilleux m\u00e9lange de comp\u00e9tition amicale et de festivit\u00e9s carib\u00e9ennes. Bien plus qu&#8217;une simple r\u00e9gate, c&#8217;est aussi une c\u00e9l\u00e9bration de la musique et de la culture de l&#8217;\u00eele (\u00e9galement appel\u00e9e Sint Maarten). Cet \u00e9v\u00e9nement, qui est la plus grande r\u00e9gate des Cara\u00efbes, propose des courses de niveau international dans des eaux cristallines. Les concurrents vont des m\u00e9daill\u00e9s olympiques aux amateurs enthousiastes, tous attir\u00e9s par les sensations de la voile et l&#8217;esprit unique de l&#8217;\u00e9v\u00e9nement.<\/p>\n<p>La r\u00e9gate est r\u00e9put\u00e9e pour ses conditions de navigation dans des aliz\u00e9s chauds, ses parcours amusants et la camaraderie entre les participants et les f\u00eatards. Apr\u00e8s la course, les \u00e9quipages peuvent d\u00e9guster de bons plats locaux et savourer une bi\u00e8re fra\u00eeche dans le village des r\u00e9gates. L&#8217;\u00eele se transforme alors en une grande f\u00eate. Chaque nuit est un m\u00e9lange anim\u00e9 d&#8217;\u00e9v\u00e9nements locaux et de divertissements de classe mondiale, avec de la musique en direct, de la danse et des f\u00eates de plage spectaculaires. Les \u00e9v\u00e9nements pr\u00e9c\u00e9dents ont accueilli des groupes tels que les Black Eyed Peas, UB40, Wyclef Jean et The Commodores. C&#8217;est ce m\u00e9lange de comp\u00e9tition de voile et de divertissement en bord de mer qui rend cet \u00e9v\u00e9nement si attrayant.<\/p>\n<h4>Courez en toute confiance : Rejoignez l&#8217;\u00e9quipe Rubicon 3 pour une aventure s\u00fbre, solidaire et passionnante.<\/h4>\n<p>La course avec Rubicon 3 est connue pour \u00eatre amicale et inclusive, le confort et la confiance de l&#8217;\u00e9quipage \u00e9tant nos principales priorit\u00e9s. Parfaite pour les d\u00e9butants comme pour les marins chevronn\u00e9s, notre approche est con\u00e7ue pour r\u00e9pondre \u00e0 toutes vos pr\u00e9occupations concernant la course de voiliers.<\/p>\n<ol>\n<li><strong>Formation sur mesure<\/strong>: Nos skippers exp\u00e9riment\u00e9s dispensent une formation compl\u00e8te, vous permettant d&#8217;acqu\u00e9rir les comp\u00e9tences et la confiance n\u00e9cessaires, quel que soit votre niveau de d\u00e9part. Nous nous concentrons sur une approche \u00e9tape par \u00e9tape, rendant la course de voiliers accessible et agr\u00e9able pour tout le monde.<\/li>\n<li>L&#8217;<strong>accent est mis sur la s\u00e9curit\u00e9<\/strong>: Votre s\u00e9curit\u00e9 est primordiale. Outre nos protocoles de s\u00e9curit\u00e9 de classe mondiale, nous organisons des s\u00e9ances d&#8217;information et des exercices de s\u00e9curit\u00e9 approfondis. Vous apprendrez \u00e0 g\u00e9rer diff\u00e9rents sc\u00e9narios pendant la course, ce qui r\u00e9duira consid\u00e9rablement les risques et l&#8217;anxi\u00e9t\u00e9.<\/li>\n<li>La <strong>condition physique n&#8217;est pas un obstacle<\/strong>: Notre \u00e9quipe privil\u00e9gie la strat\u00e9gie et le travail d&#8217;\u00e9quipe plut\u00f4t que les prouesses physiques. Les r\u00f4les sur le yacht sont attribu\u00e9s en fonction de votre niveau de confort et de vos capacit\u00e9s, ce qui permet \u00e0 chacun de participer et de contribuer efficacement.<\/li>\n<li>Un <strong>environnement d&#8217;\u00e9quipe favorable<\/strong>: Rubicon 3 est une communaut\u00e9 accueillante o\u00f9 la camaraderie est essentielle. Nous croyons au travail d&#8217;\u00e9quipe, \u00e0 l&#8217;entraide et au plaisir de vivre ensemble. Vous ne vous sentirez jamais d\u00e9pays\u00e9 ou sous pression.<\/li>\n<li><strong>Introduction guid\u00e9e au sport<\/strong>: Nous d\u00e9mystifions la course de voiliers par des explications claires et des exp\u00e9riences pratiques. Apprenez \u00e0 votre rythme dans un environnement sans stress, et transformez l&#8217;inconnu en une aventure passionnante.<\/li>\n<\/ol>\n<p>Rejoignez-nous pour une occasion unique de participer \u00e0 des courses de voiliers dans un cadre s\u00fbr, positif et amusant.<\/p>\n<h5>Vous souhaitez vous inscrire ?<\/h5>\n<p>Cliquez sur le bouton Dates et prix pour conna\u00eetre les dates de ce voyage. Il vous fournira \u00e9galement des informations sur les correspondances, notamment sur le lieu de l&#8217;avion et sur le lieu et la date de l&#8217;embarquement.<\/p>\n","protected":false},"excerpt":{"rendered":"<p>Participez \u00e0 cette r\u00e9gate exaltante d&#8217;une semaine, m\u00ealant des courses de voiliers comp\u00e9titives mais pas trop s\u00e9rieuses \u00e0 une culture carib\u00e9enne merveilleuse et \u00e0 des \u00e9v\u00e9nements \u00e0 terre.<\/p>\n","protected":false},"featured_media":3624,"comment_status":"closed","ping_status":"closed","template":"","meta":{"_acf_changed":false,"content-type":""},"product_brand":[],"product_cat":[237,258,279,234],"product_tag":[],"class_list":{"0":"post-5237","1":"product","2":"type-product","3":"status-publish","4":"has-post-thumbnail","6":"product_cat-caraibes-et-ameriques","7":"product_cat-course","8":"product_cat-vacances-de-voile-au-soleil-dhiver","9":"product_cat-vacances-en-voilier-daventure","10":"trip_region-caraibes-et-ameriques","11":"trip_type-cotier","12":"trip_duration-1-10-jours","14":"first","15":"instock","16":"shipping-taxable","17":"purchasable","18":"product-type-variable"},"acf":[],"yoast_head":"<!-- This site is optimized with the Yoast SEO Premium plugin v27.5 (Yoast SEO v27.6) - https:\/\/yoast.com\/product\/yoast-seo-premium-wordpress\/ -->\n<title>St Maarten Regatta | R\u00e9server une place dans l&#039;\u00e9quipage | D\u00e9butants bienvenus<\/title>\n<meta name=\"description\" content=\"St Maarten Regatta : places disponibles pour les \u00e9quipages individuels. Aucune exp\u00e9rience de la course n&#039;est n\u00e9cessaire. B\u00e9n\u00e9ficiez d&#039;une formation compl\u00e8te. Il est r\u00e9put\u00e9 pour son absence de pression et son amabilit\u00e9. Pour en savoir plus, cliquez ici.\" \/>\n<meta name=\"robots\" content=\"index, follow, max-snippet:-1, max-image-preview:large, max-video-preview:-1\" \/>\n<link rel=\"canonical\" href=\"https:\/\/www.rubicon3adventure.com\/fr\/produit\/regate-de-saint-martin\/\" \/>\n<meta property=\"og:locale\" content=\"fr_FR\" \/>\n<meta property=\"og:type\" content=\"article\" \/>\n<meta property=\"og:title\" content=\"St Maarten Regatta | R\u00e9server une place dans l&#039;\u00e9quipage | D\u00e9butants bienvenus\" \/>\n<meta property=\"og:description\" content=\"St Maarten Regatta : places disponibles pour les \u00e9quipages individuels. Aucune exp\u00e9rience de la course n&#039;est n\u00e9cessaire. B\u00e9n\u00e9ficiez d&#039;une formation compl\u00e8te. Il est r\u00e9put\u00e9 pour son absence de pression et son amabilit\u00e9. Pour en savoir plus, cliquez ici.\" \/>\n<meta property=\"og:url\" content=\"https:\/\/www.rubicon3adventure.com\/fr\/produit\/regate-de-saint-martin\/\" \/>\n<meta property=\"og:site_name\" content=\"Rubicon 3 Adventure\" \/>\n<meta property=\"article:publisher\" content=\"https:\/\/www.facebook.com\/rubicon3sailing\" \/>\n<meta property=\"og:image\" content=\"https:\/\/www.rubicon3adventure.com\/wp-content\/uploads\/2024\/01\/st-maarten-regatta-header.webp\" \/>\n\t<meta property=\"og:image:width\" content=\"2560\" \/>\n\t<meta property=\"og:image:height\" content=\"1707\" \/>\n\t<meta property=\"og:image:type\" content=\"image\/webp\" \/>\n<meta name=\"twitter:card\" content=\"summary_large_image\" \/>\n<meta name=\"twitter:site\" content=\"@rubicon3sailing\" \/>\n<meta name=\"twitter:label1\" content=\"Dur\u00e9e de lecture estim\u00e9e\" \/>\n\t<meta name=\"twitter:data1\" content=\"3 minutes\" \/>\n<script type=\"application\/ld+json\" class=\"yoast-schema-graph\">{\"@context\":\"https:\\\/\\\/schema.org\",\"@graph\":[{\"@type\":\"WebPage\",\"@id\":\"https:\\\/\\\/www.rubicon3adventure.com\\\/fr\\\/produit\\\/regate-de-saint-martin\\\/\",\"url\":\"https:\\\/\\\/www.rubicon3adventure.com\\\/fr\\\/produit\\\/regate-de-saint-martin\\\/\",\"name\":\"St Maarten Regatta | R\u00e9server une place dans l'\u00e9quipage | D\u00e9butants bienvenus\",\"isPartOf\":{\"@id\":\"https:\\\/\\\/www.rubicon3adventure.com\\\/fr\\\/#website\"},\"primaryImageOfPage\":{\"@id\":\"https:\\\/\\\/www.rubicon3adventure.com\\\/fr\\\/produit\\\/regate-de-saint-martin\\\/#primaryimage\"},\"image\":{\"@id\":\"https:\\\/\\\/www.rubicon3adventure.com\\\/fr\\\/produit\\\/regate-de-saint-martin\\\/#primaryimage\"},\"thumbnailUrl\":\"https:\\\/\\\/www.rubicon3adventure.com\\\/wp-content\\\/uploads\\\/2024\\\/01\\\/st-maarten-regatta-header.webp\",\"datePublished\":\"2024-01-12T14:17:24+00:00\",\"description\":\"St Maarten Regatta : places disponibles pour les \u00e9quipages individuels. Aucune exp\u00e9rience de la course n'est n\u00e9cessaire. B\u00e9n\u00e9ficiez d'une formation compl\u00e8te. Il est r\u00e9put\u00e9 pour son absence de pression et son amabilit\u00e9. Pour en savoir plus, cliquez ici.\",\"breadcrumb\":{\"@id\":\"https:\\\/\\\/www.rubicon3adventure.com\\\/fr\\\/produit\\\/regate-de-saint-martin\\\/#breadcrumb\"},\"inLanguage\":\"fr-FR\",\"potentialAction\":[{\"@type\":\"ReadAction\",\"target\":[\"https:\\\/\\\/www.rubicon3adventure.com\\\/fr\\\/produit\\\/regate-de-saint-martin\\\/\"]}]},{\"@type\":\"ImageObject\",\"inLanguage\":\"fr-FR\",\"@id\":\"https:\\\/\\\/www.rubicon3adventure.com\\\/fr\\\/produit\\\/regate-de-saint-martin\\\/#primaryimage\",\"url\":\"https:\\\/\\\/www.rubicon3adventure.com\\\/wp-content\\\/uploads\\\/2024\\\/01\\\/st-maarten-regatta-header.webp\",\"contentUrl\":\"https:\\\/\\\/www.rubicon3adventure.com\\\/wp-content\\\/uploads\\\/2024\\\/01\\\/st-maarten-regatta-header.webp\",\"width\":2560,\"height\":1707,\"caption\":\"t\u00eate de r\u00e9gate de st maarten\"},{\"@type\":\"BreadcrumbList\",\"@id\":\"https:\\\/\\\/www.rubicon3adventure.com\\\/fr\\\/produit\\\/regate-de-saint-martin\\\/#breadcrumb\",\"itemListElement\":[{\"@type\":\"ListItem\",\"position\":1,\"name\":\"Boutique\",\"item\":\"https:\\\/\\\/www.rubicon3adventure.com\\\/fr\\\/boutique\\\/\"},{\"@type\":\"ListItem\",\"position\":2,\"name\":\"R\u00e9gate de Saint-Martin\"}]},{\"@type\":\"WebSite\",\"@id\":\"https:\\\/\\\/www.rubicon3adventure.com\\\/fr\\\/#website\",\"url\":\"https:\\\/\\\/www.rubicon3adventure.com\\\/fr\\\/\",\"name\":\"Rubicon 3 Adventure\",\"description\":\"\",\"publisher\":{\"@id\":\"https:\\\/\\\/www.rubicon3adventure.com\\\/fr\\\/#organization\"},\"potentialAction\":[{\"@type\":\"SearchAction\",\"target\":{\"@type\":\"EntryPoint\",\"urlTemplate\":\"https:\\\/\\\/www.rubicon3adventure.com\\\/fr\\\/?s={search_term_string}\"},\"query-input\":{\"@type\":\"PropertyValueSpecification\",\"valueRequired\":true,\"valueName\":\"search_term_string\"}}],\"inLanguage\":\"fr-FR\"},{\"@type\":\"Organization\",\"@id\":\"https:\\\/\\\/www.rubicon3adventure.com\\\/fr\\\/#organization\",\"name\":\"Rubicon 3 Adventures\",\"alternateName\":\"Blueco Holdings Ltd\",\"url\":\"https:\\\/\\\/www.rubicon3adventure.com\\\/fr\\\/\",\"logo\":{\"@type\":\"ImageObject\",\"inLanguage\":\"fr-FR\",\"@id\":\"https:\\\/\\\/www.rubicon3adventure.com\\\/fr\\\/#\\\/schema\\\/logo\\\/image\\\/\",\"url\":\"https:\\\/\\\/www.rubicon3adventure.com\\\/wp-content\\\/uploads\\\/2024\\\/03\\\/Rubicon_Schema-Image-scaled.jpg\",\"contentUrl\":\"https:\\\/\\\/www.rubicon3adventure.com\\\/wp-content\\\/uploads\\\/2024\\\/03\\\/Rubicon_Schema-Image-scaled.jpg\",\"width\":2560,\"height\":1554,\"caption\":\"Rubicon 3 Adventures\"},\"image\":{\"@id\":\"https:\\\/\\\/www.rubicon3adventure.com\\\/fr\\\/#\\\/schema\\\/logo\\\/image\\\/\"},\"sameAs\":[\"https:\\\/\\\/www.facebook.com\\\/rubicon3sailing\",\"https:\\\/\\\/x.com\\\/rubicon3sailing\",\"https:\\\/\\\/www.instagram.com\\\/rubicon_3_sailing\\\/\",\"https:\\\/\\\/www.pinterest.co.uk\\\/rubicon3sailing\\\/\",\"https:\\\/\\\/www.youtube.com\\\/channel\\\/UCUVTAy1Qm4lz0uZI_83Um8A\",\"https:\\\/\\\/www.linkedin.com\\\/company\\\/rubicon-3\\\/\"]}]}<\/script>\n<!-- \/ Yoast SEO Premium plugin. -->","yoast_head_json":{"title":"St Maarten Regatta | R\u00e9server une place dans l'\u00e9quipage | D\u00e9butants bienvenus","description":"St Maarten Regatta : places disponibles pour les \u00e9quipages individuels. Aucune exp\u00e9rience de la course n'est n\u00e9cessaire. B\u00e9n\u00e9ficiez d'une formation compl\u00e8te. Il est r\u00e9put\u00e9 pour son absence de pression et son amabilit\u00e9. Pour en savoir plus, cliquez ici.","robots":{"index":"index","follow":"follow","max-snippet":"max-snippet:-1","max-image-preview":"max-image-preview:large","max-video-preview":"max-video-preview:-1"},"canonical":"https:\/\/www.rubicon3adventure.com\/fr\/produit\/regate-de-saint-martin\/","og_locale":"fr_FR","og_type":"article","og_title":"St Maarten Regatta | R\u00e9server une place dans l'\u00e9quipage | D\u00e9butants bienvenus","og_description":"St Maarten Regatta : places disponibles pour les \u00e9quipages individuels. Aucune exp\u00e9rience de la course n'est n\u00e9cessaire. B\u00e9n\u00e9ficiez d'une formation compl\u00e8te. Il est r\u00e9put\u00e9 pour son absence de pression et son amabilit\u00e9. Pour en savoir plus, cliquez ici.","og_url":"https:\/\/www.rubicon3adventure.com\/fr\/produit\/regate-de-saint-martin\/","og_site_name":"Rubicon 3 Adventure","article_publisher":"https:\/\/www.facebook.com\/rubicon3sailing","og_image":[{"width":2560,"height":1707,"url":"https:\/\/www.rubicon3adventure.com\/wp-content\/uploads\/2024\/01\/st-maarten-regatta-header.webp","type":"image\/webp"}],"twitter_card":"summary_large_image","twitter_site":"@rubicon3sailing","twitter_misc":{"Dur\u00e9e de lecture estim\u00e9e":"3 minutes"},"schema":{"@context":"https:\/\/schema.org","@graph":[{"@type":"WebPage","@id":"https:\/\/www.rubicon3adventure.com\/fr\/produit\/regate-de-saint-martin\/","url":"https:\/\/www.rubicon3adventure.com\/fr\/produit\/regate-de-saint-martin\/","name":"St Maarten Regatta | R\u00e9server une place dans l'\u00e9quipage | D\u00e9butants bienvenus","isPartOf":{"@id":"https:\/\/www.rubicon3adventure.com\/fr\/#website"},"primaryImageOfPage":{"@id":"https:\/\/www.rubicon3adventure.com\/fr\/produit\/regate-de-saint-martin\/#primaryimage"},"image":{"@id":"https:\/\/www.rubicon3adventure.com\/fr\/produit\/regate-de-saint-martin\/#primaryimage"},"thumbnailUrl":"https:\/\/www.rubicon3adventure.com\/wp-content\/uploads\/2024\/01\/st-maarten-regatta-header.webp","datePublished":"2024-01-12T14:17:24+00:00","description":"St Maarten Regatta : places disponibles pour les \u00e9quipages individuels. Aucune exp\u00e9rience de la course n'est n\u00e9cessaire. B\u00e9n\u00e9ficiez d'une formation compl\u00e8te. Il est r\u00e9put\u00e9 pour son absence de pression et son amabilit\u00e9. Pour en savoir plus, cliquez ici.","breadcrumb":{"@id":"https:\/\/www.rubicon3adventure.com\/fr\/produit\/regate-de-saint-martin\/#breadcrumb"},"inLanguage":"fr-FR","potentialAction":[{"@type":"ReadAction","target":["https:\/\/www.rubicon3adventure.com\/fr\/produit\/regate-de-saint-martin\/"]}]},{"@type":"ImageObject","inLanguage":"fr-FR","@id":"https:\/\/www.rubicon3adventure.com\/fr\/produit\/regate-de-saint-martin\/#primaryimage","url":"https:\/\/www.rubicon3adventure.com\/wp-content\/uploads\/2024\/01\/st-maarten-regatta-header.webp","contentUrl":"https:\/\/www.rubicon3adventure.com\/wp-content\/uploads\/2024\/01\/st-maarten-regatta-header.webp","width":2560,"height":1707,"caption":"t\u00eate de r\u00e9gate de st maarten"},{"@type":"BreadcrumbList","@id":"https:\/\/www.rubicon3adventure.com\/fr\/produit\/regate-de-saint-martin\/#breadcrumb","itemListElement":[{"@type":"ListItem","position":1,"name":"Boutique","item":"https:\/\/www.rubicon3adventure.com\/fr\/boutique\/"},{"@type":"ListItem","position":2,"name":"R\u00e9gate de Saint-Martin"}]},{"@type":"WebSite","@id":"https:\/\/www.rubicon3adventure.com\/fr\/#website","url":"https:\/\/www.rubicon3adventure.com\/fr\/","name":"Rubicon 3 Adventure","description":"","publisher":{"@id":"https:\/\/www.rubicon3adventure.com\/fr\/#organization"},"potentialAction":[{"@type":"SearchAction","target":{"@type":"EntryPoint","urlTemplate":"https:\/\/www.rubicon3adventure.com\/fr\/?s={search_term_string}"},"query-input":{"@type":"PropertyValueSpecification","valueRequired":true,"valueName":"search_term_string"}}],"inLanguage":"fr-FR"},{"@type":"Organization","@id":"https:\/\/www.rubicon3adventure.com\/fr\/#organization","name":"Rubicon 3 Adventures","alternateName":"Blueco Holdings Ltd","url":"https:\/\/www.rubicon3adventure.com\/fr\/","logo":{"@type":"ImageObject","inLanguage":"fr-FR","@id":"https:\/\/www.rubicon3adventure.com\/fr\/#\/schema\/logo\/image\/","url":"https:\/\/www.rubicon3adventure.com\/wp-content\/uploads\/2024\/03\/Rubicon_Schema-Image-scaled.jpg","contentUrl":"https:\/\/www.rubicon3adventure.com\/wp-content\/uploads\/2024\/03\/Rubicon_Schema-Image-scaled.jpg","width":2560,"height":1554,"caption":"Rubicon 3 Adventures"},"image":{"@id":"https:\/\/www.rubicon3adventure.com\/fr\/#\/schema\/logo\/image\/"},"sameAs":["https:\/\/www.facebook.com\/rubicon3sailing","https:\/\/x.com\/rubicon3sailing","https:\/\/www.instagram.com\/rubicon_3_sailing\/","https:\/\/www.pinterest.co.uk\/rubicon3sailing\/","https:\/\/www.youtube.com\/channel\/UCUVTAy1Qm4lz0uZI_83Um8A","https:\/\/www.linkedin.com\/company\/rubicon-3\/"]}]}},"_links":{"self":[{"href":"https:\/\/www.rubicon3adventure.com\/fr\/wp-json\/wp\/v2\/product\/5237","targetHints":{"allow":["GET"]}}],"collection":[{"href":"https:\/\/www.rubicon3adventure.com\/fr\/wp-json\/wp\/v2\/product"}],"about":[{"href":"https:\/\/www.rubicon3adventure.com\/fr\/wp-json\/wp\/v2\/types\/product"}],"replies":[{"embeddable":true,"href":"https:\/\/www.rubicon3adventure.com\/fr\/wp-json\/wp\/v2\/comments?post=5237"}],"wp:featuredmedia":[{"embeddable":true,"href":"https:\/\/www.rubicon3adventure.com\/fr\/wp-json\/wp\/v2\/media\/3624"}],"wp:attachment":[{"href":"https:\/\/www.rubicon3adventure.com\/fr\/wp-json\/wp\/v2\/media?parent=5237"}],"wp:term":[{"taxonomy":"product_brand","embeddable":true,"href":"https:\/\/www.rubicon3adventure.com\/fr\/wp-json\/wp\/v2\/product_brand?post=5237"},{"taxonomy":"product_cat","embeddable":true,"href":"https:\/\/www.rubicon3adventure.com\/fr\/wp-json\/wp\/v2\/product_cat?post=5237"},{"taxonomy":"product_tag","embeddable":true,"href":"https:\/\/www.rubicon3adventure.com\/fr\/wp-json\/wp\/v2\/product_tag?post=5237"}],"curies":[{"name":"wp","href":"https:\/\/api.w.org\/{rel}","templated":true}]}}