{"id":5242,"date":"2024-01-17T15:51:07","date_gmt":"2024-01-17T15:51:07","guid":{"rendered":"https:\/\/www.rubicon3adventure.com\/product\/traversee-de-latlantique-navigation-celeste\/"},"modified":"2024-01-17T15:51:07","modified_gmt":"2024-01-17T15:51:07","slug":"traversee-de-latlantique-navigation-celeste","status":"publish","type":"product","link":"https:\/\/www.rubicon3adventure.com\/fr\/produit\/traversee-de-latlantique-navigation-celeste\/","title":{"rendered":"Traverser l&#8217;Atlantique en navigation c\u00e9leste"},"content":{"rendered":"<p>Participez \u00e0 une v\u00e9ritable aventure oc\u00e9anique en traversant l&#8217;oc\u00e9an Atlantique, des Cara\u00efbes \u00e0 l&#8217;Angleterre, \u00e0 l&#8217;aide d&#8217;un simple sextant !<\/p>\n<p>Rejoignez l&#8217;\u00e9quipage dans les Cara\u00efbes (le lieu de d\u00e9part change chaque ann\u00e9e, consultez l&#8217;onglet &#8220;Dates et prix&#8221;), o\u00f9 un instructeur expert vous donnera un cours acc\u00e9l\u00e9r\u00e9 de deux jours sur la fa\u00e7on de naviguer en utilisant uniquement le soleil, la lune, les \u00e9toiles et la plan\u00e8te. Vous n&#8217;avez besoin d&#8217;aucune connaissance c\u00e9leste pr\u00e9alable, car nous vous enseignerons \u00e0 partir de z\u00e9ro,<\/p>\n<p>Une fois l&#8217;entra\u00eenement termin\u00e9, notre travers\u00e9e de l&#8217;Atlantique commence par un passage au nord pour passer au-dessus de l&#8217;anticyclone des A\u00e7ores, en visant approximativement les Bermudes. Cela repr\u00e9sente environ 1 000 milles nautiques (nm) au nord. Si le temps le permet, nous nous y arr\u00eaterons peut-\u00eatre pour une journ\u00e9e de d\u00e9tente. Depuis les Bermudes, nous nous dirigeons vers l&#8217;est et parcourons les 2000 milles qui nous s\u00e9parent de l&#8217;archipel volcanique des A\u00e7ores. Une fois de plus, nous esp\u00e9rons nous arr\u00eater pour prendre un peu de repos si nous avons pris de la vitesse, avant de parcourir les 1300 derniers miles qui nous s\u00e9parent de la c\u00f4te sud de l&#8217;Angleterre. Il s&#8217;agit d&#8217;une \u00e9norme aventure, combinant pr\u00e8s de 4 500 milles de navigation en haute mer \u00e0 travers l&#8217;Atlantique Nord et l&#8217;art merveilleux de la navigation c\u00e9leste.<\/p>\n<h5>Pr\u00eat pour l&#8217;aventure d&#8217;une vie avec les experts de la navigation hauturi\u00e8re ?<\/h5>\n<p data-pm-slice=\"1 1 []\">Rubicon 3 est r\u00e9put\u00e9 pour \u00eatre l&#8217;expert de la navigation hauturi\u00e8re, reconnu dans le monde de la voile pour sa grande exp\u00e9rience, sa formation compl\u00e8te et son d\u00e9vouement \u00e0 l&#8217;aventure et \u00e0 la d\u00e9couverte. Notre \u00e9quipe d&#8217;experts, des marins tr\u00e8s exp\u00e9riment\u00e9s dans le domaine des travers\u00e9es oc\u00e9aniques, propose des cours pratiques sur tous les aspects de la navigation hauturi\u00e8re, s&#8217;adressant aussi bien aux d\u00e9butants qu&#8217;aux marins plus exp\u00e9riment\u00e9s.<\/p>\n<p>Ce qui nous distingue, c&#8217;est notre s\u00e9lection d&#8217;itin\u00e9raires uniques, d&#8217;itin\u00e9raires \u00e0 ne pas manquer et d&#8217;itin\u00e9raires moins fr\u00e9quent\u00e9s. Nous vous garantissons une navigation en haute mer et en mer \u00e0 la fois exaltante et pleine de d\u00e9couvertes, \u00e0 bord du bon bateau r\u00e9pondant aux normes de s\u00e9curit\u00e9 les plus strictes et dot\u00e9 de tout l&#8217;\u00e9quipement de s\u00e9curit\u00e9 n\u00e9cessaire. Au c\u0153ur de notre \u00e9thique se trouve un engagement in\u00e9branlable en faveur de la s\u00e9curit\u00e9 et de la durabilit\u00e9 environnementale, garantissant que chaque voyage respecte \u00e0 la fois les marins et la mer. En outre, nous nous concentrons autant sur l&#8217;acquisition de comp\u00e9tences individuelles que sur une \u00e9cole de voile, afin que chacun soit pleinement impliqu\u00e9 dans tous les aspects de la travers\u00e9e. Cette approche holistique a permis \u00e0 Rubicon 3 de se forger une r\u00e9putation d&#8217;expert pour tous ceux qui recherchent le plus haut niveau de navigation hauturi\u00e8re.<\/p>\n<h5>Vous souhaitez vous inscrire ?<\/h5>\n<p>Cliquez sur le bouton Dates et prix pour conna\u00eetre les dates de ce voyage. Il vous fournira \u00e9galement des informations sur les correspondances, notamment sur le lieu de l&#8217;avion et sur le lieu et la date de l&#8217;embarquement.<\/p>\n<p>&nbsp;<\/p>\n","protected":false},"excerpt":{"rendered":"<p>Une aventure unique sur l&#8217;Atlantique, des Cara\u00efbes au Royaume-Uni, en utilisant la navigation c\u00e9leste plut\u00f4t que le GPS. Apprenez des techniques ancestrales, naviguez en haute mer et renouez avec la nature au cours de cette aventure unique.<\/p>\n","protected":false},"featured_media":9631,"comment_status":"closed","ping_status":"closed","template":"","meta":{"_acf_changed":false,"content-type":""},"product_brand":[],"product_cat":[237,279,234,255],"product_tag":[],"class_list":{"0":"post-5242","1":"product","2":"type-product","3":"status-publish","4":"has-post-thumbnail","6":"product_cat-caraibes-et-ameriques","7":"product_cat-vacances-de-voile-au-soleil-dhiver","8":"product_cat-vacances-en-voilier-daventure","9":"product_cat-en-haute-mer","10":"trip_region-caraibes-et-ameriques","11":"trip_region-europe-et-baltique","12":"trip_region-royaume-uni-et-irlande","13":"trip_type-hauturier","14":"trip_duration-17-jours-et-plus","16":"first","17":"instock","18":"shipping-taxable","19":"purchasable","20":"product-type-variable"},"acf":[],"yoast_head":"<!-- This site is optimized with the Yoast SEO Premium plugin v27.3 (Yoast SEO v27.4) - https:\/\/yoast.com\/product\/yoast-seo-premium-wordpress\/ -->\n<title>Voyage de navigation c\u00e9leste dans l&#039;Atlantique : Des Bahamas au Royaume-Uni<\/title>\n<meta name=\"description\" content=\"Naviguez sur l&#039;Atlantique des Bahamas \u00e0 l&#039;Angleterre en utilisant la navigation c\u00e9leste. Des cours dispens\u00e9s par des experts, une expertise offshore de premier plan. R\u00e9servez votre aventure d\u00e8s maintenant !\" \/>\n<meta name=\"robots\" content=\"index, follow, max-snippet:-1, max-image-preview:large, max-video-preview:-1\" \/>\n<link rel=\"canonical\" href=\"https:\/\/www.rubicon3adventure.com\/fr\/produit\/traversee-de-latlantique-navigation-celeste\/\" \/>\n<meta property=\"og:locale\" content=\"fr_FR\" \/>\n<meta property=\"og:type\" content=\"article\" \/>\n<meta property=\"og:title\" content=\"Voyage de navigation c\u00e9leste dans l&#039;Atlantique : Des Bahamas au Royaume-Uni\" \/>\n<meta property=\"og:description\" content=\"Naviguez sur l&#039;Atlantique des Bahamas \u00e0 l&#039;Angleterre en utilisant la navigation c\u00e9leste. Des cours dispens\u00e9s par des experts, une expertise offshore de premier plan. R\u00e9servez votre aventure d\u00e8s maintenant !\" \/>\n<meta property=\"og:url\" content=\"https:\/\/www.rubicon3adventure.com\/fr\/produit\/traversee-de-latlantique-navigation-celeste\/\" \/>\n<meta property=\"og:site_name\" content=\"Rubicon 3 Adventure\" \/>\n<meta property=\"article:publisher\" content=\"https:\/\/www.facebook.com\/rubicon3sailing\" \/>\n<meta property=\"og:image\" content=\"https:\/\/www.rubicon3adventure.com\/wp-content\/uploads\/2024\/01\/celestial-atlantic-.webp\" \/>\n\t<meta property=\"og:image:width\" content=\"2242\" \/>\n\t<meta property=\"og:image:height\" content=\"1496\" \/>\n\t<meta property=\"og:image:type\" content=\"image\/webp\" \/>\n<meta name=\"twitter:card\" content=\"summary_large_image\" \/>\n<meta name=\"twitter:site\" content=\"@rubicon3sailing\" \/>\n<meta name=\"twitter:label1\" content=\"Dur\u00e9e de lecture estim\u00e9e\" \/>\n\t<meta name=\"twitter:data1\" content=\"3 minutes\" \/>\n<script type=\"application\/ld+json\" class=\"yoast-schema-graph\">{\"@context\":\"https:\\\/\\\/schema.org\",\"@graph\":[{\"@type\":\"WebPage\",\"@id\":\"https:\\\/\\\/www.rubicon3adventure.com\\\/fr\\\/produit\\\/traversee-de-latlantique-navigation-celeste\\\/\",\"url\":\"https:\\\/\\\/www.rubicon3adventure.com\\\/fr\\\/produit\\\/traversee-de-latlantique-navigation-celeste\\\/\",\"name\":\"Voyage de navigation c\u00e9leste dans l'Atlantique : Des Bahamas au Royaume-Uni\",\"isPartOf\":{\"@id\":\"https:\\\/\\\/www.rubicon3adventure.com\\\/fr\\\/#website\"},\"primaryImageOfPage\":{\"@id\":\"https:\\\/\\\/www.rubicon3adventure.com\\\/fr\\\/produit\\\/traversee-de-latlantique-navigation-celeste\\\/#primaryimage\"},\"image\":{\"@id\":\"https:\\\/\\\/www.rubicon3adventure.com\\\/fr\\\/produit\\\/traversee-de-latlantique-navigation-celeste\\\/#primaryimage\"},\"thumbnailUrl\":\"https:\\\/\\\/www.rubicon3adventure.com\\\/wp-content\\\/uploads\\\/2024\\\/01\\\/crew_onboard_sara_sextant-2560.webp\",\"datePublished\":\"2024-01-17T15:51:07+00:00\",\"description\":\"Naviguez sur l'Atlantique des Bahamas \u00e0 l'Angleterre en utilisant la navigation c\u00e9leste. Des cours dispens\u00e9s par des experts, une expertise offshore de premier plan. R\u00e9servez votre aventure d\u00e8s maintenant !\",\"breadcrumb\":{\"@id\":\"https:\\\/\\\/www.rubicon3adventure.com\\\/fr\\\/produit\\\/traversee-de-latlantique-navigation-celeste\\\/#breadcrumb\"},\"inLanguage\":\"fr-FR\",\"potentialAction\":[{\"@type\":\"ReadAction\",\"target\":[\"https:\\\/\\\/www.rubicon3adventure.com\\\/fr\\\/produit\\\/traversee-de-latlantique-navigation-celeste\\\/\"]}]},{\"@type\":\"ImageObject\",\"inLanguage\":\"fr-FR\",\"@id\":\"https:\\\/\\\/www.rubicon3adventure.com\\\/fr\\\/produit\\\/traversee-de-latlantique-navigation-celeste\\\/#primaryimage\",\"url\":\"https:\\\/\\\/www.rubicon3adventure.com\\\/wp-content\\\/uploads\\\/2024\\\/01\\\/crew_onboard_sara_sextant-2560.webp\",\"contentUrl\":\"https:\\\/\\\/www.rubicon3adventure.com\\\/wp-content\\\/uploads\\\/2024\\\/01\\\/crew_onboard_sara_sextant-2560.webp\",\"width\":2560,\"height\":1440,\"caption\":\"Sextant mid atlantic ocean\"},{\"@type\":\"BreadcrumbList\",\"@id\":\"https:\\\/\\\/www.rubicon3adventure.com\\\/fr\\\/produit\\\/traversee-de-latlantique-navigation-celeste\\\/#breadcrumb\",\"itemListElement\":[{\"@type\":\"ListItem\",\"position\":1,\"name\":\"Boutique\",\"item\":\"https:\\\/\\\/www.rubicon3adventure.com\\\/fr\\\/boutique\\\/\"},{\"@type\":\"ListItem\",\"position\":2,\"name\":\"Traverser l&#8217;Atlantique en navigation c\u00e9leste\"}]},{\"@type\":\"WebSite\",\"@id\":\"https:\\\/\\\/www.rubicon3adventure.com\\\/fr\\\/#website\",\"url\":\"https:\\\/\\\/www.rubicon3adventure.com\\\/fr\\\/\",\"name\":\"Rubicon 3 Adventure\",\"description\":\"\",\"publisher\":{\"@id\":\"https:\\\/\\\/www.rubicon3adventure.com\\\/fr\\\/#organization\"},\"potentialAction\":[{\"@type\":\"SearchAction\",\"target\":{\"@type\":\"EntryPoint\",\"urlTemplate\":\"https:\\\/\\\/www.rubicon3adventure.com\\\/fr\\\/?s={search_term_string}\"},\"query-input\":{\"@type\":\"PropertyValueSpecification\",\"valueRequired\":true,\"valueName\":\"search_term_string\"}}],\"inLanguage\":\"fr-FR\"},{\"@type\":\"Organization\",\"@id\":\"https:\\\/\\\/www.rubicon3adventure.com\\\/fr\\\/#organization\",\"name\":\"Rubicon 3 Adventures\",\"alternateName\":\"Blueco Holdings Ltd\",\"url\":\"https:\\\/\\\/www.rubicon3adventure.com\\\/fr\\\/\",\"logo\":{\"@type\":\"ImageObject\",\"inLanguage\":\"fr-FR\",\"@id\":\"https:\\\/\\\/www.rubicon3adventure.com\\\/fr\\\/#\\\/schema\\\/logo\\\/image\\\/\",\"url\":\"https:\\\/\\\/www.rubicon3adventure.com\\\/wp-content\\\/uploads\\\/2024\\\/03\\\/Rubicon_Schema-Image-scaled.jpg\",\"contentUrl\":\"https:\\\/\\\/www.rubicon3adventure.com\\\/wp-content\\\/uploads\\\/2024\\\/03\\\/Rubicon_Schema-Image-scaled.jpg\",\"width\":2560,\"height\":1554,\"caption\":\"Rubicon 3 Adventures\"},\"image\":{\"@id\":\"https:\\\/\\\/www.rubicon3adventure.com\\\/fr\\\/#\\\/schema\\\/logo\\\/image\\\/\"},\"sameAs\":[\"https:\\\/\\\/www.facebook.com\\\/rubicon3sailing\",\"https:\\\/\\\/x.com\\\/rubicon3sailing\",\"https:\\\/\\\/www.instagram.com\\\/rubicon_3_sailing\\\/\",\"https:\\\/\\\/www.pinterest.co.uk\\\/rubicon3sailing\\\/\",\"https:\\\/\\\/www.youtube.com\\\/channel\\\/UCUVTAy1Qm4lz0uZI_83Um8A\",\"https:\\\/\\\/www.linkedin.com\\\/company\\\/rubicon-3\\\/\"]}]}<\/script>\n<!-- \/ Yoast SEO Premium plugin. -->","yoast_head_json":{"title":"Voyage de navigation c\u00e9leste dans l'Atlantique : Des Bahamas au Royaume-Uni","description":"Naviguez sur l'Atlantique des Bahamas \u00e0 l'Angleterre en utilisant la navigation c\u00e9leste. Des cours dispens\u00e9s par des experts, une expertise offshore de premier plan. R\u00e9servez votre aventure d\u00e8s maintenant !","robots":{"index":"index","follow":"follow","max-snippet":"max-snippet:-1","max-image-preview":"max-image-preview:large","max-video-preview":"max-video-preview:-1"},"canonical":"https:\/\/www.rubicon3adventure.com\/fr\/produit\/traversee-de-latlantique-navigation-celeste\/","og_locale":"fr_FR","og_type":"article","og_title":"Voyage de navigation c\u00e9leste dans l'Atlantique : Des Bahamas au Royaume-Uni","og_description":"Naviguez sur l'Atlantique des Bahamas \u00e0 l'Angleterre en utilisant la navigation c\u00e9leste. Des cours dispens\u00e9s par des experts, une expertise offshore de premier plan. R\u00e9servez votre aventure d\u00e8s maintenant !","og_url":"https:\/\/www.rubicon3adventure.com\/fr\/produit\/traversee-de-latlantique-navigation-celeste\/","og_site_name":"Rubicon 3 Adventure","article_publisher":"https:\/\/www.facebook.com\/rubicon3sailing","og_image":[{"width":2242,"height":1496,"url":"https:\/\/www.rubicon3adventure.com\/wp-content\/uploads\/2024\/01\/celestial-atlantic-.webp","type":"image\/webp"}],"twitter_card":"summary_large_image","twitter_site":"@rubicon3sailing","twitter_misc":{"Dur\u00e9e de lecture estim\u00e9e":"3 minutes"},"schema":{"@context":"https:\/\/schema.org","@graph":[{"@type":"WebPage","@id":"https:\/\/www.rubicon3adventure.com\/fr\/produit\/traversee-de-latlantique-navigation-celeste\/","url":"https:\/\/www.rubicon3adventure.com\/fr\/produit\/traversee-de-latlantique-navigation-celeste\/","name":"Voyage de navigation c\u00e9leste dans l'Atlantique : Des Bahamas au Royaume-Uni","isPartOf":{"@id":"https:\/\/www.rubicon3adventure.com\/fr\/#website"},"primaryImageOfPage":{"@id":"https:\/\/www.rubicon3adventure.com\/fr\/produit\/traversee-de-latlantique-navigation-celeste\/#primaryimage"},"image":{"@id":"https:\/\/www.rubicon3adventure.com\/fr\/produit\/traversee-de-latlantique-navigation-celeste\/#primaryimage"},"thumbnailUrl":"https:\/\/www.rubicon3adventure.com\/wp-content\/uploads\/2024\/01\/crew_onboard_sara_sextant-2560.webp","datePublished":"2024-01-17T15:51:07+00:00","description":"Naviguez sur l'Atlantique des Bahamas \u00e0 l'Angleterre en utilisant la navigation c\u00e9leste. Des cours dispens\u00e9s par des experts, une expertise offshore de premier plan. R\u00e9servez votre aventure d\u00e8s maintenant !","breadcrumb":{"@id":"https:\/\/www.rubicon3adventure.com\/fr\/produit\/traversee-de-latlantique-navigation-celeste\/#breadcrumb"},"inLanguage":"fr-FR","potentialAction":[{"@type":"ReadAction","target":["https:\/\/www.rubicon3adventure.com\/fr\/produit\/traversee-de-latlantique-navigation-celeste\/"]}]},{"@type":"ImageObject","inLanguage":"fr-FR","@id":"https:\/\/www.rubicon3adventure.com\/fr\/produit\/traversee-de-latlantique-navigation-celeste\/#primaryimage","url":"https:\/\/www.rubicon3adventure.com\/wp-content\/uploads\/2024\/01\/crew_onboard_sara_sextant-2560.webp","contentUrl":"https:\/\/www.rubicon3adventure.com\/wp-content\/uploads\/2024\/01\/crew_onboard_sara_sextant-2560.webp","width":2560,"height":1440,"caption":"Sextant mid atlantic ocean"},{"@type":"BreadcrumbList","@id":"https:\/\/www.rubicon3adventure.com\/fr\/produit\/traversee-de-latlantique-navigation-celeste\/#breadcrumb","itemListElement":[{"@type":"ListItem","position":1,"name":"Boutique","item":"https:\/\/www.rubicon3adventure.com\/fr\/boutique\/"},{"@type":"ListItem","position":2,"name":"Traverser l&#8217;Atlantique en navigation c\u00e9leste"}]},{"@type":"WebSite","@id":"https:\/\/www.rubicon3adventure.com\/fr\/#website","url":"https:\/\/www.rubicon3adventure.com\/fr\/","name":"Rubicon 3 Adventure","description":"","publisher":{"@id":"https:\/\/www.rubicon3adventure.com\/fr\/#organization"},"potentialAction":[{"@type":"SearchAction","target":{"@type":"EntryPoint","urlTemplate":"https:\/\/www.rubicon3adventure.com\/fr\/?s={search_term_string}"},"query-input":{"@type":"PropertyValueSpecification","valueRequired":true,"valueName":"search_term_string"}}],"inLanguage":"fr-FR"},{"@type":"Organization","@id":"https:\/\/www.rubicon3adventure.com\/fr\/#organization","name":"Rubicon 3 Adventures","alternateName":"Blueco Holdings Ltd","url":"https:\/\/www.rubicon3adventure.com\/fr\/","logo":{"@type":"ImageObject","inLanguage":"fr-FR","@id":"https:\/\/www.rubicon3adventure.com\/fr\/#\/schema\/logo\/image\/","url":"https:\/\/www.rubicon3adventure.com\/wp-content\/uploads\/2024\/03\/Rubicon_Schema-Image-scaled.jpg","contentUrl":"https:\/\/www.rubicon3adventure.com\/wp-content\/uploads\/2024\/03\/Rubicon_Schema-Image-scaled.jpg","width":2560,"height":1554,"caption":"Rubicon 3 Adventures"},"image":{"@id":"https:\/\/www.rubicon3adventure.com\/fr\/#\/schema\/logo\/image\/"},"sameAs":["https:\/\/www.facebook.com\/rubicon3sailing","https:\/\/x.com\/rubicon3sailing","https:\/\/www.instagram.com\/rubicon_3_sailing\/","https:\/\/www.pinterest.co.uk\/rubicon3sailing\/","https:\/\/www.youtube.com\/channel\/UCUVTAy1Qm4lz0uZI_83Um8A","https:\/\/www.linkedin.com\/company\/rubicon-3\/"]}]}},"_links":{"self":[{"href":"https:\/\/www.rubicon3adventure.com\/fr\/wp-json\/wp\/v2\/product\/5242","targetHints":{"allow":["GET"]}}],"collection":[{"href":"https:\/\/www.rubicon3adventure.com\/fr\/wp-json\/wp\/v2\/product"}],"about":[{"href":"https:\/\/www.rubicon3adventure.com\/fr\/wp-json\/wp\/v2\/types\/product"}],"replies":[{"embeddable":true,"href":"https:\/\/www.rubicon3adventure.com\/fr\/wp-json\/wp\/v2\/comments?post=5242"}],"wp:featuredmedia":[{"embeddable":true,"href":"https:\/\/www.rubicon3adventure.com\/fr\/wp-json\/wp\/v2\/media\/9631"}],"wp:attachment":[{"href":"https:\/\/www.rubicon3adventure.com\/fr\/wp-json\/wp\/v2\/media?parent=5242"}],"wp:term":[{"taxonomy":"product_brand","embeddable":true,"href":"https:\/\/www.rubicon3adventure.com\/fr\/wp-json\/wp\/v2\/product_brand?post=5242"},{"taxonomy":"product_cat","embeddable":true,"href":"https:\/\/www.rubicon3adventure.com\/fr\/wp-json\/wp\/v2\/product_cat?post=5242"},{"taxonomy":"product_tag","embeddable":true,"href":"https:\/\/www.rubicon3adventure.com\/fr\/wp-json\/wp\/v2\/product_tag?post=5242"}],"curies":[{"name":"wp","href":"https:\/\/api.w.org\/{rel}","templated":true}]}}