{"id":5299,"date":"2024-02-01T15:48:12","date_gmt":"2024-02-01T15:48:12","guid":{"rendered":"https:\/\/www.rubicon3adventure.com\/product\/trolls-geants-elfes-ecosse-iles-feroe\/"},"modified":"2024-02-01T15:48:12","modified_gmt":"2024-02-01T15:48:12","slug":"trolls-geants-elfes-ecosse-iles-feroe","status":"publish","type":"product","link":"https:\/\/www.rubicon3adventure.com\/fr\/produit\/trolls-geants-elfes-ecosse-iles-feroe\/","title":{"rendered":"Trolls, g\u00e9ants et elfes : \u00c9cosse et \u00eeles F\u00e9ro\u00e9"},"content":{"rendered":"<p><span data-preserver-spaces=\"true\">D\u00e9couvrez certaines des \u00eeles les plus sauvages et les plus belles du monde en naviguant entre la c\u00f4te ouest de l&#8217;\u00c9cosse et l&#8217;archipel volcanique des \u00eeles F\u00e9ro\u00e9. L&#8217;\u00c9cosse est un monde de mouillages paisibles, de ports charmants, de distilleries de whisky c\u00e9l\u00e8bres dans le monde entier et d&#8217;une histoire mill\u00e9naire. Les \u00eeles F\u00e9ro\u00e9, situ\u00e9es entre l&#8217;\u00c9cosse, l&#8217;Islande et la Norv\u00e8ge, sont un archipel \u00e0 couper le souffle, avec des falaises imposantes entour\u00e9es de macareux, de p\u00e9trels, de baleines et de dauphins. Des maisons couvertes d&#8217;herbe c\u00f4toient des phares embl\u00e9matiques et des habitations fascinantes. Nous effectuons une exaltante navigation hauturi\u00e8re de 36 heures entre les \u00eeles F\u00e9ro\u00e9 et l&#8217;\u00c9cosse, ce qui donne un aper\u00e7u unique des passages oc\u00e9aniques.<\/span><\/p>\n<h5><span data-preserver-spaces=\"true\">Vous \u00eates pr\u00eat \u00e0 faire le voyage de votre vie avec les meilleurs marins d&#8217;aventure d&#8217;Europe ?<\/span><\/h5>\n<p><span data-preserver-spaces=\"true\">Les exp\u00e9ditions Rubicon 3 sont de v\u00e9ritables aventures \u00e0 la voile plut\u00f4t que des vacances de luxe. Selon l&#8217;itin\u00e9raire choisi, vous serez hors des sentiers battus, peut-\u00eatre en pleine mer, et vous naviguerez vers des endroits isol\u00e9s et magnifiques que vous explorerez. Les instructeurs experts de Rubicon 3 vous formeront et veilleront \u00e0 ce que vous participiez pleinement \u00e0 tous les aspects de l&#8217;exp\u00e9rience, y compris la navigation, la barre, le r\u00e9glage des voiles, la cuisine et l&#8217;entretien du voilier. En tant que v\u00e9ritable aventure \u00e0 la voile, elle est bien moins pr\u00e9visible (et bien meilleure !) qu&#8217;une exp\u00e9rience packag\u00e9e, avec des itin\u00e9raires planifi\u00e9s au jour le jour et fa\u00e7onn\u00e9s par les circonstances locales et la m\u00e9t\u00e9o. Pour participer \u00e0 l&#8217;aventure, l&#8217;\u00e9quipage doit avoir la bonne attitude, l&#8217;esprit ouvert et le d\u00e9sir de s&#8217;impliquer pleinement.<\/span><\/p>\n<h5><span data-preserver-spaces=\"true\">Vous souhaitez vous inscrire ?<\/span><\/h5>\n<p><span data-preserver-spaces=\"true\">Cliquez sur le bouton Dates et prix pour conna\u00eetre les dates de ce voyage. Il vous fournira \u00e9galement des informations sur les correspondances, notamment sur le lieu de l&#8217;avion et sur le lieu et la date de l&#8217;embarquement.<\/span><\/p>\n","protected":false},"excerpt":{"rendered":"<p>Une v\u00e9ritable aventure en naviguant entre la c\u00f4te ouest de l&#8217;\u00c9cosse et les \u00eeles F\u00e9ro\u00e9. Un voyage inoubliable \u00e0 travers des paysages \u00e0 couper le souffle.<\/p>\n","protected":false},"featured_media":8249,"comment_status":"closed","ping_status":"closed","template":"","meta":{"_acf_changed":false,"content-type":""},"product_brand":[],"product_cat":[240,252,264,261,234],"product_tag":[],"class_list":{"0":"post-5299","1":"product","2":"type-product","3":"status-publish","4":"has-post-thumbnail","6":"product_cat-cotier","7":"product_cat-norvege-islande-et-larctique","8":"product_cat-offres-de-derniere-minute","9":"product_cat-royaume-uni-irlande","10":"product_cat-vacances-en-voilier-daventure","11":"trip_region-europe-et-baltique","12":"trip_region-royaume-uni-et-irlande","13":"trip_type-cotier","14":"trip_type-hauturier","15":"trip_duration-11-16-jours","17":"first","18":"instock","19":"shipping-taxable","20":"purchasable","21":"product-type-variable"},"acf":[],"yoast_head":"<!-- This site is optimized with the Yoast SEO Premium plugin v27.3 (Yoast SEO v27.4) - https:\/\/yoast.com\/product\/yoast-seo-premium-wordpress\/ -->\n<title>Voile d&#039;aventure palpitante entre l&#039;\u00c9cosse et les \u00eeles F\u00e9ro\u00e9<\/title>\n<meta name=\"description\" content=\"Une v\u00e9ritable aventure \u00e0 la voile entre la c\u00f4te ouest de l&#039;\u00c9cosse et les \u00eeles F\u00e9ro\u00e9. Un voyage inoubliable \u00e0 travers des paysages \u00e0 couper le souffle. Les \u00e9quipages solitaires sont les bienvenus.\" \/>\n<meta name=\"robots\" content=\"index, follow, max-snippet:-1, max-image-preview:large, max-video-preview:-1\" \/>\n<link rel=\"canonical\" href=\"https:\/\/www.rubicon3adventure.com\/fr\/produit\/trolls-geants-elfes-ecosse-iles-feroe\/\" \/>\n<meta property=\"og:locale\" content=\"fr_FR\" \/>\n<meta property=\"og:type\" content=\"article\" \/>\n<meta property=\"og:title\" content=\"Voile d&#039;aventure palpitante entre l&#039;\u00c9cosse et les \u00eeles F\u00e9ro\u00e9\" \/>\n<meta property=\"og:description\" content=\"Une v\u00e9ritable aventure \u00e0 la voile entre la c\u00f4te ouest de l&#039;\u00c9cosse et les \u00eeles F\u00e9ro\u00e9. Un voyage inoubliable \u00e0 travers des paysages \u00e0 couper le souffle. Les \u00e9quipages solitaires sont les bienvenus.\" \/>\n<meta property=\"og:url\" content=\"https:\/\/www.rubicon3adventure.com\/fr\/produit\/trolls-geants-elfes-ecosse-iles-feroe\/\" \/>\n<meta property=\"og:site_name\" content=\"Rubicon 3 Adventure\" \/>\n<meta property=\"article:publisher\" content=\"https:\/\/www.facebook.com\/rubicon3sailing\" \/>\n<meta property=\"og:image\" content=\"https:\/\/www.rubicon3adventure.com\/wp-content\/uploads\/2024\/02\/faroes-2560-conde-scaled.webp\" \/>\n\t<meta property=\"og:image:width\" content=\"2560\" \/>\n\t<meta property=\"og:image:height\" content=\"1440\" \/>\n\t<meta property=\"og:image:type\" content=\"image\/webp\" \/>\n<meta name=\"twitter:card\" content=\"summary_large_image\" \/>\n<meta name=\"twitter:site\" content=\"@rubicon3sailing\" \/>\n<meta name=\"twitter:label1\" content=\"Dur\u00e9e de lecture estim\u00e9e\" \/>\n\t<meta name=\"twitter:data1\" content=\"2 minutes\" \/>\n<script type=\"application\/ld+json\" class=\"yoast-schema-graph\">{\"@context\":\"https:\\\/\\\/schema.org\",\"@graph\":[{\"@type\":\"WebPage\",\"@id\":\"https:\\\/\\\/www.rubicon3adventure.com\\\/fr\\\/produit\\\/trolls-geants-elfes-ecosse-iles-feroe\\\/\",\"url\":\"https:\\\/\\\/www.rubicon3adventure.com\\\/fr\\\/produit\\\/trolls-geants-elfes-ecosse-iles-feroe\\\/\",\"name\":\"Voile d'aventure palpitante entre l'\u00c9cosse et les \u00eeles F\u00e9ro\u00e9\",\"isPartOf\":{\"@id\":\"https:\\\/\\\/www.rubicon3adventure.com\\\/fr\\\/#website\"},\"primaryImageOfPage\":{\"@id\":\"https:\\\/\\\/www.rubicon3adventure.com\\\/fr\\\/produit\\\/trolls-geants-elfes-ecosse-iles-feroe\\\/#primaryimage\"},\"image\":{\"@id\":\"https:\\\/\\\/www.rubicon3adventure.com\\\/fr\\\/produit\\\/trolls-geants-elfes-ecosse-iles-feroe\\\/#primaryimage\"},\"thumbnailUrl\":\"https:\\\/\\\/www.rubicon3adventure.com\\\/wp-content\\\/uploads\\\/2024\\\/02\\\/FIslands-2560.webp\",\"datePublished\":\"2024-02-01T15:48:12+00:00\",\"description\":\"Une v\u00e9ritable aventure \u00e0 la voile entre la c\u00f4te ouest de l'\u00c9cosse et les \u00eeles F\u00e9ro\u00e9. Un voyage inoubliable \u00e0 travers des paysages \u00e0 couper le souffle. Les \u00e9quipages solitaires sont les bienvenus.\",\"breadcrumb\":{\"@id\":\"https:\\\/\\\/www.rubicon3adventure.com\\\/fr\\\/produit\\\/trolls-geants-elfes-ecosse-iles-feroe\\\/#breadcrumb\"},\"inLanguage\":\"fr-FR\",\"potentialAction\":[{\"@type\":\"ReadAction\",\"target\":[\"https:\\\/\\\/www.rubicon3adventure.com\\\/fr\\\/produit\\\/trolls-geants-elfes-ecosse-iles-feroe\\\/\"]}]},{\"@type\":\"ImageObject\",\"inLanguage\":\"fr-FR\",\"@id\":\"https:\\\/\\\/www.rubicon3adventure.com\\\/fr\\\/produit\\\/trolls-geants-elfes-ecosse-iles-feroe\\\/#primaryimage\",\"url\":\"https:\\\/\\\/www.rubicon3adventure.com\\\/wp-content\\\/uploads\\\/2024\\\/02\\\/FIslands-2560.webp\",\"contentUrl\":\"https:\\\/\\\/www.rubicon3adventure.com\\\/wp-content\\\/uploads\\\/2024\\\/02\\\/FIslands-2560.webp\",\"width\":2560,\"height\":1440,\"caption\":\"Sailing Faroe Islands\"},{\"@type\":\"BreadcrumbList\",\"@id\":\"https:\\\/\\\/www.rubicon3adventure.com\\\/fr\\\/produit\\\/trolls-geants-elfes-ecosse-iles-feroe\\\/#breadcrumb\",\"itemListElement\":[{\"@type\":\"ListItem\",\"position\":1,\"name\":\"Boutique\",\"item\":\"https:\\\/\\\/www.rubicon3adventure.com\\\/fr\\\/boutique\\\/\"},{\"@type\":\"ListItem\",\"position\":2,\"name\":\"Trolls, g\u00e9ants et elfes : \u00c9cosse et \u00eeles F\u00e9ro\u00e9\"}]},{\"@type\":\"WebSite\",\"@id\":\"https:\\\/\\\/www.rubicon3adventure.com\\\/fr\\\/#website\",\"url\":\"https:\\\/\\\/www.rubicon3adventure.com\\\/fr\\\/\",\"name\":\"Rubicon 3 Adventure\",\"description\":\"\",\"publisher\":{\"@id\":\"https:\\\/\\\/www.rubicon3adventure.com\\\/fr\\\/#organization\"},\"potentialAction\":[{\"@type\":\"SearchAction\",\"target\":{\"@type\":\"EntryPoint\",\"urlTemplate\":\"https:\\\/\\\/www.rubicon3adventure.com\\\/fr\\\/?s={search_term_string}\"},\"query-input\":{\"@type\":\"PropertyValueSpecification\",\"valueRequired\":true,\"valueName\":\"search_term_string\"}}],\"inLanguage\":\"fr-FR\"},{\"@type\":\"Organization\",\"@id\":\"https:\\\/\\\/www.rubicon3adventure.com\\\/fr\\\/#organization\",\"name\":\"Rubicon 3 Adventures\",\"alternateName\":\"Blueco Holdings Ltd\",\"url\":\"https:\\\/\\\/www.rubicon3adventure.com\\\/fr\\\/\",\"logo\":{\"@type\":\"ImageObject\",\"inLanguage\":\"fr-FR\",\"@id\":\"https:\\\/\\\/www.rubicon3adventure.com\\\/fr\\\/#\\\/schema\\\/logo\\\/image\\\/\",\"url\":\"https:\\\/\\\/www.rubicon3adventure.com\\\/wp-content\\\/uploads\\\/2024\\\/03\\\/Rubicon_Schema-Image-scaled.jpg\",\"contentUrl\":\"https:\\\/\\\/www.rubicon3adventure.com\\\/wp-content\\\/uploads\\\/2024\\\/03\\\/Rubicon_Schema-Image-scaled.jpg\",\"width\":2560,\"height\":1554,\"caption\":\"Rubicon 3 Adventures\"},\"image\":{\"@id\":\"https:\\\/\\\/www.rubicon3adventure.com\\\/fr\\\/#\\\/schema\\\/logo\\\/image\\\/\"},\"sameAs\":[\"https:\\\/\\\/www.facebook.com\\\/rubicon3sailing\",\"https:\\\/\\\/x.com\\\/rubicon3sailing\",\"https:\\\/\\\/www.instagram.com\\\/rubicon_3_sailing\\\/\",\"https:\\\/\\\/www.pinterest.co.uk\\\/rubicon3sailing\\\/\",\"https:\\\/\\\/www.youtube.com\\\/channel\\\/UCUVTAy1Qm4lz0uZI_83Um8A\",\"https:\\\/\\\/www.linkedin.com\\\/company\\\/rubicon-3\\\/\"]}]}<\/script>\n<!-- \/ Yoast SEO Premium plugin. -->","yoast_head_json":{"title":"Voile d'aventure palpitante entre l'\u00c9cosse et les \u00eeles F\u00e9ro\u00e9","description":"Une v\u00e9ritable aventure \u00e0 la voile entre la c\u00f4te ouest de l'\u00c9cosse et les \u00eeles F\u00e9ro\u00e9. Un voyage inoubliable \u00e0 travers des paysages \u00e0 couper le souffle. Les \u00e9quipages solitaires sont les bienvenus.","robots":{"index":"index","follow":"follow","max-snippet":"max-snippet:-1","max-image-preview":"max-image-preview:large","max-video-preview":"max-video-preview:-1"},"canonical":"https:\/\/www.rubicon3adventure.com\/fr\/produit\/trolls-geants-elfes-ecosse-iles-feroe\/","og_locale":"fr_FR","og_type":"article","og_title":"Voile d'aventure palpitante entre l'\u00c9cosse et les \u00eeles F\u00e9ro\u00e9","og_description":"Une v\u00e9ritable aventure \u00e0 la voile entre la c\u00f4te ouest de l'\u00c9cosse et les \u00eeles F\u00e9ro\u00e9. Un voyage inoubliable \u00e0 travers des paysages \u00e0 couper le souffle. Les \u00e9quipages solitaires sont les bienvenus.","og_url":"https:\/\/www.rubicon3adventure.com\/fr\/produit\/trolls-geants-elfes-ecosse-iles-feroe\/","og_site_name":"Rubicon 3 Adventure","article_publisher":"https:\/\/www.facebook.com\/rubicon3sailing","og_image":[{"width":2560,"height":1440,"url":"https:\/\/www.rubicon3adventure.com\/wp-content\/uploads\/2024\/02\/faroes-2560-conde-scaled.webp","type":"image\/webp"}],"twitter_card":"summary_large_image","twitter_site":"@rubicon3sailing","twitter_misc":{"Dur\u00e9e de lecture estim\u00e9e":"2 minutes"},"schema":{"@context":"https:\/\/schema.org","@graph":[{"@type":"WebPage","@id":"https:\/\/www.rubicon3adventure.com\/fr\/produit\/trolls-geants-elfes-ecosse-iles-feroe\/","url":"https:\/\/www.rubicon3adventure.com\/fr\/produit\/trolls-geants-elfes-ecosse-iles-feroe\/","name":"Voile d'aventure palpitante entre l'\u00c9cosse et les \u00eeles F\u00e9ro\u00e9","isPartOf":{"@id":"https:\/\/www.rubicon3adventure.com\/fr\/#website"},"primaryImageOfPage":{"@id":"https:\/\/www.rubicon3adventure.com\/fr\/produit\/trolls-geants-elfes-ecosse-iles-feroe\/#primaryimage"},"image":{"@id":"https:\/\/www.rubicon3adventure.com\/fr\/produit\/trolls-geants-elfes-ecosse-iles-feroe\/#primaryimage"},"thumbnailUrl":"https:\/\/www.rubicon3adventure.com\/wp-content\/uploads\/2024\/02\/FIslands-2560.webp","datePublished":"2024-02-01T15:48:12+00:00","description":"Une v\u00e9ritable aventure \u00e0 la voile entre la c\u00f4te ouest de l'\u00c9cosse et les \u00eeles F\u00e9ro\u00e9. Un voyage inoubliable \u00e0 travers des paysages \u00e0 couper le souffle. Les \u00e9quipages solitaires sont les bienvenus.","breadcrumb":{"@id":"https:\/\/www.rubicon3adventure.com\/fr\/produit\/trolls-geants-elfes-ecosse-iles-feroe\/#breadcrumb"},"inLanguage":"fr-FR","potentialAction":[{"@type":"ReadAction","target":["https:\/\/www.rubicon3adventure.com\/fr\/produit\/trolls-geants-elfes-ecosse-iles-feroe\/"]}]},{"@type":"ImageObject","inLanguage":"fr-FR","@id":"https:\/\/www.rubicon3adventure.com\/fr\/produit\/trolls-geants-elfes-ecosse-iles-feroe\/#primaryimage","url":"https:\/\/www.rubicon3adventure.com\/wp-content\/uploads\/2024\/02\/FIslands-2560.webp","contentUrl":"https:\/\/www.rubicon3adventure.com\/wp-content\/uploads\/2024\/02\/FIslands-2560.webp","width":2560,"height":1440,"caption":"Sailing Faroe Islands"},{"@type":"BreadcrumbList","@id":"https:\/\/www.rubicon3adventure.com\/fr\/produit\/trolls-geants-elfes-ecosse-iles-feroe\/#breadcrumb","itemListElement":[{"@type":"ListItem","position":1,"name":"Boutique","item":"https:\/\/www.rubicon3adventure.com\/fr\/boutique\/"},{"@type":"ListItem","position":2,"name":"Trolls, g\u00e9ants et elfes : \u00c9cosse et \u00eeles F\u00e9ro\u00e9"}]},{"@type":"WebSite","@id":"https:\/\/www.rubicon3adventure.com\/fr\/#website","url":"https:\/\/www.rubicon3adventure.com\/fr\/","name":"Rubicon 3 Adventure","description":"","publisher":{"@id":"https:\/\/www.rubicon3adventure.com\/fr\/#organization"},"potentialAction":[{"@type":"SearchAction","target":{"@type":"EntryPoint","urlTemplate":"https:\/\/www.rubicon3adventure.com\/fr\/?s={search_term_string}"},"query-input":{"@type":"PropertyValueSpecification","valueRequired":true,"valueName":"search_term_string"}}],"inLanguage":"fr-FR"},{"@type":"Organization","@id":"https:\/\/www.rubicon3adventure.com\/fr\/#organization","name":"Rubicon 3 Adventures","alternateName":"Blueco Holdings Ltd","url":"https:\/\/www.rubicon3adventure.com\/fr\/","logo":{"@type":"ImageObject","inLanguage":"fr-FR","@id":"https:\/\/www.rubicon3adventure.com\/fr\/#\/schema\/logo\/image\/","url":"https:\/\/www.rubicon3adventure.com\/wp-content\/uploads\/2024\/03\/Rubicon_Schema-Image-scaled.jpg","contentUrl":"https:\/\/www.rubicon3adventure.com\/wp-content\/uploads\/2024\/03\/Rubicon_Schema-Image-scaled.jpg","width":2560,"height":1554,"caption":"Rubicon 3 Adventures"},"image":{"@id":"https:\/\/www.rubicon3adventure.com\/fr\/#\/schema\/logo\/image\/"},"sameAs":["https:\/\/www.facebook.com\/rubicon3sailing","https:\/\/x.com\/rubicon3sailing","https:\/\/www.instagram.com\/rubicon_3_sailing\/","https:\/\/www.pinterest.co.uk\/rubicon3sailing\/","https:\/\/www.youtube.com\/channel\/UCUVTAy1Qm4lz0uZI_83Um8A","https:\/\/www.linkedin.com\/company\/rubicon-3\/"]}]}},"_links":{"self":[{"href":"https:\/\/www.rubicon3adventure.com\/fr\/wp-json\/wp\/v2\/product\/5299","targetHints":{"allow":["GET"]}}],"collection":[{"href":"https:\/\/www.rubicon3adventure.com\/fr\/wp-json\/wp\/v2\/product"}],"about":[{"href":"https:\/\/www.rubicon3adventure.com\/fr\/wp-json\/wp\/v2\/types\/product"}],"replies":[{"embeddable":true,"href":"https:\/\/www.rubicon3adventure.com\/fr\/wp-json\/wp\/v2\/comments?post=5299"}],"wp:featuredmedia":[{"embeddable":true,"href":"https:\/\/www.rubicon3adventure.com\/fr\/wp-json\/wp\/v2\/media\/8249"}],"wp:attachment":[{"href":"https:\/\/www.rubicon3adventure.com\/fr\/wp-json\/wp\/v2\/media?parent=5299"}],"wp:term":[{"taxonomy":"product_brand","embeddable":true,"href":"https:\/\/www.rubicon3adventure.com\/fr\/wp-json\/wp\/v2\/product_brand?post=5299"},{"taxonomy":"product_cat","embeddable":true,"href":"https:\/\/www.rubicon3adventure.com\/fr\/wp-json\/wp\/v2\/product_cat?post=5299"},{"taxonomy":"product_tag","embeddable":true,"href":"https:\/\/www.rubicon3adventure.com\/fr\/wp-json\/wp\/v2\/product_tag?post=5299"}],"curies":[{"name":"wp","href":"https:\/\/api.w.org\/{rel}","templated":true}]}}