{"id":5313,"date":"2023-07-04T10:28:44","date_gmt":"2023-07-04T09:28:44","guid":{"rendered":"https:\/\/www.rubicon3adventure.com\/product\/rya-equipe-competente\/"},"modified":"2023-07-04T10:28:44","modified_gmt":"2023-07-04T09:28:44","slug":"rya-equipe-competente","status":"publish","type":"product","link":"https:\/\/www.rubicon3adventure.com\/fr\/produit\/rya-equipe-competente\/","title":{"rendered":"Cours d&#8217;\u00e9quipage comp\u00e9tent RYA"},"content":{"rendered":"","protected":false},"excerpt":{"rendered":"<p>Le cours RYA Competent Crew offre aux d\u00e9butants des comp\u00e9tences essentielles en mati\u00e8re de voile, de s\u00e9curit\u00e9 et de matelotage. Aucune exp\u00e9rience pr\u00e9alable n&#8217;est n\u00e9cessaire. Il peut s&#8217;agir de votre premier pas dans la voile.<\/p>\n","protected":false},"featured_media":4112,"comment_status":"closed","ping_status":"closed","template":"","meta":{"_acf_changed":false,"content-type":""},"product_brand":[],"product_cat":[273,270],"product_tag":[],"class_list":{"0":"post-5313","1":"product","2":"type-product","3":"status-publish","4":"has-post-thumbnail","6":"product_cat-cours-de-voile-rya","7":"product_cat-apprendre-naviguer","9":"first","10":"instock","11":"shipping-taxable","12":"purchasable","13":"product-type-variable","14":"has-default-attributes"},"acf":[],"yoast_head":"<!-- This site is optimized with the Yoast SEO Premium plugin v27.3 (Yoast SEO v27.4) - https:\/\/yoast.com\/product\/yoast-seo-premium-wordpress\/ -->\n<title>RYA Competent Crew Course | Commencez votre voyage \u00e0 la voile<\/title>\n<meta name=\"description\" content=\"Commencez par les comp\u00e9tences essentielles. Notre cours RYA Competent Crew couvre le matelotage, la s\u00e9curit\u00e9 et bien plus encore. Aucune exp\u00e9rience n&#039;est n\u00e9cessaire pour commencer.\" \/>\n<meta name=\"robots\" content=\"index, follow, max-snippet:-1, max-image-preview:large, max-video-preview:-1\" \/>\n<link rel=\"canonical\" href=\"https:\/\/www.rubicon3adventure.com\/fr\/produit\/rya-equipe-competente\/\" \/>\n<meta property=\"og:locale\" content=\"fr_FR\" \/>\n<meta property=\"og:type\" content=\"article\" \/>\n<meta property=\"og:title\" content=\"RYA Competent Crew Course | Commencez votre voyage \u00e0 la voile\" \/>\n<meta property=\"og:description\" content=\"Commencez par les comp\u00e9tences essentielles. Notre cours RYA Competent Crew couvre le matelotage, la s\u00e9curit\u00e9 et bien plus encore. Aucune exp\u00e9rience n&#039;est n\u00e9cessaire pour commencer.\" \/>\n<meta property=\"og:url\" content=\"https:\/\/www.rubicon3adventure.com\/fr\/produit\/rya-equipe-competente\/\" \/>\n<meta property=\"og:site_name\" content=\"Rubicon 3 Adventure\" \/>\n<meta property=\"article:publisher\" content=\"https:\/\/www.facebook.com\/rubicon3sailing\" \/>\n<meta property=\"og:image\" content=\"https:\/\/www.rubicon3adventure.com\/wp-content\/uploads\/2024\/03\/lady-on-cruising-yacht-640.webp\" \/>\n\t<meta property=\"og:image:width\" content=\"640\" \/>\n\t<meta property=\"og:image:height\" content=\"344\" \/>\n\t<meta property=\"og:image:type\" content=\"image\/webp\" \/>\n<meta name=\"twitter:card\" content=\"summary_large_image\" \/>\n<meta name=\"twitter:site\" content=\"@rubicon3sailing\" \/>\n<script type=\"application\/ld+json\" class=\"yoast-schema-graph\">{\"@context\":\"https:\\\/\\\/schema.org\",\"@graph\":[{\"@type\":\"WebPage\",\"@id\":\"https:\\\/\\\/www.rubicon3adventure.com\\\/fr\\\/produit\\\/rya-equipe-competente\\\/\",\"url\":\"https:\\\/\\\/www.rubicon3adventure.com\\\/fr\\\/produit\\\/rya-equipe-competente\\\/\",\"name\":\"RYA Competent Crew Course | Commencez votre voyage \u00e0 la voile\",\"isPartOf\":{\"@id\":\"https:\\\/\\\/www.rubicon3adventure.com\\\/fr\\\/#website\"},\"primaryImageOfPage\":{\"@id\":\"https:\\\/\\\/www.rubicon3adventure.com\\\/fr\\\/produit\\\/rya-equipe-competente\\\/#primaryimage\"},\"image\":{\"@id\":\"https:\\\/\\\/www.rubicon3adventure.com\\\/fr\\\/produit\\\/rya-equipe-competente\\\/#primaryimage\"},\"thumbnailUrl\":\"https:\\\/\\\/www.rubicon3adventure.com\\\/wp-content\\\/uploads\\\/2024\\\/03\\\/lady-on-cruising-yacht-640.webp\",\"datePublished\":\"2023-07-04T09:28:44+00:00\",\"description\":\"Commencez par les comp\u00e9tences essentielles. Notre cours RYA Competent Crew couvre le matelotage, la s\u00e9curit\u00e9 et bien plus encore. Aucune exp\u00e9rience n'est n\u00e9cessaire pour commencer.\",\"breadcrumb\":{\"@id\":\"https:\\\/\\\/www.rubicon3adventure.com\\\/fr\\\/produit\\\/rya-equipe-competente\\\/#breadcrumb\"},\"inLanguage\":\"fr-FR\",\"potentialAction\":[{\"@type\":\"ReadAction\",\"target\":[\"https:\\\/\\\/www.rubicon3adventure.com\\\/fr\\\/produit\\\/rya-equipe-competente\\\/\"]}]},{\"@type\":\"ImageObject\",\"inLanguage\":\"fr-FR\",\"@id\":\"https:\\\/\\\/www.rubicon3adventure.com\\\/fr\\\/produit\\\/rya-equipe-competente\\\/#primaryimage\",\"url\":\"https:\\\/\\\/www.rubicon3adventure.com\\\/wp-content\\\/uploads\\\/2024\\\/03\\\/lady-on-cruising-yacht-640.webp\",\"contentUrl\":\"https:\\\/\\\/www.rubicon3adventure.com\\\/wp-content\\\/uploads\\\/2024\\\/03\\\/lady-on-cruising-yacht-640.webp\",\"width\":640,\"height\":344,\"caption\":\"Equipage comp\u00e9tent RYA\"},{\"@type\":\"BreadcrumbList\",\"@id\":\"https:\\\/\\\/www.rubicon3adventure.com\\\/fr\\\/produit\\\/rya-equipe-competente\\\/#breadcrumb\",\"itemListElement\":[{\"@type\":\"ListItem\",\"position\":1,\"name\":\"Boutique\",\"item\":\"https:\\\/\\\/www.rubicon3adventure.com\\\/fr\\\/boutique\\\/\"},{\"@type\":\"ListItem\",\"position\":2,\"name\":\"Cours d&#8217;\u00e9quipage comp\u00e9tent RYA\"}]},{\"@type\":\"WebSite\",\"@id\":\"https:\\\/\\\/www.rubicon3adventure.com\\\/fr\\\/#website\",\"url\":\"https:\\\/\\\/www.rubicon3adventure.com\\\/fr\\\/\",\"name\":\"Rubicon 3 Adventure\",\"description\":\"\",\"publisher\":{\"@id\":\"https:\\\/\\\/www.rubicon3adventure.com\\\/fr\\\/#organization\"},\"potentialAction\":[{\"@type\":\"SearchAction\",\"target\":{\"@type\":\"EntryPoint\",\"urlTemplate\":\"https:\\\/\\\/www.rubicon3adventure.com\\\/fr\\\/?s={search_term_string}\"},\"query-input\":{\"@type\":\"PropertyValueSpecification\",\"valueRequired\":true,\"valueName\":\"search_term_string\"}}],\"inLanguage\":\"fr-FR\"},{\"@type\":\"Organization\",\"@id\":\"https:\\\/\\\/www.rubicon3adventure.com\\\/fr\\\/#organization\",\"name\":\"Rubicon 3 Adventures\",\"alternateName\":\"Blueco Holdings Ltd\",\"url\":\"https:\\\/\\\/www.rubicon3adventure.com\\\/fr\\\/\",\"logo\":{\"@type\":\"ImageObject\",\"inLanguage\":\"fr-FR\",\"@id\":\"https:\\\/\\\/www.rubicon3adventure.com\\\/fr\\\/#\\\/schema\\\/logo\\\/image\\\/\",\"url\":\"https:\\\/\\\/www.rubicon3adventure.com\\\/wp-content\\\/uploads\\\/2024\\\/03\\\/Rubicon_Schema-Image-scaled.jpg\",\"contentUrl\":\"https:\\\/\\\/www.rubicon3adventure.com\\\/wp-content\\\/uploads\\\/2024\\\/03\\\/Rubicon_Schema-Image-scaled.jpg\",\"width\":2560,\"height\":1554,\"caption\":\"Rubicon 3 Adventures\"},\"image\":{\"@id\":\"https:\\\/\\\/www.rubicon3adventure.com\\\/fr\\\/#\\\/schema\\\/logo\\\/image\\\/\"},\"sameAs\":[\"https:\\\/\\\/www.facebook.com\\\/rubicon3sailing\",\"https:\\\/\\\/x.com\\\/rubicon3sailing\",\"https:\\\/\\\/www.instagram.com\\\/rubicon_3_sailing\\\/\",\"https:\\\/\\\/www.pinterest.co.uk\\\/rubicon3sailing\\\/\",\"https:\\\/\\\/www.youtube.com\\\/channel\\\/UCUVTAy1Qm4lz0uZI_83Um8A\",\"https:\\\/\\\/www.linkedin.com\\\/company\\\/rubicon-3\\\/\"]}]}<\/script>\n<!-- \/ Yoast SEO Premium plugin. -->","yoast_head_json":{"title":"RYA Competent Crew Course | Commencez votre voyage \u00e0 la voile","description":"Commencez par les comp\u00e9tences essentielles. Notre cours RYA Competent Crew couvre le matelotage, la s\u00e9curit\u00e9 et bien plus encore. Aucune exp\u00e9rience n'est n\u00e9cessaire pour commencer.","robots":{"index":"index","follow":"follow","max-snippet":"max-snippet:-1","max-image-preview":"max-image-preview:large","max-video-preview":"max-video-preview:-1"},"canonical":"https:\/\/www.rubicon3adventure.com\/fr\/produit\/rya-equipe-competente\/","og_locale":"fr_FR","og_type":"article","og_title":"RYA Competent Crew Course | Commencez votre voyage \u00e0 la voile","og_description":"Commencez par les comp\u00e9tences essentielles. Notre cours RYA Competent Crew couvre le matelotage, la s\u00e9curit\u00e9 et bien plus encore. Aucune exp\u00e9rience n'est n\u00e9cessaire pour commencer.","og_url":"https:\/\/www.rubicon3adventure.com\/fr\/produit\/rya-equipe-competente\/","og_site_name":"Rubicon 3 Adventure","article_publisher":"https:\/\/www.facebook.com\/rubicon3sailing","og_image":[{"width":640,"height":344,"url":"https:\/\/www.rubicon3adventure.com\/wp-content\/uploads\/2024\/03\/lady-on-cruising-yacht-640.webp","type":"image\/webp"}],"twitter_card":"summary_large_image","twitter_site":"@rubicon3sailing","schema":{"@context":"https:\/\/schema.org","@graph":[{"@type":"WebPage","@id":"https:\/\/www.rubicon3adventure.com\/fr\/produit\/rya-equipe-competente\/","url":"https:\/\/www.rubicon3adventure.com\/fr\/produit\/rya-equipe-competente\/","name":"RYA Competent Crew Course | Commencez votre voyage \u00e0 la voile","isPartOf":{"@id":"https:\/\/www.rubicon3adventure.com\/fr\/#website"},"primaryImageOfPage":{"@id":"https:\/\/www.rubicon3adventure.com\/fr\/produit\/rya-equipe-competente\/#primaryimage"},"image":{"@id":"https:\/\/www.rubicon3adventure.com\/fr\/produit\/rya-equipe-competente\/#primaryimage"},"thumbnailUrl":"https:\/\/www.rubicon3adventure.com\/wp-content\/uploads\/2024\/03\/lady-on-cruising-yacht-640.webp","datePublished":"2023-07-04T09:28:44+00:00","description":"Commencez par les comp\u00e9tences essentielles. Notre cours RYA Competent Crew couvre le matelotage, la s\u00e9curit\u00e9 et bien plus encore. Aucune exp\u00e9rience n'est n\u00e9cessaire pour commencer.","breadcrumb":{"@id":"https:\/\/www.rubicon3adventure.com\/fr\/produit\/rya-equipe-competente\/#breadcrumb"},"inLanguage":"fr-FR","potentialAction":[{"@type":"ReadAction","target":["https:\/\/www.rubicon3adventure.com\/fr\/produit\/rya-equipe-competente\/"]}]},{"@type":"ImageObject","inLanguage":"fr-FR","@id":"https:\/\/www.rubicon3adventure.com\/fr\/produit\/rya-equipe-competente\/#primaryimage","url":"https:\/\/www.rubicon3adventure.com\/wp-content\/uploads\/2024\/03\/lady-on-cruising-yacht-640.webp","contentUrl":"https:\/\/www.rubicon3adventure.com\/wp-content\/uploads\/2024\/03\/lady-on-cruising-yacht-640.webp","width":640,"height":344,"caption":"Equipage comp\u00e9tent RYA"},{"@type":"BreadcrumbList","@id":"https:\/\/www.rubicon3adventure.com\/fr\/produit\/rya-equipe-competente\/#breadcrumb","itemListElement":[{"@type":"ListItem","position":1,"name":"Boutique","item":"https:\/\/www.rubicon3adventure.com\/fr\/boutique\/"},{"@type":"ListItem","position":2,"name":"Cours d&#8217;\u00e9quipage comp\u00e9tent RYA"}]},{"@type":"WebSite","@id":"https:\/\/www.rubicon3adventure.com\/fr\/#website","url":"https:\/\/www.rubicon3adventure.com\/fr\/","name":"Rubicon 3 Adventure","description":"","publisher":{"@id":"https:\/\/www.rubicon3adventure.com\/fr\/#organization"},"potentialAction":[{"@type":"SearchAction","target":{"@type":"EntryPoint","urlTemplate":"https:\/\/www.rubicon3adventure.com\/fr\/?s={search_term_string}"},"query-input":{"@type":"PropertyValueSpecification","valueRequired":true,"valueName":"search_term_string"}}],"inLanguage":"fr-FR"},{"@type":"Organization","@id":"https:\/\/www.rubicon3adventure.com\/fr\/#organization","name":"Rubicon 3 Adventures","alternateName":"Blueco Holdings Ltd","url":"https:\/\/www.rubicon3adventure.com\/fr\/","logo":{"@type":"ImageObject","inLanguage":"fr-FR","@id":"https:\/\/www.rubicon3adventure.com\/fr\/#\/schema\/logo\/image\/","url":"https:\/\/www.rubicon3adventure.com\/wp-content\/uploads\/2024\/03\/Rubicon_Schema-Image-scaled.jpg","contentUrl":"https:\/\/www.rubicon3adventure.com\/wp-content\/uploads\/2024\/03\/Rubicon_Schema-Image-scaled.jpg","width":2560,"height":1554,"caption":"Rubicon 3 Adventures"},"image":{"@id":"https:\/\/www.rubicon3adventure.com\/fr\/#\/schema\/logo\/image\/"},"sameAs":["https:\/\/www.facebook.com\/rubicon3sailing","https:\/\/x.com\/rubicon3sailing","https:\/\/www.instagram.com\/rubicon_3_sailing\/","https:\/\/www.pinterest.co.uk\/rubicon3sailing\/","https:\/\/www.youtube.com\/channel\/UCUVTAy1Qm4lz0uZI_83Um8A","https:\/\/www.linkedin.com\/company\/rubicon-3\/"]}]}},"_links":{"self":[{"href":"https:\/\/www.rubicon3adventure.com\/fr\/wp-json\/wp\/v2\/product\/5313","targetHints":{"allow":["GET"]}}],"collection":[{"href":"https:\/\/www.rubicon3adventure.com\/fr\/wp-json\/wp\/v2\/product"}],"about":[{"href":"https:\/\/www.rubicon3adventure.com\/fr\/wp-json\/wp\/v2\/types\/product"}],"replies":[{"embeddable":true,"href":"https:\/\/www.rubicon3adventure.com\/fr\/wp-json\/wp\/v2\/comments?post=5313"}],"wp:featuredmedia":[{"embeddable":true,"href":"https:\/\/www.rubicon3adventure.com\/fr\/wp-json\/wp\/v2\/media\/4112"}],"wp:attachment":[{"href":"https:\/\/www.rubicon3adventure.com\/fr\/wp-json\/wp\/v2\/media?parent=5313"}],"wp:term":[{"taxonomy":"product_brand","embeddable":true,"href":"https:\/\/www.rubicon3adventure.com\/fr\/wp-json\/wp\/v2\/product_brand?post=5313"},{"taxonomy":"product_cat","embeddable":true,"href":"https:\/\/www.rubicon3adventure.com\/fr\/wp-json\/wp\/v2\/product_cat?post=5313"},{"taxonomy":"product_tag","embeddable":true,"href":"https:\/\/www.rubicon3adventure.com\/fr\/wp-json\/wp\/v2\/product_tag?post=5313"}],"curies":[{"name":"wp","href":"https:\/\/api.w.org\/{rel}","templated":true}]}}