{"id":6270,"date":"2024-08-28T07:04:01","date_gmt":"2024-08-28T06:04:05","guid":{"rendered":"https:\/\/www.rubicon3adventure.com\/?post_type=product&#038;p=6270"},"modified":"2024-08-30T11:21:04","modified_gmt":"2024-08-30T10:21:04","slug":"antigua-5-jours-explorateur","status":"publish","type":"product","link":"https:\/\/www.rubicon3adventure.com\/fr\/produit\/antigua-5-jours-explorateur\/","title":{"rendered":"Antigua 5 jours d&#8217;exploration"},"content":{"rendered":"<p>Ces 5 jours de vacances \u00e0 la voile dans les Cara\u00efbes explorent les meilleurs endroits de l&#8217;\u00eele paradisiaque d&#8217;Antigua, offrant un m\u00e9lange parfait de navigation, d&#8217;exploration et de relaxation.<br \/>\nAntigua est l&#8217;une des destinations de <a href=\"https:\/\/www.rubicon3adventure.com\/product-category\/adventure-sailing-holidays\/caribbean-the-americas\/\">voile<\/a> les plus c\u00e9l\u00e8bres des <a href=\"https:\/\/www.rubicon3adventure.com\/product-category\/adventure-sailing-holidays\/caribbean-the-americas\/\">Cara\u00efbes<\/a> et l&#8217;endroit id\u00e9al pour passer une semaine sur l&#8217;eau.<br \/>\nLes distances sont courtes, mais les aliz\u00e9s garantissent une bonne navigation tous les jours. Il n&#8217;y a donc aucune pression pour aller &#8220;quelque part&#8221;, si ce n&#8217;est dans un endroit nouveau et amusant chaque jour.<br \/>\nIl y a l&#8217;historique Nelson&#8217;s Dockyard, Green Island, un havre isol\u00e9 parfait pour la plong\u00e9e avec tuba et le beachcombing, les plages de sable rose intactes de Barbuda et le c\u00e9l\u00e8bre Frigate Bird Sanctuary, qui abrite des milliers d&#8217;oiseaux.<br \/>\nVous avez Great Bird Island, o\u00f9 vous pouvez faire de la plong\u00e9e avec masque et tuba sur des r\u00e9cifs spectaculaires et faire des randonn\u00e9es jusqu&#8217;\u00e0 des points de vue panoramiques et, bien s\u00fbr, Jolly Harbour avec ses plages magnifiques et sa grande sc\u00e8ne sociale.<br \/>\nCette excursion est parfaite pour les d\u00e9butants ou les personnes exp\u00e9riment\u00e9es.       <\/p>\n<h5>Vous \u00eates pr\u00eat \u00e0 faire le voyage de votre vie avec les meilleurs marins d&#8217;aventure d&#8217;Europe ?<\/h5>\n<p>  Les exp\u00e9ditions Rubicon 3 sont de v\u00e9ritables aventures \u00e0 la voile plut\u00f4t que des vacances \u00e0 la voile. Vous serez hors des sentiers battus, peut-\u00eatre en pleine mer, selon l&#8217;itin\u00e9raire que vous choisirez, et vous naviguerez vers des endroits isol\u00e9s et magnifiques que vous explorerez. Les instructeurs experts de Rubicon 3 vous formeront et veilleront \u00e0 ce que vous participiez pleinement \u00e0 tous les aspects de l&#8217;exp\u00e9rience, y compris la navigation, la barre, le r\u00e9glage des voiles, la cuisine et l&#8217;entretien du voilier. En tant que v\u00e9ritable aventure \u00e0 la voile, elle est bien moins pr\u00e9visible (et bien meilleure !) qu&#8217;une exp\u00e9rience packag\u00e9e, avec des itin\u00e9raires planifi\u00e9s au jour le jour et fa\u00e7onn\u00e9s par les circonstances locales et la m\u00e9t\u00e9o. Pour participer \u00e0 l&#8217;aventure, l&#8217;\u00e9quipage doit se pr\u00e9senter avec une bonne attitude, un esprit ouvert et un d\u00e9sir de s&#8217;impliquer pleinement.  <\/p>\n<h5>Vous souhaitez vous inscrire ?<\/h5>\n<p>  Cliquez sur le bouton Dates et prix pour conna\u00eetre les dates de ce voyage. Il vous fournira \u00e9galement des informations sur les correspondances, notamment sur le lieu de l&#8217;avion et sur le lieu et la date de l&#8217;embarquement. &nbsp;<\/p>\n","protected":false},"excerpt":{"rendered":"<p>Vivez une exp\u00e9rience paradisiaque avec une aventure de 5 jours \u00e0 Antigua.<br \/>\nNaviguez dans des eaux cristallines, promenez-vous sur des plages baign\u00e9es de soleil, plongez dans les r\u00e9cifs coralliens et d\u00e9couvrez cette \u00eele paradisiaque.<br \/>\n5 jours de bonheur tropical et de navigation inoubliable.  <\/p>\n","protected":false},"featured_media":6299,"comment_status":"closed","ping_status":"closed","template":"","meta":{"_acf_changed":false,"content-type":""},"product_brand":[],"product_cat":[237,240,279,234],"product_tag":[],"class_list":{"0":"post-6270","1":"product","2":"type-product","3":"status-publish","4":"has-post-thumbnail","6":"product_cat-caraibes-et-ameriques","7":"product_cat-cotier","8":"product_cat-vacances-de-voile-au-soleil-dhiver","9":"product_cat-vacances-en-voilier-daventure","11":"first","12":"outofstock","13":"shipping-taxable","14":"purchasable","15":"product-type-variable"},"acf":[],"yoast_head":"<!-- This site is optimized with the Yoast SEO Premium plugin v27.3 (Yoast SEO v27.4) - https:\/\/yoast.com\/product\/yoast-seo-premium-wordpress\/ -->\n<title>Antigua Sailing Adventure - 5 jours au paradis de la voile<\/title>\n<meta name=\"description\" content=\"Rejoignez Rubicon 3 pour notre tr\u00e8s appr\u00e9ci\u00e9 voyage de 5 jours \u00e0 Antigua ! Les \u00e9quipages solitaires sont les bienvenus. D\u00e9couvrez des plages magnifiques, des eaux turquoises et cette \u00eele paradisiaque.\" \/>\n<meta name=\"robots\" content=\"index, follow, max-snippet:-1, max-image-preview:large, max-video-preview:-1\" \/>\n<link rel=\"canonical\" href=\"https:\/\/www.rubicon3adventure.com\/fr\/produit\/antigua-5-jours-explorateur\/\" \/>\n<meta property=\"og:locale\" content=\"fr_FR\" \/>\n<meta property=\"og:type\" content=\"article\" \/>\n<meta property=\"og:title\" content=\"Antigua Sailing Adventure - 5 jours au paradis de la voile\" \/>\n<meta property=\"og:description\" content=\"Rejoignez Rubicon 3 pour notre tr\u00e8s appr\u00e9ci\u00e9 voyage de 5 jours \u00e0 Antigua ! Les \u00e9quipages solitaires sont les bienvenus. D\u00e9couvrez des plages magnifiques, des eaux turquoises et cette \u00eele paradisiaque.\" \/>\n<meta property=\"og:url\" content=\"https:\/\/www.rubicon3adventure.com\/fr\/produit\/antigua-5-jours-explorateur\/\" \/>\n<meta property=\"og:site_name\" content=\"Rubicon 3 Adventure\" \/>\n<meta property=\"article:publisher\" content=\"https:\/\/www.facebook.com\/rubicon3sailing\" \/>\n<meta property=\"article:modified_time\" content=\"2024-08-30T10:21:04+00:00\" \/>\n<meta property=\"og:image\" content=\"https:\/\/www.rubicon3adventure.com\/wp-content\/uploads\/2024\/08\/antigua-2560.webp\" \/>\n\t<meta property=\"og:image:width\" content=\"2560\" \/>\n\t<meta property=\"og:image:height\" content=\"1708\" \/>\n\t<meta property=\"og:image:type\" content=\"image\/webp\" \/>\n<meta name=\"twitter:card\" content=\"summary_large_image\" \/>\n<meta name=\"twitter:site\" content=\"@rubicon3sailing\" \/>\n<meta name=\"twitter:label1\" content=\"Dur\u00e9e de lecture estim\u00e9e\" \/>\n\t<meta name=\"twitter:data1\" content=\"2 minutes\" \/>\n<script type=\"application\/ld+json\" class=\"yoast-schema-graph\">{\"@context\":\"https:\\\/\\\/schema.org\",\"@graph\":[{\"@type\":\"WebPage\",\"@id\":\"https:\\\/\\\/www.rubicon3adventure.com\\\/fr\\\/produit\\\/antigua-5-jours-explorateur\\\/\",\"url\":\"https:\\\/\\\/www.rubicon3adventure.com\\\/fr\\\/produit\\\/antigua-5-jours-explorateur\\\/\",\"name\":\"Antigua Sailing Adventure - 5 jours au paradis de la voile\",\"isPartOf\":{\"@id\":\"https:\\\/\\\/www.rubicon3adventure.com\\\/fr\\\/#website\"},\"primaryImageOfPage\":{\"@id\":\"https:\\\/\\\/www.rubicon3adventure.com\\\/fr\\\/produit\\\/antigua-5-jours-explorateur\\\/#primaryimage\"},\"image\":{\"@id\":\"https:\\\/\\\/www.rubicon3adventure.com\\\/fr\\\/produit\\\/antigua-5-jours-explorateur\\\/#primaryimage\"},\"thumbnailUrl\":\"https:\\\/\\\/www.rubicon3adventure.com\\\/wp-content\\\/uploads\\\/2024\\\/08\\\/antigua-2560.webp\",\"datePublished\":\"2024-08-28T06:04:05+00:00\",\"dateModified\":\"2024-08-30T10:21:04+00:00\",\"description\":\"Rejoignez Rubicon 3 pour notre tr\u00e8s appr\u00e9ci\u00e9 voyage de 5 jours \u00e0 Antigua ! Les \u00e9quipages solitaires sont les bienvenus. D\u00e9couvrez des plages magnifiques, des eaux turquoises et cette \u00eele paradisiaque.\",\"breadcrumb\":{\"@id\":\"https:\\\/\\\/www.rubicon3adventure.com\\\/fr\\\/produit\\\/antigua-5-jours-explorateur\\\/#breadcrumb\"},\"inLanguage\":\"fr-FR\",\"potentialAction\":[{\"@type\":\"ReadAction\",\"target\":[\"https:\\\/\\\/www.rubicon3adventure.com\\\/fr\\\/produit\\\/antigua-5-jours-explorateur\\\/\"]}]},{\"@type\":\"ImageObject\",\"inLanguage\":\"fr-FR\",\"@id\":\"https:\\\/\\\/www.rubicon3adventure.com\\\/fr\\\/produit\\\/antigua-5-jours-explorateur\\\/#primaryimage\",\"url\":\"https:\\\/\\\/www.rubicon3adventure.com\\\/wp-content\\\/uploads\\\/2024\\\/08\\\/antigua-2560.webp\",\"contentUrl\":\"https:\\\/\\\/www.rubicon3adventure.com\\\/wp-content\\\/uploads\\\/2024\\\/08\\\/antigua-2560.webp\",\"width\":2560,\"height\":1708,\"caption\":\"Vacances en voilier \u00e0 Antigua\"},{\"@type\":\"BreadcrumbList\",\"@id\":\"https:\\\/\\\/www.rubicon3adventure.com\\\/fr\\\/produit\\\/antigua-5-jours-explorateur\\\/#breadcrumb\",\"itemListElement\":[{\"@type\":\"ListItem\",\"position\":1,\"name\":\"Boutique\",\"item\":\"https:\\\/\\\/www.rubicon3adventure.com\\\/fr\\\/boutique\\\/\"},{\"@type\":\"ListItem\",\"position\":2,\"name\":\"Antigua 5 jours d&#8217;exploration\"}]},{\"@type\":\"WebSite\",\"@id\":\"https:\\\/\\\/www.rubicon3adventure.com\\\/fr\\\/#website\",\"url\":\"https:\\\/\\\/www.rubicon3adventure.com\\\/fr\\\/\",\"name\":\"Rubicon 3 Adventure\",\"description\":\"\",\"publisher\":{\"@id\":\"https:\\\/\\\/www.rubicon3adventure.com\\\/fr\\\/#organization\"},\"potentialAction\":[{\"@type\":\"SearchAction\",\"target\":{\"@type\":\"EntryPoint\",\"urlTemplate\":\"https:\\\/\\\/www.rubicon3adventure.com\\\/fr\\\/?s={search_term_string}\"},\"query-input\":{\"@type\":\"PropertyValueSpecification\",\"valueRequired\":true,\"valueName\":\"search_term_string\"}}],\"inLanguage\":\"fr-FR\"},{\"@type\":\"Organization\",\"@id\":\"https:\\\/\\\/www.rubicon3adventure.com\\\/fr\\\/#organization\",\"name\":\"Rubicon 3 Adventures\",\"alternateName\":\"Blueco Holdings Ltd\",\"url\":\"https:\\\/\\\/www.rubicon3adventure.com\\\/fr\\\/\",\"logo\":{\"@type\":\"ImageObject\",\"inLanguage\":\"fr-FR\",\"@id\":\"https:\\\/\\\/www.rubicon3adventure.com\\\/fr\\\/#\\\/schema\\\/logo\\\/image\\\/\",\"url\":\"https:\\\/\\\/www.rubicon3adventure.com\\\/wp-content\\\/uploads\\\/2024\\\/03\\\/Rubicon_Schema-Image-scaled.jpg\",\"contentUrl\":\"https:\\\/\\\/www.rubicon3adventure.com\\\/wp-content\\\/uploads\\\/2024\\\/03\\\/Rubicon_Schema-Image-scaled.jpg\",\"width\":2560,\"height\":1554,\"caption\":\"Rubicon 3 Adventures\"},\"image\":{\"@id\":\"https:\\\/\\\/www.rubicon3adventure.com\\\/fr\\\/#\\\/schema\\\/logo\\\/image\\\/\"},\"sameAs\":[\"https:\\\/\\\/www.facebook.com\\\/rubicon3sailing\",\"https:\\\/\\\/x.com\\\/rubicon3sailing\",\"https:\\\/\\\/www.instagram.com\\\/rubicon_3_sailing\\\/\",\"https:\\\/\\\/www.pinterest.co.uk\\\/rubicon3sailing\\\/\",\"https:\\\/\\\/www.youtube.com\\\/channel\\\/UCUVTAy1Qm4lz0uZI_83Um8A\",\"https:\\\/\\\/www.linkedin.com\\\/company\\\/rubicon-3\\\/\"]}]}<\/script>\n<!-- \/ Yoast SEO Premium plugin. -->","yoast_head_json":{"title":"Antigua Sailing Adventure - 5 jours au paradis de la voile","description":"Rejoignez Rubicon 3 pour notre tr\u00e8s appr\u00e9ci\u00e9 voyage de 5 jours \u00e0 Antigua ! Les \u00e9quipages solitaires sont les bienvenus. D\u00e9couvrez des plages magnifiques, des eaux turquoises et cette \u00eele paradisiaque.","robots":{"index":"index","follow":"follow","max-snippet":"max-snippet:-1","max-image-preview":"max-image-preview:large","max-video-preview":"max-video-preview:-1"},"canonical":"https:\/\/www.rubicon3adventure.com\/fr\/produit\/antigua-5-jours-explorateur\/","og_locale":"fr_FR","og_type":"article","og_title":"Antigua Sailing Adventure - 5 jours au paradis de la voile","og_description":"Rejoignez Rubicon 3 pour notre tr\u00e8s appr\u00e9ci\u00e9 voyage de 5 jours \u00e0 Antigua ! Les \u00e9quipages solitaires sont les bienvenus. D\u00e9couvrez des plages magnifiques, des eaux turquoises et cette \u00eele paradisiaque.","og_url":"https:\/\/www.rubicon3adventure.com\/fr\/produit\/antigua-5-jours-explorateur\/","og_site_name":"Rubicon 3 Adventure","article_publisher":"https:\/\/www.facebook.com\/rubicon3sailing","article_modified_time":"2024-08-30T10:21:04+00:00","og_image":[{"width":2560,"height":1708,"url":"https:\/\/www.rubicon3adventure.com\/wp-content\/uploads\/2024\/08\/antigua-2560.webp","type":"image\/webp"}],"twitter_card":"summary_large_image","twitter_site":"@rubicon3sailing","twitter_misc":{"Dur\u00e9e de lecture estim\u00e9e":"2 minutes"},"schema":{"@context":"https:\/\/schema.org","@graph":[{"@type":"WebPage","@id":"https:\/\/www.rubicon3adventure.com\/fr\/produit\/antigua-5-jours-explorateur\/","url":"https:\/\/www.rubicon3adventure.com\/fr\/produit\/antigua-5-jours-explorateur\/","name":"Antigua Sailing Adventure - 5 jours au paradis de la voile","isPartOf":{"@id":"https:\/\/www.rubicon3adventure.com\/fr\/#website"},"primaryImageOfPage":{"@id":"https:\/\/www.rubicon3adventure.com\/fr\/produit\/antigua-5-jours-explorateur\/#primaryimage"},"image":{"@id":"https:\/\/www.rubicon3adventure.com\/fr\/produit\/antigua-5-jours-explorateur\/#primaryimage"},"thumbnailUrl":"https:\/\/www.rubicon3adventure.com\/wp-content\/uploads\/2024\/08\/antigua-2560.webp","datePublished":"2024-08-28T06:04:05+00:00","dateModified":"2024-08-30T10:21:04+00:00","description":"Rejoignez Rubicon 3 pour notre tr\u00e8s appr\u00e9ci\u00e9 voyage de 5 jours \u00e0 Antigua ! Les \u00e9quipages solitaires sont les bienvenus. D\u00e9couvrez des plages magnifiques, des eaux turquoises et cette \u00eele paradisiaque.","breadcrumb":{"@id":"https:\/\/www.rubicon3adventure.com\/fr\/produit\/antigua-5-jours-explorateur\/#breadcrumb"},"inLanguage":"fr-FR","potentialAction":[{"@type":"ReadAction","target":["https:\/\/www.rubicon3adventure.com\/fr\/produit\/antigua-5-jours-explorateur\/"]}]},{"@type":"ImageObject","inLanguage":"fr-FR","@id":"https:\/\/www.rubicon3adventure.com\/fr\/produit\/antigua-5-jours-explorateur\/#primaryimage","url":"https:\/\/www.rubicon3adventure.com\/wp-content\/uploads\/2024\/08\/antigua-2560.webp","contentUrl":"https:\/\/www.rubicon3adventure.com\/wp-content\/uploads\/2024\/08\/antigua-2560.webp","width":2560,"height":1708,"caption":"Vacances en voilier \u00e0 Antigua"},{"@type":"BreadcrumbList","@id":"https:\/\/www.rubicon3adventure.com\/fr\/produit\/antigua-5-jours-explorateur\/#breadcrumb","itemListElement":[{"@type":"ListItem","position":1,"name":"Boutique","item":"https:\/\/www.rubicon3adventure.com\/fr\/boutique\/"},{"@type":"ListItem","position":2,"name":"Antigua 5 jours d&#8217;exploration"}]},{"@type":"WebSite","@id":"https:\/\/www.rubicon3adventure.com\/fr\/#website","url":"https:\/\/www.rubicon3adventure.com\/fr\/","name":"Rubicon 3 Adventure","description":"","publisher":{"@id":"https:\/\/www.rubicon3adventure.com\/fr\/#organization"},"potentialAction":[{"@type":"SearchAction","target":{"@type":"EntryPoint","urlTemplate":"https:\/\/www.rubicon3adventure.com\/fr\/?s={search_term_string}"},"query-input":{"@type":"PropertyValueSpecification","valueRequired":true,"valueName":"search_term_string"}}],"inLanguage":"fr-FR"},{"@type":"Organization","@id":"https:\/\/www.rubicon3adventure.com\/fr\/#organization","name":"Rubicon 3 Adventures","alternateName":"Blueco Holdings Ltd","url":"https:\/\/www.rubicon3adventure.com\/fr\/","logo":{"@type":"ImageObject","inLanguage":"fr-FR","@id":"https:\/\/www.rubicon3adventure.com\/fr\/#\/schema\/logo\/image\/","url":"https:\/\/www.rubicon3adventure.com\/wp-content\/uploads\/2024\/03\/Rubicon_Schema-Image-scaled.jpg","contentUrl":"https:\/\/www.rubicon3adventure.com\/wp-content\/uploads\/2024\/03\/Rubicon_Schema-Image-scaled.jpg","width":2560,"height":1554,"caption":"Rubicon 3 Adventures"},"image":{"@id":"https:\/\/www.rubicon3adventure.com\/fr\/#\/schema\/logo\/image\/"},"sameAs":["https:\/\/www.facebook.com\/rubicon3sailing","https:\/\/x.com\/rubicon3sailing","https:\/\/www.instagram.com\/rubicon_3_sailing\/","https:\/\/www.pinterest.co.uk\/rubicon3sailing\/","https:\/\/www.youtube.com\/channel\/UCUVTAy1Qm4lz0uZI_83Um8A","https:\/\/www.linkedin.com\/company\/rubicon-3\/"]}]}},"_links":{"self":[{"href":"https:\/\/www.rubicon3adventure.com\/fr\/wp-json\/wp\/v2\/product\/6270","targetHints":{"allow":["GET"]}}],"collection":[{"href":"https:\/\/www.rubicon3adventure.com\/fr\/wp-json\/wp\/v2\/product"}],"about":[{"href":"https:\/\/www.rubicon3adventure.com\/fr\/wp-json\/wp\/v2\/types\/product"}],"replies":[{"embeddable":true,"href":"https:\/\/www.rubicon3adventure.com\/fr\/wp-json\/wp\/v2\/comments?post=6270"}],"wp:featuredmedia":[{"embeddable":true,"href":"https:\/\/www.rubicon3adventure.com\/fr\/wp-json\/wp\/v2\/media\/6299"}],"wp:attachment":[{"href":"https:\/\/www.rubicon3adventure.com\/fr\/wp-json\/wp\/v2\/media?parent=6270"}],"wp:term":[{"taxonomy":"product_brand","embeddable":true,"href":"https:\/\/www.rubicon3adventure.com\/fr\/wp-json\/wp\/v2\/product_brand?post=6270"},{"taxonomy":"product_cat","embeddable":true,"href":"https:\/\/www.rubicon3adventure.com\/fr\/wp-json\/wp\/v2\/product_cat?post=6270"},{"taxonomy":"product_tag","embeddable":true,"href":"https:\/\/www.rubicon3adventure.com\/fr\/wp-json\/wp\/v2\/product_tag?post=6270"}],"curies":[{"name":"wp","href":"https:\/\/api.w.org\/{rel}","templated":true}]}}