{"id":6588,"date":"2024-09-25T10:00:31","date_gmt":"2024-09-25T09:00:31","guid":{"rendered":"https:\/\/www.rubicon3adventure.com\/?post_type=product&#038;p=6588"},"modified":"2024-09-26T05:38:38","modified_gmt":"2024-09-26T04:38:38","slug":"sud-aux-alizes-voyage-de-navigation-celeste-aux-canaries-copy","status":"publish","type":"product","link":"https:\/\/www.rubicon3adventure.com\/fr\/produit\/sud-aux-alizes-voyage-de-navigation-celeste-aux-canaries-copy\/","title":{"rendered":"Sud aux aliz\u00e9s : voyage de navigation c\u00e9leste aux Canaries (Copy)"},"content":{"rendered":"<p>Partez pour un voyage unique en mer, de la c\u00f4te atlantique de l&#8217;Espagne aux \u00eeles Canaries, en utilisant uniquement la navigation c\u00e9leste pour trouver votre chemin. En commen\u00e7ant par un cours de deux jours sur cet art ancien (aucune connaissance c\u00e9leste pr\u00e9alable n&#8217;est donc n\u00e9cessaire), vous partirez dans l&#8217;oc\u00e9an Atlantique et utiliserez le soleil, la lune, les \u00e9toiles et les plan\u00e8tes pour naviguer \u00e0 1 000 miles au sud-ouest de la Grande Canarie. C&#8217;est l&#8217;occasion id\u00e9ale non seulement d&#8217;apprendre la navigation c\u00e9leste mais aussi de l&#8217;utiliser pour de vrai, tout en naviguant au large sur un puissant yacht de 60 pieds, avec un temps de plus en plus chaud au fur et \u00e0 mesure que vous vous dirigez vers les aliz\u00e9s du sud.<\/p>\n<p><span data-preserver-spaces=\"true\">Il s&#8217;agit d&#8217;un passage de qualification <\/span><a class=\"editor-rtfLink\" href=\"https:\/\/www.rubicon3adventure.com\/articles\/seamanship-sailing-skills\/yachtmaster-ocean-qualifying-passage\/\" target=\"_blank\" rel=\"noopener\"><br \/>\n  <span data-preserver-spaces=\"true\">passage de qualification RYA Yachtmaster Ocean<\/span><br \/>\n<\/a><span data-preserver-spaces=\"true\"> pour ceux qui s&#8217;engagent comme chef de quart.<\/span><\/p>\n<h5><span data-preserver-spaces=\"true\">Pr\u00eat pour l&#8217;aventure d&#8217;une vie avec les experts de la navigation hauturi\u00e8re ?<\/span><\/h5>\n<p><span data-preserver-spaces=\"true\">Rubicon 3 est r\u00e9put\u00e9 pour \u00eatre l&#8217;expert de la navigation hauturi\u00e8re, reconnu dans le monde de la voile pour sa grande exp\u00e9rience, sa formation compl\u00e8te, son d\u00e9vouement \u00e0 la d\u00e9couverte et ses fantastiques aventures en mer. Notre \u00e9quipe d&#8217;experts, des marins tr\u00e8s exp\u00e9riment\u00e9s dans la travers\u00e9e des oc\u00e9ans, de l&#8217;Arctique, de la mer du Nord et de la mer de Norv\u00e8ge, propose des cours pratiques sur tous les aspects de la navigation hauturi\u00e8re, \u00e0 l&#8217;intention des d\u00e9butants et des marins plus exp\u00e9riment\u00e9s.<\/span><\/p>\n<p><span data-preserver-spaces=\"true\">Nous nous distinguons par notre s\u00e9lection de listes de choses \u00e0 faire et d&#8217;itin\u00e9raires moins fr\u00e9quent\u00e9s, ce qui vous garantit une navigation hauturi\u00e8re \u00e0 la fois exaltante et riche en d\u00e9couvertes. Notre philosophie est un engagement in\u00e9branlable en faveur de la s\u00e9curit\u00e9 et de la durabilit\u00e9 environnementale, garantissant que chaque voyage respecte les marins et la mer. En outre, nous nous concentrons sur l&#8217;acquisition de comp\u00e9tences individuelles comme dans une \u00e9cole de voile, afin que chacun soit pleinement impliqu\u00e9 dans tous les aspects de la travers\u00e9e. Cette approche holistique a permis \u00e0 Rubicon 3 de se forger une r\u00e9putation d&#8217;expert pour tous ceux qui recherchent le plus haut niveau de navigation hauturi\u00e8re.<\/span><\/p>\n<h5><span data-preserver-spaces=\"true\">Vous souhaitez vous inscrire ?<\/span><\/h5>\n<p><span data-preserver-spaces=\"true\">Cliquez sur le bouton Dates et prix pour conna\u00eetre les dates de ce voyage. Il vous fournira \u00e9galement des informations sur les correspondances, notamment sur le lieu de l&#8217;avion et sur le lieu et la date de l&#8217;embarquement.<\/span><\/p>\n<p>&nbsp;<\/p>\n","protected":false},"excerpt":{"rendered":"<p>Apprenez \u00e0 utiliser la navigation c\u00e9leste lors d&#8217;un passage spectaculaire au large de la c\u00f4te atlantique espagnole jusqu&#8217;aux Canaries. En commen\u00e7ant par un cours th\u00e9orique de deux jours, vous naviguez 1000 milles vers le sud sans utiliser de GPS !<\/p>\n","protected":false},"featured_media":6631,"comment_status":"closed","ping_status":"closed","template":"","meta":{"_acf_changed":false,"content-type":""},"product_brand":[],"product_cat":[243,279,234,255],"product_tag":[],"class_list":{"0":"post-6588","1":"product","2":"type-product","3":"status-publish","4":"has-post-thumbnail","6":"product_cat-europe-et-la-mer-baltique","7":"product_cat-vacances-de-voile-au-soleil-dhiver","8":"product_cat-vacances-en-voilier-daventure","9":"product_cat-en-haute-mer","10":"trip_region-europe-et-baltique","11":"trip_type-hauturier","12":"trip_duration-11-16-jours","14":"first","15":"instock","16":"shipping-taxable","17":"purchasable","18":"product-type-variable"},"acf":[],"yoast_head":"<!-- This site is optimized with the Yoast SEO Premium plugin v27.3 (Yoast SEO v27.3) - https:\/\/yoast.com\/product\/yoast-seo-premium-wordpress\/ -->\n<title>Naviguez de l&#039;Espagne aux Canaries en utilisant la navigation c\u00e9leste.<\/title>\n<meta name=\"description\" content=\"Apprenez \u00e0 naviguer \u00e0 l&#039;aide du soleil et des \u00e9toiles, puis rejoignez l&#039;\u00e9quipage pour naviguer de la c\u00f4te atlantique espagnole aux \u00eeles Canaries sans utiliser de GPS.\" \/>\n<meta name=\"robots\" content=\"index, follow, max-snippet:-1, max-image-preview:large, max-video-preview:-1\" \/>\n<link rel=\"canonical\" href=\"https:\/\/www.rubicon3adventure.com\/fr\/produit\/sud-aux-alizes-voyage-de-navigation-celeste-aux-canaries-copy\/\" \/>\n<meta property=\"og:locale\" content=\"fr_FR\" \/>\n<meta property=\"og:type\" content=\"article\" \/>\n<meta property=\"og:title\" content=\"Naviguez de l&#039;Espagne aux Canaries en utilisant la navigation c\u00e9leste.\" \/>\n<meta property=\"og:description\" content=\"Apprenez \u00e0 naviguer \u00e0 l&#039;aide du soleil et des \u00e9toiles, puis rejoignez l&#039;\u00e9quipage pour naviguer de la c\u00f4te atlantique espagnole aux \u00eeles Canaries sans utiliser de GPS.\" \/>\n<meta property=\"og:url\" content=\"https:\/\/www.rubicon3adventure.com\/fr\/produit\/sud-aux-alizes-voyage-de-navigation-celeste-aux-canaries-copy\/\" \/>\n<meta property=\"og:site_name\" content=\"Rubicon 3 Adventure\" \/>\n<meta property=\"article:publisher\" content=\"https:\/\/www.facebook.com\/rubicon3sailing\" \/>\n<meta property=\"article:modified_time\" content=\"2024-09-26T04:38:38+00:00\" \/>\n<meta property=\"og:image\" content=\"https:\/\/www.rubicon3adventure.com\/wp-content\/uploads\/2024\/03\/crew_onboard_using-sextant-2560.webp\" \/>\n\t<meta property=\"og:image:width\" content=\"2560\" \/>\n\t<meta property=\"og:image:height\" content=\"1441\" \/>\n\t<meta property=\"og:image:type\" content=\"image\/webp\" \/>\n<meta name=\"twitter:card\" content=\"summary_large_image\" \/>\n<meta name=\"twitter:site\" content=\"@rubicon3sailing\" \/>\n<meta name=\"twitter:label1\" content=\"Dur\u00e9e de lecture estim\u00e9e\" \/>\n\t<meta name=\"twitter:data1\" content=\"2 minutes\" \/>\n<script type=\"application\/ld+json\" class=\"yoast-schema-graph\">{\"@context\":\"https:\\\/\\\/schema.org\",\"@graph\":[{\"@type\":\"WebPage\",\"@id\":\"https:\\\/\\\/www.rubicon3adventure.com\\\/fr\\\/produit\\\/sud-aux-alizes-voyage-de-navigation-celeste-aux-canaries-copy\\\/\",\"url\":\"https:\\\/\\\/www.rubicon3adventure.com\\\/fr\\\/produit\\\/sud-aux-alizes-voyage-de-navigation-celeste-aux-canaries-copy\\\/\",\"name\":\"Naviguez de l'Espagne aux Canaries en utilisant la navigation c\u00e9leste.\",\"isPartOf\":{\"@id\":\"https:\\\/\\\/www.rubicon3adventure.com\\\/fr\\\/#website\"},\"primaryImageOfPage\":{\"@id\":\"https:\\\/\\\/www.rubicon3adventure.com\\\/fr\\\/produit\\\/sud-aux-alizes-voyage-de-navigation-celeste-aux-canaries-copy\\\/#primaryimage\"},\"image\":{\"@id\":\"https:\\\/\\\/www.rubicon3adventure.com\\\/fr\\\/produit\\\/sud-aux-alizes-voyage-de-navigation-celeste-aux-canaries-copy\\\/#primaryimage\"},\"thumbnailUrl\":\"https:\\\/\\\/www.rubicon3adventure.com\\\/wp-content\\\/uploads\\\/2024\\\/09\\\/Starling-2560-ocean.webp\",\"datePublished\":\"2024-09-25T09:00:31+00:00\",\"dateModified\":\"2024-09-26T04:38:38+00:00\",\"description\":\"Apprenez \u00e0 naviguer \u00e0 l'aide du soleil et des \u00e9toiles, puis rejoignez l'\u00e9quipage pour naviguer de la c\u00f4te atlantique espagnole aux \u00eeles Canaries sans utiliser de GPS.\",\"breadcrumb\":{\"@id\":\"https:\\\/\\\/www.rubicon3adventure.com\\\/fr\\\/produit\\\/sud-aux-alizes-voyage-de-navigation-celeste-aux-canaries-copy\\\/#breadcrumb\"},\"inLanguage\":\"fr-FR\",\"potentialAction\":[{\"@type\":\"ReadAction\",\"target\":[\"https:\\\/\\\/www.rubicon3adventure.com\\\/fr\\\/produit\\\/sud-aux-alizes-voyage-de-navigation-celeste-aux-canaries-copy\\\/\"]}]},{\"@type\":\"ImageObject\",\"inLanguage\":\"fr-FR\",\"@id\":\"https:\\\/\\\/www.rubicon3adventure.com\\\/fr\\\/produit\\\/sud-aux-alizes-voyage-de-navigation-celeste-aux-canaries-copy\\\/#primaryimage\",\"url\":\"https:\\\/\\\/www.rubicon3adventure.com\\\/wp-content\\\/uploads\\\/2024\\\/09\\\/Starling-2560-ocean.webp\",\"contentUrl\":\"https:\\\/\\\/www.rubicon3adventure.com\\\/wp-content\\\/uploads\\\/2024\\\/09\\\/Starling-2560-ocean.webp\",\"width\":2560,\"height\":1439,\"caption\":\"Starling at sea mid ocean\"},{\"@type\":\"BreadcrumbList\",\"@id\":\"https:\\\/\\\/www.rubicon3adventure.com\\\/fr\\\/produit\\\/sud-aux-alizes-voyage-de-navigation-celeste-aux-canaries-copy\\\/#breadcrumb\",\"itemListElement\":[{\"@type\":\"ListItem\",\"position\":1,\"name\":\"Boutique\",\"item\":\"https:\\\/\\\/www.rubicon3adventure.com\\\/fr\\\/boutique\\\/\"},{\"@type\":\"ListItem\",\"position\":2,\"name\":\"Sud aux aliz\u00e9s : voyage de navigation c\u00e9leste aux Canaries (Copy)\"}]},{\"@type\":\"WebSite\",\"@id\":\"https:\\\/\\\/www.rubicon3adventure.com\\\/fr\\\/#website\",\"url\":\"https:\\\/\\\/www.rubicon3adventure.com\\\/fr\\\/\",\"name\":\"Rubicon 3 Adventure\",\"description\":\"\",\"publisher\":{\"@id\":\"https:\\\/\\\/www.rubicon3adventure.com\\\/fr\\\/#organization\"},\"potentialAction\":[{\"@type\":\"SearchAction\",\"target\":{\"@type\":\"EntryPoint\",\"urlTemplate\":\"https:\\\/\\\/www.rubicon3adventure.com\\\/fr\\\/?s={search_term_string}\"},\"query-input\":{\"@type\":\"PropertyValueSpecification\",\"valueRequired\":true,\"valueName\":\"search_term_string\"}}],\"inLanguage\":\"fr-FR\"},{\"@type\":\"Organization\",\"@id\":\"https:\\\/\\\/www.rubicon3adventure.com\\\/fr\\\/#organization\",\"name\":\"Rubicon 3 Adventures\",\"alternateName\":\"Blueco Holdings Ltd\",\"url\":\"https:\\\/\\\/www.rubicon3adventure.com\\\/fr\\\/\",\"logo\":{\"@type\":\"ImageObject\",\"inLanguage\":\"fr-FR\",\"@id\":\"https:\\\/\\\/www.rubicon3adventure.com\\\/fr\\\/#\\\/schema\\\/logo\\\/image\\\/\",\"url\":\"https:\\\/\\\/www.rubicon3adventure.com\\\/wp-content\\\/uploads\\\/2024\\\/03\\\/Rubicon_Schema-Image-scaled.jpg\",\"contentUrl\":\"https:\\\/\\\/www.rubicon3adventure.com\\\/wp-content\\\/uploads\\\/2024\\\/03\\\/Rubicon_Schema-Image-scaled.jpg\",\"width\":2560,\"height\":1554,\"caption\":\"Rubicon 3 Adventures\"},\"image\":{\"@id\":\"https:\\\/\\\/www.rubicon3adventure.com\\\/fr\\\/#\\\/schema\\\/logo\\\/image\\\/\"},\"sameAs\":[\"https:\\\/\\\/www.facebook.com\\\/rubicon3sailing\",\"https:\\\/\\\/x.com\\\/rubicon3sailing\",\"https:\\\/\\\/www.instagram.com\\\/rubicon_3_sailing\\\/\",\"https:\\\/\\\/www.pinterest.co.uk\\\/rubicon3sailing\\\/\",\"https:\\\/\\\/www.youtube.com\\\/channel\\\/UCUVTAy1Qm4lz0uZI_83Um8A\",\"https:\\\/\\\/www.linkedin.com\\\/company\\\/rubicon-3\\\/\"]}]}<\/script>\n<!-- \/ Yoast SEO Premium plugin. -->","yoast_head_json":{"title":"Naviguez de l'Espagne aux Canaries en utilisant la navigation c\u00e9leste.","description":"Apprenez \u00e0 naviguer \u00e0 l'aide du soleil et des \u00e9toiles, puis rejoignez l'\u00e9quipage pour naviguer de la c\u00f4te atlantique espagnole aux \u00eeles Canaries sans utiliser de GPS.","robots":{"index":"index","follow":"follow","max-snippet":"max-snippet:-1","max-image-preview":"max-image-preview:large","max-video-preview":"max-video-preview:-1"},"canonical":"https:\/\/www.rubicon3adventure.com\/fr\/produit\/sud-aux-alizes-voyage-de-navigation-celeste-aux-canaries-copy\/","og_locale":"fr_FR","og_type":"article","og_title":"Naviguez de l'Espagne aux Canaries en utilisant la navigation c\u00e9leste.","og_description":"Apprenez \u00e0 naviguer \u00e0 l'aide du soleil et des \u00e9toiles, puis rejoignez l'\u00e9quipage pour naviguer de la c\u00f4te atlantique espagnole aux \u00eeles Canaries sans utiliser de GPS.","og_url":"https:\/\/www.rubicon3adventure.com\/fr\/produit\/sud-aux-alizes-voyage-de-navigation-celeste-aux-canaries-copy\/","og_site_name":"Rubicon 3 Adventure","article_publisher":"https:\/\/www.facebook.com\/rubicon3sailing","article_modified_time":"2024-09-26T04:38:38+00:00","og_image":[{"width":2560,"height":1441,"url":"https:\/\/www.rubicon3adventure.com\/wp-content\/uploads\/2024\/03\/crew_onboard_using-sextant-2560.webp","type":"image\/webp"}],"twitter_card":"summary_large_image","twitter_site":"@rubicon3sailing","twitter_misc":{"Dur\u00e9e de lecture estim\u00e9e":"2 minutes"},"schema":{"@context":"https:\/\/schema.org","@graph":[{"@type":"WebPage","@id":"https:\/\/www.rubicon3adventure.com\/fr\/produit\/sud-aux-alizes-voyage-de-navigation-celeste-aux-canaries-copy\/","url":"https:\/\/www.rubicon3adventure.com\/fr\/produit\/sud-aux-alizes-voyage-de-navigation-celeste-aux-canaries-copy\/","name":"Naviguez de l'Espagne aux Canaries en utilisant la navigation c\u00e9leste.","isPartOf":{"@id":"https:\/\/www.rubicon3adventure.com\/fr\/#website"},"primaryImageOfPage":{"@id":"https:\/\/www.rubicon3adventure.com\/fr\/produit\/sud-aux-alizes-voyage-de-navigation-celeste-aux-canaries-copy\/#primaryimage"},"image":{"@id":"https:\/\/www.rubicon3adventure.com\/fr\/produit\/sud-aux-alizes-voyage-de-navigation-celeste-aux-canaries-copy\/#primaryimage"},"thumbnailUrl":"https:\/\/www.rubicon3adventure.com\/wp-content\/uploads\/2024\/09\/Starling-2560-ocean.webp","datePublished":"2024-09-25T09:00:31+00:00","dateModified":"2024-09-26T04:38:38+00:00","description":"Apprenez \u00e0 naviguer \u00e0 l'aide du soleil et des \u00e9toiles, puis rejoignez l'\u00e9quipage pour naviguer de la c\u00f4te atlantique espagnole aux \u00eeles Canaries sans utiliser de GPS.","breadcrumb":{"@id":"https:\/\/www.rubicon3adventure.com\/fr\/produit\/sud-aux-alizes-voyage-de-navigation-celeste-aux-canaries-copy\/#breadcrumb"},"inLanguage":"fr-FR","potentialAction":[{"@type":"ReadAction","target":["https:\/\/www.rubicon3adventure.com\/fr\/produit\/sud-aux-alizes-voyage-de-navigation-celeste-aux-canaries-copy\/"]}]},{"@type":"ImageObject","inLanguage":"fr-FR","@id":"https:\/\/www.rubicon3adventure.com\/fr\/produit\/sud-aux-alizes-voyage-de-navigation-celeste-aux-canaries-copy\/#primaryimage","url":"https:\/\/www.rubicon3adventure.com\/wp-content\/uploads\/2024\/09\/Starling-2560-ocean.webp","contentUrl":"https:\/\/www.rubicon3adventure.com\/wp-content\/uploads\/2024\/09\/Starling-2560-ocean.webp","width":2560,"height":1439,"caption":"Starling at sea mid ocean"},{"@type":"BreadcrumbList","@id":"https:\/\/www.rubicon3adventure.com\/fr\/produit\/sud-aux-alizes-voyage-de-navigation-celeste-aux-canaries-copy\/#breadcrumb","itemListElement":[{"@type":"ListItem","position":1,"name":"Boutique","item":"https:\/\/www.rubicon3adventure.com\/fr\/boutique\/"},{"@type":"ListItem","position":2,"name":"Sud aux aliz\u00e9s : voyage de navigation c\u00e9leste aux Canaries (Copy)"}]},{"@type":"WebSite","@id":"https:\/\/www.rubicon3adventure.com\/fr\/#website","url":"https:\/\/www.rubicon3adventure.com\/fr\/","name":"Rubicon 3 Adventure","description":"","publisher":{"@id":"https:\/\/www.rubicon3adventure.com\/fr\/#organization"},"potentialAction":[{"@type":"SearchAction","target":{"@type":"EntryPoint","urlTemplate":"https:\/\/www.rubicon3adventure.com\/fr\/?s={search_term_string}"},"query-input":{"@type":"PropertyValueSpecification","valueRequired":true,"valueName":"search_term_string"}}],"inLanguage":"fr-FR"},{"@type":"Organization","@id":"https:\/\/www.rubicon3adventure.com\/fr\/#organization","name":"Rubicon 3 Adventures","alternateName":"Blueco Holdings Ltd","url":"https:\/\/www.rubicon3adventure.com\/fr\/","logo":{"@type":"ImageObject","inLanguage":"fr-FR","@id":"https:\/\/www.rubicon3adventure.com\/fr\/#\/schema\/logo\/image\/","url":"https:\/\/www.rubicon3adventure.com\/wp-content\/uploads\/2024\/03\/Rubicon_Schema-Image-scaled.jpg","contentUrl":"https:\/\/www.rubicon3adventure.com\/wp-content\/uploads\/2024\/03\/Rubicon_Schema-Image-scaled.jpg","width":2560,"height":1554,"caption":"Rubicon 3 Adventures"},"image":{"@id":"https:\/\/www.rubicon3adventure.com\/fr\/#\/schema\/logo\/image\/"},"sameAs":["https:\/\/www.facebook.com\/rubicon3sailing","https:\/\/x.com\/rubicon3sailing","https:\/\/www.instagram.com\/rubicon_3_sailing\/","https:\/\/www.pinterest.co.uk\/rubicon3sailing\/","https:\/\/www.youtube.com\/channel\/UCUVTAy1Qm4lz0uZI_83Um8A","https:\/\/www.linkedin.com\/company\/rubicon-3\/"]}]}},"_links":{"self":[{"href":"https:\/\/www.rubicon3adventure.com\/fr\/wp-json\/wp\/v2\/product\/6588","targetHints":{"allow":["GET"]}}],"collection":[{"href":"https:\/\/www.rubicon3adventure.com\/fr\/wp-json\/wp\/v2\/product"}],"about":[{"href":"https:\/\/www.rubicon3adventure.com\/fr\/wp-json\/wp\/v2\/types\/product"}],"replies":[{"embeddable":true,"href":"https:\/\/www.rubicon3adventure.com\/fr\/wp-json\/wp\/v2\/comments?post=6588"}],"wp:featuredmedia":[{"embeddable":true,"href":"https:\/\/www.rubicon3adventure.com\/fr\/wp-json\/wp\/v2\/media\/6631"}],"wp:attachment":[{"href":"https:\/\/www.rubicon3adventure.com\/fr\/wp-json\/wp\/v2\/media?parent=6588"}],"wp:term":[{"taxonomy":"product_brand","embeddable":true,"href":"https:\/\/www.rubicon3adventure.com\/fr\/wp-json\/wp\/v2\/product_brand?post=6588"},{"taxonomy":"product_cat","embeddable":true,"href":"https:\/\/www.rubicon3adventure.com\/fr\/wp-json\/wp\/v2\/product_cat?post=6588"},{"taxonomy":"product_tag","embeddable":true,"href":"https:\/\/www.rubicon3adventure.com\/fr\/wp-json\/wp\/v2\/product_tag?post=6588"}],"curies":[{"name":"wp","href":"https:\/\/api.w.org\/{rel}","templated":true}]}}