{"id":7112,"date":"2024-12-03T14:10:35","date_gmt":"2024-12-03T14:10:35","guid":{"rendered":"https:\/\/www.rubicon3adventure.com\/?post_type=product&#038;p=7112"},"modified":"2024-12-03T15:56:24","modified_gmt":"2024-12-03T15:56:24","slug":"naviguez-sur-latlantique-new-york-terre-neuve-royaume-uni-copy-copy-copy","status":"publish","type":"product","link":"https:\/\/www.rubicon3adventure.com\/fr\/produit\/naviguez-sur-latlantique-new-york-terre-neuve-royaume-uni-copy-copy-copy\/","title":{"rendered":"Naviguez sur l&#8217;Atlantique : New York &#8211; Terre-Neuve &#8211; Royaume-Uni (Copy) (Copy) (Copy)"},"content":{"rendered":"<p><span data-preserver-spaces=\"true\">Embarquant \u00e0 New York depuis l&#8217;embl\u00e9matique Statue de la Libert\u00e9, il s&#8217;agit de l&#8217;itin\u00e9raire ultime pour naviguer \u00e0 travers l&#8217;oc\u00e9an Atlantique et c&#8217;est un parcours d&#8217;aventure et de d\u00e9couverte. Le voyage commence par une navigation dans le pittoresque Long Island Sound, une r\u00e9gion riche en histoire maritime, o\u00f9 les eaux sont parsem\u00e9es de petites \u00eeles et de villes c\u00f4ti\u00e8res anim\u00e9es. En continuant vers le nord, le paysage se transforme en c\u00f4tes accident\u00e9es de la Nouvelle-\u00c9cosse, une terre de villages de p\u00eacheurs pittoresques et de folklore ancien. Le voyage se poursuit plus au nord jusqu&#8217;\u00e0 Terre-Neuve, une fronti\u00e8re lointaine et sauvage, la r\u00e9gion des icebergs, des baleines et des brouillards \u00e9pais bien connus. \u00c0 partir de Terre-Neuve, le voyage se dirige vers l&#8217;est et traverse l&#8217;Atlantique, parcourant 2000 milles vers la magnifique c\u00f4te ouest de l&#8217;\u00c9cosse. C&#8217;est l&#8217;une des routes transatlantiques et des aventures de navigation les plus incroyables.<\/span><\/p>\n<h5><span data-preserver-spaces=\"true\">Pr\u00eat pour l&#8217;aventure d&#8217;une vie avec les experts de la navigation hauturi\u00e8re ?<\/span><\/h5>\n<p><span data-preserver-spaces=\"true\">Rubicon 3 est r\u00e9put\u00e9 pour \u00eatre l&#8217;expert de la navigation hauturi\u00e8re, reconnu dans le monde de la voile pour sa grande exp\u00e9rience, sa formation compl\u00e8te et son d\u00e9vouement \u00e0 l&#8217;aventure et \u00e0 la d\u00e9couverte. Notre \u00e9quipe d&#8217;experts, des marins tr\u00e8s exp\u00e9riment\u00e9s dans le domaine de la navigation hauturi\u00e8re, propose des cours pratiques sur tous les aspects de la navigation hauturi\u00e8re, pour les d\u00e9butants comme pour les marins plus exp\u00e9riment\u00e9s.<\/span><\/p>\n<p><span data-preserver-spaces=\"true\">Notre s\u00e9lection d&#8217;aventures uniques et d&#8217;itin\u00e9raires peu fr\u00e9quent\u00e9s nous distingue, vous garantissant une navigation hauturi\u00e8re et oc\u00e9anique \u00e0 la fois exaltante et riche en d\u00e9couvertes, sur le bon bateau r\u00e9pondant aux normes de s\u00e9curit\u00e9 les plus strictes et dot\u00e9 de tout l&#8217;\u00e9quipement de s\u00e9curit\u00e9 requis. Notre philosophie est un engagement in\u00e9branlable en faveur de la s\u00e9curit\u00e9 et de la durabilit\u00e9 environnementale, garantissant que chaque voyage respecte les marins et la mer. En outre, nous nous concentrons sur l&#8217;acquisition de comp\u00e9tences individuelles comme dans une \u00e9cole de voile, afin que chacun soit pleinement impliqu\u00e9 dans tous les aspects de la travers\u00e9e. Cette approche holistique a permis \u00e0 Rubicon 3 de se forger une r\u00e9putation d&#8217;expert pour tous ceux qui recherchent le plus haut niveau de navigation hauturi\u00e8re.<\/span><\/p>\n<h5><span data-preserver-spaces=\"true\">Vous souhaitez vous inscrire ?<\/span><\/h5>\n<p><span data-preserver-spaces=\"true\">Cliquez sur le bouton Dates et prix pour conna\u00eetre les dates de ce voyage. Il vous fournira \u00e9galement des informations sur les correspondances, notamment sur le lieu de l&#8217;avion et sur le lieu et la date de l&#8217;embarquement.<\/span><\/p>\n","protected":false},"excerpt":{"rendered":"<p>L&#8217;ultime aventure de navigation dans l&#8217;Atlantique, avec un d\u00e9part \u00e0 New York et une navigation au nord de la Nouvelle-\u00c9cosse et \u00e0 Terre-Neuve, avant de traverser l&#8217;oc\u00e9an Atlantique et d&#8217;arriver sur la magnifique c\u00f4te ouest de l&#8217;\u00c9cosse.<\/p>\n","protected":false},"featured_media":9504,"comment_status":"closed","ping_status":"closed","template":"","meta":{"_acf_changed":false,"content-type":""},"product_brand":[],"product_cat":[240,252,234],"product_tag":[],"class_list":{"0":"post-7112","1":"product","2":"type-product","3":"status-publish","4":"has-post-thumbnail","6":"product_cat-cotier","7":"product_cat-norvege-islande-et-larctique","8":"product_cat-vacances-en-voilier-daventure","9":"trip_region-norvege-islande-et-arctique","10":"trip_type-cotier","11":"trip_duration-11-16-jours","13":"first","14":"outofstock","15":"shipping-taxable","16":"purchasable","17":"product-type-variable"},"acf":[],"yoast_head":"<!-- This site is optimized with the Yoast SEO Premium plugin v27.3 (Yoast SEO v27.4) - https:\/\/yoast.com\/product\/yoast-seo-premium-wordpress\/ -->\n<title>L&#039;ultime aventure de navigation sur l&#039;Atlantique : New York - Terre-Neuve - Royaume-Uni<\/title>\n<meta name=\"description\" content=\"Naviguez sur l&#039;Atlantique de New York \u00e0 l&#039;\u00c9cosse en passant par la Nouvelle-\u00c9cosse et Terre-Neuve. L&#039;itin\u00e9raire ultime, g\u00e9r\u00e9 par les meilleurs navigateurs d&#039;aventure. Les \u00e9quipages solitaires sont les bienvenus.\" \/>\n<meta name=\"robots\" content=\"index, follow, max-snippet:-1, max-image-preview:large, max-video-preview:-1\" \/>\n<link rel=\"canonical\" href=\"https:\/\/www.rubicon3adventure.com\/fr\/produit\/naviguez-sur-latlantique-new-york-terre-neuve-royaume-uni-copy-copy-copy\/\" \/>\n<meta property=\"og:locale\" content=\"fr_FR\" \/>\n<meta property=\"og:type\" content=\"article\" \/>\n<meta property=\"og:title\" content=\"L&#039;ultime aventure de navigation sur l&#039;Atlantique : New York - Terre-Neuve - Royaume-Uni\" \/>\n<meta property=\"og:description\" content=\"Naviguez sur l&#039;Atlantique de New York \u00e0 l&#039;\u00c9cosse en passant par la Nouvelle-\u00c9cosse et Terre-Neuve. L&#039;itin\u00e9raire ultime, g\u00e9r\u00e9 par les meilleurs navigateurs d&#039;aventure. Les \u00e9quipages solitaires sont les bienvenus.\" \/>\n<meta property=\"og:url\" content=\"https:\/\/www.rubicon3adventure.com\/fr\/produit\/naviguez-sur-latlantique-new-york-terre-neuve-royaume-uni-copy-copy-copy\/\" \/>\n<meta property=\"og:site_name\" content=\"Rubicon 3 Adventure\" \/>\n<meta property=\"article:publisher\" content=\"https:\/\/www.facebook.com\/rubicon3sailing\" \/>\n<meta property=\"article:modified_time\" content=\"2024-12-03T15:56:24+00:00\" \/>\n<meta property=\"og:image\" content=\"https:\/\/www.rubicon3adventure.com\/wp-content\/uploads\/2024\/12\/greenland-Kulusuk-2560.webp\" \/>\n\t<meta property=\"og:image:width\" content=\"2560\" \/>\n\t<meta property=\"og:image:height\" content=\"1440\" \/>\n\t<meta property=\"og:image:type\" content=\"image\/webp\" \/>\n<meta name=\"twitter:card\" content=\"summary_large_image\" \/>\n<meta name=\"twitter:site\" content=\"@rubicon3sailing\" \/>\n<meta name=\"twitter:label1\" content=\"Dur\u00e9e de lecture estim\u00e9e\" \/>\n\t<meta name=\"twitter:data1\" content=\"2 minutes\" \/>\n<script type=\"application\/ld+json\" class=\"yoast-schema-graph\">{\"@context\":\"https:\\\/\\\/schema.org\",\"@graph\":[{\"@type\":\"WebPage\",\"@id\":\"https:\\\/\\\/www.rubicon3adventure.com\\\/fr\\\/produit\\\/naviguez-sur-latlantique-new-york-terre-neuve-royaume-uni-copy-copy-copy\\\/\",\"url\":\"https:\\\/\\\/www.rubicon3adventure.com\\\/fr\\\/produit\\\/naviguez-sur-latlantique-new-york-terre-neuve-royaume-uni-copy-copy-copy\\\/\",\"name\":\"L'ultime aventure de navigation sur l'Atlantique : New York - Terre-Neuve - Royaume-Uni\",\"isPartOf\":{\"@id\":\"https:\\\/\\\/www.rubicon3adventure.com\\\/fr\\\/#website\"},\"primaryImageOfPage\":{\"@id\":\"https:\\\/\\\/www.rubicon3adventure.com\\\/fr\\\/produit\\\/naviguez-sur-latlantique-new-york-terre-neuve-royaume-uni-copy-copy-copy\\\/#primaryimage\"},\"image\":{\"@id\":\"https:\\\/\\\/www.rubicon3adventure.com\\\/fr\\\/produit\\\/naviguez-sur-latlantique-new-york-terre-neuve-royaume-uni-copy-copy-copy\\\/#primaryimage\"},\"thumbnailUrl\":\"https:\\\/\\\/www.rubicon3adventure.com\\\/wp-content\\\/uploads\\\/2024\\\/12\\\/disko-greenland-2560.webp\",\"datePublished\":\"2024-12-03T14:10:35+00:00\",\"dateModified\":\"2024-12-03T15:56:24+00:00\",\"description\":\"Naviguez sur l'Atlantique de New York \u00e0 l'\u00c9cosse en passant par la Nouvelle-\u00c9cosse et Terre-Neuve. L'itin\u00e9raire ultime, g\u00e9r\u00e9 par les meilleurs navigateurs d'aventure. Les \u00e9quipages solitaires sont les bienvenus.\",\"breadcrumb\":{\"@id\":\"https:\\\/\\\/www.rubicon3adventure.com\\\/fr\\\/produit\\\/naviguez-sur-latlantique-new-york-terre-neuve-royaume-uni-copy-copy-copy\\\/#breadcrumb\"},\"inLanguage\":\"fr-FR\",\"potentialAction\":[{\"@type\":\"ReadAction\",\"target\":[\"https:\\\/\\\/www.rubicon3adventure.com\\\/fr\\\/produit\\\/naviguez-sur-latlantique-new-york-terre-neuve-royaume-uni-copy-copy-copy\\\/\"]}]},{\"@type\":\"ImageObject\",\"inLanguage\":\"fr-FR\",\"@id\":\"https:\\\/\\\/www.rubicon3adventure.com\\\/fr\\\/produit\\\/naviguez-sur-latlantique-new-york-terre-neuve-royaume-uni-copy-copy-copy\\\/#primaryimage\",\"url\":\"https:\\\/\\\/www.rubicon3adventure.com\\\/wp-content\\\/uploads\\\/2024\\\/12\\\/disko-greenland-2560.webp\",\"contentUrl\":\"https:\\\/\\\/www.rubicon3adventure.com\\\/wp-content\\\/uploads\\\/2024\\\/12\\\/disko-greenland-2560.webp\",\"width\":2560,\"height\":1441,\"caption\":\"Disko bay\"},{\"@type\":\"BreadcrumbList\",\"@id\":\"https:\\\/\\\/www.rubicon3adventure.com\\\/fr\\\/produit\\\/naviguez-sur-latlantique-new-york-terre-neuve-royaume-uni-copy-copy-copy\\\/#breadcrumb\",\"itemListElement\":[{\"@type\":\"ListItem\",\"position\":1,\"name\":\"Boutique\",\"item\":\"https:\\\/\\\/www.rubicon3adventure.com\\\/fr\\\/boutique\\\/\"},{\"@type\":\"ListItem\",\"position\":2,\"name\":\"Naviguez sur l&#8217;Atlantique : New York &#8211; Terre-Neuve &#8211; Royaume-Uni (Copy) (Copy) (Copy)\"}]},{\"@type\":\"WebSite\",\"@id\":\"https:\\\/\\\/www.rubicon3adventure.com\\\/fr\\\/#website\",\"url\":\"https:\\\/\\\/www.rubicon3adventure.com\\\/fr\\\/\",\"name\":\"Rubicon 3 Adventure\",\"description\":\"\",\"publisher\":{\"@id\":\"https:\\\/\\\/www.rubicon3adventure.com\\\/fr\\\/#organization\"},\"potentialAction\":[{\"@type\":\"SearchAction\",\"target\":{\"@type\":\"EntryPoint\",\"urlTemplate\":\"https:\\\/\\\/www.rubicon3adventure.com\\\/fr\\\/?s={search_term_string}\"},\"query-input\":{\"@type\":\"PropertyValueSpecification\",\"valueRequired\":true,\"valueName\":\"search_term_string\"}}],\"inLanguage\":\"fr-FR\"},{\"@type\":\"Organization\",\"@id\":\"https:\\\/\\\/www.rubicon3adventure.com\\\/fr\\\/#organization\",\"name\":\"Rubicon 3 Adventures\",\"alternateName\":\"Blueco Holdings Ltd\",\"url\":\"https:\\\/\\\/www.rubicon3adventure.com\\\/fr\\\/\",\"logo\":{\"@type\":\"ImageObject\",\"inLanguage\":\"fr-FR\",\"@id\":\"https:\\\/\\\/www.rubicon3adventure.com\\\/fr\\\/#\\\/schema\\\/logo\\\/image\\\/\",\"url\":\"https:\\\/\\\/www.rubicon3adventure.com\\\/wp-content\\\/uploads\\\/2024\\\/03\\\/Rubicon_Schema-Image-scaled.jpg\",\"contentUrl\":\"https:\\\/\\\/www.rubicon3adventure.com\\\/wp-content\\\/uploads\\\/2024\\\/03\\\/Rubicon_Schema-Image-scaled.jpg\",\"width\":2560,\"height\":1554,\"caption\":\"Rubicon 3 Adventures\"},\"image\":{\"@id\":\"https:\\\/\\\/www.rubicon3adventure.com\\\/fr\\\/#\\\/schema\\\/logo\\\/image\\\/\"},\"sameAs\":[\"https:\\\/\\\/www.facebook.com\\\/rubicon3sailing\",\"https:\\\/\\\/x.com\\\/rubicon3sailing\",\"https:\\\/\\\/www.instagram.com\\\/rubicon_3_sailing\\\/\",\"https:\\\/\\\/www.pinterest.co.uk\\\/rubicon3sailing\\\/\",\"https:\\\/\\\/www.youtube.com\\\/channel\\\/UCUVTAy1Qm4lz0uZI_83Um8A\",\"https:\\\/\\\/www.linkedin.com\\\/company\\\/rubicon-3\\\/\"]}]}<\/script>\n<!-- \/ Yoast SEO Premium plugin. -->","yoast_head_json":{"title":"L'ultime aventure de navigation sur l'Atlantique : New York - Terre-Neuve - Royaume-Uni","description":"Naviguez sur l'Atlantique de New York \u00e0 l'\u00c9cosse en passant par la Nouvelle-\u00c9cosse et Terre-Neuve. L'itin\u00e9raire ultime, g\u00e9r\u00e9 par les meilleurs navigateurs d'aventure. Les \u00e9quipages solitaires sont les bienvenus.","robots":{"index":"index","follow":"follow","max-snippet":"max-snippet:-1","max-image-preview":"max-image-preview:large","max-video-preview":"max-video-preview:-1"},"canonical":"https:\/\/www.rubicon3adventure.com\/fr\/produit\/naviguez-sur-latlantique-new-york-terre-neuve-royaume-uni-copy-copy-copy\/","og_locale":"fr_FR","og_type":"article","og_title":"L'ultime aventure de navigation sur l'Atlantique : New York - Terre-Neuve - Royaume-Uni","og_description":"Naviguez sur l'Atlantique de New York \u00e0 l'\u00c9cosse en passant par la Nouvelle-\u00c9cosse et Terre-Neuve. L'itin\u00e9raire ultime, g\u00e9r\u00e9 par les meilleurs navigateurs d'aventure. Les \u00e9quipages solitaires sont les bienvenus.","og_url":"https:\/\/www.rubicon3adventure.com\/fr\/produit\/naviguez-sur-latlantique-new-york-terre-neuve-royaume-uni-copy-copy-copy\/","og_site_name":"Rubicon 3 Adventure","article_publisher":"https:\/\/www.facebook.com\/rubicon3sailing","article_modified_time":"2024-12-03T15:56:24+00:00","og_image":[{"width":2560,"height":1440,"url":"https:\/\/www.rubicon3adventure.com\/wp-content\/uploads\/2024\/12\/greenland-Kulusuk-2560.webp","type":"image\/webp"}],"twitter_card":"summary_large_image","twitter_site":"@rubicon3sailing","twitter_misc":{"Dur\u00e9e de lecture estim\u00e9e":"2 minutes"},"schema":{"@context":"https:\/\/schema.org","@graph":[{"@type":"WebPage","@id":"https:\/\/www.rubicon3adventure.com\/fr\/produit\/naviguez-sur-latlantique-new-york-terre-neuve-royaume-uni-copy-copy-copy\/","url":"https:\/\/www.rubicon3adventure.com\/fr\/produit\/naviguez-sur-latlantique-new-york-terre-neuve-royaume-uni-copy-copy-copy\/","name":"L'ultime aventure de navigation sur l'Atlantique : New York - Terre-Neuve - Royaume-Uni","isPartOf":{"@id":"https:\/\/www.rubicon3adventure.com\/fr\/#website"},"primaryImageOfPage":{"@id":"https:\/\/www.rubicon3adventure.com\/fr\/produit\/naviguez-sur-latlantique-new-york-terre-neuve-royaume-uni-copy-copy-copy\/#primaryimage"},"image":{"@id":"https:\/\/www.rubicon3adventure.com\/fr\/produit\/naviguez-sur-latlantique-new-york-terre-neuve-royaume-uni-copy-copy-copy\/#primaryimage"},"thumbnailUrl":"https:\/\/www.rubicon3adventure.com\/wp-content\/uploads\/2024\/12\/disko-greenland-2560.webp","datePublished":"2024-12-03T14:10:35+00:00","dateModified":"2024-12-03T15:56:24+00:00","description":"Naviguez sur l'Atlantique de New York \u00e0 l'\u00c9cosse en passant par la Nouvelle-\u00c9cosse et Terre-Neuve. L'itin\u00e9raire ultime, g\u00e9r\u00e9 par les meilleurs navigateurs d'aventure. Les \u00e9quipages solitaires sont les bienvenus.","breadcrumb":{"@id":"https:\/\/www.rubicon3adventure.com\/fr\/produit\/naviguez-sur-latlantique-new-york-terre-neuve-royaume-uni-copy-copy-copy\/#breadcrumb"},"inLanguage":"fr-FR","potentialAction":[{"@type":"ReadAction","target":["https:\/\/www.rubicon3adventure.com\/fr\/produit\/naviguez-sur-latlantique-new-york-terre-neuve-royaume-uni-copy-copy-copy\/"]}]},{"@type":"ImageObject","inLanguage":"fr-FR","@id":"https:\/\/www.rubicon3adventure.com\/fr\/produit\/naviguez-sur-latlantique-new-york-terre-neuve-royaume-uni-copy-copy-copy\/#primaryimage","url":"https:\/\/www.rubicon3adventure.com\/wp-content\/uploads\/2024\/12\/disko-greenland-2560.webp","contentUrl":"https:\/\/www.rubicon3adventure.com\/wp-content\/uploads\/2024\/12\/disko-greenland-2560.webp","width":2560,"height":1441,"caption":"Disko bay"},{"@type":"BreadcrumbList","@id":"https:\/\/www.rubicon3adventure.com\/fr\/produit\/naviguez-sur-latlantique-new-york-terre-neuve-royaume-uni-copy-copy-copy\/#breadcrumb","itemListElement":[{"@type":"ListItem","position":1,"name":"Boutique","item":"https:\/\/www.rubicon3adventure.com\/fr\/boutique\/"},{"@type":"ListItem","position":2,"name":"Naviguez sur l&#8217;Atlantique : New York &#8211; Terre-Neuve &#8211; Royaume-Uni (Copy) (Copy) (Copy)"}]},{"@type":"WebSite","@id":"https:\/\/www.rubicon3adventure.com\/fr\/#website","url":"https:\/\/www.rubicon3adventure.com\/fr\/","name":"Rubicon 3 Adventure","description":"","publisher":{"@id":"https:\/\/www.rubicon3adventure.com\/fr\/#organization"},"potentialAction":[{"@type":"SearchAction","target":{"@type":"EntryPoint","urlTemplate":"https:\/\/www.rubicon3adventure.com\/fr\/?s={search_term_string}"},"query-input":{"@type":"PropertyValueSpecification","valueRequired":true,"valueName":"search_term_string"}}],"inLanguage":"fr-FR"},{"@type":"Organization","@id":"https:\/\/www.rubicon3adventure.com\/fr\/#organization","name":"Rubicon 3 Adventures","alternateName":"Blueco Holdings Ltd","url":"https:\/\/www.rubicon3adventure.com\/fr\/","logo":{"@type":"ImageObject","inLanguage":"fr-FR","@id":"https:\/\/www.rubicon3adventure.com\/fr\/#\/schema\/logo\/image\/","url":"https:\/\/www.rubicon3adventure.com\/wp-content\/uploads\/2024\/03\/Rubicon_Schema-Image-scaled.jpg","contentUrl":"https:\/\/www.rubicon3adventure.com\/wp-content\/uploads\/2024\/03\/Rubicon_Schema-Image-scaled.jpg","width":2560,"height":1554,"caption":"Rubicon 3 Adventures"},"image":{"@id":"https:\/\/www.rubicon3adventure.com\/fr\/#\/schema\/logo\/image\/"},"sameAs":["https:\/\/www.facebook.com\/rubicon3sailing","https:\/\/x.com\/rubicon3sailing","https:\/\/www.instagram.com\/rubicon_3_sailing\/","https:\/\/www.pinterest.co.uk\/rubicon3sailing\/","https:\/\/www.youtube.com\/channel\/UCUVTAy1Qm4lz0uZI_83Um8A","https:\/\/www.linkedin.com\/company\/rubicon-3\/"]}]}},"_links":{"self":[{"href":"https:\/\/www.rubicon3adventure.com\/fr\/wp-json\/wp\/v2\/product\/7112","targetHints":{"allow":["GET"]}}],"collection":[{"href":"https:\/\/www.rubicon3adventure.com\/fr\/wp-json\/wp\/v2\/product"}],"about":[{"href":"https:\/\/www.rubicon3adventure.com\/fr\/wp-json\/wp\/v2\/types\/product"}],"replies":[{"embeddable":true,"href":"https:\/\/www.rubicon3adventure.com\/fr\/wp-json\/wp\/v2\/comments?post=7112"}],"wp:featuredmedia":[{"embeddable":true,"href":"https:\/\/www.rubicon3adventure.com\/fr\/wp-json\/wp\/v2\/media\/9504"}],"wp:attachment":[{"href":"https:\/\/www.rubicon3adventure.com\/fr\/wp-json\/wp\/v2\/media?parent=7112"}],"wp:term":[{"taxonomy":"product_brand","embeddable":true,"href":"https:\/\/www.rubicon3adventure.com\/fr\/wp-json\/wp\/v2\/product_brand?post=7112"},{"taxonomy":"product_cat","embeddable":true,"href":"https:\/\/www.rubicon3adventure.com\/fr\/wp-json\/wp\/v2\/product_cat?post=7112"},{"taxonomy":"product_tag","embeddable":true,"href":"https:\/\/www.rubicon3adventure.com\/fr\/wp-json\/wp\/v2\/product_tag?post=7112"}],"curies":[{"name":"wp","href":"https:\/\/api.w.org\/{rel}","templated":true}]}}