{"id":9215,"date":"2025-09-29T10:45:02","date_gmt":"2025-09-29T09:45:02","guid":{"rendered":"https:\/\/www.rubicon3adventure.com\/?post_type=product&#038;p=9215"},"modified":"2025-09-29T10:51:04","modified_gmt":"2025-09-29T09:51:04","slug":"les-iles-du-vent-explorer-les-grenadines-copy-copy","status":"publish","type":"product","link":"https:\/\/www.rubicon3adventure.com\/fr\/produit\/les-iles-du-vent-explorer-les-grenadines-copy-copy\/","title":{"rendered":"Les \u00eeles du Vent : Explorer les Grenadines (Copy) (Copy)"},"content":{"rendered":"<p>Embarquez pour des vacances inoubliables \u00e0 bord d&#8217;un voilier d&#8217;aventure \u00e0 travers les \u00eeles du Vent, o\u00f9 chaque \u00eele offre un paradis unique. Les Grenadines sont un monde de plantations de noix de muscade parfum\u00e9es, de for\u00eats tropicales luxuriantes et de chutes d&#8217;eau en cascade, offrant un m\u00e9lange parfait de beaut\u00e9 naturelle, de richesse culturelle et de plaisirs de la navigation. Naviguez jusqu&#8217;\u00e0 l&#8217;enchanteresse Saint-Vincent, une terre aux paysages volcaniques accident\u00e9s et la porte d&#8217;entr\u00e9e des idylliques Grenadines, id\u00e9ales pour faire du shopping sur les \u00eeles et explorer des criques cach\u00e9es. D\u00e9couvrez Bequia, la plus grande \u00eele des Grenadines, connue pour son histoire maritime, son patrimoine de chasse \u00e0 la baleine et ses magnifiques ports. Nagez dans les Tobago Cays, c\u00e9l\u00e8bres dans le monde entier, o\u00f9 vous pourrez faire de la plong\u00e9e avec masque et tuba dans des eaux cristallines au milieu d&#8217;\u00e9tonnants r\u00e9cifs coralliens regorgeant de vie marine et de tortues. Les autres \u00eeles de cette route sont Union Island, avec sa silhouette volcanique spectaculaire, Sainte-Lucie et Mustique. Rejoignez-nous pour ces vacances magiques en voilier, pleines d&#8217;aventures, de d\u00e9couvertes et d&#8217;apprentissage.<\/p>\n<h5>Vous \u00eates pr\u00eat \u00e0 faire le voyage de votre vie avec les meilleurs marins d&#8217;aventure d&#8217;Europe ?<\/h5>\n<p>Les exp\u00e9ditions Rubicon 3 sont de v\u00e9ritables aventures \u00e0 la voile plut\u00f4t que des vacances de luxe. Vous serez hors des sentiers battus, peut-\u00eatre en pleine mer, selon l&#8217;itin\u00e9raire que vous choisirez, et vous naviguerez vers des endroits isol\u00e9s et magnifiques que vous explorerez. Les instructeurs experts de Rubicon 3 vous formeront et veilleront \u00e0 ce que vous participiez pleinement \u00e0 tous les aspects de l&#8217;exp\u00e9rience, y compris la navigation, la barre, le r\u00e9glage des voiles, la cuisine et l&#8217;entretien du voilier. En tant que v\u00e9ritable aventure \u00e0 la voile, elle est bien moins pr\u00e9visible (et bien meilleure !) qu&#8217;une exp\u00e9rience packag\u00e9e, avec des itin\u00e9raires planifi\u00e9s au jour le jour et fa\u00e7onn\u00e9s par les circonstances locales et la m\u00e9t\u00e9o. Pour participer \u00e0 l&#8217;aventure, l&#8217;\u00e9quipage doit se pr\u00e9senter avec un bon \u00e9tat d&#8217;esprit, une ouverture d&#8217;esprit et une volont\u00e9 de s&#8217;impliquer pleinement.<\/p>\n<h5>Vous souhaitez vous inscrire ?<\/h5>\n<p>Cliquez sur le bouton Dates et prix pour conna\u00eetre les dates de ce voyage. Il vous fournira \u00e9galement des informations sur les correspondances, notamment sur le lieu de l&#8217;avion et sur le lieu et la date de l&#8217;embarquement.<\/p>\n<p>&nbsp;<\/p>\n","protected":false},"excerpt":{"rendered":"<p>Embarquez pour des vacances inoubliables \u00e0 bord d&#8217;un voilier d&#8217;aventure \u00e0 travers les \u00eeles du Vent, o\u00f9 chaque \u00eele offre un paradis unique.<\/p>\n","protected":false},"featured_media":9219,"comment_status":"closed","ping_status":"closed","template":"","meta":{"_acf_changed":false,"content-type":""},"product_brand":[],"product_cat":[243,249,234],"product_tag":[],"class_list":{"0":"post-9215","1":"product","2":"type-product","3":"status-publish","4":"has-post-thumbnail","6":"product_cat-europe-et-la-mer-baltique","7":"product_cat-milebuilder-fr","8":"product_cat-vacances-en-voilier-daventure","10":"first","11":"instock","12":"shipping-taxable","13":"purchasable","14":"product-type-variable"},"acf":[],"yoast_head":"<!-- This site is optimized with the Yoast SEO Premium plugin v27.3 (Yoast SEO v27.3) - https:\/\/yoast.com\/product\/yoast-seo-premium-wordpress\/ -->\n<title>Vacances \u00e0 la voile de 12 jours dans les Grenadines : \u00c9quipage solo bienvenu !<\/title>\n<meta name=\"description\" content=\"Participez \u00e0 ces vacances en voilier de 12 jours dans les Cara\u00efbes. D\u00e9couvrez Sainte-Lucie, Mustique, Tobago Cays et bien plus encore. Les \u00e9quipages solitaires sont les bienvenus. Aucune exp\u00e9rience n&#039;est n\u00e9cessaire.\" \/>\n<meta name=\"robots\" content=\"index, follow, max-snippet:-1, max-image-preview:large, max-video-preview:-1\" \/>\n<link rel=\"canonical\" href=\"https:\/\/www.rubicon3adventure.com\/fr\/produit\/les-iles-du-vent-explorer-les-grenadines-copy-copy\/\" \/>\n<meta property=\"og:locale\" content=\"fr_FR\" \/>\n<meta property=\"og:type\" content=\"article\" \/>\n<meta property=\"og:title\" content=\"Vacances \u00e0 la voile de 12 jours dans les Grenadines : \u00c9quipage solo bienvenu !\" \/>\n<meta property=\"og:description\" content=\"Participez \u00e0 ces vacances en voilier de 12 jours dans les Cara\u00efbes. D\u00e9couvrez Sainte-Lucie, Mustique, Tobago Cays et bien plus encore. Les \u00e9quipages solitaires sont les bienvenus. Aucune exp\u00e9rience n&#039;est n\u00e9cessaire.\" \/>\n<meta property=\"og:url\" content=\"https:\/\/www.rubicon3adventure.com\/fr\/produit\/les-iles-du-vent-explorer-les-grenadines-copy-copy\/\" \/>\n<meta property=\"og:site_name\" content=\"Rubicon 3 Adventure\" \/>\n<meta property=\"article:publisher\" content=\"https:\/\/www.facebook.com\/rubicon3sailing\" \/>\n<meta property=\"article:modified_time\" content=\"2025-09-29T09:51:04+00:00\" \/>\n<meta property=\"og:image\" content=\"https:\/\/www.rubicon3adventure.com\/wp-content\/uploads\/2025\/09\/Screenshot-2025-09-29-at-10.49.38.png\" \/>\n\t<meta property=\"og:image:width\" content=\"1934\" \/>\n\t<meta property=\"og:image:height\" content=\"780\" \/>\n\t<meta property=\"og:image:type\" content=\"image\/png\" \/>\n<meta name=\"twitter:card\" content=\"summary_large_image\" \/>\n<meta name=\"twitter:site\" content=\"@rubicon3sailing\" \/>\n<meta name=\"twitter:label1\" content=\"Dur\u00e9e de lecture estim\u00e9e\" \/>\n\t<meta name=\"twitter:data1\" content=\"2 minutes\" \/>\n<script type=\"application\/ld+json\" class=\"yoast-schema-graph\">{\"@context\":\"https:\\\/\\\/schema.org\",\"@graph\":[{\"@type\":\"WebPage\",\"@id\":\"https:\\\/\\\/www.rubicon3adventure.com\\\/fr\\\/produit\\\/les-iles-du-vent-explorer-les-grenadines-copy-copy\\\/\",\"url\":\"https:\\\/\\\/www.rubicon3adventure.com\\\/fr\\\/produit\\\/les-iles-du-vent-explorer-les-grenadines-copy-copy\\\/\",\"name\":\"Vacances \u00e0 la voile de 12 jours dans les Grenadines : \u00c9quipage solo bienvenu !\",\"isPartOf\":{\"@id\":\"https:\\\/\\\/www.rubicon3adventure.com\\\/fr\\\/#website\"},\"primaryImageOfPage\":{\"@id\":\"https:\\\/\\\/www.rubicon3adventure.com\\\/fr\\\/produit\\\/les-iles-du-vent-explorer-les-grenadines-copy-copy\\\/#primaryimage\"},\"image\":{\"@id\":\"https:\\\/\\\/www.rubicon3adventure.com\\\/fr\\\/produit\\\/les-iles-du-vent-explorer-les-grenadines-copy-copy\\\/#primaryimage\"},\"thumbnailUrl\":\"https:\\\/\\\/www.rubicon3adventure.com\\\/wp-content\\\/uploads\\\/2025\\\/09\\\/Screenshot-2025-09-29-at-10.49.38.png\",\"datePublished\":\"2025-09-29T09:45:02+00:00\",\"dateModified\":\"2025-09-29T09:51:04+00:00\",\"description\":\"Participez \u00e0 ces vacances en voilier de 12 jours dans les Cara\u00efbes. D\u00e9couvrez Sainte-Lucie, Mustique, Tobago Cays et bien plus encore. Les \u00e9quipages solitaires sont les bienvenus. Aucune exp\u00e9rience n'est n\u00e9cessaire.\",\"breadcrumb\":{\"@id\":\"https:\\\/\\\/www.rubicon3adventure.com\\\/fr\\\/produit\\\/les-iles-du-vent-explorer-les-grenadines-copy-copy\\\/#breadcrumb\"},\"inLanguage\":\"fr-FR\",\"potentialAction\":[{\"@type\":\"ReadAction\",\"target\":[\"https:\\\/\\\/www.rubicon3adventure.com\\\/fr\\\/produit\\\/les-iles-du-vent-explorer-les-grenadines-copy-copy\\\/\"]}]},{\"@type\":\"ImageObject\",\"inLanguage\":\"fr-FR\",\"@id\":\"https:\\\/\\\/www.rubicon3adventure.com\\\/fr\\\/produit\\\/les-iles-du-vent-explorer-les-grenadines-copy-copy\\\/#primaryimage\",\"url\":\"https:\\\/\\\/www.rubicon3adventure.com\\\/wp-content\\\/uploads\\\/2025\\\/09\\\/Screenshot-2025-09-29-at-10.49.38.png\",\"contentUrl\":\"https:\\\/\\\/www.rubicon3adventure.com\\\/wp-content\\\/uploads\\\/2025\\\/09\\\/Screenshot-2025-09-29-at-10.49.38.png\",\"width\":1934,\"height\":780},{\"@type\":\"BreadcrumbList\",\"@id\":\"https:\\\/\\\/www.rubicon3adventure.com\\\/fr\\\/produit\\\/les-iles-du-vent-explorer-les-grenadines-copy-copy\\\/#breadcrumb\",\"itemListElement\":[{\"@type\":\"ListItem\",\"position\":1,\"name\":\"Boutique\",\"item\":\"https:\\\/\\\/www.rubicon3adventure.com\\\/fr\\\/boutique\\\/\"},{\"@type\":\"ListItem\",\"position\":2,\"name\":\"Les \u00eeles du Vent : Explorer les Grenadines (Copy) (Copy)\"}]},{\"@type\":\"WebSite\",\"@id\":\"https:\\\/\\\/www.rubicon3adventure.com\\\/fr\\\/#website\",\"url\":\"https:\\\/\\\/www.rubicon3adventure.com\\\/fr\\\/\",\"name\":\"Rubicon 3 Adventure\",\"description\":\"\",\"publisher\":{\"@id\":\"https:\\\/\\\/www.rubicon3adventure.com\\\/fr\\\/#organization\"},\"potentialAction\":[{\"@type\":\"SearchAction\",\"target\":{\"@type\":\"EntryPoint\",\"urlTemplate\":\"https:\\\/\\\/www.rubicon3adventure.com\\\/fr\\\/?s={search_term_string}\"},\"query-input\":{\"@type\":\"PropertyValueSpecification\",\"valueRequired\":true,\"valueName\":\"search_term_string\"}}],\"inLanguage\":\"fr-FR\"},{\"@type\":\"Organization\",\"@id\":\"https:\\\/\\\/www.rubicon3adventure.com\\\/fr\\\/#organization\",\"name\":\"Rubicon 3 Adventures\",\"alternateName\":\"Blueco Holdings Ltd\",\"url\":\"https:\\\/\\\/www.rubicon3adventure.com\\\/fr\\\/\",\"logo\":{\"@type\":\"ImageObject\",\"inLanguage\":\"fr-FR\",\"@id\":\"https:\\\/\\\/www.rubicon3adventure.com\\\/fr\\\/#\\\/schema\\\/logo\\\/image\\\/\",\"url\":\"https:\\\/\\\/www.rubicon3adventure.com\\\/wp-content\\\/uploads\\\/2024\\\/03\\\/Rubicon_Schema-Image-scaled.jpg\",\"contentUrl\":\"https:\\\/\\\/www.rubicon3adventure.com\\\/wp-content\\\/uploads\\\/2024\\\/03\\\/Rubicon_Schema-Image-scaled.jpg\",\"width\":2560,\"height\":1554,\"caption\":\"Rubicon 3 Adventures\"},\"image\":{\"@id\":\"https:\\\/\\\/www.rubicon3adventure.com\\\/fr\\\/#\\\/schema\\\/logo\\\/image\\\/\"},\"sameAs\":[\"https:\\\/\\\/www.facebook.com\\\/rubicon3sailing\",\"https:\\\/\\\/x.com\\\/rubicon3sailing\",\"https:\\\/\\\/www.instagram.com\\\/rubicon_3_sailing\\\/\",\"https:\\\/\\\/www.pinterest.co.uk\\\/rubicon3sailing\\\/\",\"https:\\\/\\\/www.youtube.com\\\/channel\\\/UCUVTAy1Qm4lz0uZI_83Um8A\",\"https:\\\/\\\/www.linkedin.com\\\/company\\\/rubicon-3\\\/\"]}]}<\/script>\n<!-- \/ Yoast SEO Premium plugin. -->","yoast_head_json":{"title":"Vacances \u00e0 la voile de 12 jours dans les Grenadines : \u00c9quipage solo bienvenu !","description":"Participez \u00e0 ces vacances en voilier de 12 jours dans les Cara\u00efbes. D\u00e9couvrez Sainte-Lucie, Mustique, Tobago Cays et bien plus encore. Les \u00e9quipages solitaires sont les bienvenus. Aucune exp\u00e9rience n'est n\u00e9cessaire.","robots":{"index":"index","follow":"follow","max-snippet":"max-snippet:-1","max-image-preview":"max-image-preview:large","max-video-preview":"max-video-preview:-1"},"canonical":"https:\/\/www.rubicon3adventure.com\/fr\/produit\/les-iles-du-vent-explorer-les-grenadines-copy-copy\/","og_locale":"fr_FR","og_type":"article","og_title":"Vacances \u00e0 la voile de 12 jours dans les Grenadines : \u00c9quipage solo bienvenu !","og_description":"Participez \u00e0 ces vacances en voilier de 12 jours dans les Cara\u00efbes. D\u00e9couvrez Sainte-Lucie, Mustique, Tobago Cays et bien plus encore. Les \u00e9quipages solitaires sont les bienvenus. Aucune exp\u00e9rience n'est n\u00e9cessaire.","og_url":"https:\/\/www.rubicon3adventure.com\/fr\/produit\/les-iles-du-vent-explorer-les-grenadines-copy-copy\/","og_site_name":"Rubicon 3 Adventure","article_publisher":"https:\/\/www.facebook.com\/rubicon3sailing","article_modified_time":"2025-09-29T09:51:04+00:00","og_image":[{"width":1934,"height":780,"url":"https:\/\/www.rubicon3adventure.com\/wp-content\/uploads\/2025\/09\/Screenshot-2025-09-29-at-10.49.38.png","type":"image\/png"}],"twitter_card":"summary_large_image","twitter_site":"@rubicon3sailing","twitter_misc":{"Dur\u00e9e de lecture estim\u00e9e":"2 minutes"},"schema":{"@context":"https:\/\/schema.org","@graph":[{"@type":"WebPage","@id":"https:\/\/www.rubicon3adventure.com\/fr\/produit\/les-iles-du-vent-explorer-les-grenadines-copy-copy\/","url":"https:\/\/www.rubicon3adventure.com\/fr\/produit\/les-iles-du-vent-explorer-les-grenadines-copy-copy\/","name":"Vacances \u00e0 la voile de 12 jours dans les Grenadines : \u00c9quipage solo bienvenu !","isPartOf":{"@id":"https:\/\/www.rubicon3adventure.com\/fr\/#website"},"primaryImageOfPage":{"@id":"https:\/\/www.rubicon3adventure.com\/fr\/produit\/les-iles-du-vent-explorer-les-grenadines-copy-copy\/#primaryimage"},"image":{"@id":"https:\/\/www.rubicon3adventure.com\/fr\/produit\/les-iles-du-vent-explorer-les-grenadines-copy-copy\/#primaryimage"},"thumbnailUrl":"https:\/\/www.rubicon3adventure.com\/wp-content\/uploads\/2025\/09\/Screenshot-2025-09-29-at-10.49.38.png","datePublished":"2025-09-29T09:45:02+00:00","dateModified":"2025-09-29T09:51:04+00:00","description":"Participez \u00e0 ces vacances en voilier de 12 jours dans les Cara\u00efbes. D\u00e9couvrez Sainte-Lucie, Mustique, Tobago Cays et bien plus encore. Les \u00e9quipages solitaires sont les bienvenus. Aucune exp\u00e9rience n'est n\u00e9cessaire.","breadcrumb":{"@id":"https:\/\/www.rubicon3adventure.com\/fr\/produit\/les-iles-du-vent-explorer-les-grenadines-copy-copy\/#breadcrumb"},"inLanguage":"fr-FR","potentialAction":[{"@type":"ReadAction","target":["https:\/\/www.rubicon3adventure.com\/fr\/produit\/les-iles-du-vent-explorer-les-grenadines-copy-copy\/"]}]},{"@type":"ImageObject","inLanguage":"fr-FR","@id":"https:\/\/www.rubicon3adventure.com\/fr\/produit\/les-iles-du-vent-explorer-les-grenadines-copy-copy\/#primaryimage","url":"https:\/\/www.rubicon3adventure.com\/wp-content\/uploads\/2025\/09\/Screenshot-2025-09-29-at-10.49.38.png","contentUrl":"https:\/\/www.rubicon3adventure.com\/wp-content\/uploads\/2025\/09\/Screenshot-2025-09-29-at-10.49.38.png","width":1934,"height":780},{"@type":"BreadcrumbList","@id":"https:\/\/www.rubicon3adventure.com\/fr\/produit\/les-iles-du-vent-explorer-les-grenadines-copy-copy\/#breadcrumb","itemListElement":[{"@type":"ListItem","position":1,"name":"Boutique","item":"https:\/\/www.rubicon3adventure.com\/fr\/boutique\/"},{"@type":"ListItem","position":2,"name":"Les \u00eeles du Vent : Explorer les Grenadines (Copy) (Copy)"}]},{"@type":"WebSite","@id":"https:\/\/www.rubicon3adventure.com\/fr\/#website","url":"https:\/\/www.rubicon3adventure.com\/fr\/","name":"Rubicon 3 Adventure","description":"","publisher":{"@id":"https:\/\/www.rubicon3adventure.com\/fr\/#organization"},"potentialAction":[{"@type":"SearchAction","target":{"@type":"EntryPoint","urlTemplate":"https:\/\/www.rubicon3adventure.com\/fr\/?s={search_term_string}"},"query-input":{"@type":"PropertyValueSpecification","valueRequired":true,"valueName":"search_term_string"}}],"inLanguage":"fr-FR"},{"@type":"Organization","@id":"https:\/\/www.rubicon3adventure.com\/fr\/#organization","name":"Rubicon 3 Adventures","alternateName":"Blueco Holdings Ltd","url":"https:\/\/www.rubicon3adventure.com\/fr\/","logo":{"@type":"ImageObject","inLanguage":"fr-FR","@id":"https:\/\/www.rubicon3adventure.com\/fr\/#\/schema\/logo\/image\/","url":"https:\/\/www.rubicon3adventure.com\/wp-content\/uploads\/2024\/03\/Rubicon_Schema-Image-scaled.jpg","contentUrl":"https:\/\/www.rubicon3adventure.com\/wp-content\/uploads\/2024\/03\/Rubicon_Schema-Image-scaled.jpg","width":2560,"height":1554,"caption":"Rubicon 3 Adventures"},"image":{"@id":"https:\/\/www.rubicon3adventure.com\/fr\/#\/schema\/logo\/image\/"},"sameAs":["https:\/\/www.facebook.com\/rubicon3sailing","https:\/\/x.com\/rubicon3sailing","https:\/\/www.instagram.com\/rubicon_3_sailing\/","https:\/\/www.pinterest.co.uk\/rubicon3sailing\/","https:\/\/www.youtube.com\/channel\/UCUVTAy1Qm4lz0uZI_83Um8A","https:\/\/www.linkedin.com\/company\/rubicon-3\/"]}]}},"_links":{"self":[{"href":"https:\/\/www.rubicon3adventure.com\/fr\/wp-json\/wp\/v2\/product\/9215","targetHints":{"allow":["GET"]}}],"collection":[{"href":"https:\/\/www.rubicon3adventure.com\/fr\/wp-json\/wp\/v2\/product"}],"about":[{"href":"https:\/\/www.rubicon3adventure.com\/fr\/wp-json\/wp\/v2\/types\/product"}],"replies":[{"embeddable":true,"href":"https:\/\/www.rubicon3adventure.com\/fr\/wp-json\/wp\/v2\/comments?post=9215"}],"wp:featuredmedia":[{"embeddable":true,"href":"https:\/\/www.rubicon3adventure.com\/fr\/wp-json\/wp\/v2\/media\/9219"}],"wp:attachment":[{"href":"https:\/\/www.rubicon3adventure.com\/fr\/wp-json\/wp\/v2\/media?parent=9215"}],"wp:term":[{"taxonomy":"product_brand","embeddable":true,"href":"https:\/\/www.rubicon3adventure.com\/fr\/wp-json\/wp\/v2\/product_brand?post=9215"},{"taxonomy":"product_cat","embeddable":true,"href":"https:\/\/www.rubicon3adventure.com\/fr\/wp-json\/wp\/v2\/product_cat?post=9215"},{"taxonomy":"product_tag","embeddable":true,"href":"https:\/\/www.rubicon3adventure.com\/fr\/wp-json\/wp\/v2\/product_tag?post=9215"}],"curies":[{"name":"wp","href":"https:\/\/api.w.org\/{rel}","templated":true}]}}